{"id":28198,"date":"2024-12-01T06:48:45","date_gmt":"2024-12-01T02:48:45","guid":{"rendered":"https:\/\/etab.ac-reunion.fr\/lyc-francois-de-mahy\/?page_id=28198"},"modified":"2024-12-01T06:52:03","modified_gmt":"2024-12-01T02:52:03","slug":"le-brevet-dinitiation-a-laeronautique-au-lycee","status":"publish","type":"page","link":"https:\/\/etab.ac-reunion.fr\/lyc-francois-de-mahy\/le-brevet-dinitiation-a-laeronautique-au-lycee\/","title":{"rendered":"Le Brevet d&rsquo;Initiation \u00e0 l&rsquo;A\u00e9ronautique"},"content":{"rendered":"\n<p><\/p>\n\n\n\n<p><strong>Depuis la rentr\u00e9e 2024, la formation BIA (Brevet d&rsquo;initiation \u00e0 l&rsquo;a\u00e9ronautique) est propos\u00e9e au lyc\u00e9e pour tous les \u00e9l\u00e8ves passionn\u00e9s d&rsquo;aviation.<\/strong><\/p>\n\n\n\n<p>Des cours sont propos\u00e9s sur l&rsquo;ann\u00e9e scolaire (principalement les mercredis apr\u00e8s-midi de 13h \u00e0 15h) afin de pr\u00e9parer l&rsquo;examen BIA.<\/p>\n\n\n\n<figure class=\"wp-block-image size-large\"><a href=\"https:\/\/etab.ac-reunion.fr\/lyc-francois-de-mahy\/wp-content\/uploads\/sites\/61\/2024\/12\/une.jpg\"><img loading=\"lazy\" decoding=\"async\" width=\"1024\" height=\"731\" src=\"https:\/\/etab.ac-reunion.fr\/lyc-francois-de-mahy\/wp-content\/uploads\/sites\/61\/2024\/12\/une-1024x731.jpg\" alt=\"\" class=\"wp-image-28199\" srcset=\"https:\/\/etab.ac-reunion.fr\/lyc-francois-de-mahy\/wp-content\/uploads\/sites\/61\/2024\/12\/une-1024x731.jpg 1024w, https:\/\/etab.ac-reunion.fr\/lyc-francois-de-mahy\/wp-content\/uploads\/sites\/61\/2024\/12\/une-300x214.jpg 300w, https:\/\/etab.ac-reunion.fr\/lyc-francois-de-mahy\/wp-content\/uploads\/sites\/61\/2024\/12\/une-768x548.jpg 768w, https:\/\/etab.ac-reunion.fr\/lyc-francois-de-mahy\/wp-content\/uploads\/sites\/61\/2024\/12\/une.jpg 1133w\" sizes=\"auto, (max-width: 1024px) 100vw, 1024px\" \/><\/a><\/figure>\n\n\n\n<p>\u00c0 la fin de l&rsquo;ann\u00e9e scolaire, les \u00e9l\u00e8ves pourront passer l&rsquo;examen du BIA sous forme de QCM.<\/p>\n\n\n\n<p>Il comporte des notions sur :<\/p>\n\n\n\n<ul class=\"wp-block-list\">\n<li>L\u2019histoire de l\u2019aviation ;<\/li>\n\n\n\n<li>La m\u00e9t\u00e9orologie ;<\/li>\n\n\n\n<li>Les principes du vol ;<\/li>\n\n\n\n<li>Les diff\u00e9rents types d\u2019a\u00e9ronefs ;<\/li>\n\n\n\n<li>Les consignes de s\u00e9curit\u00e9 et de navigabilit\u00e9.<\/li>\n<\/ul>\n\n\n\n<p>D&rsquo;autres informations sont disponibles sur <a href=\"https:\/\/eduscol.education.fr\/sti\/formations\/tout-niveau\/brevet-dinitiation-aeronautique-bia\">le site eduscol<\/a> .<\/p>\n\n\n\n<p><strong><em>Pour plus de renseignements, merci de contacter M.Rivi\u00e8re J-F ou M.Hoareau P-O, professeurs en Maths-Sciences au lyc\u00e9e Fran\u00e7ois de Mahy.<\/em><\/strong><\/p>\n","protected":false},"excerpt":{"rendered":"<p>Depuis la rentr\u00e9e 2024, la formation BIA (Brevet d&rsquo;initiation \u00e0 l&rsquo;a\u00e9ronautique) est propos\u00e9e au lyc\u00e9e pour tous les \u00e9l\u00e8ves passionn\u00e9s d&rsquo;aviation. Des cours sont propos\u00e9s sur l&rsquo;ann\u00e9e scolaire (principalement les mercredis apr\u00e8s-midi de 13h \u00e0 15h) afin de pr\u00e9parer l&rsquo;examen BIA. \u00c0 la fin de l&rsquo;ann\u00e9e scolaire, les \u00e9l\u00e8ves pourront passer l&rsquo;examen du BIA sous [&hellip;]<\/p>\n","protected":false},"author":19067,"featured_media":0,"parent":0,"menu_order":0,"comment_status":"closed","ping_status":"closed","template":"","meta":{"footnotes":""},"class_list":["post-28198","page","type-page","status-publish","hentry"],"_links":{"self":[{"href":"https:\/\/etab.ac-reunion.fr\/lyc-francois-de-mahy\/wp-json\/wp\/v2\/pages\/28198","targetHints":{"allow":["GET"]}}],"collection":[{"href":"https:\/\/etab.ac-reunion.fr\/lyc-francois-de-mahy\/wp-json\/wp\/v2\/pages"}],"about":[{"href":"https:\/\/etab.ac-reunion.fr\/lyc-francois-de-mahy\/wp-json\/wp\/v2\/types\/page"}],"author":[{"embeddable":true,"href":"https:\/\/etab.ac-reunion.fr\/lyc-francois-de-mahy\/wp-json\/wp\/v2\/users\/19067"}],"replies":[{"embeddable":true,"href":"https:\/\/etab.ac-reunion.fr\/lyc-francois-de-mahy\/wp-json\/wp\/v2\/comments?post=28198"}],"version-history":[{"count":5,"href":"https:\/\/etab.ac-reunion.fr\/lyc-francois-de-mahy\/wp-json\/wp\/v2\/pages\/28198\/revisions"}],"predecessor-version":[{"id":28206,"href":"https:\/\/etab.ac-reunion.fr\/lyc-francois-de-mahy\/wp-json\/wp\/v2\/pages\/28198\/revisions\/28206"}],"wp:attachment":[{"href":"https:\/\/etab.ac-reunion.fr\/lyc-francois-de-mahy\/wp-json\/wp\/v2\/media?parent=28198"}],"curies":[{"name":"wp","href":"https:\/\/api.w.org\/{rel}","templated":true}]}}