{"id":28770,"date":"2025-02-15T17:56:07","date_gmt":"2025-02-15T13:56:07","guid":{"rendered":"https:\/\/etab.ac-reunion.fr\/lyc-francois-de-mahy\/?page_id=28770"},"modified":"2025-02-17T14:57:15","modified_gmt":"2025-02-17T10:57:15","slug":"marchandisage-visuel-un-metier-dart-lie-au-secteur-commercial","status":"publish","type":"page","link":"https:\/\/etab.ac-reunion.fr\/lyc-francois-de-mahy\/marchandisage-visuel-un-metier-dart-lie-au-secteur-commercial\/","title":{"rendered":"Marchandisage Visuel : un m\u00e9tier d\u2019art li\u00e9 au secteur commercial"},"content":{"rendered":"\n<p><strong>Le Marchandiseur Visuel r\u00e9alise les d\u00e9cors de vitrines, met en sc\u00e8ne les produits, les marques et les services en cr\u00e9ant une ambiance qui les valorise. Pour cela, il doit poss\u00e9der des comp\u00e9tences artistiques, techniques et commerciales.<\/strong> <\/p>\n\n\n\n<div style=\"height:10px\" aria-hidden=\"true\" class=\"wp-block-spacer\"><\/div>\n\n\n\n<div class=\"wp-block-media-text has-media-on-the-right is-stacked-on-mobile has-background\" style=\"background-color:#fcb50042;grid-template-columns:auto 35%\"><div class=\"wp-block-media-text__content\">\n<p><\/p>\n\n\n\n<p><strong>Les qualit\u00e9s requises :<\/strong><\/p>\n\n\n\n<ul class=\"wp-block-list\">\n<li>\u00catre dynamique et volontaire.<\/li>\n\n\n\n<li>\u00catre rigoureux, poss\u00e9der le souci du d\u00e9tail et des finitions.<\/li>\n\n\n\n<li>Savoir s\u2019int\u00e9grer, s\u2019adapter et s\u2019organiser.<\/li>\n\n\n\n<li>Avoir l\u2019esprit d\u2019initiative et le sens de l\u2019esth\u00e9tique.<\/li>\n\n\n\n<li>Aimer dessiner.<\/li>\n\n\n\n<li>Aimer bricoler et travailler avec diff\u00e9rents mat\u00e9riaux.<\/li>\n\n\n\n<li>Faire preuve de r\u00e9activit\u00e9 et d\u2019imagination.<\/li>\n\n\n\n<li>\u00catre curieux des nouveaut\u00e9s en mati\u00e8re de produits, de commercialisation.<br><\/li>\n<\/ul>\n<\/div><figure class=\"wp-block-media-text__media\"><img loading=\"lazy\" decoding=\"async\" width=\"801\" height=\"949\" src=\"https:\/\/etab.ac-reunion.fr\/lyc-francois-de-mahy\/wp-content\/uploads\/sites\/61\/2025\/02\/1-1.jpg\" alt=\"\" class=\"wp-image-28832 size-full\" srcset=\"https:\/\/etab.ac-reunion.fr\/lyc-francois-de-mahy\/wp-content\/uploads\/sites\/61\/2025\/02\/1-1.jpg 801w, https:\/\/etab.ac-reunion.fr\/lyc-francois-de-mahy\/wp-content\/uploads\/sites\/61\/2025\/02\/1-1-253x300.jpg 253w, https:\/\/etab.ac-reunion.fr\/lyc-francois-de-mahy\/wp-content\/uploads\/sites\/61\/2025\/02\/1-1-768x910.jpg 768w\" sizes=\"auto, (max-width: 801px) 100vw, 801px\" \/><\/figure><\/div>\n\n\n\n<div style=\"height:25px\" aria-hidden=\"true\" class=\"wp-block-spacer\"><\/div>\n\n\n\n<p class=\"has-text-align-center\"><em>Vid\u00e9o de pr\u00e9sentation de la section Marchandisage Visuel :<\/em><\/p>\n\n\n\n<div style=\"height:10px\" aria-hidden=\"true\" class=\"wp-block-spacer\"><\/div>\n\n\n<div class=\"su-dailymotion su-u-responsive-media-yes\"><iframe loading=\"lazy\" width=\"640\" height=\"460\" src=\"\/\/www.dailymotion.com\/embed\/video\/x3pk5l2?autoplay=0&amp;background=FFC300&amp;foreground=F7FFFD&amp;highlight=171D1B&amp;logo=1&amp;quality=380&amp;info=1\" frameborder=\"0\" allowfullscreen=\"true\" title=\"\"><\/iframe><\/div>\n\n\n\n<p>Outre les qualit\u00e9s artistiques indispensables \u00e0 l\u2019exercice de ce m\u00e9tier, la r\u00e9alisation d\u2019un projet en marchandisage visuel n\u00e9cessite \u00e9galement l\u2019utilisation d\u2019outils informatiques. En effet, le num\u00e9rique prend aujourd&rsquo;hui une place de plus en plus importante dans les m\u00e9tiers d\u2019art. De l\u2019inspiration \u00e0 la communication, en passant par la conception, la fabrication et la simulation, les \u00e9l\u00e8ves d\u00e9velopperont de solides comp\u00e9tences en PAO, DAO, CAO ainsi que des comp\u00e9tences en mati\u00e8re d\u2019\u00e9valuation et de gestion de projet.<\/p>\n\n\n\n<figure class=\"wp-block-image size-large\"><a href=\"https:\/\/etab.ac-reunion.fr\/lyc-francois-de-mahy\/wp-content\/uploads\/sites\/61\/2025\/02\/images-numerique-scaled.jpg\"><img loading=\"lazy\" decoding=\"async\" width=\"1024\" height=\"483\" src=\"https:\/\/etab.ac-reunion.fr\/lyc-francois-de-mahy\/wp-content\/uploads\/sites\/61\/2025\/02\/images-numerique-1024x483.jpg\" alt=\"\" class=\"wp-image-28773\" srcset=\"https:\/\/etab.ac-reunion.fr\/lyc-francois-de-mahy\/wp-content\/uploads\/sites\/61\/2025\/02\/images-numerique-1024x483.jpg 1024w, https:\/\/etab.ac-reunion.fr\/lyc-francois-de-mahy\/wp-content\/uploads\/sites\/61\/2025\/02\/images-numerique-300x141.jpg 300w, https:\/\/etab.ac-reunion.fr\/lyc-francois-de-mahy\/wp-content\/uploads\/sites\/61\/2025\/02\/images-numerique-768x362.jpg 768w, https:\/\/etab.ac-reunion.fr\/lyc-francois-de-mahy\/wp-content\/uploads\/sites\/61\/2025\/02\/images-numerique-1536x724.jpg 1536w, https:\/\/etab.ac-reunion.fr\/lyc-francois-de-mahy\/wp-content\/uploads\/sites\/61\/2025\/02\/images-numerique-2048x965.jpg 2048w\" sizes=\"auto, (max-width: 1024px) 100vw, 1024px\" \/><\/a><\/figure>\n\n\n\n<p>En plus de la d\u00e9coration de vitrines, le marchandiseur visuel peut \u00eatre amen\u00e9 \u00e0 disposer les produits dans le magasin en respectant les r\u00e8gles de pr\u00e9sentation dans les rayons et en r\u00e9pondant \u00e0 la logique marketing et merchandising du lieu. On peut \u00e9galement lui confier l\u2019am\u00e9nagement de diff\u00e9rents espaces tels que les stands d\u2019exposition, les corners ou pop up, lui permettant d\u2019assurer la promotion d\u2019une entreprise.<\/p>\n\n\n<div class=\"wp-block-image\">\n<figure class=\"aligncenter size-full is-resized\"><a href=\"https:\/\/etab.ac-reunion.fr\/lyc-francois-de-mahy\/wp-content\/uploads\/sites\/61\/2025\/02\/motif-2-2.png\"><img loading=\"lazy\" decoding=\"async\" width=\"924\" height=\"922\" src=\"https:\/\/etab.ac-reunion.fr\/lyc-francois-de-mahy\/wp-content\/uploads\/sites\/61\/2025\/02\/motif-2-2.png\" alt=\"\" class=\"wp-image-28780\" style=\"width:734px;height:auto\" srcset=\"https:\/\/etab.ac-reunion.fr\/lyc-francois-de-mahy\/wp-content\/uploads\/sites\/61\/2025\/02\/motif-2-2.png 924w, https:\/\/etab.ac-reunion.fr\/lyc-francois-de-mahy\/wp-content\/uploads\/sites\/61\/2025\/02\/motif-2-2-300x300.png 300w, https:\/\/etab.ac-reunion.fr\/lyc-francois-de-mahy\/wp-content\/uploads\/sites\/61\/2025\/02\/motif-2-2-150x150.png 150w, https:\/\/etab.ac-reunion.fr\/lyc-francois-de-mahy\/wp-content\/uploads\/sites\/61\/2025\/02\/motif-2-2-768x766.png 768w, https:\/\/etab.ac-reunion.fr\/lyc-francois-de-mahy\/wp-content\/uploads\/sites\/61\/2025\/02\/motif-2-2-160x160.png 160w, https:\/\/etab.ac-reunion.fr\/lyc-francois-de-mahy\/wp-content\/uploads\/sites\/61\/2025\/02\/motif-2-2-240x240.png 240w, https:\/\/etab.ac-reunion.fr\/lyc-francois-de-mahy\/wp-content\/uploads\/sites\/61\/2025\/02\/motif-2-2-60x60.png 60w, https:\/\/etab.ac-reunion.fr\/lyc-francois-de-mahy\/wp-content\/uploads\/sites\/61\/2025\/02\/motif-2-2-184x184.png 184w\" sizes=\"auto, (max-width: 924px) 100vw, 924px\" \/><\/a><\/figure>\n<\/div>\n\n\n<div style=\"height:10px\" aria-hidden=\"true\" class=\"wp-block-spacer\"><\/div>\n\n\n\n<p><strong>LA FORMATION<\/strong><\/p>\n\n\n\n<p>DUR\u00c9E DE LA FORMATION<\/p>\n\n\n\n<p><strong>Le BAC PRO AMA &#8211; option marchandisage visuel &#8211; se pr\u00e9pare en 3 ans apr\u00e8s la classe de troisi\u00e8me.<\/strong><\/p>\n\n\n\n<p>Actuellement en Seconde (g\u00e9n\u00e9rale, technologique ou professionnelle) il y a une possibilit\u00e9 de se r\u00e9orienter en Bac pro AMA MV, en constituant un dossier passerelle et ainsi int\u00e9grer directement la 1\u00e8re BAC PRO.<br>Une immersion d\u2019une journ\u00e9e peut \u00eatre envisag\u00e9e pour juger de la motivation et confirmer un choix d\u2019orientation. L\u2019affectation d\u00e9finitive est prononc\u00e9e par l\u2019Inspection Acad\u00e9mique en fonction des r\u00e9sultats<br>scolaires et des places disponibles.<\/p>\n\n\n\n<div style=\"height:10px\" aria-hidden=\"true\" class=\"wp-block-spacer\"><\/div>\n\n\n\n<p><strong>CONTENU DES ENSEIGNEMENTS<\/strong><\/p>\n\n\n\n<p><strong>Enseignement Professionnel &gt; 13h\/semaine<\/strong><\/p>\n\n\n\n<ul class=\"wp-block-list\">\n<li>Histoire de l&rsquo;art et des civilisations : les styles, les principaux mouvements artistiques, l\u2019ameublement, l\u2019ornementation.<\/li>\n\n\n\n<li>\u00c9tude des constituants plastiques : ligne, forme, valeur, composition, volume, couleur, mati\u00e8re et mat\u00e9riaux.<\/li>\n\n\n\n<li>Modes et r\u00e8gles de repr\u00e9sentation : plan, dessin c\u00f4t\u00e9, sch\u00e9ma, croquis, maquette, photographie, photomontage, infographie (logiciels de retouche d&rsquo;images, de dessin vectoriel, traitement de texte, tableur, notion de mod\u00e9lisation 3D), perspectives, code et langages normalis\u00e9s.<\/li>\n<\/ul>\n\n\n\n<figure class=\"wp-block-image size-large\"><a href=\"https:\/\/etab.ac-reunion.fr\/lyc-francois-de-mahy\/wp-content\/uploads\/sites\/61\/2025\/02\/dessins.jpg\"><img loading=\"lazy\" decoding=\"async\" width=\"1024\" height=\"946\" src=\"https:\/\/etab.ac-reunion.fr\/lyc-francois-de-mahy\/wp-content\/uploads\/sites\/61\/2025\/02\/dessins-1024x946.jpg\" alt=\"\" class=\"wp-image-28775\" srcset=\"https:\/\/etab.ac-reunion.fr\/lyc-francois-de-mahy\/wp-content\/uploads\/sites\/61\/2025\/02\/dessins-1024x946.jpg 1024w, https:\/\/etab.ac-reunion.fr\/lyc-francois-de-mahy\/wp-content\/uploads\/sites\/61\/2025\/02\/dessins-300x277.jpg 300w, https:\/\/etab.ac-reunion.fr\/lyc-francois-de-mahy\/wp-content\/uploads\/sites\/61\/2025\/02\/dessins-768x710.jpg 768w, https:\/\/etab.ac-reunion.fr\/lyc-francois-de-mahy\/wp-content\/uploads\/sites\/61\/2025\/02\/dessins-1536x1420.jpg 1536w, https:\/\/etab.ac-reunion.fr\/lyc-francois-de-mahy\/wp-content\/uploads\/sites\/61\/2025\/02\/dessins-2048x1893.jpg 2048w\" sizes=\"auto, (max-width: 1024px) 100vw, 1024px\" \/><\/a><\/figure>\n\n\n\n<ul class=\"wp-block-list\">\n<li>D\u00e9marche de projet : Analyse, interpr\u00e9tation et r\u00e9alisation de la demande \u00e0 partir de la lecture d&rsquo;un cahier des charges. Cr\u00e9ativit\u00e9, planches d\u2019inspirations, recherches graphiques, pr\u00e9paration et mise en \u0153uvre, pr\u00e9sentation et argumentation.<\/li>\n<\/ul>\n\n\n<div class=\"wp-block-image\">\n<figure class=\"aligncenter size-large is-resized\"><a href=\"https:\/\/etab.ac-reunion.fr\/lyc-francois-de-mahy\/wp-content\/uploads\/sites\/61\/2025\/02\/installation-vitrine.jpg\"><img loading=\"lazy\" decoding=\"async\" width=\"1024\" height=\"750\" src=\"https:\/\/etab.ac-reunion.fr\/lyc-francois-de-mahy\/wp-content\/uploads\/sites\/61\/2025\/02\/installation-vitrine-1024x750.jpg\" alt=\"\" class=\"wp-image-28776\" style=\"width:821px;height:auto\" srcset=\"https:\/\/etab.ac-reunion.fr\/lyc-francois-de-mahy\/wp-content\/uploads\/sites\/61\/2025\/02\/installation-vitrine-1024x750.jpg 1024w, https:\/\/etab.ac-reunion.fr\/lyc-francois-de-mahy\/wp-content\/uploads\/sites\/61\/2025\/02\/installation-vitrine-300x220.jpg 300w, https:\/\/etab.ac-reunion.fr\/lyc-francois-de-mahy\/wp-content\/uploads\/sites\/61\/2025\/02\/installation-vitrine-768x563.jpg 768w, https:\/\/etab.ac-reunion.fr\/lyc-francois-de-mahy\/wp-content\/uploads\/sites\/61\/2025\/02\/installation-vitrine-1536x1125.jpg 1536w, https:\/\/etab.ac-reunion.fr\/lyc-francois-de-mahy\/wp-content\/uploads\/sites\/61\/2025\/02\/installation-vitrine-2048x1500.jpg 2048w\" sizes=\"auto, (max-width: 1024px) 100vw, 1024px\" \/><\/a><\/figure>\n<\/div>\n\n\n<div style=\"height:6px\" aria-hidden=\"true\" class=\"wp-block-spacer\"><\/div>\n\n\n\n<ul class=\"wp-block-list\">\n<li>Techniques d\u00e9coratives et merchandising : application d&rsquo;une peinture, d&rsquo;un rev\u00eatement, technique de gainage des volumes, technique d\u2019implantation et de mise en sc\u00e8ne du produit, technique de mise en lumi\u00e8re, \u00e9laboration d&rsquo;un r\u00e9tro-planning, int\u00e9gration des co\u00fbts.<\/li>\n<\/ul>\n\n\n<div class=\"wp-block-image\">\n<figure class=\"aligncenter size-large is-resized\"><a href=\"https:\/\/etab.ac-reunion.fr\/lyc-francois-de-mahy\/wp-content\/uploads\/sites\/61\/2025\/02\/bricolage.jpg\"><img loading=\"lazy\" decoding=\"async\" width=\"1024\" height=\"995\" src=\"https:\/\/etab.ac-reunion.fr\/lyc-francois-de-mahy\/wp-content\/uploads\/sites\/61\/2025\/02\/bricolage-1024x995.jpg\" alt=\"\" class=\"wp-image-28777\" style=\"width:805px;height:auto\" srcset=\"https:\/\/etab.ac-reunion.fr\/lyc-francois-de-mahy\/wp-content\/uploads\/sites\/61\/2025\/02\/bricolage-1024x995.jpg 1024w, https:\/\/etab.ac-reunion.fr\/lyc-francois-de-mahy\/wp-content\/uploads\/sites\/61\/2025\/02\/bricolage-300x291.jpg 300w, https:\/\/etab.ac-reunion.fr\/lyc-francois-de-mahy\/wp-content\/uploads\/sites\/61\/2025\/02\/bricolage-768x746.jpg 768w, https:\/\/etab.ac-reunion.fr\/lyc-francois-de-mahy\/wp-content\/uploads\/sites\/61\/2025\/02\/bricolage-1536x1492.jpg 1536w, https:\/\/etab.ac-reunion.fr\/lyc-francois-de-mahy\/wp-content\/uploads\/sites\/61\/2025\/02\/bricolage-2048x1990.jpg 2048w\" sizes=\"auto, (max-width: 1024px) 100vw, 1024px\" \/><\/a><\/figure>\n<\/div>\n\n\n<ul class=\"wp-block-list\">\n<li>Techniques de communication orale (prise de parole dans un groupe, expos\u00e9, entretien\u2026) et \u00e9crite (lettre de motivation, cv, rapport, compte-rendu d\u2019un projet\u2026).<\/li>\n\n\n\n<li>Respect des r\u00e8gles d&rsquo;hygi\u00e8ne, de s\u00e9curit\u00e9, d&rsquo;ergonomie et de protection de l&rsquo;environnement.<\/li>\n<\/ul>\n\n\n<div class=\"wp-block-image\">\n<figure class=\"aligncenter size-large is-resized\"><a href=\"https:\/\/etab.ac-reunion.fr\/lyc-francois-de-mahy\/wp-content\/uploads\/sites\/61\/2025\/02\/maquette.jpg\"><img loading=\"lazy\" decoding=\"async\" width=\"1024\" height=\"956\" src=\"https:\/\/etab.ac-reunion.fr\/lyc-francois-de-mahy\/wp-content\/uploads\/sites\/61\/2025\/02\/maquette-1024x956.jpg\" alt=\"\" class=\"wp-image-28778\" style=\"width:816px;height:auto\" srcset=\"https:\/\/etab.ac-reunion.fr\/lyc-francois-de-mahy\/wp-content\/uploads\/sites\/61\/2025\/02\/maquette-1024x956.jpg 1024w, https:\/\/etab.ac-reunion.fr\/lyc-francois-de-mahy\/wp-content\/uploads\/sites\/61\/2025\/02\/maquette-300x280.jpg 300w, https:\/\/etab.ac-reunion.fr\/lyc-francois-de-mahy\/wp-content\/uploads\/sites\/61\/2025\/02\/maquette-768x717.jpg 768w, https:\/\/etab.ac-reunion.fr\/lyc-francois-de-mahy\/wp-content\/uploads\/sites\/61\/2025\/02\/maquette-1536x1434.jpg 1536w, https:\/\/etab.ac-reunion.fr\/lyc-francois-de-mahy\/wp-content\/uploads\/sites\/61\/2025\/02\/maquette-2048x1913.jpg 2048w\" sizes=\"auto, (max-width: 1024px) 100vw, 1024px\" \/><\/a><\/figure>\n<\/div>\n\n\n<div style=\"height:10px\" aria-hidden=\"true\" class=\"wp-block-spacer\"><\/div>\n\n\n\n<p><strong>Enseignement g\u00e9n\u00e9ral<\/strong><\/p>\n\n\n\n<ul class=\"wp-block-list\">\n<li>Fran\u00e7ais<\/li>\n\n\n\n<li>Histoire\/G\u00e9ographie<\/li>\n\n\n\n<li>Langue vivante : anglais<\/li>\n\n\n\n<li>Math\u00e9matiques<\/li>\n\n\n\n<li>Physique\/Chimie<\/li>\n\n\n\n<li>Culture artistique et Arts appliqu\u00e9s<\/li>\n\n\n\n<li>\u00c9ducation Physique et Sportive<\/li>\n<\/ul>\n\n\n\n<p><strong>STAGES EN ENTREPRISE :<\/strong><br>Vingt-deux semaines de stage en entreprise dans le secteur commercial, r\u00e9parties sur les trois ann\u00e9es de formation viendront compl\u00e9ter les comp\u00e9tences acquises au lyc\u00e9e.<\/p>\n\n\n\n<p><\/p>\n\n\n\n<p><strong>ET APR\u00c8S ?<\/strong><br>Apr\u00e8s l\u2019obtention du dipl\u00f4me<\/p>\n\n\n\n<div class=\"wp-block-group\"><div class=\"wp-block-group__inner-container is-layout-constrained wp-block-group-is-layout-constrained\">\n<ul class=\"wp-block-list\">\n<li>Il est possible de s&rsquo;ins\u00e9rer directement dans la vie active<strong> <\/strong>apr\u00e8s ce dipl\u00f4me et d\u2019exercer le m\u00e9tier d\u2019\u00e9talagiste et de pr\u00e9sentateur visuel.<\/li>\n<\/ul>\n\n\n\n<p>Une poursuite d&rsquo;\u00e9tudes est \u00e9galement envisageable pour les meilleurs \u00e9l\u00e8ves :<\/p>\n\n\n\n<ul class=\"wp-block-list\">\n<li>DN-MADE (BAC +3),<strong> <\/strong>mention espace, \u00e9v\u00e9nement ou autre, Dipl\u00f4me National des M\u00e9tiers d\u2019art et du Design.<\/li>\n\n\n\n<li>\u00c9cole rattach\u00e9e aux CCI (titre de d\u00e9corateur-\u00e9talagiste-marchandiseur).<\/li>\n\n\n\n<li>Plus rarement, les formations universitaires du domaine des arts<strong> <\/strong>peuvent \u00eatre accessibles : arts plastiques, arts appliqu\u00e9s, histoire de l&rsquo;art et arch\u00e9ologie.<\/li>\n<\/ul>\n<\/div><\/div>\n\n\n\n<p><\/p>\n\n\n\n<p class=\"has-text-align-center\"><em><strong>Lien : <\/strong><\/em><\/p>\n\n\n\n<p class=\"has-text-align-center\"><em>Une page internet sur la section Marchandisage visuel <\/em>: <em><a href=\"https:\/\/instagram.com\/merchandising974\/\">merchandising974<\/a><\/em><\/p>\n\n\n\n<p><\/p>\n","protected":false},"excerpt":{"rendered":"<p>Le Marchandiseur Visuel r\u00e9alise les d\u00e9cors de vitrines, met en sc\u00e8ne les produits, les marques et les services en cr\u00e9ant une ambiance qui les valorise. Pour cela, il doit poss\u00e9der des comp\u00e9tences artistiques, techniques et commerciales. Vid\u00e9o de pr\u00e9sentation de la section Marchandisage Visuel : Outre les qualit\u00e9s artistiques indispensables \u00e0 l\u2019exercice de ce m\u00e9tier, [&hellip;]<\/p>\n","protected":false},"author":19067,"featured_media":28807,"parent":0,"menu_order":0,"comment_status":"closed","ping_status":"closed","template":"","meta":{"footnotes":""},"class_list":["post-28770","page","type-page","status-publish","has-post-thumbnail","hentry"],"_links":{"self":[{"href":"https:\/\/etab.ac-reunion.fr\/lyc-francois-de-mahy\/wp-json\/wp\/v2\/pages\/28770","targetHints":{"allow":["GET"]}}],"collection":[{"href":"https:\/\/etab.ac-reunion.fr\/lyc-francois-de-mahy\/wp-json\/wp\/v2\/pages"}],"about":[{"href":"https:\/\/etab.ac-reunion.fr\/lyc-francois-de-mahy\/wp-json\/wp\/v2\/types\/page"}],"author":[{"embeddable":true,"href":"https:\/\/etab.ac-reunion.fr\/lyc-francois-de-mahy\/wp-json\/wp\/v2\/users\/19067"}],"replies":[{"embeddable":true,"href":"https:\/\/etab.ac-reunion.fr\/lyc-francois-de-mahy\/wp-json\/wp\/v2\/comments?post=28770"}],"version-history":[{"count":51,"href":"https:\/\/etab.ac-reunion.fr\/lyc-francois-de-mahy\/wp-json\/wp\/v2\/pages\/28770\/revisions"}],"predecessor-version":[{"id":28861,"href":"https:\/\/etab.ac-reunion.fr\/lyc-francois-de-mahy\/wp-json\/wp\/v2\/pages\/28770\/revisions\/28861"}],"wp:featuredmedia":[{"embeddable":true,"href":"https:\/\/etab.ac-reunion.fr\/lyc-francois-de-mahy\/wp-json\/wp\/v2\/media\/28807"}],"wp:attachment":[{"href":"https:\/\/etab.ac-reunion.fr\/lyc-francois-de-mahy\/wp-json\/wp\/v2\/media?parent=28770"}],"curies":[{"name":"wp","href":"https:\/\/api.w.org\/{rel}","templated":true}]}}