{"id":3920,"date":"2019-02-12T11:59:18","date_gmt":"2019-02-12T07:59:18","guid":{"rendered":"http:\/\/lycee-stpierre.ac-reunion.fr\/?page_id=3920"},"modified":"2021-03-10T15:17:07","modified_gmt":"2021-03-10T11:17:07","slug":"qui-etait-francois-de-mahy","status":"publish","type":"page","link":"https:\/\/etab.ac-reunion.fr\/lyc-francois-de-mahy\/qui-etait-francois-de-mahy\/","title":{"rendered":"Qui \u00e9tait Fran\u00e7ois de  Mahy ?"},"content":{"rendered":"\n<div class=\"wp-block-media-text alignwide is-stacked-on-mobile has-background has-very-light-gray-background-color has-background\" style=\"grid-template-columns:36% auto\"><figure class=\"wp-block-media-text__media\"><img loading=\"lazy\" decoding=\"async\" width=\"348\" height=\"480\" src=\"https:\/\/etab.ac-reunion.fr\/lyc-francois-de-mahy\/wp-content\/uploads\/sites\/61\/2018\/09\/348px-De_Mahy_Fran\u00e7ois_Nadar_Gallica.jpg\" alt=\"\" class=\"wp-image-2530 size-full\" srcset=\"https:\/\/etab.ac-reunion.fr\/lyc-francois-de-mahy\/wp-content\/uploads\/sites\/61\/2018\/09\/348px-De_Mahy_Fran\u00e7ois_Nadar_Gallica.jpg 348w, https:\/\/etab.ac-reunion.fr\/lyc-francois-de-mahy\/wp-content\/uploads\/sites\/61\/2018\/09\/348px-De_Mahy_Fran\u00e7ois_Nadar_Gallica-218x300.jpg 218w\" sizes=\"auto, (max-width: 348px) 100vw, 348px\" \/><\/figure><div class=\"wp-block-media-text__content\">\n<div style=\"height:8px\" aria-hidden=\"true\" class=\"wp-block-spacer\"><\/div>\n\n\n\n<h3 class=\"wp-block-heading\"><strong>Fran\u00e7ois C\u00e9saire de Mahy<\/strong><\/h3>\n\n\n\n<p style=\"font-size:17px\">N\u00e9 \u00e0 Saint-Pierre de La R\u00e9union en 1830, mort \u00e0 Paris en 1906. Il fut docteur en m\u00e9decine, d\u00e9put\u00e9 de l\u2019\u00eele de La R\u00e9union de 1870 \u00e0 1906, ministre de l\u2019agriculture en 1882 et ministre de la marine et des colonies en 1883. <\/p>\n\n\n\n<p style=\"font-size:17px\">Surnomm\u00e9 \u00ab le Grand Cr\u00e9ole \u00bb, de Mahy fut, pendant 36 ans, le principal repr\u00e9sentant de La R\u00e9union \u00e0 Paris.  <\/p>\n\n\n\n<p><strong><em>Photographie : Fran\u00e7ois de Mahy, atelier Nadar, vers 1880. Source : BNF Gallica.<\/em><\/strong><\/p>\n<\/div><\/div>\n\n\n\n<div class=\"wp-block-media-text alignwide has-media-on-the-right is-stacked-on-mobile has-background has-background\" style=\"background-color:#c6e4f7;grid-template-columns:auto 64%\"><figure class=\"wp-block-media-text__media\"><img loading=\"lazy\" decoding=\"async\" width=\"614\" height=\"453\" src=\"https:\/\/etab.ac-reunion.fr\/lyc-francois-de-mahy\/wp-content\/uploads\/sites\/61\/2019\/07\/F-de-Mahy4.png\" alt=\"\" class=\"wp-image-7730 size-full\" srcset=\"https:\/\/etab.ac-reunion.fr\/lyc-francois-de-mahy\/wp-content\/uploads\/sites\/61\/2019\/07\/F-de-Mahy4.png 614w, https:\/\/etab.ac-reunion.fr\/lyc-francois-de-mahy\/wp-content\/uploads\/sites\/61\/2019\/07\/F-de-Mahy4-300x221.png 300w\" sizes=\"auto, (max-width: 614px) 100vw, 614px\" \/><\/figure><div class=\"wp-block-media-text__content\">\n<div style=\"height:8px\" aria-hidden=\"true\" class=\"wp-block-spacer\"><\/div>\n\n\n\n<p style=\"font-size:17px\">La statue en fonte situ\u00e9e sur la place de l\u2019H\u00f4tel de ville de Saint-Pierre rend hommage au \u00ab Grand Cr\u00e9ole \u00bb. Elle a \u00e9t\u00e9 inaugur\u00e9e le 22 juillet 1934 \u00e0 l\u2019occasion du 104\u00e8me anniversaire de sa naissance.<\/p>\n\n\n\n<p><strong><em> Photographie : <\/em><\/strong><em><strong>s<\/strong><\/em><em><strong>tatue de Fran\u00e7ois de Mahy, Saint-Pierre. <\/strong><\/em><\/p>\n<\/div><\/div>\n","protected":false},"excerpt":{"rendered":"","protected":false},"author":969,"featured_media":7655,"parent":0,"menu_order":0,"comment_status":"closed","ping_status":"closed","template":"","meta":{"footnotes":""},"class_list":["post-3920","page","type-page","status-publish","has-post-thumbnail","hentry"],"_links":{"self":[{"href":"https:\/\/etab.ac-reunion.fr\/lyc-francois-de-mahy\/wp-json\/wp\/v2\/pages\/3920","targetHints":{"allow":["GET"]}}],"collection":[{"href":"https:\/\/etab.ac-reunion.fr\/lyc-francois-de-mahy\/wp-json\/wp\/v2\/pages"}],"about":[{"href":"https:\/\/etab.ac-reunion.fr\/lyc-francois-de-mahy\/wp-json\/wp\/v2\/types\/page"}],"author":[{"embeddable":true,"href":"https:\/\/etab.ac-reunion.fr\/lyc-francois-de-mahy\/wp-json\/wp\/v2\/users\/969"}],"replies":[{"embeddable":true,"href":"https:\/\/etab.ac-reunion.fr\/lyc-francois-de-mahy\/wp-json\/wp\/v2\/comments?post=3920"}],"version-history":[{"count":49,"href":"https:\/\/etab.ac-reunion.fr\/lyc-francois-de-mahy\/wp-json\/wp\/v2\/pages\/3920\/revisions"}],"predecessor-version":[{"id":13111,"href":"https:\/\/etab.ac-reunion.fr\/lyc-francois-de-mahy\/wp-json\/wp\/v2\/pages\/3920\/revisions\/13111"}],"wp:featuredmedia":[{"embeddable":true,"href":"https:\/\/etab.ac-reunion.fr\/lyc-francois-de-mahy\/wp-json\/wp\/v2\/media\/7655"}],"wp:attachment":[{"href":"https:\/\/etab.ac-reunion.fr\/lyc-francois-de-mahy\/wp-json\/wp\/v2\/media?parent=3920"}],"curies":[{"name":"wp","href":"https:\/\/api.w.org\/{rel}","templated":true}]}}