{"id":4705,"date":"2021-09-27T14:50:00","date_gmt":"2021-09-27T10:50:00","guid":{"rendered":"http:\/\/lycee-stpierre.ac-reunion.fr\/?page_id=4705"},"modified":"2025-02-11T17:19:44","modified_gmt":"2025-02-11T13:19:44","slug":"liens-pedagogiques","status":"publish","type":"page","link":"https:\/\/etab.ac-reunion.fr\/lyc-francois-de-mahy\/liens-pedagogiques\/","title":{"rendered":"CDI"},"content":{"rendered":"\n<div class=\"wp-block-media-text alignwide is-stacked-on-mobile\" style=\"grid-template-columns:44% auto\"><figure class=\"wp-block-media-text__media\"><a href=\"https:\/\/9740575g.esidoc.fr\/\" target=\"_blank\" rel=\"noreferrer noopener\"><img loading=\"lazy\" decoding=\"async\" width=\"214\" height=\"127\" src=\"https:\/\/etab.ac-reunion.fr\/lyc-francois-de-mahy\/wp-content\/uploads\/sites\/61\/2022\/10\/logo-esidoc-baseline.png\" alt=\"\" class=\"wp-image-20536 size-full\" \/><\/a><\/figure><div class=\"wp-block-media-text__content\">\n<p class=\"has-text-align-center has-background has-medium-font-size\" style=\"background-color:#c2cdd5\"><strong>Situ\u00e9 au c\u0153ur de l\u2019\u00e9tablissement, le Centre de Documentation et d\u2019Information est un lieu de travail et de d\u00e9tente accessible \u00e0 tous. <\/strong><\/p>\n<\/div><\/div>\n\n\n\n<div style=\"height:20px\" aria-hidden=\"true\" class=\"wp-block-spacer\"><\/div>\n\n\n\n<div style=\"height:20px\" aria-hidden=\"true\" class=\"wp-block-spacer\"><\/div>\n\n\n\n<p class=\"has-text-align-center has-background has-medium-font-size\" style=\"background-color:#f3d985\"> <strong>ON Y RETROUVE <\/strong><\/p>\n\n\n\n<div style=\"height:20px\" aria-hidden=\"true\" class=\"wp-block-spacer\"><\/div>\n\n\n\n<ul class=\"wp-block-list\">\n<li><strong>des collections imprim\u00e9es<\/strong> : romans, documentaires, BD\/mangas, presse locale ou nationale, r\u00e9guli\u00e8rement renouvel\u00e9es<\/li>\n\n\n\n<li><strong><a rel=\"noreferrer noopener\" href=\"https:\/\/9740575g.esidoc.fr\/\" target=\"_blank\">des ressources documentaires en ligne<\/a><\/strong> en fonction des besoins et de l&rsquo;actualit\u00e9 \u00e9ducative.<\/li>\n<\/ul>\n\n\n\n<div style=\"height:20px\" aria-hidden=\"true\" class=\"wp-block-spacer\"><\/div>\n\n\n\n<div class=\"wp-block-media-text alignwide is-stacked-on-mobile has-background\" style=\"background-color:#d0d7e2\"><figure class=\"wp-block-media-text__media\"><img loading=\"lazy\" decoding=\"async\" width=\"741\" height=\"490\" src=\"https:\/\/etab.ac-reunion.fr\/lyc-francois-de-mahy\/wp-content\/uploads\/sites\/61\/2019\/06\/Capture-2.jpg\" alt=\"\" class=\"wp-image-7208 size-full\" srcset=\"https:\/\/etab.ac-reunion.fr\/lyc-francois-de-mahy\/wp-content\/uploads\/sites\/61\/2019\/06\/Capture-2.jpg 741w, https:\/\/etab.ac-reunion.fr\/lyc-francois-de-mahy\/wp-content\/uploads\/sites\/61\/2019\/06\/Capture-2-300x198.jpg 300w, https:\/\/etab.ac-reunion.fr\/lyc-francois-de-mahy\/wp-content\/uploads\/sites\/61\/2019\/06\/Capture-2-207x136.jpg 207w, https:\/\/etab.ac-reunion.fr\/lyc-francois-de-mahy\/wp-content\/uploads\/sites\/61\/2019\/06\/Capture-2-140x94.jpg 140w, https:\/\/etab.ac-reunion.fr\/lyc-francois-de-mahy\/wp-content\/uploads\/sites\/61\/2019\/06\/Capture-2-430x283.jpg 430w\" sizes=\"auto, (max-width: 741px) 100vw, 741px\" \/><\/figure><div class=\"wp-block-media-text__content\">\n<p class=\"has-medium-font-size\">Pour rechercher un titre, un auteur ou un sujet, utilisez le <a href=\"https:\/\/9740575g.esidoc.fr\/site\/bienvenue-au-cdi-espace-equipe-educative\" target=\"_blank\" rel=\"noreferrer noopener\">moteur de recherche<\/a> du portail documentaire <a href=\"https:\/\/9740575g.esidoc.fr\/site\/bienvenue-au-cdi-espace-eleves\">Esidoc<\/a> depuis n&rsquo;importe o\u00f9. <\/p>\n<\/div><\/div>\n\n\n\n<div style=\"height:20px\" aria-hidden=\"true\" class=\"wp-block-spacer\"><\/div>\n\n\n\n<p class=\"has-text-align-center has-background has-medium-font-size\" style=\"background-color:#f3d985\">\n<strong>ON Y PROPOSE\n<\/strong><\/p>\n\n\n\n<div style=\"height:20px\" aria-hidden=\"true\" class=\"wp-block-spacer\"><\/div>\n\n\n\n<ul class=\"wp-block-list\">\n<li><strong>de nombreux \u00e9v\u00e9nements culturels et \u00e9ducatifs<\/strong> li\u00e9s \u00e0 l&rsquo;actualit\u00e9 : Journ\u00e9e de la la\u00efcit\u00e9, Journ\u00e9e du 20 d\u00e9cembre, Journ\u00e9e des droits de la Femme, Semaine de la Presse et des M\u00e9dias, le Safe Internet Day, la Semaine de la Biodiversit\u00e9, La Journ\u00e9e de l&rsquo;Europe &#8230; C&rsquo;est l&rsquo;occasion d&rsquo;inscrire les classes \u00e0 des s\u00e9ances p\u00e9dagogiques, des rencontres, des ateliers ludiques ou cr\u00e9atifs, des expositions&#8230;<\/li>\n<\/ul>\n\n\n\n<ul class=\"wp-block-list\">\n<li><strong> une<\/strong> <strong>galerie d&rsquo;art<\/strong> qui offre au fil de l&rsquo;ann\u00e9e des expositions en lien avec les c\u00e9l\u00e9brations du lyc\u00e9e (Patrimoine, Droits des Femmes&#8230;),  et des rencontres avec les artistes. <\/li>\n<\/ul>\n\n\n\n<ul class=\"wp-block-list\">\n<li><strong>un<\/strong> <strong>espace ludoth\u00e8que<\/strong> est ouvert en fin de journ\u00e9e pour un moment de loisir.<\/li>\n<\/ul>\n\n\n\n<ul class=\"wp-block-list\">\n<li><strong>une aide aux devoirs<\/strong> : avec l&rsquo;assistance p\u00e9dagogique.<\/li>\n<\/ul>\n\n\n\n<div style=\"height:20px\" aria-hidden=\"true\" class=\"wp-block-spacer\"><\/div>\n\n\n\n<p class=\"has-pale-cyan-blue-background-color has-background\" style=\"font-size:19px\"><strong>Les actions culturelles et \u00e9ducatives au CDI 2023-2024<\/strong><\/p>\n\n\n\n<div style=\"height:20px\" aria-hidden=\"true\" class=\"wp-block-spacer\"><\/div>\n\n\n\n<figure class=\"wp-block-embed is-type-wp-embed is-provider-lyc-e-professionnel-fran-ois-de-mahy-saint-pierre-la-r-union wp-block-embed-lyc-e-professionnel-fran-ois-de-mahy-saint-pierre-la-r-union\"><div class=\"wp-block-embed__wrapper\">\n<blockquote class=\"wp-embedded-content\" data-secret=\"3WSvP1G12I\"><a href=\"https:\/\/etab.ac-reunion.fr\/lyc-francois-de-mahy\/les-actions-culturelles-et-educatives-au-cdi-2e-semestre\/\">Les actions culturelles et \u00e9ducatives au CDI : 2e semestre<\/a><\/blockquote><iframe loading=\"lazy\" class=\"wp-embedded-content\" sandbox=\"allow-scripts\" security=\"restricted\" style=\"position: absolute; clip: rect(1px, 1px, 1px, 1px);\" title=\"\u00ab\u00a0Les actions culturelles et \u00e9ducatives au CDI : 2e semestre\u00a0\u00bb &#8212; Lyc\u00e9e professionnel Fran\u00e7ois de Mahy, Saint-Pierre, La R\u00e9union\" src=\"https:\/\/etab.ac-reunion.fr\/lyc-francois-de-mahy\/les-actions-culturelles-et-educatives-au-cdi-2e-semestre\/embed\/#?secret=xIkAxE3w4B#?secret=3WSvP1G12I\" data-secret=\"3WSvP1G12I\" width=\"600\" height=\"338\" frameborder=\"0\" marginwidth=\"0\" marginheight=\"0\" scrolling=\"no\"><\/iframe>\n<\/div><\/figure>\n\n\n\n<p class=\"has-text-align-center has-background has-medium-font-size\" style=\"background-color:#f3d985\">\n<strong>ON Y ENSEIGNE \n<\/strong><\/p>\n\n\n\n<ul class=\"wp-block-list\">\n<li><strong>L&rsquo;EMI<\/strong> : le professeur-documentaliste est enseignant et ma\u00eetre d&rsquo;\u0153uvre de l&rsquo;acquisition par tous les \u00e9l\u00e8ves d&rsquo;une culture de l&rsquo;information et des m\u00e9dias. Il propose donc des s\u00e9ances info-documentaires  toute l&rsquo;ann\u00e9e. <\/li>\n<\/ul>\n\n\n\n<div style=\"height:20px\" aria-hidden=\"true\" class=\"wp-block-spacer\"><\/div>\n\n\n\n<div class=\"wp-block-media-text alignwide is-stacked-on-mobile is-image-fill has-background\" style=\"background-color:#dde4ec\"><figure class=\"wp-block-media-text__media\" style=\"background-image:url(https:\/\/etab.ac-reunion.fr\/lyc-francois-de-mahy\/wp-content\/uploads\/sites\/61\/2023\/09\/2022une-3JPG-1024x766.jpg);background-position:50% 50%\"><img loading=\"lazy\" decoding=\"async\" width=\"1024\" height=\"766\" src=\"https:\/\/etab.ac-reunion.fr\/lyc-francois-de-mahy\/wp-content\/uploads\/sites\/61\/2023\/09\/2022une-3JPG-1024x766.jpg\" alt=\"\" class=\"wp-image-24173 size-full\" srcset=\"https:\/\/etab.ac-reunion.fr\/lyc-francois-de-mahy\/wp-content\/uploads\/sites\/61\/2023\/09\/2022une-3JPG-1024x766.jpg 1024w, https:\/\/etab.ac-reunion.fr\/lyc-francois-de-mahy\/wp-content\/uploads\/sites\/61\/2023\/09\/2022une-3JPG-300x224.jpg 300w, https:\/\/etab.ac-reunion.fr\/lyc-francois-de-mahy\/wp-content\/uploads\/sites\/61\/2023\/09\/2022une-3JPG-768x574.jpg 768w, https:\/\/etab.ac-reunion.fr\/lyc-francois-de-mahy\/wp-content\/uploads\/sites\/61\/2023\/09\/2022une-3JPG.jpg 1054w\" sizes=\"auto, (max-width: 1024px) 100vw, 1024px\" \/><\/figure><div class=\"wp-block-media-text__content\">\n<p class=\"has-black-color has-text-color has-medium-font-size\">R\u00e9servez  une ou plusieurs s\u00e9ances aupr\u00e8s de la documentaliste. <\/p>\n\n\n\n<ul class=\"wp-block-list\">\n<li>IRD : D\u00e9couverte du CDI et de son portail documentaire Esidoc<\/li>\n\n\n\n<li><a href=\"https:\/\/etab.ac-reunion.fr\/lyc-francois-de-mahy\/webradio-du-lycee\/\">Webradio<\/a> <\/li>\n\n\n\n<li>S\u00e9quence EMI : l&rsquo;information, le journalisme, identit\u00e9 num\u00e9rique, fake news, les r\u00e9seaux sociaux&#8230;<\/li>\n<\/ul>\n<\/div><\/div>\n\n\n\n<div style=\"height:20px\" aria-hidden=\"true\" class=\"wp-block-spacer\"><\/div>\n\n\n\n<p class=\"has-text-align-left\" style=\"font-size:17px\"><strong>Laurence GARCIA<\/strong><br>Professeur-documentaliste<br>LP Fran\u00e7ois de Mahy Saint Pierre <\/p>\n\n\n\n<p class=\"has-text-align-left\" style=\"font-size:17px\">T\u00e9l : 0262 35 75 20 <\/p>\n\n\n\n<div style=\"height:10px\" aria-hidden=\"true\" class=\"wp-block-spacer\"><\/div>\n\n\n\n<p class=\"has-text-align-left\"><strong>Contactez le CDI en ligne :<\/strong><\/p>\n\n\n\n<p class=\"has-text-align-left\">laurence.garcia1@ac-reunion.fr<\/p>\n\n\n\n<div style=\"height:29px\" aria-hidden=\"true\" class=\"wp-block-spacer\"><\/div>\n","protected":false},"excerpt":{"rendered":"<p>Situ\u00e9 au c\u0153ur de l\u2019\u00e9tablissement, le Centre de Documentation et d\u2019Information est un lieu de travail et de d\u00e9tente accessible \u00e0 tous. ON Y RETROUVE Pour rechercher un titre, un auteur ou un sujet, utilisez le moteur de recherche du portail documentaire Esidoc depuis n&rsquo;importe o\u00f9. ON Y PROPOSE Les actions culturelles et \u00e9ducatives au [&hellip;]<\/p>\n","protected":false},"author":14769,"featured_media":19591,"parent":0,"menu_order":0,"comment_status":"closed","ping_status":"closed","template":"","meta":{"footnotes":""},"class_list":["post-4705","page","type-page","status-publish","has-post-thumbnail","hentry"],"_links":{"self":[{"href":"https:\/\/etab.ac-reunion.fr\/lyc-francois-de-mahy\/wp-json\/wp\/v2\/pages\/4705","targetHints":{"allow":["GET"]}}],"collection":[{"href":"https:\/\/etab.ac-reunion.fr\/lyc-francois-de-mahy\/wp-json\/wp\/v2\/pages"}],"about":[{"href":"https:\/\/etab.ac-reunion.fr\/lyc-francois-de-mahy\/wp-json\/wp\/v2\/types\/page"}],"author":[{"embeddable":true,"href":"https:\/\/etab.ac-reunion.fr\/lyc-francois-de-mahy\/wp-json\/wp\/v2\/users\/14769"}],"replies":[{"embeddable":true,"href":"https:\/\/etab.ac-reunion.fr\/lyc-francois-de-mahy\/wp-json\/wp\/v2\/comments?post=4705"}],"version-history":[{"count":259,"href":"https:\/\/etab.ac-reunion.fr\/lyc-francois-de-mahy\/wp-json\/wp\/v2\/pages\/4705\/revisions"}],"predecessor-version":[{"id":28756,"href":"https:\/\/etab.ac-reunion.fr\/lyc-francois-de-mahy\/wp-json\/wp\/v2\/pages\/4705\/revisions\/28756"}],"wp:featuredmedia":[{"embeddable":true,"href":"https:\/\/etab.ac-reunion.fr\/lyc-francois-de-mahy\/wp-json\/wp\/v2\/media\/19591"}],"wp:attachment":[{"href":"https:\/\/etab.ac-reunion.fr\/lyc-francois-de-mahy\/wp-json\/wp\/v2\/media?parent=4705"}],"curies":[{"name":"wp","href":"https:\/\/api.w.org\/{rel}","templated":true}]}}