{"id":4820,"date":"2019-03-18T08:24:25","date_gmt":"2019-03-18T04:24:25","guid":{"rendered":"http:\/\/lycee-stpierre.ac-reunion.fr\/?page_id=4820"},"modified":"2026-04-07T16:08:32","modified_gmt":"2026-04-07T12:08:32","slug":"calendriers","status":"publish","type":"page","link":"https:\/\/etab.ac-reunion.fr\/lyc-francois-de-mahy\/calendriers\/","title":{"rendered":"Calendriers"},"content":{"rendered":"\n<p class=\"has-text-align-center\" style=\"font-size:21px\"><em><strong>Conseils de classe Terminales Bac pro et BTS semestre 2 :<\/strong><\/em><\/p>\n\n\n\n<p><\/p>\n\n\n<div class=\"wp-block-image\">\n<figure class=\"aligncenter size-large is-resized\"><a href=\"https:\/\/etab.ac-reunion.fr\/lyc-francois-de-mahy\/wp-content\/uploads\/sites\/61\/2026\/04\/2025-2026-Planning-de-conseils-de-classe-Terminale-et-BTS-semestre-2.pdf\" target=\"_blank\" rel=\" noreferrer noopener\"><img loading=\"lazy\" decoding=\"async\" width=\"1024\" height=\"490\" src=\"https:\/\/etab.ac-reunion.fr\/lyc-francois-de-mahy\/wp-content\/uploads\/sites\/61\/2026\/04\/2-2025-2026-1024x490.jpg\" alt=\"\" class=\"wp-image-31756\" style=\"aspect-ratio:2.089812102225646;width:453px;height:auto\" srcset=\"https:\/\/etab.ac-reunion.fr\/lyc-francois-de-mahy\/wp-content\/uploads\/sites\/61\/2026\/04\/2-2025-2026-1024x490.jpg 1024w, https:\/\/etab.ac-reunion.fr\/lyc-francois-de-mahy\/wp-content\/uploads\/sites\/61\/2026\/04\/2-2025-2026-300x144.jpg 300w, https:\/\/etab.ac-reunion.fr\/lyc-francois-de-mahy\/wp-content\/uploads\/sites\/61\/2026\/04\/2-2025-2026-768x367.jpg 768w, https:\/\/etab.ac-reunion.fr\/lyc-francois-de-mahy\/wp-content\/uploads\/sites\/61\/2026\/04\/2-2025-2026.jpg 1110w\" sizes=\"auto, (max-width: 1024px) 100vw, 1024px\" \/><\/a><\/figure>\n<\/div>\n\n\n<div style=\"height:13px\" aria-hidden=\"true\" class=\"wp-block-spacer\"><\/div>\n\n\n\n<hr class=\"wp-block-separator has-alpha-channel-opacity is-style-dots\" \/>\n\n\n\n<div style=\"height:13px\" aria-hidden=\"true\" class=\"wp-block-spacer\"><\/div>\n\n\n\n<p class=\"has-text-align-center\" style=\"font-size:21px\"><em><strong>Parcoursup 2026 en 3 \u00e9tapes :<\/strong><\/em><\/p>\n\n\n\n<p><\/p>\n\n\n<div class=\"wp-block-image\">\n<figure class=\"aligncenter is-resized\"><a href=\"https:\/\/etab.ac-reunion.fr\/lyc-francois-de-mahy\/wp-content\/uploads\/sites\/61\/2025\/11\/parcoursup-2026-en-3-tapes-1068.pdf\" target=\"_blank\" rel=\"noreferrer noopener\"><img loading=\"lazy\" decoding=\"async\" width=\"641\" height=\"807\" src=\"https:\/\/etab.ac-reunion.fr\/lyc-francois-de-mahy\/wp-content\/uploads\/sites\/61\/2025\/11\/11.jpg\" alt=\"\" class=\"wp-image-30920\" style=\"width:356px;height:auto\" srcset=\"https:\/\/etab.ac-reunion.fr\/lyc-francois-de-mahy\/wp-content\/uploads\/sites\/61\/2025\/11\/11.jpg 641w, https:\/\/etab.ac-reunion.fr\/lyc-francois-de-mahy\/wp-content\/uploads\/sites\/61\/2025\/11\/11-238x300.jpg 238w\" sizes=\"auto, (max-width: 641px) 100vw, 641px\" \/><\/a><\/figure>\n<\/div>\n\n\n<p><\/p>\n\n\n\n<hr class=\"wp-block-separator has-alpha-channel-opacity is-style-dots\" \/>\n\n\n\n<p><\/p>\n\n\n\n<p class=\"has-text-align-center\" style=\"font-size:21px\"><strong><em>Calendrier PFMP 2025-2026<\/em><\/strong> <em>:<\/em><\/p>\n\n\n<div class=\"wp-block-image\">\n<figure class=\"aligncenter size-full\"><a href=\"https:\/\/etab.ac-reunion.fr\/lyc-francois-de-mahy\/wp-content\/uploads\/sites\/61\/2025\/06\/calendrier-PFMP-2025-2026.pdf\" target=\"_blank\" rel=\" noreferrer noopener\"><img loading=\"lazy\" decoding=\"async\" width=\"1200\" height=\"334\" src=\"https:\/\/etab.ac-reunion.fr\/lyc-francois-de-mahy\/wp-content\/uploads\/sites\/61\/2025\/07\/Calendrier-stages-PNG.png\" alt=\"\" class=\"wp-image-30201\" srcset=\"https:\/\/etab.ac-reunion.fr\/lyc-francois-de-mahy\/wp-content\/uploads\/sites\/61\/2025\/07\/Calendrier-stages-PNG.png 1200w, https:\/\/etab.ac-reunion.fr\/lyc-francois-de-mahy\/wp-content\/uploads\/sites\/61\/2025\/07\/Calendrier-stages-PNG-300x84.png 300w, https:\/\/etab.ac-reunion.fr\/lyc-francois-de-mahy\/wp-content\/uploads\/sites\/61\/2025\/07\/Calendrier-stages-PNG-1024x285.png 1024w, https:\/\/etab.ac-reunion.fr\/lyc-francois-de-mahy\/wp-content\/uploads\/sites\/61\/2025\/07\/Calendrier-stages-PNG-768x214.png 768w\" sizes=\"auto, (max-width: 1200px) 100vw, 1200px\" \/><\/a><\/figure>\n<\/div>\n\n\n<div style=\"height:15px\" aria-hidden=\"true\" class=\"wp-block-spacer\"><\/div>\n\n\n\n<hr class=\"wp-block-separator has-alpha-channel-opacity is-style-dots\" \/>\n\n\n\n<div style=\"height:9px\" aria-hidden=\"true\" class=\"wp-block-spacer\"><\/div>\n\n\n\n<p class=\"has-text-align-center\"><em><strong>Voici le d\u00e9tail des p\u00e9riodes de stages de l&rsquo;ann\u00e9e 2025-2026 par fili\u00e8re de formation et par dates :<\/strong><\/em><\/p>\n\n\n\n<div data-wp-interactive=\"core\/file\" class=\"wp-block-file\"><object data-wp-bind--hidden=\"!state.hasPdfPreview\" hidden class=\"wp-block-file__embed\" data=\"https:\/\/etab.ac-reunion.fr\/lyc-francois-de-mahy\/wp-content\/uploads\/sites\/61\/2025\/07\/PERIODES-DE-PFMP-2025-2026-LP-FdM-retranscription-texte.pdf\" type=\"application\/pdf\" style=\"width:100%;height:600px\" aria-label=\"Contenu embarqu\u00e9 PERIODES DE PFMP 2025 2026 LP FdM retranscription texte.\"><\/object><a id=\"wp-block-file--media-d5240467-17d7-482a-ad0c-5b9e5efa1922\" href=\"https:\/\/etab.ac-reunion.fr\/lyc-francois-de-mahy\/wp-content\/uploads\/sites\/61\/2025\/07\/PERIODES-DE-PFMP-2025-2026-LP-FdM-retranscription-texte.pdf\">PERIODES DE PFMP 2025 2026 LP FdM retranscription texte<\/a><a href=\"https:\/\/etab.ac-reunion.fr\/lyc-francois-de-mahy\/wp-content\/uploads\/sites\/61\/2025\/07\/PERIODES-DE-PFMP-2025-2026-LP-FdM-retranscription-texte.pdf\" class=\"wp-block-file__button wp-element-button\" download aria-describedby=\"wp-block-file--media-d5240467-17d7-482a-ad0c-5b9e5efa1922\">T\u00e9l\u00e9charger<\/a><\/div>\n\n\n\n<div style=\"height:34px\" aria-hidden=\"true\" class=\"wp-block-spacer\"><\/div>\n\n\n\n<p class=\"has-text-align-center\" style=\"font-size:17px\"><strong><em>Lien : <\/em><\/strong><em><a href=\"https:\/\/www.ac-reunion.fr\/le-calendrier-scolaire\" target=\"_blank\" rel=\"noreferrer noopener\">Calendrier scolaire de l&rsquo;acad\u00e9mie de La R\u00e9union jusqu&rsquo;en 2027<\/a><\/em>.<\/p>\n","protected":false},"excerpt":{"rendered":"<p>Conseils de classe Terminales Bac pro et BTS semestre 2 : Parcoursup 2026 en 3 \u00e9tapes : Calendrier PFMP 2025-2026 : Voici le d\u00e9tail des p\u00e9riodes de stages de l&rsquo;ann\u00e9e 2025-2026 par fili\u00e8re de formation et par dates : Lien : Calendrier scolaire de l&rsquo;acad\u00e9mie de La R\u00e9union jusqu&rsquo;en 2027.<\/p>\n","protected":false},"author":19067,"featured_media":19634,"parent":0,"menu_order":0,"comment_status":"closed","ping_status":"closed","template":"","meta":{"footnotes":""},"class_list":["post-4820","page","type-page","status-publish","has-post-thumbnail","hentry"],"_links":{"self":[{"href":"https:\/\/etab.ac-reunion.fr\/lyc-francois-de-mahy\/wp-json\/wp\/v2\/pages\/4820","targetHints":{"allow":["GET"]}}],"collection":[{"href":"https:\/\/etab.ac-reunion.fr\/lyc-francois-de-mahy\/wp-json\/wp\/v2\/pages"}],"about":[{"href":"https:\/\/etab.ac-reunion.fr\/lyc-francois-de-mahy\/wp-json\/wp\/v2\/types\/page"}],"author":[{"embeddable":true,"href":"https:\/\/etab.ac-reunion.fr\/lyc-francois-de-mahy\/wp-json\/wp\/v2\/users\/19067"}],"replies":[{"embeddable":true,"href":"https:\/\/etab.ac-reunion.fr\/lyc-francois-de-mahy\/wp-json\/wp\/v2\/comments?post=4820"}],"version-history":[{"count":363,"href":"https:\/\/etab.ac-reunion.fr\/lyc-francois-de-mahy\/wp-json\/wp\/v2\/pages\/4820\/revisions"}],"predecessor-version":[{"id":31763,"href":"https:\/\/etab.ac-reunion.fr\/lyc-francois-de-mahy\/wp-json\/wp\/v2\/pages\/4820\/revisions\/31763"}],"wp:featuredmedia":[{"embeddable":true,"href":"https:\/\/etab.ac-reunion.fr\/lyc-francois-de-mahy\/wp-json\/wp\/v2\/media\/19634"}],"wp:attachment":[{"href":"https:\/\/etab.ac-reunion.fr\/lyc-francois-de-mahy\/wp-json\/wp\/v2\/media?parent=4820"}],"curies":[{"name":"wp","href":"https:\/\/api.w.org\/{rel}","templated":true}]}}