{"id":4831,"date":"2019-03-18T13:29:32","date_gmt":"2019-03-18T09:29:32","guid":{"rendered":"http:\/\/lycee-stpierre.ac-reunion.fr\/?page_id=4831"},"modified":"2024-06-09T06:30:04","modified_gmt":"2024-06-09T02:30:04","slug":"mentions-legales","status":"publish","type":"page","link":"https:\/\/etab.ac-reunion.fr\/lyc-francois-de-mahy\/mentions-legales\/","title":{"rendered":"Mentions l\u00e9gales"},"content":{"rendered":"<h3><strong>\u00c9diteur<\/strong><\/h3>\n<p>Lyc\u00e9e professionnel Fran\u00e7ois de Mahy, Acad\u00e9mie de la R\u00e9union.<\/p>\n<p>97454 Saint-Pierre Cedex<\/p>\n<p>T\u00e9l\u00e9phone : 0262 35 75 20<\/p>\n<h3><strong>Directrice de la publication<br \/>\n<\/strong><\/h3>\n<p>Mme PETIT Nadia, proviseure.<\/p>\n<h3><strong>H\u00e9bergeur du site<\/strong><\/h3>\n<p>Rectorat de l\u2019acad\u00e9mie de la R\u00e9union<br \/>\n24, avenue Georges Brassens<br \/>\nCS 71003<br \/>\n97743 Saint Denis Cedex 9<br \/>\nT\u00e9l.+262 (0)2 62 48 10 10<\/p>\n<h3><strong>Politique de protection des donn\u00e9es<\/strong><\/h3>\n<p>L\u2019\u00e9tablissement traite des donn\u00e9es personnelles conform\u00e9ment au R\u00e8glement G\u00e9n\u00e9ral sur la Protection des Donn\u00e9es (RGPD) et \u00e0 la loi Informatique et Libert\u00e9s.<\/p>\n<p>Les informations fournies via le formulaire de contact sont transmises par protocole s\u00e9curis\u00e9 uniquement \u00e0 l\u2019\u00e9tablissement. Elles ne sont pas conserv\u00e9es ou transmises \u00e0 des tiers.<\/p>\n<p>Pour toute information ou exercice de vos droits Informatique et Libert\u00e9s sur les traitements de donn\u00e9es personnelles g\u00e9r\u00e9s par l\u2019\u00e9tablissement, vous pouvez contacter celui-ci : par courrier (avec copie de votre pi\u00e8ce d\u2019identit\u00e9 en cas d\u2019exercice de vos droits) \u00e0 l\u2019adresse suivante : Lyc\u00e9e professionnel Fran\u00e7ois de Mahy, Acad\u00e9mie de la R\u00e9union, 97454 Saint-Pierre Cedex. En ligne : <a href=\"https:\/\/etab.ac-reunion.fr\/lyc-francois-de-mahy\/contact-par-courriel\/\" target=\"_blank\" rel=\"noopener noreferrer\"><span style=\"color: #000000\"><em>Formulaire contact<\/em><\/span><\/a><\/p>\n","protected":false},"excerpt":{"rendered":"<p>\u00c9diteur Lyc\u00e9e professionnel Fran\u00e7ois de Mahy, Acad\u00e9mie de la R\u00e9union. 97454 Saint-Pierre Cedex T\u00e9l\u00e9phone : 0262 35 75 20 Directrice de la publication Mme PETIT Nadia, proviseure. H\u00e9bergeur du site Rectorat de l\u2019acad\u00e9mie de la R\u00e9union 24, avenue Georges Brassens CS 71003 97743 Saint Denis Cedex 9 T\u00e9l.+262 (0)2 62 48 10 10 Politique de [&hellip;]<\/p>\n","protected":false},"author":19067,"featured_media":0,"parent":0,"menu_order":0,"comment_status":"closed","ping_status":"closed","template":"","meta":{"footnotes":""},"class_list":["post-4831","page","type-page","status-publish","hentry"],"_links":{"self":[{"href":"https:\/\/etab.ac-reunion.fr\/lyc-francois-de-mahy\/wp-json\/wp\/v2\/pages\/4831","targetHints":{"allow":["GET"]}}],"collection":[{"href":"https:\/\/etab.ac-reunion.fr\/lyc-francois-de-mahy\/wp-json\/wp\/v2\/pages"}],"about":[{"href":"https:\/\/etab.ac-reunion.fr\/lyc-francois-de-mahy\/wp-json\/wp\/v2\/types\/page"}],"author":[{"embeddable":true,"href":"https:\/\/etab.ac-reunion.fr\/lyc-francois-de-mahy\/wp-json\/wp\/v2\/users\/19067"}],"replies":[{"embeddable":true,"href":"https:\/\/etab.ac-reunion.fr\/lyc-francois-de-mahy\/wp-json\/wp\/v2\/comments?post=4831"}],"version-history":[{"count":28,"href":"https:\/\/etab.ac-reunion.fr\/lyc-francois-de-mahy\/wp-json\/wp\/v2\/pages\/4831\/revisions"}],"predecessor-version":[{"id":26577,"href":"https:\/\/etab.ac-reunion.fr\/lyc-francois-de-mahy\/wp-json\/wp\/v2\/pages\/4831\/revisions\/26577"}],"wp:attachment":[{"href":"https:\/\/etab.ac-reunion.fr\/lyc-francois-de-mahy\/wp-json\/wp\/v2\/media?parent=4831"}],"curies":[{"name":"wp","href":"https:\/\/api.w.org\/{rel}","templated":true}]}}