{"id":4977,"date":"2019-03-22T17:02:28","date_gmt":"2019-03-22T13:02:28","guid":{"rendered":"http:\/\/lycee-stpierre.ac-reunion.fr\/?page_id=4977"},"modified":"2019-07-20T17:19:58","modified_gmt":"2019-07-20T13:19:58","slug":"contact-par-courriel","status":"publish","type":"page","link":"https:\/\/etab.ac-reunion.fr\/lyc-francois-de-mahy\/contact-par-courriel\/","title":{"rendered":"Contact en ligne"},"content":{"rendered":"\n<div style=\"height:40px\" aria-hidden=\"true\" class=\"wp-block-spacer\"><\/div>\n\n\n\n<p style=\"font-size:24px\"><strong>Formulaire de contact<\/strong><\/p>\n\n\n\n<div style=\"height:20px\" aria-hidden=\"true\" class=\"wp-block-spacer\"><\/div>\n\n\n\n<div class=\"wpcf7 no-js\" id=\"wpcf7-f4445-o1\" lang=\"fr-FR\" dir=\"ltr\" data-wpcf7-id=\"4445\">\n<div class=\"screen-reader-response\"><p role=\"status\" aria-live=\"polite\" aria-atomic=\"true\"><\/p> <ul><\/ul><\/div>\n<form action=\"\/lyc-francois-de-mahy\/wp-json\/wp\/v2\/pages\/4977#wpcf7-f4445-o1\" method=\"post\" class=\"wpcf7-form init\" aria-label=\"Formulaire de contact\" novalidate=\"novalidate\" data-status=\"init\">\n<fieldset class=\"hidden-fields-container\"><input type=\"hidden\" name=\"_wpcf7\" value=\"4445\" \/><input type=\"hidden\" name=\"_wpcf7_version\" value=\"6.1.5\" \/><input type=\"hidden\" name=\"_wpcf7_locale\" value=\"fr_FR\" \/><input type=\"hidden\" name=\"_wpcf7_unit_tag\" value=\"wpcf7-f4445-o1\" \/><input type=\"hidden\" name=\"_wpcf7_container_post\" value=\"0\" \/><input type=\"hidden\" name=\"_wpcf7_posted_data_hash\" value=\"\" \/>\n<\/fieldset>\n<p><label> Votre nom (obligatoire)<br \/>\n<span class=\"wpcf7-form-control-wrap\" data-name=\"your-name\"><input size=\"40\" maxlength=\"400\" class=\"wpcf7-form-control wpcf7-text wpcf7-validates-as-required\" aria-required=\"true\" aria-invalid=\"false\" value=\"\" type=\"text\" name=\"your-name\" \/><\/span> <\/label>\n<\/p>\n<p><label> Votre adresse de messagerie (obligatoire)<br \/>\n<span class=\"wpcf7-form-control-wrap\" data-name=\"your-email\"><input size=\"40\" maxlength=\"400\" class=\"wpcf7-form-control wpcf7-email wpcf7-validates-as-required wpcf7-text wpcf7-validates-as-email\" aria-required=\"true\" aria-invalid=\"false\" value=\"\" type=\"email\" name=\"your-email\" \/><\/span> <\/label>\n<\/p>\n<p><label> Objet<br \/>\n<span class=\"wpcf7-form-control-wrap\" data-name=\"your-subject\"><input size=\"40\" maxlength=\"400\" class=\"wpcf7-form-control wpcf7-text wpcf7-validates-as-required\" aria-required=\"true\" aria-invalid=\"false\" value=\"\" type=\"text\" name=\"your-subject\" \/><\/span> <\/label>\n<\/p>\n<p><label> Votre message<br \/>\n<span class=\"wpcf7-form-control-wrap\" data-name=\"your-message\"><textarea cols=\"40\" rows=\"10\" maxlength=\"2000\" class=\"wpcf7-form-control wpcf7-textarea\" aria-invalid=\"false\" name=\"your-message\"><\/textarea><\/span> <\/label>\n<\/p>\n<p><span class=\"wpcf7-form-control-wrap\" data-name=\"quiz-607\"><label><span class=\"wpcf7-quiz-label\">Quel est le num\u00e9ro du d\u00e9partement de La R\u00e9union ?<\/span> <input size=\"40\" class=\"wpcf7-form-control wpcf7-quiz\" autocomplete=\"off\" aria-required=\"true\" aria-invalid=\"false\" type=\"text\" name=\"quiz-607\" \/><\/label><input type=\"hidden\" name=\"_wpcf7_quiz_answer_quiz-607\" value=\"31e3541b92aad036ed24de4c4b38dd31\" \/><\/span>\n<\/p>\n<p><input class=\"wpcf7-form-control wpcf7-submit has-spinner\" type=\"submit\" value=\"Accepter et Envoyer\" \/>\n<\/p><div class=\"wpcf7-response-output\" aria-hidden=\"true\"><\/div>\n<\/form>\n<\/div>\n\n\n\n<div style=\"height:50px\" aria-hidden=\"true\" class=\"wp-block-spacer\"><\/div>\n\n\n\n<p> <em><strong>Utilisation des donn\u00e9es \u00e0 caract\u00e8re personnel<\/strong><\/em> <em>:  Les informations fournies via le formulaire de contact sont transmises  par protocole s\u00e9curis\u00e9 uniquement \u00e0 l\u2019\u00e9tablissement. Elles ne sont pas  conserv\u00e9es ou transmises \u00e0 des tiers. <\/em><\/p>\n\n\n\n<div style=\"height:30px\" aria-hidden=\"true\" class=\"wp-block-spacer\"><\/div>\n\n\n\n<h3 class=\"wp-block-heading\"><strong>Lyc\u00e9e professionnel Fran\u00e7ois de Mahy<\/strong><\/h3>\n\n\n\n<p>79 rue Luc Lorion<\/p>\n\n\n\n<p>97454 Saint-Pierre Cedex<\/p>\n\n\n\n<p>T\u00e9l : 0262 35 75 20<\/p>\n\n\n\n<p>Lien : <a href=\"https:\/\/etab.ac-reunion.fr\/lyc-francois-de-mahy\/venir-au-lycee\/\" target=\"_blank\" rel=\"noreferrer noopener\">Venir au lyc\u00e9e<\/a><\/p>\n","protected":false},"excerpt":{"rendered":"<p>Formulaire de contact Utilisation des donn\u00e9es \u00e0 caract\u00e8re personnel : Les informations fournies via le formulaire de contact sont transmises par protocole s\u00e9curis\u00e9 uniquement \u00e0 l\u2019\u00e9tablissement. Elles ne sont pas conserv\u00e9es ou transmises \u00e0 des tiers. Lyc\u00e9e professionnel Fran\u00e7ois de Mahy 79 rue Luc Lorion 97454 Saint-Pierre Cedex T\u00e9l : 0262 35 75 20 Lien [&hellip;]<\/p>\n","protected":false},"author":19067,"featured_media":0,"parent":0,"menu_order":0,"comment_status":"closed","ping_status":"closed","template":"","meta":{"footnotes":""},"class_list":["post-4977","page","type-page","status-publish","hentry"],"_links":{"self":[{"href":"https:\/\/etab.ac-reunion.fr\/lyc-francois-de-mahy\/wp-json\/wp\/v2\/pages\/4977","targetHints":{"allow":["GET"]}}],"collection":[{"href":"https:\/\/etab.ac-reunion.fr\/lyc-francois-de-mahy\/wp-json\/wp\/v2\/pages"}],"about":[{"href":"https:\/\/etab.ac-reunion.fr\/lyc-francois-de-mahy\/wp-json\/wp\/v2\/types\/page"}],"author":[{"embeddable":true,"href":"https:\/\/etab.ac-reunion.fr\/lyc-francois-de-mahy\/wp-json\/wp\/v2\/users\/19067"}],"replies":[{"embeddable":true,"href":"https:\/\/etab.ac-reunion.fr\/lyc-francois-de-mahy\/wp-json\/wp\/v2\/comments?post=4977"}],"version-history":[{"count":20,"href":"https:\/\/etab.ac-reunion.fr\/lyc-francois-de-mahy\/wp-json\/wp\/v2\/pages\/4977\/revisions"}],"predecessor-version":[{"id":7985,"href":"https:\/\/etab.ac-reunion.fr\/lyc-francois-de-mahy\/wp-json\/wp\/v2\/pages\/4977\/revisions\/7985"}],"wp:attachment":[{"href":"https:\/\/etab.ac-reunion.fr\/lyc-francois-de-mahy\/wp-json\/wp\/v2\/media?parent=4977"}],"curies":[{"name":"wp","href":"https:\/\/api.w.org\/{rel}","templated":true}]}}