{"id":587,"date":"2015-03-02T10:37:32","date_gmt":"2015-03-02T06:37:32","guid":{"rendered":"http:\/\/lycee-stpierre.ac-reunion.fr\/?page_id=587"},"modified":"2025-09-18T16:31:44","modified_gmt":"2025-09-18T12:31:44","slug":"intendance","status":"publish","type":"page","link":"https:\/\/etab.ac-reunion.fr\/lyc-francois-de-mahy\/intendance\/","title":{"rendered":"Intendance\/bourses\/fonds social"},"content":{"rendered":"\n<p style=\"font-size:25px\"><strong>Pour contacter les services par t\u00e9l : STANDARD : 0262 35 75 20<\/strong><\/p>\n\n\n\n<div style=\"height:30px\" aria-hidden=\"true\" class=\"wp-block-spacer\"><\/div>\n\n\n\n<p class=\"has-background\" style=\"background-color:#a4dbfe;font-size:21px\"><strong>Intendance<\/strong><\/p>\n\n\n\n<p class=\"has-background\" style=\"background-color:#d6effe;font-size:17px\"><strong>Secr\u00e9taire g\u00e9n\u00e9ral<\/strong> : M. CAMINADE<\/p>\n\n\n\n<p class=\"has-background\" style=\"background-color:#a4dbfe;font-size:17px\"><strong>Secr\u00e9tariat de gestion :<\/strong> Mme DOLPHIN.<\/p>\n\n\n\n<div style=\"height:40px\" aria-hidden=\"true\" class=\"wp-block-spacer\"><\/div>\n\n\n\n<p class=\"has-pale-cyan-blue-background-color has-background\" style=\"font-size:21px\"><strong>Bourses<\/strong><\/p>\n\n\n\n<p class=\"has-background\" style=\"background-color:#d6effe;font-size:17px\"><strong>Service des bourses  <\/strong>: Mme AUBRAS, M. RICQUEBOURG<\/p>\n\n\n\n<p class=\"has-text-align-center has-pale-cyan-blue-background-color has-background\" style=\"font-size:17px\"><strong><em>Lien : <a href=\"https:\/\/www.education.gouv.fr\/les-bourses-de-college-et-de-lycee-326728\">Les bourses de coll\u00e8ge et de lyc\u00e9e<\/a><\/em><\/strong><\/p>\n\n\n\n<div style=\"height:40px\" aria-hidden=\"true\" class=\"wp-block-spacer\"><\/div>\n\n\n\n<p class=\"has-background has-medium-font-size\" style=\"background-color:#d6effe\"><strong>Les fonds sociaux<\/strong><\/p>\n\n\n\n<div style=\"height:20px\" aria-hidden=\"true\" class=\"wp-block-spacer\"><\/div>\n\n\n\n<p><strong>1) Le fonds social lyc\u00e9en :<\/strong> Dans les lyc\u00e9es publics, un fonds social lyc\u00e9en permet d&rsquo;apporter une aide exceptionnelle \u00e0 un \u00e9l\u00e8ve pour faire face \u00e0 des d\u00e9penses de vie scolaire et de scolarit\u00e9. Ces aides sont accord\u00e9es par les chefs d&rsquo;\u00e9tablissement, apr\u00e8s avis de la commission pr\u00e9sid\u00e9e par lui et constitu\u00e9e par des membres de la communaut\u00e9 \u00e9ducative, des d\u00e9l\u00e9gu\u00e9s d&rsquo;\u00e9l\u00e8ves et de parents d&rsquo;\u00e9l\u00e8ves.<\/p>\n\n\n\n<p><strong>2) Le fonds social pour les cantines :<\/strong> Ce fonds doit permettre aux \u00e9l\u00e8ves (coll\u00e9giens, lyc\u00e9ens et \u00e9l\u00e8ves de l&rsquo;enseignement sp\u00e9cialis\u00e9 du second degr\u00e9), issus de milieux d\u00e9favoris\u00e9s, de fr\u00e9quenter la cantine de leur \u00e9tablissement.<br>Le chef d&rsquo;\u00e9tablissement prend au cours de l&rsquo;ann\u00e9e scolaire l&rsquo;avis du conseil d&rsquo;administration sur les crit\u00e8res et les modalit\u00e9s \u00e0 retenir pour l&rsquo;attribution de l&rsquo;aide qui sera d\u00e9duite du montant de la demi-pension.<\/p>\n","protected":false},"excerpt":{"rendered":"<p>Pour contacter les services par t\u00e9l : STANDARD : 0262 35 75 20 Intendance Secr\u00e9taire g\u00e9n\u00e9ral : M. CAMINADE Secr\u00e9tariat de gestion : Mme DOLPHIN. Bourses Service des bourses : Mme AUBRAS, M. RICQUEBOURG Lien : Les bourses de coll\u00e8ge et de lyc\u00e9e Les fonds sociaux 1) Le fonds social lyc\u00e9en : Dans les lyc\u00e9es [&hellip;]<\/p>\n","protected":false},"author":969,"featured_media":26155,"parent":0,"menu_order":0,"comment_status":"closed","ping_status":"closed","template":"","meta":{"footnotes":""},"class_list":["post-587","page","type-page","status-publish","has-post-thumbnail","hentry"],"_links":{"self":[{"href":"https:\/\/etab.ac-reunion.fr\/lyc-francois-de-mahy\/wp-json\/wp\/v2\/pages\/587","targetHints":{"allow":["GET"]}}],"collection":[{"href":"https:\/\/etab.ac-reunion.fr\/lyc-francois-de-mahy\/wp-json\/wp\/v2\/pages"}],"about":[{"href":"https:\/\/etab.ac-reunion.fr\/lyc-francois-de-mahy\/wp-json\/wp\/v2\/types\/page"}],"author":[{"embeddable":true,"href":"https:\/\/etab.ac-reunion.fr\/lyc-francois-de-mahy\/wp-json\/wp\/v2\/users\/969"}],"replies":[{"embeddable":true,"href":"https:\/\/etab.ac-reunion.fr\/lyc-francois-de-mahy\/wp-json\/wp\/v2\/comments?post=587"}],"version-history":[{"count":113,"href":"https:\/\/etab.ac-reunion.fr\/lyc-francois-de-mahy\/wp-json\/wp\/v2\/pages\/587\/revisions"}],"predecessor-version":[{"id":30461,"href":"https:\/\/etab.ac-reunion.fr\/lyc-francois-de-mahy\/wp-json\/wp\/v2\/pages\/587\/revisions\/30461"}],"wp:featuredmedia":[{"embeddable":true,"href":"https:\/\/etab.ac-reunion.fr\/lyc-francois-de-mahy\/wp-json\/wp\/v2\/media\/26155"}],"wp:attachment":[{"href":"https:\/\/etab.ac-reunion.fr\/lyc-francois-de-mahy\/wp-json\/wp\/v2\/media?parent=587"}],"curies":[{"name":"wp","href":"https:\/\/api.w.org\/{rel}","templated":true}]}}