{"id":650,"date":"2015-03-09T22:02:25","date_gmt":"2015-03-09T18:02:25","guid":{"rendered":"http:\/\/lycee-stpierre.ac-reunion.fr\/?page_id=650"},"modified":"2025-12-09T10:49:14","modified_gmt":"2025-12-09T06:49:14","slug":"international","status":"publish","type":"page","link":"https:\/\/etab.ac-reunion.fr\/lyc-francois-de-mahy\/international\/","title":{"rendered":"Europe et international"},"content":{"rendered":"\n<figure class=\"wp-block-embed is-type-wp-embed is-provider-lyc-e-professionnel-fran-ois-de-mahy-saint-pierre-la-r-union wp-block-embed-lyc-e-professionnel-fran-ois-de-mahy-saint-pierre-la-r-union\"><div class=\"wp-block-embed__wrapper\">\n<blockquote class=\"wp-embedded-content\" data-secret=\"2wLQxqm6Cr\"><a href=\"https:\/\/etab.ac-reunion.fr\/lyc-francois-de-mahy\/lespagne-celebree-lors-des-erasmus-day\/\">L&rsquo;Espagne c\u00e9l\u00e9br\u00e9e lors des Erasmus Day<\/a><\/blockquote><iframe loading=\"lazy\" class=\"wp-embedded-content\" sandbox=\"allow-scripts\" security=\"restricted\" style=\"position: absolute; visibility: hidden;\" title=\"\u00ab\u00a0L&rsquo;Espagne c\u00e9l\u00e9br\u00e9e lors des Erasmus Day\u00a0\u00bb &#8212; Lyc\u00e9e professionnel Fran\u00e7ois de Mahy, Saint-Pierre, La R\u00e9union\" src=\"https:\/\/etab.ac-reunion.fr\/lyc-francois-de-mahy\/lespagne-celebree-lors-des-erasmus-day\/embed\/#?secret=i95UYvEabT#?secret=2wLQxqm6Cr\" data-secret=\"2wLQxqm6Cr\" width=\"600\" height=\"338\" frameborder=\"0\" marginwidth=\"0\" marginheight=\"0\" scrolling=\"no\"><\/iframe>\n<\/div><\/figure>\n\n\n\n<figure class=\"wp-block-embed is-type-wp-embed is-provider-lyc-e-professionnel-fran-ois-de-mahy-saint-pierre-la-r-union wp-block-embed-lyc-e-professionnel-fran-ois-de-mahy-saint-pierre-la-r-union\"><div class=\"wp-block-embed__wrapper\">\n<blockquote class=\"wp-embedded-content\" data-secret=\"bVWGLLFqPW\"><a href=\"https:\/\/etab.ac-reunion.fr\/lyc-francois-de-mahy\/echange-erasmus-entre-notre-lycee-et-le-lycee-professionnel-stredni-prumyslova-skola-polytechnicka-centrum-odborne-pripravy-zlin-republique-tcheque\/\">\u00c9change ERASMUS entre notre lyc\u00e9e et le lyc\u00e9e professionnel St\u0159edn\u00ed pr\u016fmyslov\u00e1 \u0161kola polytechnick\u00e1<\/a><\/blockquote><iframe loading=\"lazy\" class=\"wp-embedded-content\" sandbox=\"allow-scripts\" security=\"restricted\" style=\"position: absolute; visibility: hidden;\" title=\"\u00ab\u00a0\u00c9change ERASMUS entre notre lyc\u00e9e et le lyc\u00e9e professionnel St\u0159edn\u00ed pr\u016fmyslov\u00e1 \u0161kola polytechnick\u00e1\u00a0\u00bb &#8212; Lyc\u00e9e professionnel Fran\u00e7ois de Mahy, Saint-Pierre, La R\u00e9union\" src=\"https:\/\/etab.ac-reunion.fr\/lyc-francois-de-mahy\/echange-erasmus-entre-notre-lycee-et-le-lycee-professionnel-stredni-prumyslova-skola-polytechnicka-centrum-odborne-pripravy-zlin-republique-tcheque\/embed\/#?secret=GhpD4Ko7zN#?secret=bVWGLLFqPW\" data-secret=\"bVWGLLFqPW\" width=\"600\" height=\"338\" frameborder=\"0\" marginwidth=\"0\" marginheight=\"0\" scrolling=\"no\"><\/iframe>\n<\/div><\/figure>\n\n\n\n<figure class=\"wp-block-embed is-type-wp-embed is-provider-lyc-e-professionnel-fran-ois-de-mahy-saint-pierre-la-r-union wp-block-embed-lyc-e-professionnel-fran-ois-de-mahy-saint-pierre-la-r-union\"><div class=\"wp-block-embed__wrapper\">\n<blockquote class=\"wp-embedded-content\" data-secret=\"Urayq5HZYN\"><a href=\"https:\/\/etab.ac-reunion.fr\/lyc-francois-de-mahy\/echange-erasmus-entre-le-lycee-professionnel-francois-de-mahy-et-gymnazium-zlin\/\">\u00c9change Erasmus entre le Lyc\u00e9e professionnel Fran\u00e7ois de Mahy et Gymnazium Zlin<\/a><\/blockquote><iframe loading=\"lazy\" class=\"wp-embedded-content\" sandbox=\"allow-scripts\" security=\"restricted\" style=\"position: absolute; visibility: hidden;\" title=\"\u00ab\u00a0\u00c9change Erasmus entre le Lyc\u00e9e professionnel Fran\u00e7ois de Mahy et Gymnazium Zlin\u00a0\u00bb &#8212; Lyc\u00e9e professionnel Fran\u00e7ois de Mahy, Saint-Pierre, La R\u00e9union\" src=\"https:\/\/etab.ac-reunion.fr\/lyc-francois-de-mahy\/echange-erasmus-entre-le-lycee-professionnel-francois-de-mahy-et-gymnazium-zlin\/embed\/#?secret=HTQ7WvUt9i#?secret=Urayq5HZYN\" data-secret=\"Urayq5HZYN\" width=\"600\" height=\"338\" frameborder=\"0\" marginwidth=\"0\" marginheight=\"0\" scrolling=\"no\"><\/iframe>\n<\/div><\/figure>\n\n\n\n<figure class=\"wp-block-embed is-type-wp-embed is-provider-lyc-e-professionnel-fran-ois-de-mahy-saint-pierre-la-r-union wp-block-embed-lyc-e-professionnel-fran-ois-de-mahy-saint-pierre-la-r-union\"><div class=\"wp-block-embed__wrapper\">\n<blockquote class=\"wp-embedded-content\" data-secret=\"JyYaaWI45h\"><a href=\"https:\/\/etab.ac-reunion.fr\/lyc-francois-de-mahy\/25997-2\/\">Notre lyc\u00e9e a accueilli des enseignants et des personnels de direction du Portugal<\/a><\/blockquote><iframe loading=\"lazy\" class=\"wp-embedded-content\" sandbox=\"allow-scripts\" security=\"restricted\" style=\"position: absolute; visibility: hidden;\" title=\"\u00ab\u00a0Notre lyc\u00e9e a accueilli des enseignants et des personnels de direction du Portugal\u00a0\u00bb &#8212; Lyc\u00e9e professionnel Fran\u00e7ois de Mahy, Saint-Pierre, La R\u00e9union\" src=\"https:\/\/etab.ac-reunion.fr\/lyc-francois-de-mahy\/25997-2\/embed\/#?secret=76E7kpEea6#?secret=JyYaaWI45h\" data-secret=\"JyYaaWI45h\" width=\"600\" height=\"338\" frameborder=\"0\" marginwidth=\"0\" marginheight=\"0\" scrolling=\"no\"><\/iframe>\n<\/div><\/figure>\n\n\n\n<figure class=\"wp-block-embed is-type-wp-embed is-provider-lyc-e-professionnel-fran-ois-de-mahy-saint-pierre-la-r-union wp-block-embed-lyc-e-professionnel-fran-ois-de-mahy-saint-pierre-la-r-union\"><div class=\"wp-block-embed__wrapper\">\n<blockquote class=\"wp-embedded-content\" data-secret=\"bsf0gsrDE2\"><a href=\"https:\/\/etab.ac-reunion.fr\/lyc-francois-de-mahy\/semaine-erasmusdays-au-lycee-francois-de-mahy\/\">SEMAINE ERASMUSDAYS au lyc\u00e9e du 9 au 12 octobre<\/a><\/blockquote><iframe loading=\"lazy\" class=\"wp-embedded-content\" sandbox=\"allow-scripts\" security=\"restricted\" style=\"position: absolute; visibility: hidden;\" title=\"\u00ab\u00a0SEMAINE ERASMUSDAYS au lyc\u00e9e du 9 au 12 octobre\u00a0\u00bb &#8212; Lyc\u00e9e professionnel Fran\u00e7ois de Mahy, Saint-Pierre, La R\u00e9union\" src=\"https:\/\/etab.ac-reunion.fr\/lyc-francois-de-mahy\/semaine-erasmusdays-au-lycee-francois-de-mahy\/embed\/#?secret=pZwSQnSeJU#?secret=bsf0gsrDE2\" data-secret=\"bsf0gsrDE2\" width=\"600\" height=\"338\" frameborder=\"0\" marginwidth=\"0\" marginheight=\"0\" scrolling=\"no\"><\/iframe>\n<\/div><\/figure>\n\n\n\n<figure class=\"wp-block-embed is-type-wp-embed is-provider-lyc-e-professionnel-fran-ois-de-mahy-saint-pierre-la-r-union wp-block-embed-lyc-e-professionnel-fran-ois-de-mahy-saint-pierre-la-r-union\"><div class=\"wp-block-embed__wrapper\">\n<blockquote class=\"wp-embedded-content\" data-secret=\"vx7pno7cip\"><a href=\"https:\/\/etab.ac-reunion.fr\/lyc-francois-de-mahy\/les-eleves-de-1pmv-en-belgique\/\">Les \u00e9l\u00e8ves de 1PMV sont all\u00e9s en Belgique<\/a><\/blockquote><iframe loading=\"lazy\" class=\"wp-embedded-content\" sandbox=\"allow-scripts\" security=\"restricted\" style=\"position: absolute; clip: rect(1px, 1px, 1px, 1px);\" title=\"\u00ab\u00a0Les \u00e9l\u00e8ves de 1PMV sont all\u00e9s en Belgique\u00a0\u00bb &#8212; Lyc\u00e9e professionnel Fran\u00e7ois de Mahy, Saint-Pierre, La R\u00e9union\" src=\"https:\/\/etab.ac-reunion.fr\/lyc-francois-de-mahy\/les-eleves-de-1pmv-en-belgique\/embed\/#?secret=iL3p5SM0wB#?secret=vx7pno7cip\" data-secret=\"vx7pno7cip\" width=\"600\" height=\"338\" frameborder=\"0\" marginwidth=\"0\" marginheight=\"0\" scrolling=\"no\"><\/iframe>\n<\/div><\/figure>\n","protected":false},"excerpt":{"rendered":"","protected":false},"author":969,"featured_media":21472,"parent":0,"menu_order":0,"comment_status":"closed","ping_status":"closed","template":"","meta":{"footnotes":""},"class_list":["post-650","page","type-page","status-publish","has-post-thumbnail","hentry"],"_links":{"self":[{"href":"https:\/\/etab.ac-reunion.fr\/lyc-francois-de-mahy\/wp-json\/wp\/v2\/pages\/650","targetHints":{"allow":["GET"]}}],"collection":[{"href":"https:\/\/etab.ac-reunion.fr\/lyc-francois-de-mahy\/wp-json\/wp\/v2\/pages"}],"about":[{"href":"https:\/\/etab.ac-reunion.fr\/lyc-francois-de-mahy\/wp-json\/wp\/v2\/types\/page"}],"author":[{"embeddable":true,"href":"https:\/\/etab.ac-reunion.fr\/lyc-francois-de-mahy\/wp-json\/wp\/v2\/users\/969"}],"replies":[{"embeddable":true,"href":"https:\/\/etab.ac-reunion.fr\/lyc-francois-de-mahy\/wp-json\/wp\/v2\/comments?post=650"}],"version-history":[{"count":96,"href":"https:\/\/etab.ac-reunion.fr\/lyc-francois-de-mahy\/wp-json\/wp\/v2\/pages\/650\/revisions"}],"predecessor-version":[{"id":31100,"href":"https:\/\/etab.ac-reunion.fr\/lyc-francois-de-mahy\/wp-json\/wp\/v2\/pages\/650\/revisions\/31100"}],"wp:featuredmedia":[{"embeddable":true,"href":"https:\/\/etab.ac-reunion.fr\/lyc-francois-de-mahy\/wp-json\/wp\/v2\/media\/21472"}],"wp:attachment":[{"href":"https:\/\/etab.ac-reunion.fr\/lyc-francois-de-mahy\/wp-json\/wp\/v2\/media?parent=650"}],"curies":[{"name":"wp","href":"https:\/\/api.w.org\/{rel}","templated":true}]}}