{"id":673,"date":"2015-04-03T18:23:05","date_gmt":"2015-04-03T14:23:05","guid":{"rendered":"http:\/\/lycee-stpierre.ac-reunion.fr\/?page_id=673"},"modified":"2025-08-31T13:24:17","modified_gmt":"2025-08-31T09:24:17","slug":"eps-unss-section-rugby","status":"publish","type":"page","link":"https:\/\/etab.ac-reunion.fr\/lyc-francois-de-mahy\/eps-unss-section-rugby\/","title":{"rendered":"EPS &#8211; APPN &#8211; UNSS &#8211;  Section sportive"},"content":{"rendered":"\n<p style=\"font-size:17px\"><strong>En plus des cours d&rsquo;EPS inscrits dans l&#8217;emploi du temps, les enseignants d\u2019EPS de notre lyc\u00e9e organisent des Activit\u00e9s Physiques de Pleine Nature tout au long de l\u2019ann\u00e9e. Ils proposent aussi diff\u00e9rentes activit\u00e9s gr\u00e2ce \u00e0 l&rsquo;Association sportive du Lyc\u00e9e Fran\u00e7ois de Mahy.<\/strong><\/p>\n\n\n\n<div style=\"height:0px\" aria-hidden=\"true\" class=\"wp-block-spacer\"><\/div>\n\n\n\n<h3 class=\"wp-block-heading has-text-align-center\"><strong>Randonn\u00e9es et Kayak APPN<\/strong><\/h3>\n\n\n\n<p>Toutes les classes de notre lyc\u00e9e font des Activit\u00e9s Physiques de Pleine Nature, certaines comptent pour l&rsquo;examen. Restez motiv\u00e9s !<\/p>\n\n\n\n<figure class=\"wp-block-image size-large\"><a href=\"https:\/\/etab.ac-reunion.fr\/lyc-francois-de-mahy\/wp-content\/uploads\/sites\/61\/2024\/09\/une2-e1726473055550.jpg\"><img loading=\"lazy\" decoding=\"async\" width=\"1024\" height=\"391\" src=\"https:\/\/etab.ac-reunion.fr\/lyc-francois-de-mahy\/wp-content\/uploads\/sites\/61\/2024\/09\/une2-e1726473055550-1024x391.jpg\" alt=\"\" class=\"wp-image-27383\" srcset=\"https:\/\/etab.ac-reunion.fr\/lyc-francois-de-mahy\/wp-content\/uploads\/sites\/61\/2024\/09\/une2-e1726473055550-1024x391.jpg 1024w, https:\/\/etab.ac-reunion.fr\/lyc-francois-de-mahy\/wp-content\/uploads\/sites\/61\/2024\/09\/une2-e1726473055550-300x114.jpg 300w, https:\/\/etab.ac-reunion.fr\/lyc-francois-de-mahy\/wp-content\/uploads\/sites\/61\/2024\/09\/une2-e1726473055550-768x293.jpg 768w, https:\/\/etab.ac-reunion.fr\/lyc-francois-de-mahy\/wp-content\/uploads\/sites\/61\/2024\/09\/une2-e1726473055550.jpg 1151w\" sizes=\"auto, (max-width: 1024px) 100vw, 1024px\" \/><\/a><\/figure>\n\n\n\n<div style=\"height:11px\" aria-hidden=\"true\" class=\"wp-block-spacer\"><\/div>\n\n\n\n<p class=\"has-text-align-center\" style=\"font-size:20px\"><strong><em>Le calendrier CAP KAYAK 2025-2026 :<\/em><\/strong><\/p>\n\n\n\n<div style=\"height:15px\" aria-hidden=\"true\" class=\"wp-block-spacer\"><\/div>\n\n\n\n<div data-wp-interactive=\"core\/file\" class=\"wp-block-file\"><object data-wp-bind--hidden=\"!state.hasPdfPreview\" hidden class=\"wp-block-file__embed\" data=\"https:\/\/etab.ac-reunion.fr\/lyc-francois-de-mahy\/wp-content\/uploads\/sites\/61\/2025\/08\/Calendrier-Kayak25_26.pdf\" type=\"application\/pdf\" style=\"width:100%;height:600px\" aria-label=\"Contenu embarqu\u00e9 Calendrier Kayak25_26.\"><\/object><a id=\"wp-block-file--media-78106769-a6cf-4f39-ae9a-0934d3c85856\" href=\"https:\/\/etab.ac-reunion.fr\/lyc-francois-de-mahy\/wp-content\/uploads\/sites\/61\/2025\/08\/Calendrier-Kayak25_26.pdf\">Calendrier Kayak25_26<\/a><a href=\"https:\/\/etab.ac-reunion.fr\/lyc-francois-de-mahy\/wp-content\/uploads\/sites\/61\/2025\/08\/Calendrier-Kayak25_26.pdf\" class=\"wp-block-file__button wp-element-button\" download aria-describedby=\"wp-block-file--media-78106769-a6cf-4f39-ae9a-0934d3c85856\">T\u00e9l\u00e9charger<\/a><\/div>\n\n\n\n<div style=\"height:42px\" aria-hidden=\"true\" class=\"wp-block-spacer\"><\/div>\n\n\n\n<p class=\"has-text-align-center\" style=\"font-size:20px\"><strong><em>Le calendrier BAC PRO RANDONN\u00c9ES 2025-2026 :<\/em><\/strong><\/p>\n\n\n\n<div style=\"height:15px\" aria-hidden=\"true\" class=\"wp-block-spacer\"><\/div>\n\n\n\n<div data-wp-interactive=\"core\/file\" class=\"wp-block-file\"><object data-wp-bind--hidden=\"!state.hasPdfPreview\" hidden class=\"wp-block-file__embed\" data=\"https:\/\/etab.ac-reunion.fr\/lyc-francois-de-mahy\/wp-content\/uploads\/sites\/61\/2025\/08\/Calendrier-rando-2025_26\ud83c\udf32.pdf\" type=\"application\/pdf\" style=\"width:100%;height:600px\" aria-label=\"Contenu embarqu\u00e9 Calendrier rando 2025_26\ud83c\udf32.\"><\/object><a id=\"wp-block-file--media-4303815a-a688-4130-b6ca-f0f1c2ecff67\" href=\"https:\/\/etab.ac-reunion.fr\/lyc-francois-de-mahy\/wp-content\/uploads\/sites\/61\/2025\/08\/Calendrier-rando-2025_26\ud83c\udf32.pdf\">Calendrier rando 2025_26\ud83c\udf32<\/a><a href=\"https:\/\/etab.ac-reunion.fr\/lyc-francois-de-mahy\/wp-content\/uploads\/sites\/61\/2025\/08\/Calendrier-rando-2025_26\ud83c\udf32.pdf\" class=\"wp-block-file__button wp-element-button\" download aria-describedby=\"wp-block-file--media-4303815a-a688-4130-b6ca-f0f1c2ecff67\">T\u00e9l\u00e9charger<\/a><\/div>\n\n\n\n<div style=\"height:17px\" aria-hidden=\"true\" class=\"wp-block-spacer\"><\/div>\n\n\n\n<hr class=\"wp-block-separator has-alpha-channel-opacity is-style-dots\" \/>\n\n\n\n<p class=\"has-text-align-center has-medium-font-size\"><strong>Section sportive<\/strong><\/p>\n\n\n\n<p><strong>Une  r\u00e9union d&rsquo;information <\/strong>de la section sportive APPN (activit\u00e9s physiques de pleine nature) aura lieu le <strong>mardi 02 septembre 2025 \u00e0 16h20 en salle de musculation.<\/strong><\/p>\n\n\n\n<hr class=\"wp-block-separator has-alpha-channel-opacity is-style-dots\" \/>\n\n\n\n<h3 class=\"wp-block-heading has-text-align-center\"><strong>UNSS<\/strong><\/h3>\n\n\n\n<p>L&rsquo;UNSS (Union Nationale du Sport Scolaire) permet de pratiquer diff\u00e9rentes activit\u00e9s, en plus des heures d&rsquo;EPS, n&rsquo;h\u00e9sitez pas \u00e0 vous inscrire ! <em>(\u00e0 venir)<\/em><\/p>\n\n\n\n<div style=\"height:19px\" aria-hidden=\"true\" class=\"wp-block-spacer\"><\/div>\n\n\n\n<p class=\"has-text-align-left has-text-color has-link-color wp-elements-74c082252b453a8991214f2c90afc4bb\" style=\"color:#0068a4;font-size:19px\"><\/p>\n","protected":false},"excerpt":{"rendered":"<p>En plus des cours d&rsquo;EPS inscrits dans l&#8217;emploi du temps, les enseignants d\u2019EPS de notre lyc\u00e9e organisent des Activit\u00e9s Physiques de Pleine Nature tout au long de l\u2019ann\u00e9e. Ils proposent aussi diff\u00e9rentes activit\u00e9s gr\u00e2ce \u00e0 l&rsquo;Association sportive du Lyc\u00e9e Fran\u00e7ois de Mahy. Randonn\u00e9es et Kayak APPN Toutes les classes de notre lyc\u00e9e font des Activit\u00e9s [&hellip;]<\/p>\n","protected":false},"author":969,"featured_media":27382,"parent":0,"menu_order":0,"comment_status":"closed","ping_status":"closed","template":"","meta":{"footnotes":""},"class_list":["post-673","page","type-page","status-publish","has-post-thumbnail","hentry"],"_links":{"self":[{"href":"https:\/\/etab.ac-reunion.fr\/lyc-francois-de-mahy\/wp-json\/wp\/v2\/pages\/673","targetHints":{"allow":["GET"]}}],"collection":[{"href":"https:\/\/etab.ac-reunion.fr\/lyc-francois-de-mahy\/wp-json\/wp\/v2\/pages"}],"about":[{"href":"https:\/\/etab.ac-reunion.fr\/lyc-francois-de-mahy\/wp-json\/wp\/v2\/types\/page"}],"author":[{"embeddable":true,"href":"https:\/\/etab.ac-reunion.fr\/lyc-francois-de-mahy\/wp-json\/wp\/v2\/users\/969"}],"replies":[{"embeddable":true,"href":"https:\/\/etab.ac-reunion.fr\/lyc-francois-de-mahy\/wp-json\/wp\/v2\/comments?post=673"}],"version-history":[{"count":136,"href":"https:\/\/etab.ac-reunion.fr\/lyc-francois-de-mahy\/wp-json\/wp\/v2\/pages\/673\/revisions"}],"predecessor-version":[{"id":30436,"href":"https:\/\/etab.ac-reunion.fr\/lyc-francois-de-mahy\/wp-json\/wp\/v2\/pages\/673\/revisions\/30436"}],"wp:featuredmedia":[{"embeddable":true,"href":"https:\/\/etab.ac-reunion.fr\/lyc-francois-de-mahy\/wp-json\/wp\/v2\/media\/27382"}],"wp:attachment":[{"href":"https:\/\/etab.ac-reunion.fr\/lyc-francois-de-mahy\/wp-json\/wp\/v2\/media?parent=673"}],"curies":[{"name":"wp","href":"https:\/\/api.w.org\/{rel}","templated":true}]}}