{"id":1967,"date":"2016-09-20T15:27:26","date_gmt":"2016-09-20T11:27:26","guid":{"rendered":"http:\/\/lycee-stella.ac-reunion.fr\/?page_id=1967"},"modified":"2016-09-20T15:45:56","modified_gmt":"2016-09-20T11:45:56","slug":"agrement-part-147","status":"publish","type":"page","link":"https:\/\/etab.ac-reunion.fr\/lyc-gerard-etheve\/agrement-part-147\/","title":{"rendered":"Agr\u00e9ment Part 147"},"content":{"rendered":"<p>Depuis juillet 2006, le lyc\u00e9e Stella est agr\u00e9\u00e9 organisme de formation \u00e0 la maintenance Partie 147.<\/p>\n<p>Le domaine d&rsquo;agr\u00e9ment est Maintenance des avions \u00e0 turbines : Licence B1.1<\/p>\n<h4><span style=\"font-family: Calibri,sans-serif\">\u00a0<\/span><img loading=\"lazy\" decoding=\"async\" class=\"size-full wp-image-1981 aligncenter\" src=\"https:\/\/etab.ac-reunion.fr\/lyc-stella\/wp-content\/uploads\/sites\/90\/2016\/09\/Part147.jpg\" alt=\"part147\" width=\"800\" height=\"256\" srcset=\"https:\/\/etab.ac-reunion.fr\/lyc-gerard-etheve\/wp-content\/uploads\/sites\/90\/2016\/09\/Part147.jpg 800w, https:\/\/etab.ac-reunion.fr\/lyc-gerard-etheve\/wp-content\/uploads\/sites\/90\/2016\/09\/Part147-300x96.jpg 300w\" sizes=\"auto, (max-width: 800px) 100vw, 800px\" \/><\/h4>\n<h2 class=\"western\"><\/h2>\n<h2 class=\"western\"><strong>Explications licences a\u00e9ronautiques, agr\u00e9ment PART, int\u00e9r\u00eats pour nos \u00e9l\u00e8ves de Mention compl\u00e9mentaire<\/strong><\/h2>\n<p lang=\"fr-FR\"><span style=\"font-family: Calibri,sans-serif\">La commission des communaut\u00e9s europ\u00e9ennes, sur avis de l\u2019agence europ\u00e9enne pour la s\u00e9curit\u00e9 a\u00e9rienne (EASA), a \u00e9dit\u00e9 une r\u00e9glementation relative au maintien de la navigabilit\u00e9 des a\u00e9ronefs et des produits, pi\u00e8ces et \u00e9quipements a\u00e9ronautiques, et relative \u00e0 l\u2019agr\u00e9ment des organismes et des personnels participant \u00e0 ces t\u00e2ches.<\/span><\/p>\n<p lang=\"fr-FR\"><span style=\"font-family: Calibri,sans-serif\">Cette r\u00e9glementation d\u00e9finit un ensemble de licences de maintenance a\u00e9ronautique PART 66 dont les enseignements et la certification sont assur\u00e9s par des organismes de formation b\u00e9n\u00e9ficiant de <b>l\u2019agr\u00e9ment PART 147, <\/b><b>le lyc\u00e9e Stella en fait partie.<\/b><\/span><\/p>\n<p lang=\"fr-FR\"><span style=\"font-family: Calibri,sans-serif\">Les personnes ayant suivi une formation dans un \u00e9tablissement agr\u00e9\u00e9 b\u00e9n\u00e9ficient de privil\u00e8ges pour l\u2019obtention d\u2019une licence leur permettant d\u2019assumer pleinement leurs responsabilit\u00e9s professionnelles.<\/span><\/p>\n<h2 class=\"western\">Les licences a\u00e9ronautiques PART 66<\/h2>\n<p lang=\"fr-FR\"><span style=\"font-family: Calibri,sans-serif\">Plusieurs niveaux de licence existent (licence A, B ou C) r\u00e9pondant \u00e0 des exigences et des niveaux de responsabilit\u00e9 professionnelle diff\u00e9rents. Par ailleurs, selon la sp\u00e9cialit\u00e9 ou le type d&rsquo;a\u00e9ronefs, les licences sont encore subdivis\u00e9es en cat\u00e9gories.<\/span><\/p>\n<ul>\n<li>\n<p lang=\"fr-FR\"><span style=\"font-family: Calibri,sans-serif\"><b>Maintenance des avions \u00e0 turbines<\/b> : Licences A1 et <b>B1.1<\/b><\/span><\/p>\n<\/li>\n<li>\n<p lang=\"fr-FR\"><span style=\"font-family: Calibri,sans-serif\">Maintenance des avions \u00e0 moteurs \u00e0 pistons : Licences A2 et B1.2<\/span><\/p>\n<\/li>\n<li>\n<p lang=\"fr-FR\"><span style=\"font-family: Calibri,sans-serif\">Maintenance des h\u00e9licopt\u00e8res \u00e0 turbines : Licences A3 et B1.3<\/span><\/p>\n<\/li>\n<li>\n<p lang=\"fr-FR\"><span style=\"font-family: Calibri,sans-serif\">Maintenance des h\u00e9licopt\u00e8res \u00e0 moteurs \u00e0 pistons : Licences B4 et B1.4<\/span><\/p>\n<\/li>\n<li>\n<p lang=\"fr-FR\"><span style=\"font-family: Calibri,sans-serif\">Avionique : Licence B2<\/span><\/p>\n<\/li>\n<li>\n<p lang=\"fr-FR\"><span style=\"font-family: Calibri,sans-serif\">Aviation l\u00e9g\u00e8re (inf\u00e9rieur \u00e0 2 tonnes) : Licence B3<\/span><\/p>\n<\/li>\n<\/ul>\n<p lang=\"fr-FR\"><span style=\"font-family: Calibri,sans-serif\"><b>Le lyc\u00e9e Stella pr\u00e9pare \u00e0 la licence B1.1<\/b><\/span><img loading=\"lazy\" decoding=\"async\" class=\"wp-image-1976 alignright\" src=\"https:\/\/etab.ac-reunion.fr\/lyc-stella\/wp-content\/uploads\/sites\/90\/2016\/09\/Aero2.jpg\" alt=\"aero2\" width=\"446\" height=\"335\" srcset=\"https:\/\/etab.ac-reunion.fr\/lyc-gerard-etheve\/wp-content\/uploads\/sites\/90\/2016\/09\/Aero2.jpg 500w, https:\/\/etab.ac-reunion.fr\/lyc-gerard-etheve\/wp-content\/uploads\/sites\/90\/2016\/09\/Aero2-300x225.jpg 300w\" sizes=\"auto, (max-width: 446px) 100vw, 446px\" \/><\/p>\n<p lang=\"fr-FR\"><span style=\"font-family: Calibri,sans-serif\">Pour pouvoir pr\u00e9tendre \u00e0 l\u2019obtention d\u2019une licence PART 66, les \u00e9tudiants doivent remplir les conditions suivantes :<\/span><\/p>\n<ul>\n<li>\n<p lang=\"fr-FR\"><span style=\"font-family: Calibri,sans-serif\">&#8211; Justifier des heures de formation th\u00e9oriques et pratiques r\u00e9glementaires :<\/span><\/p>\n<ul>\n<li>\n<p lang=\"fr-FR\"><span style=\"font-family: Calibri,sans-serif\">2400 h pour les Licences B1.1, B1.3, B1.4 et B2<\/span><\/p>\n<\/li>\n<li>\n<p lang=\"fr-FR\"><span style=\"font-family: Calibri,sans-serif\">2000 h pour la Licence B1.2<\/span><\/p>\n<\/li>\n<li>\n<p lang=\"fr-FR\"><span style=\"font-family: Calibri,sans-serif\">800 h pour les licences A1, A3 et A4<\/span><\/p>\n<\/li>\n<li>\n<p lang=\"fr-FR\"><span style=\"font-family: Calibri,sans-serif\">650 h pour la licence A2<\/span><\/p>\n<\/li>\n<li>\n<p lang=\"fr-FR\"><span style=\"font-family: Calibri,sans-serif\">1000 h pour la licence B3<\/span><\/p>\n<\/li>\n<\/ul>\n<\/li>\n<li>\n<p lang=\"fr-FR\"><span style=\"font-family: Calibri,sans-serif\">&#8211; Passer avec succ\u00e8s l\u2019ensemble des examens relatifs au programme PART 66 de la r\u00e9glementation europ\u00e9enne.<\/span><\/p>\n<\/li>\n<\/ul>\n<h2 class=\"western\">Programme de formation des licences PART 66<\/h2>\n<p lang=\"fr-FR\"><span style=\"font-family: Calibri,sans-serif\">Le programme des licences a\u00e9ronautiques est d\u00e9compos\u00e9 en modules r\u00e9partis selon la structure suivante :<\/span><\/p>\n<p lang=\"fr-FR\"><span style=\"font-family: Calibri,sans-serif\">Module 1 &#8211; Math\u00e9matiques<\/span><\/p>\n<p lang=\"fr-FR\"><span style=\"font-family: Calibri,sans-serif\">Module 2 &#8211; Sciences physiques<\/span><\/p>\n<p lang=\"fr-FR\"><span style=\"font-family: Calibri,sans-serif\">Module 3 &#8211; Principes essentiels d\u2019\u00e9lectricit\u00e9<\/span><\/p>\n<p lang=\"fr-FR\"><span style=\"font-family: Calibri,sans-serif\">Module 4 &#8211; Principes essentiels d\u2019\u00e9lectronique<\/span><\/p>\n<p lang=\"fr-FR\"><span style=\"font-family: Calibri,sans-serif\">Module 5 &#8211; Techniques digitales et syst\u00e8mes d\u2019instrumentation<\/span><\/p>\n<p lang=\"fr-FR\"><span style=\"font-family: Calibri,sans-serif\">Module 6 &#8211; Mat\u00e9riaux et mat\u00e9riels<\/span><\/p>\n<p lang=\"fr-FR\"><span style=\"font-family: Calibri,sans-serif\">Module 7a &#8211; Proc\u00e9dures d\u2019entretien<\/span><\/p>\n<p lang=\"fr-FR\"><span style=\"font-family: Calibri,sans-serif\">Module 8 &#8211; A\u00e9rodynamique de base<\/span><\/p>\n<p lang=\"fr-FR\"><span style=\"font-family: Calibri,sans-serif\">Module 9a &#8211; Facteurs humains<\/span><\/p>\n<p lang=\"fr-FR\"><span style=\"font-family: Calibri,sans-serif\">Module 10 &#8211; L\u00e9gislation a\u00e9ronautique<\/span><\/p>\n<p lang=\"fr-FR\"><span style=\"font-family: Calibri,sans-serif\">Module 11a &#8211; A\u00e9rodynamique des avions \u00e0 turbines, structures et syst\u00e8mes (A1, B1.1)<\/span><\/p>\n<p lang=\"fr-FR\"><span style=\"font-family: Calibri,sans-serif\">Module 11b &#8211; A\u00e9rodynamique des avions \u00e0 pistons, structures et syst\u00e8mes (A2, B1.2)<\/span><\/p>\n<p lang=\"fr-FR\"><span style=\"font-family: Calibri,sans-serif\">Module 12 &#8211; A\u00e9rodynamique des h\u00e9licopt\u00e8res \u00e0 turbines, structures et syst\u00e8mes (A3, A4, B1.3, B1.4)<\/span><\/p>\n<p lang=\"fr-FR\"><span style=\"font-family: Calibri,sans-serif\">Module 13 &#8211; A\u00e9rodynamique des avions \u00e0 turbines, structures et syst\u00e8mes (B2)<\/span><\/p>\n<p lang=\"fr-FR\"><span style=\"font-family: Calibri,sans-serif\">Module 14 \u2013 Propulsion (B2)<\/span><\/p>\n<p lang=\"fr-FR\"><span style=\"font-family: Calibri,sans-serif\">Module 15 &#8211; Turbine \u00e0 gaz<\/span><\/p>\n<p lang=\"fr-FR\"><span style=\"font-family: Calibri,sans-serif\">Module 16 &#8211; Moteurs \u00e0 pistons<\/span><\/p>\n<p lang=\"fr-FR\"><span style=\"font-family: Calibri,sans-serif\">Module 17 &#8211; H\u00e9lice<\/span><\/p>\n<h2 class=\"western\">Comment un candidat peut obtenir une licence\u00a0?<\/h2>\n<p lang=\"fr-FR\"><span style=\"font-family: Calibri,sans-serif\">A l\u2019issue de la formation, une exp\u00e9rience professionnelle est n\u00e9cessaire pour obtenir une licence (5 ans en licence B1.1, B1.3 ou B2 et 3 ans en licence A, B1.2, B1.4 ou B3).<\/span><\/p>\n<p lang=\"fr-FR\"><span style=\"font-family: Calibri,sans-serif\">Les \u00e9l\u00e8ves qui ont suivi une formation de base dans un \u00e9tablissement disposant de l\u2019agr\u00e9ment PART 147 et qui ont r\u00e9ussi les modules b\u00e9n\u00e9ficient d\u2019une r\u00e9duction d\u2019exp\u00e9rience qui leur permet d\u2019obtenir la licence plus rapidement (Respectivement 2 ans et 1 an selon les cat\u00e9gories \u00e9nonc\u00e9es ci-dessus).<\/span><\/p>\n<p lang=\"fr-FR\"><span style=\"font-family: Calibri,sans-serif\">L\u2019obtention des licences de cat\u00e9gorie B constitue un atout professionnel majeur puisque seuls les techniciens titulaires de licences sont autoris\u00e9s \u00e0 signer des APRS (Approbation de Remise en Service) permettant aux a\u00e9ronefs d\u2019\u00eatre remis en service apr\u00e8s des op\u00e9rations de maintenance.<\/span><\/p>\n<h2 class=\"western\">Comment un organisme peut obtenir un agr\u00e9ment\u00a0?<\/h2>\n<p lang=\"fr-FR\"><span style=\"font-family: Calibri,sans-serif\">Pour obtenir un agr\u00e9ment PART 147, un \u00e9tablissement de formation doit :<\/span><\/p>\n<ul>\n<li>\n<p lang=\"fr-FR\"><span style=\"font-family: Calibri,sans-serif\">R\u00e9diger un manuel qualit\u00e9 qui pr\u00e9cise :<\/span><\/p>\n<ul>\n<li>\n<p lang=\"fr-FR\"><span style=\"font-family: Calibri,sans-serif\">son organisation interne et la r\u00e9partition des responsabilit\u00e9s,<\/span><\/p>\n<\/li>\n<li>\n<p lang=\"fr-FR\"><span style=\"font-family: Calibri,sans-serif\">les conditions d\u2019enseignement (locaux, qualification des enseignants, contenus des enseignements, organisation des examens, etc.),<\/span><\/p>\n<\/li>\n<li>\n<p lang=\"fr-FR\"><span style=\"font-family: Calibri,sans-serif\">le syst\u00e8me qualit\u00e9 et l\u2019organisation de la surveillance de ce syst\u00e8me qualit\u00e9.<\/span><\/p>\n<\/li>\n<\/ul>\n<\/li>\n<li>\n<p lang=\"fr-FR\"><span style=\"font-family: Calibri,sans-serif\">Mettre en place une surveillance p\u00e9riodique (audits internes) du syst\u00e8me qualit\u00e9,<\/span><\/p>\n<\/li>\n<li>\n<p lang=\"fr-FR\"><span style=\"font-family: Calibri,sans-serif\">Accepter une surveillance externe p\u00e9riodique assur\u00e9e par Organisme pour la S\u00e9curit\u00e9 de l\u2019Aviation Civile (OSAC), pouvant remettre en cause l\u2019agr\u00e9ment.<\/span><\/p>\n<\/li>\n<\/ul>\n<h2 class=\"western\">Agr\u00e9ment du lyc\u00e9e STELLA<img loading=\"lazy\" decoding=\"async\" class=\"wp-image-1978 alignnone alignright\" src=\"https:\/\/etab.ac-reunion.fr\/lyc-stella\/wp-content\/uploads\/sites\/90\/2016\/09\/Aero4.jpg\" alt=\"aero4\" width=\"407\" height=\"305\" srcset=\"https:\/\/etab.ac-reunion.fr\/lyc-gerard-etheve\/wp-content\/uploads\/sites\/90\/2016\/09\/Aero4.jpg 500w, https:\/\/etab.ac-reunion.fr\/lyc-gerard-etheve\/wp-content\/uploads\/sites\/90\/2016\/09\/Aero4-300x225.jpg 300w\" sizes=\"auto, (max-width: 407px) 100vw, 407px\" \/><\/h2>\n<p lang=\"fr-FR\"><span style=\"font-family: Calibri,sans-serif\">Depuis juillet 2006, le lyc\u00e9e Stella est agr\u00e9\u00e9 organisme de formation \u00e0 la maintenance Partie 147 sous le num\u00e9ro FR.147.0029.<\/span><\/p>\n<p lang=\"fr-FR\"><span style=\"font-family: Calibri,sans-serif\">Le domaine d&rsquo;agr\u00e9ment est Maintenance des avions \u00e0 turbines : Licence B1.1<\/span><\/p>\n<p lang=\"fr-FR\"><span style=\"font-family: Calibri,sans-serif\">La surveillance de l\u2019agr\u00e9ment PART147 est assur\u00e9e par l\u2019Organisme pour la S\u00e9curit\u00e9 de l\u2019Aviation Civile (OSAC) \u00e0 raison d\u2019un audit par an.<\/span><\/p>\n<p lang=\"fr-FR\"><span style=\"font-family: Calibri,sans-serif\"><i>OSAC, filiale du groupe Apave, est habilit\u00e9 par arr\u00eat\u00e9 minist\u00e9riel \u00e0 exercer des missions d\u2019expertise, d\u2019instruction, de contr\u00f4les et de v\u00e9rifications et \u00e0 d\u00e9livrer des documents relatifs \u00e0 la navigabilit\u00e9.<\/i><\/span><\/p>\n<p lang=\"fr-FR\"><span style=\"font-family: Calibri,sans-serif\"><i>OSAC intervient soit en tant que partie de l\u2019Autorit\u00e9, soit par d\u00e9l\u00e9gation, soit en sous-traitance de la Direction G\u00e9n\u00e9rale de l\u2019Aviation Civile.<\/i><\/span><\/p>\n<h2 class=\"western\">Int\u00e9r\u00eat pour nos \u00e9l\u00e8ves<\/h2>\n<p lang=\"fr-FR\"><span style=\"font-family: Calibri,sans-serif\">Nos \u00e9l\u00e8ves de Mention compl\u00e9mentaire AMT sont form\u00e9s simultan\u00e9ment pour obtenir le dipl\u00f4me \u00e9ducation nationale et les modules de la PART 66 licence B1.1<\/span><\/p>\n<p lang=\"fr-FR\"><span style=\"font-family: Calibri,sans-serif\">En r\u00e9ussissant \u00e0 obtenir tous les modules, les \u00e9l\u00e8ves peuvent tr\u00e8s rapidement pr\u00e9tendre \u00e0 une embauche. <\/span><\/p>\n","protected":false},"excerpt":{"rendered":"<p>Depuis juillet 2006, le lyc\u00e9e Stella est agr\u00e9\u00e9 organisme de&#8230; <a class=\"continue-reading-link\" href=\"https:\/\/etab.ac-reunion.fr\/lyc-gerard-etheve\/agrement-part-147\/\">Continuer de lire<\/a><\/p>\n","protected":false},"author":10404,"featured_media":0,"parent":0,"menu_order":0,"comment_status":"closed","ping_status":"closed","template":"","meta":{"footnotes":"","_links_to":"","_links_to_target":""},"class_list":["post-1967","page","type-page","status-publish","hentry"],"_links":{"self":[{"href":"https:\/\/etab.ac-reunion.fr\/lyc-gerard-etheve\/wp-json\/wp\/v2\/pages\/1967","targetHints":{"allow":["GET"]}}],"collection":[{"href":"https:\/\/etab.ac-reunion.fr\/lyc-gerard-etheve\/wp-json\/wp\/v2\/pages"}],"about":[{"href":"https:\/\/etab.ac-reunion.fr\/lyc-gerard-etheve\/wp-json\/wp\/v2\/types\/page"}],"author":[{"embeddable":true,"href":"https:\/\/etab.ac-reunion.fr\/lyc-gerard-etheve\/wp-json\/wp\/v2\/users\/10404"}],"replies":[{"embeddable":true,"href":"https:\/\/etab.ac-reunion.fr\/lyc-gerard-etheve\/wp-json\/wp\/v2\/comments?post=1967"}],"version-history":[{"count":16,"href":"https:\/\/etab.ac-reunion.fr\/lyc-gerard-etheve\/wp-json\/wp\/v2\/pages\/1967\/revisions"}],"predecessor-version":[{"id":1995,"href":"https:\/\/etab.ac-reunion.fr\/lyc-gerard-etheve\/wp-json\/wp\/v2\/pages\/1967\/revisions\/1995"}],"wp:attachment":[{"href":"https:\/\/etab.ac-reunion.fr\/lyc-gerard-etheve\/wp-json\/wp\/v2\/media?parent=1967"}],"curies":[{"name":"wp","href":"https:\/\/api.w.org\/{rel}","templated":true}]}}