{"id":212,"date":"2014-06-27T15:18:05","date_gmt":"2014-06-27T11:18:05","guid":{"rendered":"http:\/\/lycee-stella-tmp.ac-reunion.fr\/?page_id=212"},"modified":"2023-08-15T00:46:07","modified_gmt":"2023-08-14T20:46:07","slug":"infirmerie","status":"publish","type":"page","link":"https:\/\/etab.ac-reunion.fr\/lyc-gerard-etheve\/infirmerie\/","title":{"rendered":"Infirmerie"},"content":{"rendered":"<p><img loading=\"lazy\" decoding=\"async\" class=\"alignleft wp-image-878\" src=\"https:\/\/etab.ac-reunion.fr\/lyc-stella\/wp-content\/uploads\/sites\/90\/2014\/06\/logoInfirmerie.png\" alt=\"logoinfirmerie\" width=\"157\" height=\"140\" \/><\/p>\n<h1 style=\"text-align: left\"><span style=\"color: #ff9900\">Infirmerie &#8211; Sant\u00e9<\/span><\/h1>\n<p><span style=\"color: #339966\">R\u00c8GLEMENT INT\u00c9RIEUR DE L&rsquo;INFIRMERIE<\/span><\/p>\n<h3><\/h3>\n<h3><\/h3>\n<h3 class=\"western\"><span style=\"color: #800080\">Horaires d\u2019ouverture en cours d&rsquo;ann\u00e9e scolaire :<\/span><\/h3>\n<p align=\"left\"><strong>Lundi\u00a0\u00a0\u00a0\u00a0\u00a0\u00a0\u00a0 :\u00a0 7H30 \u00e0 16H30<\/strong><\/p>\n<p align=\"left\"><strong>Mardi\u00a0\u00a0\u00a0\u00a0\u00a0\u00a0\u00a0 :\u00a0 7H30 \u00e0 16H30<\/strong><\/p>\n<p align=\"left\"><strong>Jeudi\u00a0\u00a0\u00a0\u00a0\u00a0\u00a0\u00a0\u00a0 :\u00a0 7H30 \u00e0 16H30<\/strong><\/p>\n<p align=\"left\"><strong>Vendredi\u00a0 :\u00a0 7H30 \u00e0 16H30<\/strong><\/p>\n<p>Les absences de l\u2019infirmi\u00e8re sont affich\u00e9es \u00e0 la vie scolaire.<\/p>\n<h3 class=\"western\"><span style=\"color: #800080\">\u00c9vacuation des \u00e9l\u00e8ves<\/span><\/h3>\n<p>Les parents seront pr\u00e9venus en cas de maladie ou d\u2019accident survenue au lyc\u00e9e et sont tenus de venir r\u00e9cup\u00e9rer leur enfant.<\/p>\n<p>Si l\u2019\u00e9tat de l\u2019\u00e9l\u00e8ve le n\u00e9cessite, le Centre 15 est appel\u00e9 pour avis et\/ou \u00e9vacuation vers le centre hospitalier le plus adapt\u00e9.<br \/>\nUne d\u00e9charge sera \u00e0 signer par la personne prenant l\u2019\u00e9l\u00e8ve en charge. L\u2019\u00e9vacuation sera not\u00e9e sur le carnet de liaison.<\/p>\n<p>Aucune sortie de l\u2019\u00e9tablissement n\u2019est autoris\u00e9e en cours de journ\u00e9e sans passer par l\u2019infirmerie ou la vie scolaire.<\/p>\n<h3 class=\"western\"><span style=\"color: #800080\">Passages \u00e0 l\u2019infirmerie :<\/span><\/h3>\n<p>La venue \u00e0 l\u2019infirmerie doit se faire aux interclasses et pendant les r\u00e9cr\u00e9ations de pr\u00e9f\u00e9rence sauf urgence.<\/p>\n<p>Tout \u00e9l\u00e8ve doit :<\/p>\n<ul>\n<li>\u00catre muni de son carnet de liaison,<\/li>\n<li>\u00catre accompagn\u00e9 par une personne valide et responsable.<\/li>\n<li>Tout passage sera not\u00e9 sur le carnet de liaison.<\/li>\n<\/ul>\n<h3 class=\"western\"><span style=\"color: #800080\">Handicap :<\/span><\/h3>\n<p>Si votre enfant est porteur d\u2019un probl\u00e8me de sant\u00e9 n\u00e9cessitant des am\u00e9nagements dans le cadre de la vie scolaire, vous pouvez demander si vous le souhaitez, la mise en place d\u2019un Protocole Accueil Personnalis\u00e9 (PAI) au pr\u00e8s de l\u2019infirmi\u00e8re le plus rapidement possible, les demandes d\u2019am\u00e9nagement d\u2019examen se font au premier trimestre.<\/p>\n<p>AUCUN M\u00c9DICAMENT NE DOIT \u00caTRE EN POSSESSION DES \u00c9L\u00c8VES<\/p>\n<h3 class=\"western\"><span style=\"color: #800080\">Les dispenses et inaptitude en EPS<\/span><\/h3>\n<p>Dispenses EPS \u00e0 la journ\u00e9e:<br \/>\nElle se fait directement aupr\u00e8s du professeur, avec un mot sign\u00e9 des parents ou de l\u2019\u00e9l\u00e8ve majeur.<\/p>\n<p>Inaptitude totale ou partielle de courte dur\u00e9e:<br \/>\nl\u2019\u00e9l\u00e8ve pr\u00e9sentera le certificat m\u00e9dical directement \u00e0 l\u2019infirmerie. La dispense sera not\u00e9e dans le carnet de liaison par l\u2019infirmi\u00e8re et contresign\u00e9 par le professeur d\u2019EPS.<\/p>\n<p>Inaptitude totale ou partielle de long dur\u00e9e :<br \/>\nL\u2019\u00e9l\u00e8ve passera \u00e0 l\u2019infirmerie o\u00f9 lui sera remis un formulaire \u00e0 faire remplir par son m\u00e9decin traitant.<br \/>\nToute inaptitude sera contre visit\u00e9e par le m\u00e9decin scolaire.<br \/>\nL\u2019inaptitude en EPS sera not\u00e9e sur le carnet de liaison, contresign\u00e9e par le professeur d\u2019EPS.<\/p>\n<h3 class=\"western\"><span style=\"color: #800080\">Protocole d\u2019urgence<\/span><\/h3>\n<p>II sera affich\u00e9 \u00e0 la vie scolaire, au CDI \u00e0 l\u2019atelier m\u00e9canique auto, \u00e0 l\u2019infirmerie, \u00e0 l\u2019administration, \u00e0 la cuisine, \u00e0 l\u2019atelier des agents et ouvriers de service, laboratoire.<\/p>\n<h3 class=\"western\"><span style=\"color: #800080\">Absence de l\u2019infirmi\u00e8re<\/span><\/h3>\n<p>En cas d\u2019absence ou d\u2019indisponibilit\u00e9 de l\u2019infirmi\u00e8re, l\u2019\u00e9l\u00e8ve doit se rendre \u00e0 la Vie scolaire.<\/p>\n<h3 class=\"western\"><span style=\"color: #800080\">VOTRE <\/span><span style=\"color: #800080\">SANT\u00c9<\/span><span style=\"color: #800080\"> : mais que fait le lyc\u00e9e ?<\/span><\/h3>\n<p><span style=\"color: #000000\">Des journ\u00e9es de pr\u00e9vention et d\u2019information sur la sant\u00e9 sont organis\u00e9s sur des temps sp\u00e9cifiques.<\/span><\/p>\n<p><span style=\"color: #000000\">Diff\u00e9rents th\u00e8mes sont abord\u00e9s\u00a0: addictions, \u00e9ducation \u00e0 la sexualit\u00e9, nutrition et hygi\u00e8ne de vie, gestion du stress\u2026<\/span><\/p>\n","protected":false},"excerpt":{"rendered":"<p>Infirmerie &#8211; Sant\u00e9 R\u00c8GLEMENT INT\u00c9RIEUR DE L&rsquo;INFIRMERIE Horaires d\u2019ouverture en&#8230; <a class=\"continue-reading-link\" href=\"https:\/\/etab.ac-reunion.fr\/lyc-gerard-etheve\/infirmerie\/\">Continuer de lire<\/a><\/p>\n","protected":false},"author":1802,"featured_media":2936,"parent":0,"menu_order":0,"comment_status":"closed","ping_status":"closed","template":"","meta":{"footnotes":"","_links_to":"","_links_to_target":""},"class_list":["post-212","page","type-page","status-publish","has-post-thumbnail","hentry"],"_links":{"self":[{"href":"https:\/\/etab.ac-reunion.fr\/lyc-gerard-etheve\/wp-json\/wp\/v2\/pages\/212","targetHints":{"allow":["GET"]}}],"collection":[{"href":"https:\/\/etab.ac-reunion.fr\/lyc-gerard-etheve\/wp-json\/wp\/v2\/pages"}],"about":[{"href":"https:\/\/etab.ac-reunion.fr\/lyc-gerard-etheve\/wp-json\/wp\/v2\/types\/page"}],"author":[{"embeddable":true,"href":"https:\/\/etab.ac-reunion.fr\/lyc-gerard-etheve\/wp-json\/wp\/v2\/users\/1802"}],"replies":[{"embeddable":true,"href":"https:\/\/etab.ac-reunion.fr\/lyc-gerard-etheve\/wp-json\/wp\/v2\/comments?post=212"}],"version-history":[{"count":20,"href":"https:\/\/etab.ac-reunion.fr\/lyc-gerard-etheve\/wp-json\/wp\/v2\/pages\/212\/revisions"}],"predecessor-version":[{"id":10851,"href":"https:\/\/etab.ac-reunion.fr\/lyc-gerard-etheve\/wp-json\/wp\/v2\/pages\/212\/revisions\/10851"}],"wp:featuredmedia":[{"embeddable":true,"href":"https:\/\/etab.ac-reunion.fr\/lyc-gerard-etheve\/wp-json\/wp\/v2\/media\/2936"}],"wp:attachment":[{"href":"https:\/\/etab.ac-reunion.fr\/lyc-gerard-etheve\/wp-json\/wp\/v2\/media?parent=212"}],"curies":[{"name":"wp","href":"https:\/\/api.w.org\/{rel}","templated":true}]}}