{"id":29,"date":"2014-06-26T12:16:24","date_gmt":"2014-06-26T08:16:24","guid":{"rendered":"http:\/\/lycee-stella-tmp.ac-reunion.fr\/?page_id=29"},"modified":"2025-04-24T20:55:20","modified_gmt":"2025-04-24T16:55:20","slug":"presentation-du-lycee","status":"publish","type":"page","link":"https:\/\/etab.ac-reunion.fr\/lyc-gerard-etheve\/presentation-du-lycee\/","title":{"rendered":"Pr\u00e9sentation du Lyc\u00e9e Polyvalent G\u00e9rard Eth\u00e8ve (Stella)"},"content":{"rendered":"","protected":false},"excerpt":{"rendered":"<p> <a class=\"continue-reading-link\" href=\"https:\/\/etab.ac-reunion.fr\/lyc-gerard-etheve\/presentation-du-lycee\/\">Continuer de lire<\/a><\/p>\n","protected":false},"author":32747,"featured_media":0,"parent":0,"menu_order":0,"comment_status":"closed","ping_status":"closed","template":"","meta":{"footnotes":"","_links_to":"","_links_to_target":""},"class_list":["post-29","page","type-page","status-publish","hentry"],"_links":{"self":[{"href":"https:\/\/etab.ac-reunion.fr\/lyc-gerard-etheve\/wp-json\/wp\/v2\/pages\/29","targetHints":{"allow":["GET"]}}],"collection":[{"href":"https:\/\/etab.ac-reunion.fr\/lyc-gerard-etheve\/wp-json\/wp\/v2\/pages"}],"about":[{"href":"https:\/\/etab.ac-reunion.fr\/lyc-gerard-etheve\/wp-json\/wp\/v2\/types\/page"}],"author":[{"embeddable":true,"href":"https:\/\/etab.ac-reunion.fr\/lyc-gerard-etheve\/wp-json\/wp\/v2\/users\/32747"}],"replies":[{"embeddable":true,"href":"https:\/\/etab.ac-reunion.fr\/lyc-gerard-etheve\/wp-json\/wp\/v2\/comments?post=29"}],"version-history":[{"count":39,"href":"https:\/\/etab.ac-reunion.fr\/lyc-gerard-etheve\/wp-json\/wp\/v2\/pages\/29\/revisions"}],"predecessor-version":[{"id":12752,"href":"https:\/\/etab.ac-reunion.fr\/lyc-gerard-etheve\/wp-json\/wp\/v2\/pages\/29\/revisions\/12752"}],"wp:attachment":[{"href":"https:\/\/etab.ac-reunion.fr\/lyc-gerard-etheve\/wp-json\/wp\/v2\/media?parent=29"}],"curies":[{"name":"wp","href":"https:\/\/api.w.org\/{rel}","templated":true}]}}