{"id":10818,"date":"2020-02-03T10:57:03","date_gmt":"2020-02-03T06:57:03","guid":{"rendered":"http:\/\/lycee-isnelle-amelin.ac-reunion.fr\/?page_id=10818"},"modified":"2020-03-05T10:36:29","modified_gmt":"2020-03-05T06:36:29","slug":"catalogue-de-cours-bts-mecp-esthetique-francais","status":"publish","type":"page","link":"https:\/\/etab.ac-reunion.fr\/lyc-isnelle-amelin\/catalogue-de-cours-bts-mecp-esthetique-francais","title":{"rendered":"Catalogue de cours &#8211; BTS MECP &#8211; Esth\u00e9tique Cosm\u00e9tique &#8211; Fran\u00e7ais"},"content":{"rendered":"\n<div class=\"wp-block-image\"><figure class=\"aligncenter size-large\"><img loading=\"lazy\" decoding=\"async\" width=\"1024\" height=\"350\" src=\"https:\/\/etab.ac-reunion.fr\/lyc-isnelle-amelin\/wp-content\/uploads\/sites\/43\/2020\/02\/BTS-Metiers-de-Esthetique-Cosmetique-Parfumerie-2-1024x350.jpg\" alt=\"\" class=\"wp-image-11701\" srcset=\"https:\/\/etab.ac-reunion.fr\/lyc-isnelle-amelin\/wp-content\/uploads\/sites\/43\/2020\/02\/BTS-Metiers-de-Esthetique-Cosmetique-Parfumerie-2-980x335.jpg 980w, https:\/\/etab.ac-reunion.fr\/lyc-isnelle-amelin\/wp-content\/uploads\/sites\/43\/2020\/02\/BTS-Metiers-de-Esthetique-Cosmetique-Parfumerie-2-480x164.jpg 480w\" sizes=\"(min-width: 0px) and (max-width: 480px) 480px, (min-width: 481px) and (max-width: 980px) 980px, (min-width: 981px) 1024px, 100vw\" \/><\/figure><\/div>\n\n\n\n<figure class=\"wp-block-image size-full\"><img loading=\"lazy\" decoding=\"async\" width=\"1500\" height=\"2213\" src=\"https:\/\/etab.ac-reunion.fr\/lyc-isnelle-amelin\/wp-content\/uploads\/sites\/43\/2020\/02\/Microsoft-Word-contenu-de-formation-esthe\u0301tique-Fran\u00e7ais-haut.jpg\" alt=\"Haut du catalogue de formation d'esth\u00e9tique, en fran\u00e7ais\" class=\"wp-image-10809\" srcset=\"https:\/\/etab.ac-reunion.fr\/lyc-isnelle-amelin\/wp-content\/uploads\/sites\/43\/2020\/02\/Microsoft-Word-contenu-de-formation-esthe\u0301tique-Fran\u00e7ais-haut.jpg 1500w, https:\/\/etab.ac-reunion.fr\/lyc-isnelle-amelin\/wp-content\/uploads\/sites\/43\/2020\/02\/Microsoft-Word-contenu-de-formation-esthe\u0301tique-Fran\u00e7ais-haut-203x300.jpg 203w, https:\/\/etab.ac-reunion.fr\/lyc-isnelle-amelin\/wp-content\/uploads\/sites\/43\/2020\/02\/Microsoft-Word-contenu-de-formation-esthe\u0301tique-Fran\u00e7ais-haut-694x1024.jpg 694w, https:\/\/etab.ac-reunion.fr\/lyc-isnelle-amelin\/wp-content\/uploads\/sites\/43\/2020\/02\/Microsoft-Word-contenu-de-formation-esthe\u0301tique-Fran\u00e7ais-haut-768x1133.jpg 768w, https:\/\/etab.ac-reunion.fr\/lyc-isnelle-amelin\/wp-content\/uploads\/sites\/43\/2020\/02\/Microsoft-Word-contenu-de-formation-esthe\u0301tique-Fran\u00e7ais-haut-1041x1536.jpg 1041w, https:\/\/etab.ac-reunion.fr\/lyc-isnelle-amelin\/wp-content\/uploads\/sites\/43\/2020\/02\/Microsoft-Word-contenu-de-formation-esthe\u0301tique-Fran\u00e7ais-haut-1388x2048.jpg 1388w, https:\/\/etab.ac-reunion.fr\/lyc-isnelle-amelin\/wp-content\/uploads\/sites\/43\/2020\/02\/Microsoft-Word-contenu-de-formation-esthe\u0301tique-Fran\u00e7ais-haut-1080x1593.jpg 1080w, https:\/\/etab.ac-reunion.fr\/lyc-isnelle-amelin\/wp-content\/uploads\/sites\/43\/2020\/02\/Microsoft-Word-contenu-de-formation-esthe\u0301tique-Fran\u00e7ais-haut-1280x1888.jpg 1280w, https:\/\/etab.ac-reunion.fr\/lyc-isnelle-amelin\/wp-content\/uploads\/sites\/43\/2020\/02\/Microsoft-Word-contenu-de-formation-esthe\u0301tique-Fran\u00e7ais-haut-980x1446.jpg 980w, https:\/\/etab.ac-reunion.fr\/lyc-isnelle-amelin\/wp-content\/uploads\/sites\/43\/2020\/02\/Microsoft-Word-contenu-de-formation-esthe\u0301tique-Fran\u00e7ais-haut-480x708.jpg 480w\" sizes=\"(max-width: 1500px) 100vw, 1500px\" \/><\/figure>\n\n\n\n<figure class=\"wp-block-image size-full\"><img loading=\"lazy\" decoding=\"async\" width=\"1500\" height=\"1272\" src=\"https:\/\/etab.ac-reunion.fr\/lyc-isnelle-amelin\/wp-content\/uploads\/sites\/43\/2020\/02\/Microsoft-Word-contenu-de-formation-esthe\u0301tique-Fran\u00e7ais-bas.jpg\" alt=\"Bas du catalogue de formation d'esth\u00e9tique, en fran\u00e7ais\" class=\"wp-image-10808\" srcset=\"https:\/\/etab.ac-reunion.fr\/lyc-isnelle-amelin\/wp-content\/uploads\/sites\/43\/2020\/02\/Microsoft-Word-contenu-de-formation-esthe\u0301tique-Fran\u00e7ais-bas.jpg 1500w, https:\/\/etab.ac-reunion.fr\/lyc-isnelle-amelin\/wp-content\/uploads\/sites\/43\/2020\/02\/Microsoft-Word-contenu-de-formation-esthe\u0301tique-Fran\u00e7ais-bas-300x254.jpg 300w, https:\/\/etab.ac-reunion.fr\/lyc-isnelle-amelin\/wp-content\/uploads\/sites\/43\/2020\/02\/Microsoft-Word-contenu-de-formation-esthe\u0301tique-Fran\u00e7ais-bas-1024x868.jpg 1024w, https:\/\/etab.ac-reunion.fr\/lyc-isnelle-amelin\/wp-content\/uploads\/sites\/43\/2020\/02\/Microsoft-Word-contenu-de-formation-esthe\u0301tique-Fran\u00e7ais-bas-768x651.jpg 768w, https:\/\/etab.ac-reunion.fr\/lyc-isnelle-amelin\/wp-content\/uploads\/sites\/43\/2020\/02\/Microsoft-Word-contenu-de-formation-esthe\u0301tique-Fran\u00e7ais-bas-1080x916.jpg 1080w, https:\/\/etab.ac-reunion.fr\/lyc-isnelle-amelin\/wp-content\/uploads\/sites\/43\/2020\/02\/Microsoft-Word-contenu-de-formation-esthe\u0301tique-Fran\u00e7ais-bas-1280x1085.jpg 1280w, https:\/\/etab.ac-reunion.fr\/lyc-isnelle-amelin\/wp-content\/uploads\/sites\/43\/2020\/02\/Microsoft-Word-contenu-de-formation-esthe\u0301tique-Fran\u00e7ais-bas-980x831.jpg 980w, https:\/\/etab.ac-reunion.fr\/lyc-isnelle-amelin\/wp-content\/uploads\/sites\/43\/2020\/02\/Microsoft-Word-contenu-de-formation-esthe\u0301tique-Fran\u00e7ais-bas-480x407.jpg 480w\" sizes=\"(max-width: 1500px) 100vw, 1500px\" \/><\/figure>\n\n\n\n<figure class=\"wp-block-gallery columns-3 is-cropped wp-block-gallery-1 is-layout-flex wp-block-gallery-is-layout-flex\"><ul class=\"blocks-gallery-grid\"><li class=\"blocks-gallery-item\"><figure><img loading=\"lazy\" decoding=\"async\" width=\"809\" height=\"947\" src=\"https:\/\/etab.ac-reunion.fr\/lyc-isnelle-amelin\/wp-content\/uploads\/sites\/43\/2020\/02\/FullSizeRender-1.jpeg\" alt=\"\" data-id=\"11658\" data-link=\"https:\/\/etab.ac-reunion.fr\/lyc-isnelle-amelin\/catalogue-de-cours-bts-mecp-esthetique-francais\/attachment\/fullsizerender-1\" class=\"wp-image-11658\" srcset=\"https:\/\/etab.ac-reunion.fr\/lyc-isnelle-amelin\/wp-content\/uploads\/sites\/43\/2020\/02\/FullSizeRender-1.jpeg 809w, https:\/\/etab.ac-reunion.fr\/lyc-isnelle-amelin\/wp-content\/uploads\/sites\/43\/2020\/02\/FullSizeRender-1-480x562.jpeg 480w\" sizes=\"(min-width: 0px) and (max-width: 480px) 480px, (min-width: 481px) 809px, 100vw\" \/><\/figure><\/li><li class=\"blocks-gallery-item\"><figure><img loading=\"lazy\" decoding=\"async\" width=\"964\" height=\"1024\" src=\"https:\/\/etab.ac-reunion.fr\/lyc-isnelle-amelin\/wp-content\/uploads\/sites\/43\/2020\/02\/FullSizeRender-2-1-964x1024.jpeg\" alt=\"\" data-id=\"11662\" data-link=\"https:\/\/etab.ac-reunion.fr\/lyc-isnelle-amelin\/catalogue-de-cours-bts-mecp-esthetique-francais\/attachment\/fullsizerender-2-1\" class=\"wp-image-11662\" \/><\/figure><\/li><li class=\"blocks-gallery-item\"><figure><img loading=\"lazy\" decoding=\"async\" width=\"849\" height=\"1024\" src=\"https:\/\/etab.ac-reunion.fr\/lyc-isnelle-amelin\/wp-content\/uploads\/sites\/43\/2020\/02\/FullSizeRender-849x1024.jpeg\" alt=\"\" data-id=\"11660\" data-link=\"https:\/\/etab.ac-reunion.fr\/lyc-isnelle-amelin\/catalogue-de-cours-bts-mecp-esthetique-francais\/attachment\/fullsizerender\" class=\"wp-image-11660\" \/><\/figure><\/li><\/ul><\/figure>\n\n\n\n<div class=\"wp-block-image\"><figure class=\"aligncenter size-full is-resized\"><img decoding=\"async\" src=\"https:\/\/etab.ac-reunion.fr\/lyc-isnelle-amelin\/wp-content\/uploads\/sites\/43\/2020\/02\/nail_art_fra_0.jpg\" alt=\"\" class=\"wp-image-11664\" width=\"1000\" srcset=\"https:\/\/etab.ac-reunion.fr\/lyc-isnelle-amelin\/wp-content\/uploads\/sites\/43\/2020\/02\/nail_art_fra_0.jpg 500w, https:\/\/etab.ac-reunion.fr\/lyc-isnelle-amelin\/wp-content\/uploads\/sites\/43\/2020\/02\/nail_art_fra_0-480x273.jpg 480w\" sizes=\"(min-width: 0px) and (max-width: 480px) 480px, (min-width: 481px) 500px, 100vw\" \/><\/figure><\/div>\n\n\n\n<div class=\"wp-block-image\"><figure class=\"aligncenter size-large\"><img loading=\"lazy\" decoding=\"async\" width=\"1024\" height=\"768\" src=\"https:\/\/etab.ac-reunion.fr\/lyc-isnelle-amelin\/wp-content\/uploads\/sites\/43\/2020\/02\/IMG_5448-2-1024x768.jpg\" alt=\"\" class=\"wp-image-11666\" srcset=\"https:\/\/etab.ac-reunion.fr\/lyc-isnelle-amelin\/wp-content\/uploads\/sites\/43\/2020\/02\/IMG_5448-2-1024x768.jpg 1024w, https:\/\/etab.ac-reunion.fr\/lyc-isnelle-amelin\/wp-content\/uploads\/sites\/43\/2020\/02\/IMG_5448-2-300x225.jpg 300w, https:\/\/etab.ac-reunion.fr\/lyc-isnelle-amelin\/wp-content\/uploads\/sites\/43\/2020\/02\/IMG_5448-2-768x576.jpg 768w, https:\/\/etab.ac-reunion.fr\/lyc-isnelle-amelin\/wp-content\/uploads\/sites\/43\/2020\/02\/IMG_5448-2-1536x1152.jpg 1536w, https:\/\/etab.ac-reunion.fr\/lyc-isnelle-amelin\/wp-content\/uploads\/sites\/43\/2020\/02\/IMG_5448-2-2048x1536.jpg 2048w, https:\/\/etab.ac-reunion.fr\/lyc-isnelle-amelin\/wp-content\/uploads\/sites\/43\/2020\/02\/IMG_5448-2-510x382.jpg 510w, https:\/\/etab.ac-reunion.fr\/lyc-isnelle-amelin\/wp-content\/uploads\/sites\/43\/2020\/02\/IMG_5448-2-1080x810.jpg 1080w, https:\/\/etab.ac-reunion.fr\/lyc-isnelle-amelin\/wp-content\/uploads\/sites\/43\/2020\/02\/IMG_5448-2-1280x960.jpg 1280w, https:\/\/etab.ac-reunion.fr\/lyc-isnelle-amelin\/wp-content\/uploads\/sites\/43\/2020\/02\/IMG_5448-2-980x735.jpg 980w, https:\/\/etab.ac-reunion.fr\/lyc-isnelle-amelin\/wp-content\/uploads\/sites\/43\/2020\/02\/IMG_5448-2-480x360.jpg 480w\" sizes=\"(max-width: 1024px) 100vw, 1024px\" \/><\/figure><\/div>\n<!-- AddThis Advanced Settings generic via filter on the_content --><!-- AddThis Share Buttons generic via filter on the_content -->","protected":false},"excerpt":{"rendered":"<p><!-- AddThis Advanced Settings generic via filter on get_the_excerpt --><!-- AddThis Share Buttons generic via filter on get_the_excerpt --><\/p>\n","protected":false},"author":24583,"featured_media":0,"parent":0,"menu_order":0,"comment_status":"closed","ping_status":"closed","template":"","meta":{"_et_pb_use_builder":"off","_et_pb_old_content":"<!-- wp:image {\"id\":10809,\"sizeSlug\":\"full\"} -->\n<figure class=\"wp-block-image size-full\"><img src=\"https:\/\/etab.ac-reunion.fr\/lyc-isnelle-amelin\/wp-content\/uploads\/sites\/43\/2020\/02\/Microsoft-Word-contenu-de-formation-esthe\u0301tique-Fran\u00e7ais-haut.jpg\" alt=\"Haut du catalogue de formation d'esth\u00e9tique, en fran\u00e7ais\" class=\"wp-image-10809\" \/><\/figure>\n<!-- \/wp:image -->\n\n<!-- wp:image {\"id\":10808,\"sizeSlug\":\"full\"} -->\n<figure class=\"wp-block-image size-full\"><img src=\"https:\/\/etab.ac-reunion.fr\/lyc-isnelle-amelin\/wp-content\/uploads\/sites\/43\/2020\/02\/Microsoft-Word-contenu-de-formation-esthe\u0301tique-Fran\u00e7ais-bas.jpg\" alt=\"Bas du catalogue de formation d'esth\u00e9tique, en fran\u00e7ais\" class=\"wp-image-10808\" \/><\/figure>\n<!-- \/wp:image -->","_et_gb_content_width":"1080","footnotes":"","_links_to":"","_links_to_target":""},"class_list":["post-10818","page","type-page","status-publish","hentry"],"_links":{"self":[{"href":"https:\/\/etab.ac-reunion.fr\/lyc-isnelle-amelin\/wp-json\/wp\/v2\/pages\/10818","targetHints":{"allow":["GET"]}}],"collection":[{"href":"https:\/\/etab.ac-reunion.fr\/lyc-isnelle-amelin\/wp-json\/wp\/v2\/pages"}],"about":[{"href":"https:\/\/etab.ac-reunion.fr\/lyc-isnelle-amelin\/wp-json\/wp\/v2\/types\/page"}],"author":[{"embeddable":true,"href":"https:\/\/etab.ac-reunion.fr\/lyc-isnelle-amelin\/wp-json\/wp\/v2\/users\/24583"}],"replies":[{"embeddable":true,"href":"https:\/\/etab.ac-reunion.fr\/lyc-isnelle-amelin\/wp-json\/wp\/v2\/comments?post=10818"}],"version-history":[{"count":27,"href":"https:\/\/etab.ac-reunion.fr\/lyc-isnelle-amelin\/wp-json\/wp\/v2\/pages\/10818\/revisions"}],"predecessor-version":[{"id":11703,"href":"https:\/\/etab.ac-reunion.fr\/lyc-isnelle-amelin\/wp-json\/wp\/v2\/pages\/10818\/revisions\/11703"}],"wp:attachment":[{"href":"https:\/\/etab.ac-reunion.fr\/lyc-isnelle-amelin\/wp-json\/wp\/v2\/media?parent=10818"}],"curies":[{"name":"wp","href":"https:\/\/api.w.org\/{rel}","templated":true}]}}