{"id":10893,"date":"2020-02-03T21:13:32","date_gmt":"2020-02-03T17:13:32","guid":{"rendered":"http:\/\/lycee-isnelle-amelin.ac-reunion.fr\/?page_id=10893"},"modified":"2020-02-03T21:17:50","modified_gmt":"2020-02-03T17:17:50","slug":"catalogue-de-cours-bts-mecp-management-francais","status":"publish","type":"page","link":"https:\/\/etab.ac-reunion.fr\/lyc-isnelle-amelin\/catalogue-de-cours-bts-mecp-management-francais","title":{"rendered":"Catalogue de cours &#8211; BTS MECP &#8211; Management &#8211; Fran\u00e7ais"},"content":{"rendered":"\n<figure class=\"wp-block-image size-full\"><img loading=\"lazy\" decoding=\"async\" width=\"1467\" height=\"2560\" src=\"https:\/\/etab.ac-reunion.fr\/lyc-isnelle-amelin\/wp-content\/uploads\/sites\/43\/2020\/02\/Microsoft-Word-contenu-de-formation-Management-Franc\u0327ais-Haut-scaled.jpg\" alt=\"Catalogue des cours de management en fran\u00e7ais, premi\u00e8re ann\u00e9e\" class=\"wp-image-10877\" srcset=\"https:\/\/etab.ac-reunion.fr\/lyc-isnelle-amelin\/wp-content\/uploads\/sites\/43\/2020\/02\/Microsoft-Word-contenu-de-formation-Management-Franc\u0327ais-Haut-scaled.jpg 1467w, https:\/\/etab.ac-reunion.fr\/lyc-isnelle-amelin\/wp-content\/uploads\/sites\/43\/2020\/02\/Microsoft-Word-contenu-de-formation-Management-Franc\u0327ais-Haut-172x300.jpg 172w, https:\/\/etab.ac-reunion.fr\/lyc-isnelle-amelin\/wp-content\/uploads\/sites\/43\/2020\/02\/Microsoft-Word-contenu-de-formation-Management-Franc\u0327ais-Haut-587x1024.jpg 587w, https:\/\/etab.ac-reunion.fr\/lyc-isnelle-amelin\/wp-content\/uploads\/sites\/43\/2020\/02\/Microsoft-Word-contenu-de-formation-Management-Franc\u0327ais-Haut-768x1340.jpg 768w, https:\/\/etab.ac-reunion.fr\/lyc-isnelle-amelin\/wp-content\/uploads\/sites\/43\/2020\/02\/Microsoft-Word-contenu-de-formation-Management-Franc\u0327ais-Haut-880x1536.jpg 880w, https:\/\/etab.ac-reunion.fr\/lyc-isnelle-amelin\/wp-content\/uploads\/sites\/43\/2020\/02\/Microsoft-Word-contenu-de-formation-Management-Franc\u0327ais-Haut-1173x2048.jpg 1173w, https:\/\/etab.ac-reunion.fr\/lyc-isnelle-amelin\/wp-content\/uploads\/sites\/43\/2020\/02\/Microsoft-Word-contenu-de-formation-Management-Franc\u0327ais-Haut-1080x1885.jpg 1080w, https:\/\/etab.ac-reunion.fr\/lyc-isnelle-amelin\/wp-content\/uploads\/sites\/43\/2020\/02\/Microsoft-Word-contenu-de-formation-Management-Franc\u0327ais-Haut-1280x2234.jpg 1280w, https:\/\/etab.ac-reunion.fr\/lyc-isnelle-amelin\/wp-content\/uploads\/sites\/43\/2020\/02\/Microsoft-Word-contenu-de-formation-Management-Franc\u0327ais-Haut-980x1710.jpg 980w, https:\/\/etab.ac-reunion.fr\/lyc-isnelle-amelin\/wp-content\/uploads\/sites\/43\/2020\/02\/Microsoft-Word-contenu-de-formation-Management-Franc\u0327ais-Haut-480x838.jpg 480w\" sizes=\"(max-width: 1467px) 100vw, 1467px\" \/><\/figure>\n\n\n\n<figure class=\"wp-block-image size-full\"><img loading=\"lazy\" decoding=\"async\" width=\"1500\" height=\"1782\" src=\"https:\/\/etab.ac-reunion.fr\/lyc-isnelle-amelin\/wp-content\/uploads\/sites\/43\/2020\/02\/Microsoft-Word-contenu-de-formation-Management-Franc\u0327ais-Bas.jpg\" alt=\"Catalogue des cours de management en fran\u00e7ais, deuxi\u00e8me ann\u00e9e\" class=\"wp-image-10876\" srcset=\"https:\/\/etab.ac-reunion.fr\/lyc-isnelle-amelin\/wp-content\/uploads\/sites\/43\/2020\/02\/Microsoft-Word-contenu-de-formation-Management-Franc\u0327ais-Bas.jpg 1500w, https:\/\/etab.ac-reunion.fr\/lyc-isnelle-amelin\/wp-content\/uploads\/sites\/43\/2020\/02\/Microsoft-Word-contenu-de-formation-Management-Franc\u0327ais-Bas-253x300.jpg 253w, https:\/\/etab.ac-reunion.fr\/lyc-isnelle-amelin\/wp-content\/uploads\/sites\/43\/2020\/02\/Microsoft-Word-contenu-de-formation-Management-Franc\u0327ais-Bas-862x1024.jpg 862w, https:\/\/etab.ac-reunion.fr\/lyc-isnelle-amelin\/wp-content\/uploads\/sites\/43\/2020\/02\/Microsoft-Word-contenu-de-formation-Management-Franc\u0327ais-Bas-768x912.jpg 768w, https:\/\/etab.ac-reunion.fr\/lyc-isnelle-amelin\/wp-content\/uploads\/sites\/43\/2020\/02\/Microsoft-Word-contenu-de-formation-Management-Franc\u0327ais-Bas-1293x1536.jpg 1293w, https:\/\/etab.ac-reunion.fr\/lyc-isnelle-amelin\/wp-content\/uploads\/sites\/43\/2020\/02\/Microsoft-Word-contenu-de-formation-Management-Franc\u0327ais-Bas-1080x1283.jpg 1080w, https:\/\/etab.ac-reunion.fr\/lyc-isnelle-amelin\/wp-content\/uploads\/sites\/43\/2020\/02\/Microsoft-Word-contenu-de-formation-Management-Franc\u0327ais-Bas-1280x1521.jpg 1280w, https:\/\/etab.ac-reunion.fr\/lyc-isnelle-amelin\/wp-content\/uploads\/sites\/43\/2020\/02\/Microsoft-Word-contenu-de-formation-Management-Franc\u0327ais-Bas-980x1164.jpg 980w, https:\/\/etab.ac-reunion.fr\/lyc-isnelle-amelin\/wp-content\/uploads\/sites\/43\/2020\/02\/Microsoft-Word-contenu-de-formation-Management-Franc\u0327ais-Bas-480x570.jpg 480w\" sizes=\"(max-width: 1500px) 100vw, 1500px\" \/><\/figure>\n<!-- AddThis Advanced Settings generic via filter on the_content --><!-- AddThis Share Buttons generic via filter on the_content -->","protected":false},"excerpt":{"rendered":"<p><!-- AddThis Advanced Settings generic via filter on get_the_excerpt --><!-- AddThis Share Buttons generic via filter on get_the_excerpt --><\/p>\n","protected":false},"author":8646,"featured_media":0,"parent":0,"menu_order":0,"comment_status":"closed","ping_status":"closed","template":"","meta":{"_et_pb_use_builder":"off","_et_pb_old_content":"<!-- wp:table {\"className\":\"is-style-stripes\"} -->\n<figure class=\"wp-block-table is-style-stripes\"><table class=\"\"><tbody><tr><td class=\"has-text-align-center\" data-align=\"center\"> <br> <br> <br> <br> <br> <br> &lt;!--  \/* Font Definitions *\/  @font-face {font-family:SimSun; panose-1:2 1 6 0 3 1 1 1 1 1; mso-font-alt:\u5b8b\u4f53; mso-font-charset:134; mso-generic-font-family:auto; mso-font-pitch:variable; mso-font-signature:3 680460288 22 0 262145 0;} @font-face {font-family:Mangal; panose-1:2 4 5 3 5 2 3 3 2 2; mso-font-charset:0; mso-generic-font-family:roman; mso-font-pitch:variable; mso-font-signature:32771 0 0 0 1 0;} @font-face {font-family:\"Cambria Math\"; panose-1:2 4 5 3 5 4 6 3 2 4; mso-font-charset:0; mso-generic-font-family:roman; mso-font-pitch:variable; mso-font-signature:-1610611985 1107304683 0 0 159 0;} @font-face {font-family:Calibri; panose-1:2 15 5 2 2 2 4 3 2 4; mso-font-charset:0; mso-generic-font-family:swiss; mso-font-pitch:variable; mso-font-signature:-1610611985 1073750139 0 0 159 0;} @font-face {font-family:\"\\@SimSun\"; panose-1:2 1 6 0 3 1 1 1 1 1; mso-font-charset:134; mso-generic-font-family:auto; mso-font-pitch:variable; mso-font-signature:3 680460288 22 0 262145 0;}  \/* Style Definitions *\/  p.MsoNormal, li.MsoNormal, div.MsoNormal {mso-style-unhide:no; mso-style-qformat:yes; mso-style-parent:\"\"; margin:0cm; margin-bottom:.0001pt; mso-pagination:none; mso-hyphenate:none; text-autospace:ideograph-other; font-size:12.0pt; font-family:\"Times New Roman\",\"serif\"; mso-fareast-font-family:SimSun; mso-bidi-font-family:Mangal; mso-font-kerning:1.5pt; mso-fareast-language:ZH-CN; mso-bidi-language:HI;} .MsoChpDefault {mso-style-type:export-only; mso-default-props:yes; font-size:12.0pt; mso-ansi-font-size:12.0pt; mso-bidi-font-size:12.0pt; mso-fareast-font-family:SimSun; mso-bidi-font-family:Mangal; mso-font-kerning:1.5pt; mso-fareast-language:ZH-CN; mso-bidi-language:HI;} .MsoPapDefault {mso-style-type:export-only; mso-pagination:none; text-autospace:ideograph-other;} @page Section1 {size:612.0pt 792.0pt; margin:70.85pt 70.85pt 70.85pt 70.85pt; mso-header-margin:36.0pt; mso-footer-margin:36.0pt; mso-paper-source:0;} div.Section1 {page:Section1;} --> <br> <strong>Contenu de formation esth\u00e9tique cosm\u00e9tique<\/strong> <\/td><\/tr><tr><td class=\"has-text-align-center\" data-align=\"center\"><\/td><\/tr><tr><td class=\"has-text-align-center\" data-align=\"center\"><\/td><\/tr><\/tbody><\/table><\/figure>\n<!-- \/wp:table -->\n\n<!-- wp:table -->\n<figure class=\"wp-block-table\"><table class=\"\"><tbody><tr><td><\/td><td><\/td><\/tr><tr><td><\/td><td><\/td><\/tr><tr><td><\/td><td><\/td><\/tr><tr><td><\/td><td><\/td><\/tr><tr><td><\/td><td><\/td><\/tr><\/tbody><\/table><\/figure>\n<!-- \/wp:table -->","_et_gb_content_width":"1080","footnotes":"","_links_to":"","_links_to_target":""},"class_list":["post-10893","page","type-page","status-publish","hentry"],"_links":{"self":[{"href":"https:\/\/etab.ac-reunion.fr\/lyc-isnelle-amelin\/wp-json\/wp\/v2\/pages\/10893","targetHints":{"allow":["GET"]}}],"collection":[{"href":"https:\/\/etab.ac-reunion.fr\/lyc-isnelle-amelin\/wp-json\/wp\/v2\/pages"}],"about":[{"href":"https:\/\/etab.ac-reunion.fr\/lyc-isnelle-amelin\/wp-json\/wp\/v2\/types\/page"}],"author":[{"embeddable":true,"href":"https:\/\/etab.ac-reunion.fr\/lyc-isnelle-amelin\/wp-json\/wp\/v2\/users\/8646"}],"replies":[{"embeddable":true,"href":"https:\/\/etab.ac-reunion.fr\/lyc-isnelle-amelin\/wp-json\/wp\/v2\/comments?post=10893"}],"version-history":[{"count":3,"href":"https:\/\/etab.ac-reunion.fr\/lyc-isnelle-amelin\/wp-json\/wp\/v2\/pages\/10893\/revisions"}],"predecessor-version":[{"id":10896,"href":"https:\/\/etab.ac-reunion.fr\/lyc-isnelle-amelin\/wp-json\/wp\/v2\/pages\/10893\/revisions\/10896"}],"wp:attachment":[{"href":"https:\/\/etab.ac-reunion.fr\/lyc-isnelle-amelin\/wp-json\/wp\/v2\/media?parent=10893"}],"curies":[{"name":"wp","href":"https:\/\/api.w.org\/{rel}","templated":true}]}}