{"id":11443,"date":"2020-02-09T20:25:01","date_gmt":"2020-02-09T16:25:01","guid":{"rendered":"http:\/\/lycee-isnelle-amelin.ac-reunion.fr\/?page_id=11443"},"modified":"2024-12-04T06:54:18","modified_gmt":"2024-12-04T02:54:18","slug":"comite-de-pilotage-erasmus","status":"publish","type":"page","link":"https:\/\/etab.ac-reunion.fr\/lyc-isnelle-amelin\/comite-de-pilotage-erasmus","title":{"rendered":"Comit\u00e9 de pilotage Erasmus+"},"content":{"rendered":"\n<div class=\"wp-block-columns is-layout-flex wp-container-core-columns-is-layout-9d6595d7 wp-block-columns-is-layout-flex\">\n<div class=\"wp-block-column is-layout-flow wp-block-column-is-layout-flow\" style=\"flex-basis:30%\">\n<p><\/p>\n<\/div>\n\n\n\n<div class=\"wp-block-column is-layout-flow wp-block-column-is-layout-flow\" style=\"flex-basis:70%\"><\/div>\n<\/div>\n\n\n\n<div class=\"wp-block-columns is-layout-flex wp-container-core-columns-is-layout-9d6595d7 wp-block-columns-is-layout-flex\">\n<div class=\"wp-block-column is-layout-flow wp-block-column-is-layout-flow\">\n<div style=\"height:51px\" aria-hidden=\"true\" class=\"wp-block-spacer\"><\/div>\n\n\n\n<p>Au sein du lyc\u00e9e, le&nbsp;<strong>comit\u00e9 de pilotage<\/strong>&nbsp;a pour objectif de tout mettre en oeuvre pour favoriser les mobilit\u00e9s, en relation avec l&rsquo;agence&nbsp;<strong>Erasmus&nbsp;France<\/strong>, l&rsquo;agence&nbsp;<strong>Erasmus Europe<\/strong>, avec le soutien de la&nbsp;<strong><a href=\"https:\/\/www.ac-reunion.fr\/action-educative\/leurope-et-linternational-dareic.html\">DAREIC REUNION<\/a>.<\/strong><\/p>\n\n\n\n<p>Montage financier,&nbsp;pr\u00e9paration et soutien linguistique, aide \u00e0 la recherche de partenaires (entreprises, \u00e9coles), pr\u00e9paration au voyage, partage de l&rsquo;exp\u00e9rience en retour&nbsp;de mobilit\u00e9, tout est mis en \u0153uvre pour que les mobilit\u00e9s se d\u00e9roulent dans les meilleurs conditions possibles.<\/p>\n\n\n\n<p><\/p>\n\n\n\n<div style=\"height:55px\" aria-hidden=\"true\" class=\"wp-block-spacer\"><\/div>\n<\/div>\n\n\n\n<div class=\"wp-block-column is-layout-flow wp-block-column-is-layout-flow\">\n<figure class=\"wp-block-image aligncenter size-full\"><img loading=\"lazy\" decoding=\"async\" width=\"578\" height=\"479\" src=\"https:\/\/etab.ac-reunion.fr\/lyc-isnelle-amelin\/wp-content\/uploads\/sites\/43\/2024\/12\/comite-pilotage-ERASMUS.jpg\" alt=\"\" class=\"wp-image-18318\" srcset=\"https:\/\/etab.ac-reunion.fr\/lyc-isnelle-amelin\/wp-content\/uploads\/sites\/43\/2024\/12\/comite-pilotage-ERASMUS.jpg 578w, https:\/\/etab.ac-reunion.fr\/lyc-isnelle-amelin\/wp-content\/uploads\/sites\/43\/2024\/12\/comite-pilotage-ERASMUS-480x398.jpg 480w\" sizes=\"(min-width: 0px) and (max-width: 480px) 480px, (min-width: 481px) 578px, 100vw\" \/><\/figure>\n\n\n\n<p><\/p>\n<\/div>\n<\/div>\n\n\n\n<p>Le Comit\u00e9 de Pilotage se r\u00e9unit r\u00e9guli\u00e8rement et ses membres sont inform\u00e9s par mail des diff\u00e9rentes opportunit\u00e9s.<\/p>\n\n\n\n<p>&#8211; <strong>Le Conseil d\u2019Administration (CA)<\/strong>,&nbsp;instance d\u00e9cisionnelle de notre organisme, soutient avec enthousiasme et rigueur tous nos projets europ\u00e9ens et internationaux. Chaque point n\u00e9cessitant l\u2019approbation de ce conseil sera pr\u00e9sent\u00e9 lors des r\u00e9unions p\u00e9riodiques.<\/p>\n\n\n\n<p>&#8211; <strong>Le Chef d\u2019\u00e9tablissement et son adjoint \u00a0<\/strong>supervisent le bon d\u00e9roulement du projet. Le chef d\u2019\u00e9tablissement, ordonnateur et repr\u00e9sentant l\u00e9gal de l\u2019\u00e9tablissement, met en \u0153uvre les d\u00e9cisions du CA.<\/p>\n\n\n\n<p>&#8211; <strong>Le DDFPT (Directeur D\u00e9l\u00e9gu\u00e9 \u00e0 la Formation Professionnelle et Technologique\u00a0: <\/strong>\u00a0\u00e9tudie et valide les contenus des enseignements et la qualit\u00e9 des entreprises d\u2019accueil en stage.<\/p>\n\n\n\n<p>&#8211; <strong>La Gestionnaire et l\u2019Agent comptable<\/strong>&nbsp;qui sont responsables de la partie financi\u00e8re des mobilit\u00e9s (appels d\u2019offres, paiements, contractualisations). La Gestionnaire g\u00e8re \u00e9galement les inscriptions des \u00e9tudiants sur le portail Ariane.<\/p>\n\n\n\n<p>&#8211; <strong>Les ERAEI (Enseignant &#8211; R\u00e9f\u00e9rent pour l&rsquo;Action Europ\u00e9ennes et Internationales) <\/strong>, sont charg\u00e9s de la coordination, la r\u00e9daction des dossiers Erasmus, l\u2019information g\u00e9n\u00e9rale des personnels et des \u00e9tudiants.<\/p>\n\n\n\n<p>&#8211; <strong>Les CPE (Conseillers Principaux d\u2019\u00c9ducation)\u00a0<\/strong>participent \u00e0 la validation des projets dans leur dimension \u00e9ducative.<\/p>\n\n\n\n<p>&#8211; <strong>Les professeurs des \u00e9quipes p\u00e9dagogiques&nbsp;de chaque BTS <\/strong>assureront l\u2019information et le suivi p\u00e9dagogique des \u00e9tudiants en stage \u00e0 l\u2019\u00e9tranger, ainsi que la s\u00e9lection des \u00e9tudiants en liaison avec les professeurs de langues \u00e9trang\u00e8res.<\/p>\n\n\n\n<p><strong>&#8211; La DAREIC,<\/strong> est l&rsquo;organisme interm\u00e9diaire entre l&rsquo;\u00e9ducation nationale et les bureaux Erasmus.<\/p>\n\n\n\n<p>&#8211; <strong>Le Webmestre <\/strong>est responsable de la conception du volet international de notre site internet, de la publication des \u00e9l\u00e9ments transmis par l\u2019\u00e9quipe pour une meilleure information sur le fonctionnement de l\u2019\u00e9tablissement (cours, ECTS, examens\u2026), les projets de mobilit\u00e9 en cours, les retours d\u2019exp\u00e9rience des mobilit\u00e9s r\u00e9alis\u00e9es.<\/p>\n\n\n\n<p><\/p>\n\n\n\n<div class=\"wp-block-columns is-layout-flex wp-container-core-columns-is-layout-9d6595d7 wp-block-columns-is-layout-flex\">\n<div class=\"wp-block-column is-layout-flow wp-block-column-is-layout-flow\" style=\"flex-basis:30%\">\n<figure class=\"wp-block-image aligncenter size-large is-resized\"><img loading=\"lazy\" decoding=\"async\" width=\"320\" height=\"178\" src=\"https:\/\/etab.ac-reunion.fr\/lyc-isnelle-amelin\/wp-content\/uploads\/sites\/43\/2020\/02\/cooperation-copie-SF.png\" alt=\"\" class=\"wp-image-11081\" style=\"width:225px;height:125px\" srcset=\"https:\/\/etab.ac-reunion.fr\/lyc-isnelle-amelin\/wp-content\/uploads\/sites\/43\/2020\/02\/cooperation-copie-SF.png 320w, https:\/\/etab.ac-reunion.fr\/lyc-isnelle-amelin\/wp-content\/uploads\/sites\/43\/2020\/02\/cooperation-copie-SF-300x167.png 300w\" sizes=\"(max-width: 320px) 100vw, 320px\" \/><\/figure>\n\n\n\n<p><\/p>\n<\/div>\n\n\n\n<div class=\"wp-block-column is-layout-flow wp-block-column-is-layout-flow\">\n<h2 class=\"wp-block-heading\">Le r\u00f4le des enseignants.<\/h2>\n\n\n\n<p>Si vous \u00eates \u00e9tudiant(e) en BTS, vous pouvez contacter directement l&rsquo;un de vos enseignants, qui saura vous guider en interne vers la bonne personne. Vos enseignants, de langue ou de mati\u00e8re professionnelles seront&nbsp;vos premiers interlocuteurs dans le cadre votre&nbsp;mobilit\u00e9, \u00e0 toutes les \u00e9tapes : Soutien administratif, linguistique et technique, bilan post mobilit\u00e9 &#8230;<\/p>\n<\/div>\n<\/div>\n\n\n\n<div style=\"height:51px\" aria-hidden=\"true\" class=\"wp-block-spacer\"><\/div>\n\n\n\n<p><\/p>\n<!-- AddThis Advanced Settings generic via filter on the_content --><!-- AddThis Share Buttons generic via filter on the_content -->","protected":false},"excerpt":{"rendered":"<p>Au sein du lyc\u00e9e, le&nbsp;comit\u00e9 de pilotage&nbsp;a pour objectif de tout mettre en oeuvre pour favoriser les mobilit\u00e9s, en relation avec l&rsquo;agence&nbsp;Erasmus&nbsp;France, l&rsquo;agence&nbsp;Erasmus Europe, avec le soutien de la&nbsp;DAREIC REUNION. [&hellip;]<!-- AddThis Advanced Settings generic via filter on get_the_excerpt --><!-- AddThis Share Buttons generic via filter on get_the_excerpt --><\/p>\n","protected":false},"author":8646,"featured_media":0,"parent":0,"menu_order":0,"comment_status":"closed","ping_status":"closed","template":"","meta":{"_et_pb_use_builder":"off","_et_pb_old_content":"<!-- wp:columns -->\n<div class=\"wp-block-columns\"><!-- wp:column {\"width\":30} -->\n<div class=\"wp-block-column\" style=\"flex-basis:30%\"><!-- wp:image {\"align\":\"center\",\"id\":11081,\"width\":225,\"height\":125,\"sizeSlug\":\"large\"} -->\n<div class=\"wp-block-image\"><figure class=\"aligncenter size-large is-resized\"><img src=\"https:\/\/etab.ac-reunion.fr\/lyc-isnelle-amelin\/wp-content\/uploads\/sites\/43\/2020\/02\/cooperation-copie-SF.png\" alt=\"\" class=\"wp-image-11081\" width=\"225\" height=\"125\" \/><\/figure><\/div>\n<!-- \/wp:image --><\/div>\n<!-- \/wp:column -->\n\n<!-- wp:column {\"width\":70} -->\n<div class=\"wp-block-column\" style=\"flex-basis:70%\"><!-- wp:heading -->\n<h2>Le r\u00f4le des enseignants.<\/h2>\n<!-- \/wp:heading -->\n\n<!-- wp:paragraph -->\n<p>Si vous \u00eates \u00e9tudiant(e) en BTS, vous pouvez contacter directement l'un de vos enseignants, qui saura vous guider en interne vers la bonne personne. Vos enseignants, de langue ou de mati\u00e8re professionnelles seront&nbsp;vos premiers interlocuteurs dans le cadre votre&nbsp;mobilit\u00e9, \u00e0 toutes les \u00e9tapes : recherche de partenaire, r\u00e9daction des conventions, soutien linguistique et technique,&nbsp;<em>debrieffing<\/em>&nbsp;en retour de mobilit\u00e9, ...<\/p>\n<!-- \/wp:paragraph --><\/div>\n<!-- \/wp:column --><\/div>\n<!-- \/wp:columns -->\n\n<!-- wp:columns -->\n<div class=\"wp-block-columns\"><!-- wp:column -->\n<div class=\"wp-block-column\"><!-- wp:paragraph -->\n<p>Au sein du lyc\u00e9e, le&nbsp;<strong>comit\u00e9 de pilotage<\/strong>&nbsp;a pour objectif de tout mettre en oeuvre pour favoriser les mobilit\u00e9s, en relation avec l'agence&nbsp;<strong>Erasmus&nbsp;France<\/strong>, l'agence&nbsp;<strong>Erasmus Europe<\/strong>, avec le soutien de la&nbsp;<strong><a href=\"https:\/\/www.ac-reunion.fr\/action-educative\/leurope-et-linternational-dareic.html\">DAREIC REUNION<\/a>.<\/strong><\/p>\n<!-- \/wp:paragraph -->\n\n<!-- wp:paragraph -->\n<p>Montage financier,&nbsp;pr\u00e9paration et soutien linguistique, aide \u00e0 la recherche de partenaires (entreprises, \u00e9coles), pr\u00e9paration au voyage, partage de l'exp\u00e9rience en retour&nbsp;de mobilit\u00e9, tout est mis en oeuvre pour que les mobilit\u00e9s se d\u00e9roulent dans les meilleurs conditions possibles.<\/p>\n<!-- \/wp:paragraph -->\n\n<!-- wp:paragraph -->\n<p>Le coordonnateur Erasmus+ peut \u00eatre contact\u00e9 \u00e0 <br>l'adresse :&nbsp;<a href=\"mailto:erasmus.lycee.amelin@gmail.com?subject=%5BErasmus%2B%5D\">erasmus.lycee.amelin@gmail.com<\/a><\/p>\n<!-- \/wp:paragraph -->\n\n<!-- wp:spacer {\"height\":40} -->\n<div style=\"height:40px\" aria-hidden=\"true\" class=\"wp-block-spacer\"><\/div>\n<!-- \/wp:spacer -->\n\n<!-- wp:heading -->\n<h2>Aides financi\u00e8res du programme :<\/h2>\n<!-- \/wp:heading -->\n\n<!-- wp:table {\"className\":\"is-style-stripes\"} -->\n<figure class=\"wp-block-table is-style-stripes\"><table class=\"\"><tbody><tr><td><strong>Pour les \u00e9tudiants :<\/strong><\/td><\/tr><tr><td>&nbsp;<\/td><td>subvention pour les stages : ...\u20ac \u00e0 ...\u20ac \/ mois \/ \u00e9tudiant&nbsp;<br>subvention pour les \u00e9tudes : ...\u20ac \u00e0 ...\u20ac \/ mois \/ \u00e9tudiant<\/td><\/tr><tr><td><strong>Pour les personnels :<\/strong><\/td><\/tr><tr><td>&nbsp;<\/td><td>subvention d\u00e9placement : jusqu'\u00e0 ....\u20ac \/ voyage selon &nbsp;une \u00e9chelle kilom\u00e9trique<br>subvention s\u00e9jour : ..\u20ac \u00e0 ...\u20ac \/ jour \/ participant<\/td><\/tr><\/tbody><\/table><\/figure>\n<!-- \/wp:table --><\/div>\n<!-- \/wp:column -->\n\n<!-- wp:column -->\n<div class=\"wp-block-column\"><!-- wp:image {\"align\":\"center\",\"id\":11445,\"width\":491,\"height\":489,\"sizeSlug\":\"large\"} -->\n<div class=\"wp-block-image\"><figure class=\"aligncenter size-large is-resized\"><img src=\"https:\/\/etab.ac-reunion.fr\/lyc-isnelle-amelin\/wp-content\/uploads\/sites\/43\/2020\/02\/organigramme-1.jpg\" alt=\"\" class=\"wp-image-11445\" width=\"491\" height=\"489\" \/><\/figure><\/div>\n<!-- \/wp:image --><\/div>\n<!-- \/wp:column --><\/div>\n<!-- \/wp:columns -->\n\n<!-- wp:paragraph -->\n<p>N'h\u00e9sitez pas \u00e0 contacter le coordonateur Erasmus+ du lyc\u00e9e pour obtenir de plus amples informations.&nbsp;<\/p>\n<!-- \/wp:paragraph -->\n\n<!-- wp:spacer {\"height\":51} -->\n<div style=\"height:51px\" aria-hidden=\"true\" class=\"wp-block-spacer\"><\/div>\n<!-- \/wp:spacer -->","_et_gb_content_width":"1080","footnotes":"","_links_to":"","_links_to_target":""},"class_list":["post-11443","page","type-page","status-publish","hentry"],"_links":{"self":[{"href":"https:\/\/etab.ac-reunion.fr\/lyc-isnelle-amelin\/wp-json\/wp\/v2\/pages\/11443","targetHints":{"allow":["GET"]}}],"collection":[{"href":"https:\/\/etab.ac-reunion.fr\/lyc-isnelle-amelin\/wp-json\/wp\/v2\/pages"}],"about":[{"href":"https:\/\/etab.ac-reunion.fr\/lyc-isnelle-amelin\/wp-json\/wp\/v2\/types\/page"}],"author":[{"embeddable":true,"href":"https:\/\/etab.ac-reunion.fr\/lyc-isnelle-amelin\/wp-json\/wp\/v2\/users\/8646"}],"replies":[{"embeddable":true,"href":"https:\/\/etab.ac-reunion.fr\/lyc-isnelle-amelin\/wp-json\/wp\/v2\/comments?post=11443"}],"version-history":[{"count":35,"href":"https:\/\/etab.ac-reunion.fr\/lyc-isnelle-amelin\/wp-json\/wp\/v2\/pages\/11443\/revisions"}],"predecessor-version":[{"id":18320,"href":"https:\/\/etab.ac-reunion.fr\/lyc-isnelle-amelin\/wp-json\/wp\/v2\/pages\/11443\/revisions\/18320"}],"wp:attachment":[{"href":"https:\/\/etab.ac-reunion.fr\/lyc-isnelle-amelin\/wp-json\/wp\/v2\/media?parent=11443"}],"curies":[{"name":"wp","href":"https:\/\/api.w.org\/{rel}","templated":true}]}}