{"id":11446,"date":"2020-02-09T20:24:46","date_gmt":"2020-02-09T16:24:46","guid":{"rendered":"http:\/\/lycee-isnelle-amelin.ac-reunion.fr\/?page_id=11446"},"modified":"2020-06-11T12:12:11","modified_gmt":"2020-06-11T08:12:11","slug":"politique-linguistique","status":"publish","type":"page","link":"https:\/\/etab.ac-reunion.fr\/lyc-isnelle-amelin\/politique-linguistique","title":{"rendered":"Politique Linguistique"},"content":{"rendered":"\n<div class=\"wp-block-columns is-layout-flex wp-container-core-columns-is-layout-9d6595d7 wp-block-columns-is-layout-flex\">\n<div class=\"wp-block-column is-layout-flow wp-block-column-is-layout-flow\" style=\"flex-basis:20%\">\n<figure class=\"wp-block-image size-large is-resized\"><img loading=\"lazy\" decoding=\"async\" src=\"https:\/\/etab.ac-reunion.fr\/lyc-isnelle-amelin\/wp-content\/uploads\/sites\/43\/2020\/02\/unnamed2.png\" alt=\"\" class=\"wp-image-11083\" width=\"177\" height=\"142\" srcset=\"https:\/\/etab.ac-reunion.fr\/lyc-isnelle-amelin\/wp-content\/uploads\/sites\/43\/2020\/02\/unnamed2.png 387w, https:\/\/etab.ac-reunion.fr\/lyc-isnelle-amelin\/wp-content\/uploads\/sites\/43\/2020\/02\/unnamed2-300x240.png 300w\" sizes=\"(max-width: 177px) 100vw, 177px\" \/><\/figure>\n<\/div>\n\n\n\n<div class=\"wp-block-column is-layout-flow wp-block-column-is-layout-flow\" style=\"flex-basis:80%\">\n<p>L&rsquo;apprentissage des langues vivantes fait partie int\u00e9grante de la formation intellectuelle des \u00e9tudiants et favorise l&rsquo;enrichissement culturel de l&rsquo;apprenant. Il s&rsquo;inclut \u00e9galement dans la formation professionnelle et la ma\u00eetrise de deux langues vivantes est une comp\u00e9tence fondamentale pour l&rsquo;exercice de leur futur m\u00e9tier. Il s&rsquo;agit, en outre, pour les \u00e9tudiants de renforcer les connaissances culturelles des pays dont ils \u00e9tudient la langue (civilisation, traditions, culture d\u2019entreprise, etc).<br><\/p>\n\n\n\n<p>Le BTS Esth\u00e9tique Cosm\u00e9tique Parfumerie, option Management pr\u00e9voit dans son r\u00e9f\u00e9rentiel de certification un enseignement, codifi\u00e9 E1 d&rsquo;un volume de 2h en LV1 Anglais 1h en Espagnol LV2 hebdomadaires.<\/p>\n<\/div>\n<\/div>\n\n\n\n<h3 class=\"wp-block-heading\"><strong>Pr\u00e9paration linguistique<\/strong><\/h3>\n\n\n\n<p>La pr\u00e9paration linguistique de nos \u00e9tudiants \u00e0 la mobilit\u00e9 s&rsquo;op\u00e8re dans les enseignements obligatoires et facultatifs. Lors des sessions d&rsquo;enseignement, l&rsquo;enseignant met l&rsquo;accent sur les 5 activit\u00e9s langagi\u00e8res de compr\u00e9hension et de production \u00e0 l&rsquo;oral et \u00e0 l&rsquo;\u00e9crit : comprendre, produire, interagir, dialoguer, favorisant une communication bas\u00e9e sur l&rsquo;utilisation de la langue en lien avec leur formation de BTS Esth\u00e9tique Cosm\u00e9tique Parfumerie option Management et r\u00e9pondant aux besoins sp\u00e9cifiques du monde professionnel. Les modules d&rsquo;enseignement de notre \u00e9tablissement sont destin\u00e9s \u00e0 accompagner l\u2019\u00e9laboration du projet personnel de l&rsquo;\u00e9tudiant qui b\u00e9n\u00e9ficie \u00e9galement d&rsquo;un accompagnement personnalis\u00e9.<\/p>\n\n\n\n<p>La pr\u00e9paration linguistique de nos \u00e9tudiants candidats \u00e0 la mobilit\u00e9 sortante s\u2019op\u00e8re dans les enseignements obligatoires et facultatifs, les cours de langue, les modules d\u2019enseignement destin\u00e9s \u00e0 accompagner l\u2019\u00e9laboration du projet personnel de l\u2019\u00e9tudiant et l\u2019accompagnement personnalis\u00e9. L\u2019anglais \u00e9tant la langue de communication internationale les mobilit\u00e9s sont soumises \u00e0 la pratique de l\u2019anglais d\u2019un niveau B2 et \u00e0 une bonne connaissance de son contexte culturel.<\/p>\n\n\n\n<div style=\"height:37px\" aria-hidden=\"true\" class=\"wp-block-spacer\"><\/div>\n\n\n\n<h3 class=\"wp-block-heading\"><strong>Niveaux du CECRL attendus<\/strong><\/h3>\n\n\n\n<p>Dans la maquette de notre BTS Esth\u00e9tique Cosm\u00e9tique Parfumerie, Option Management, notre \u00e9tablissement a d\u00e9cid\u00e9 de conserver l&rsquo;\u00e9tude de deux langues \u00e0 savoir l&rsquo;anglais (LV1) et l&rsquo;espagnol (LV2). Le niveau \u00e0 atteindre pour le cycle terminal, conform\u00e9ment aux&nbsp;<a rel=\"noreferrer noopener\" href=\"http:\/\/www.education.gouv.fr\/cid206\/les-langues-vivantes-etrangeres.html\" target=\"_blank\">objectifs fix\u00e9s par l&rsquo;Education Nationale<\/a>, est le niveau B2 pour la LV1 et le niveau B1 pour la LV2, selon l&rsquo;\u00e9chelle des comp\u00e9tences langagi\u00e8res globale du <strong>CECRL<\/strong> :<\/p>\n\n\n\n<div style=\"height:37px\" aria-hidden=\"true\" class=\"wp-block-spacer\"><\/div>\n\n\n\n<div class=\"wp-block-columns is-layout-flex wp-container-core-columns-is-layout-9d6595d7 wp-block-columns-is-layout-flex\">\n<div class=\"wp-block-column is-layout-flow wp-block-column-is-layout-flow\" style=\"flex-basis:66.66%\">\n<figure class=\"wp-block-image size-large\"><img decoding=\"async\" src=\"https:\/\/www.atrium-sud.fr\/documents\/24912433\/25038706\/cecrl.jpg\/084fe090-53f6-46da-a9e7-cbae3e6cc2d6\" alt=\"\" \/><\/figure>\n<\/div>\n\n\n\n<div class=\"wp-block-column is-layout-flow wp-block-column-is-layout-flow\" style=\"flex-basis:33.33%\">\n<figure class=\"wp-block-image size-large is-resized\"><img loading=\"lazy\" decoding=\"async\" src=\"https:\/\/www.atrium-sud.fr\/documents\/24912433\/25038706\/CECRL.png\/916206bb-dda2-4532-849d-e6d3c72f3f5b\" alt=\"\" width=\"331\" height=\"110\" \/><\/figure>\n\n\n\n<figure class=\"wp-block-image size-large is-resized\"><img loading=\"lazy\" decoding=\"async\" src=\"https:\/\/blog-content.bilingueanglais.com\/uploads\/2016\/09\/niveaux-anglais-cecrl-768x512.jpg\" alt=\"\" width=\"332\" height=\"221\" \/><\/figure>\n\n\n\n<figure class=\"wp-block-image size-large is-resized\"><img loading=\"lazy\" decoding=\"async\" src=\"https:\/\/blog.yourewelcome.com\/wp-content\/uploads\/nivea-de-langue-anglais-horloge-cercl.jpg\" alt=\"\" width=\"331\" height=\"184\" \/><\/figure>\n<\/div>\n<\/div>\n\n\n\n<div class=\"wp-block-columns is-layout-flex wp-container-core-columns-is-layout-9d6595d7 wp-block-columns-is-layout-flex\">\n<div class=\"wp-block-column is-layout-flow wp-block-column-is-layout-flow\" style=\"flex-basis:66.66%\">\n<h3 class=\"wp-block-heading\"><strong>La plateforme OLS<\/strong><\/h3>\n\n\n\n<p>Les \u00e9tudiants seront orient\u00e9s vers des plates formes en ligne permettant la consolidation de leurs acquis linguistiques dans et en dehors de l\u2019\u00e9tablissement.<\/p>\n\n\n\n<p>Pour tous les&nbsp;\u00e9tudiants ou personnels destin\u00e9s \u00e0 r\u00e9aliser une mobilit\u00e9,<br>la commission europ\u00e9enne met en place une plateforme, appel\u00e9e OLS (Online Linguistic Support), permettant de tester le niveau initial des candidats \u00e0 une mobilit\u00e9, de progresser gr\u00e2ce \u00e0 une formation en ligne en langue \u00e9trang\u00e8re et de se tester au retour de la mobilit\u00e9 pour constater les progr\u00e8s.<br><br><a rel=\"noreferrer noopener\" href=\"http:\/\/erasmusplusols.eu\/fr\/\" target=\"_blank\"><strong>La plateforme OLS est accessible ici.<\/strong><\/a><\/p>\n\n\n\n<div style=\"height:51px\" aria-hidden=\"true\" class=\"wp-block-spacer\"><\/div>\n<\/div>\n\n\n\n<div class=\"wp-block-column is-layout-flow wp-block-column-is-layout-flow\" style=\"flex-basis:33.33%\">\n<div class=\"wp-block-image\"><figure class=\"aligncenter size-large is-resized\"><img loading=\"lazy\" decoding=\"async\" src=\"https:\/\/www.atrium-sud.fr\/documents\/24912433\/25038706\/ols.png\/3a4dc2b9-99ff-4380-9903-5e5d26fb1389\" alt=\"\" width=\"240\" height=\"222\" \/><\/figure><\/div>\n<\/div>\n<\/div>\n\n\n\n<h3 class=\"wp-block-heading\"><strong>Accompagner et consolider les apprentissages<\/strong><\/h3>\n\n\n\n<p>En compl\u00e9ment, les \u00e9tudiants pourront b\u00e9n\u00e9ficier dans le cadre de l\u2019Accompagnement Personnalis\u00e9, d\u2019une formation linguistique compl\u00e9mentaire dans la langue du pays d\u2019accueil si cette langue fait partie d\u2019une des langues enseign\u00e9es au lyc\u00e9e ou d\u2019un \u00e9tablissement voisin (espagnol, allemand, chinois&#8230;).<br>Au-del\u00e0 des heures associ\u00e9es au r\u00e9f\u00e9rentiel et \u00e0 l\u2019accompagnement personnalis\u00e9, nous mettons en place des stages de langue afin de pr\u00e9parer au mieux nos \u00e9tudiants au d\u00e9part, pendant les vacances scolaires et les samedis matin.<\/p>\n\n\n\n<div style=\"height:37px\" aria-hidden=\"true\" class=\"wp-block-spacer\"><\/div>\n\n\n\n<h3 class=\"wp-block-heading\"><strong>Une ouverture \u00e0 l\u2019international pour l&rsquo;\u00e9quipe p\u00e9dagogique<\/strong><\/h3>\n\n\n\n<p>Les membres de l&rsquo;\u00e9quipe p\u00e9dagogique charg\u00e9s de la formation des \u00e9tudiants de BTS seront invit\u00e9s \u00e0 d\u00e9velopper et consolider leurs comp\u00e9tences linguistiques, d\u00e9marche inscrivant dans une perspective d&rsquo;ouverture \u00e0 l&rsquo;international est qui est l&rsquo;une des pierres angulaires de notre projet d&rsquo;\u00e9tablissement. En outre, cela favorisera des enseignements en co-intervention : le professeur de langues et l&rsquo;enseignant de sp\u00e9cialit\u00e9 pourront animer des heures destin\u00e9es \u00e0 des mises en situation professionnelles et \u00e0 la pr\u00e9paration du stage \u00e0 l&rsquo;\u00e9tranger (accueil client, promotion et mise en valeur de produits, offres, prestations, protocoles de soins, etc.) en anglais et en espagnol.<\/p>\n\n\n\n<div style=\"height:52px\" aria-hidden=\"true\" class=\"wp-block-spacer\"><\/div>\n<!-- AddThis Advanced Settings generic via filter on the_content --><!-- AddThis Share Buttons generic via filter on the_content -->","protected":false},"excerpt":{"rendered":"<p>L&rsquo;apprentissage des langues vivantes fait partie int\u00e9grante de la formation intellectuelle des \u00e9tudiants et favorise l&rsquo;enrichissement culturel de l&rsquo;apprenant. Il s&rsquo;inclut \u00e9galement dans la formation professionnelle et la ma\u00eetrise de [&hellip;]<!-- AddThis Advanced Settings generic via filter on get_the_excerpt --><!-- AddThis Share Buttons generic via filter on get_the_excerpt --><\/p>\n","protected":false},"author":8646,"featured_media":0,"parent":0,"menu_order":0,"comment_status":"closed","ping_status":"closed","template":"","meta":{"_et_pb_use_builder":"off","_et_pb_old_content":"","_et_gb_content_width":"1080","footnotes":"","_links_to":"","_links_to_target":""},"class_list":["post-11446","page","type-page","status-publish","hentry"],"_links":{"self":[{"href":"https:\/\/etab.ac-reunion.fr\/lyc-isnelle-amelin\/wp-json\/wp\/v2\/pages\/11446","targetHints":{"allow":["GET"]}}],"collection":[{"href":"https:\/\/etab.ac-reunion.fr\/lyc-isnelle-amelin\/wp-json\/wp\/v2\/pages"}],"about":[{"href":"https:\/\/etab.ac-reunion.fr\/lyc-isnelle-amelin\/wp-json\/wp\/v2\/types\/page"}],"author":[{"embeddable":true,"href":"https:\/\/etab.ac-reunion.fr\/lyc-isnelle-amelin\/wp-json\/wp\/v2\/users\/8646"}],"replies":[{"embeddable":true,"href":"https:\/\/etab.ac-reunion.fr\/lyc-isnelle-amelin\/wp-json\/wp\/v2\/comments?post=11446"}],"version-history":[{"count":35,"href":"https:\/\/etab.ac-reunion.fr\/lyc-isnelle-amelin\/wp-json\/wp\/v2\/pages\/11446\/revisions"}],"predecessor-version":[{"id":12941,"href":"https:\/\/etab.ac-reunion.fr\/lyc-isnelle-amelin\/wp-json\/wp\/v2\/pages\/11446\/revisions\/12941"}],"wp:attachment":[{"href":"https:\/\/etab.ac-reunion.fr\/lyc-isnelle-amelin\/wp-json\/wp\/v2\/media?parent=11446"}],"curies":[{"name":"wp","href":"https:\/\/api.w.org\/{rel}","templated":true}]}}