{"id":125,"date":"2013-11-27T22:20:32","date_gmt":"2013-11-27T18:20:32","guid":{"rendered":"http:\/\/lycee-isnelle-amelin-tmp.ac-reunion.fr\/?p=125"},"modified":"2020-09-03T16:08:12","modified_gmt":"2020-09-03T12:08:12","slug":"histoire","status":"publish","type":"page","link":"https:\/\/etab.ac-reunion.fr\/lyc-isnelle-amelin\/histoire","title":{"rendered":"Histoire"},"content":{"rendered":"<div style=\"width: 305px\" class=\"wp-caption alignleft\"><img loading=\"lazy\" decoding=\"async\" style=\"border: 0px\" src=\"https:\/\/etab.ac-reunion.fr\/lyc-isnelle-amelin\/wp-content\/uploads\/sites\/43\/2020\/09\/isnelle-amelin.jpeg\" alt=\"\" width=\"295\" height=\"415\" border=\"0\" \/><p class=\"wp-caption-text\">Isnelle Amelin<\/p><\/div>\n<p>Pour son 20\u00e8me anniversaire en 2005, le lyc\u00e9e professionnel de Duparc a enfin \u00e9t\u00e9 baptis\u00e9 du nom d&rsquo;une illustre r\u00e9unionnaise et est ainsi devenu le Lyc\u00e9e Professionnel ISNELLE AMELIN.<\/p>\n<p align=\"justify\">\u00a0\u00a0Isnelle AMELIN, n\u00e9e Baret voit le jour\u00a0 le 14 septembre 1907 au quartier Trois-Lettres. Son p\u00e8re, l&rsquo;agent forestier L\u00e9opold Baret, fait vivre modestement sa famille avec son maigre salaire. La famille indigente survit. La m\u00e8re d&rsquo;Isnelle, Eug\u00e9nie, \u00e9l\u00e8ve des animaux pour subvenir aux besoins domestiques.<\/p>\n<p align=\"justify\">Malgr\u00e9 la duret\u00e9 de la vie, les parents de l&rsquo;infortun\u00e9e Isnelle souhaitent donner la meilleure \u00e9ducation \u00e0 leurs\u00a0 enfants.<\/p>\n<p align=\"justify\">Isnelle obtiendra le brevet \u00e9l\u00e9mentaire, ce qui lui permettra d&rsquo;occuper un poste \u00e0 la Banque de la R\u00e9union.<\/p>\n<p align=\"justify\">Mari\u00e9e en 1941 \u00e0 Raoul Amelin, inspecteur de police et fervent militant communiste, elle s&rsquo;initie au droit, s&rsquo;int\u00e9ressant particuli\u00e8rement \u00e0 la l\u00e9gislation sociale. Elle lutte alors avec le docteur Raymond Verg\u00e8s pour r\u00e9sorber le taux de mortalit\u00e9 infantile excessif \u00e0 l&rsquo;\u00e9poque Elle sera un mod\u00e8le \u00e9m\u00e9rite du combat pour l&rsquo;\u00e9galit\u00e9 des droits, pour la promotion de la femme, le bien-\u00eatre de tous les R\u00e9unionnais. Rigoureuse dans son travail, elle fondera la premi\u00e8re cr\u00e8che de la s\u00e9curit\u00e9 sociale, au profit des enfants d&#8217;employ\u00e9s de maison. Isnelle AMELIN s&rsquo;est battue contre la mis\u00e8re, la pr\u00e9carit\u00e9, l&rsquo;insalubrit\u00e9. Elle s&rsquo;est donn\u00e9e corps et \u00e2me pour la femme r\u00e9unionnaise. <!--more-->Militante de premier rang, conseill\u00e8re municipale \u00e0 Saint-Denis de 1945 \u00e0 1958, compagne de lutte de Raymond Verg\u00e8s, administratrice de la S\u00e9curit\u00e9 sociale de 1952 \u00e0 1984, humanitaire \u00e0 l&rsquo;\u00e2ge de 85 ans, elle luttera aussi contre l&rsquo;apartheid.<\/p>\n<p align=\"justify\">On notera dans ses engagements les plus honorables sa participation d\u00e9terminante \u00e0 la cr\u00e9ation de l&rsquo;Union des femmes r\u00e9unionnaises dont elle occupera la lourde fonction de pr\u00e9sidente de 1958 \u00e0 1978.<\/p>\n<p align=\"justify\">En 1992 elle sera faite chevalier de la L\u00e9gion d&rsquo;Honneur. Elle s&rsquo;\u00e9teindra 2 ans plus tard, \u00e0 l&rsquo;\u00e2ge de 87 ans.<\/p>\n\n\n<div style=\"height:33px\" aria-hidden=\"true\" class=\"wp-block-spacer\"><\/div>\n<!-- AddThis Advanced Settings generic via filter on the_content --><!-- AddThis Share Buttons generic via filter on the_content -->","protected":false},"excerpt":{"rendered":"<p>Pour son 20\u00e8me anniversaire en 2005, le lyc\u00e9e professionnel de Duparc a enfin \u00e9t\u00e9 baptis\u00e9 du nom d&rsquo;une illustre r\u00e9unionnaise et est ainsi devenu le Lyc\u00e9e Professionnel ISNELLE AMELIN. \u00a0\u00a0Isnelle [&hellip;]<!-- AddThis Advanced Settings generic via filter on get_the_excerpt --><!-- AddThis Share Buttons generic via filter on get_the_excerpt --><\/p>\n","protected":false},"author":344,"featured_media":0,"parent":0,"menu_order":0,"comment_status":"closed","ping_status":"open","template":"","meta":{"_et_pb_use_builder":"off","_et_pb_old_content":"[caption id=\"\" align=\"alignleft\" width=\"295\"]<img style=\"border: 0px\" src=\"https:\/\/etab.ac-reunion.fr\/lyc-isnelle-amelin\/wp-content\/uploads\/sites\/43\/2020\/09\/isnelle-amelin.jpeg\" alt=\"\" width=\"295\" height=\"415\" border=\"0\"> Isnelle Amelin[\/caption]\n\nPour son 20\u00e8me anniversaire en 2005, le lyc\u00e9e professionnel de Duparc a enfin \u00e9t\u00e9 baptis\u00e9 du nom d'une illustre r\u00e9unionnaise et est ainsi devenu le Lyc\u00e9e Professionnel ISNELLE AMELIN.\n<p align=\"justify\">&nbsp;&nbsp;Isnelle AMELIN, n\u00e9e Baret voit le jour&nbsp; le 14 septembre 1907 au quartier Trois-Lettres. Son p\u00e8re, l'agent forestier L\u00e9opold Baret, fait vivre modestement sa famille avec son maigre salaire. La famille indigente survit. La m\u00e8re d'Isnelle, Eug\u00e9nie, \u00e9l\u00e8ve des animaux pour subvenir aux besoins domestiques.<\/p>\n<p align=\"justify\">Malgr\u00e9 la duret\u00e9 de la vie, les parents de l'infortun\u00e9e Isnelle souhaitent donner la meilleure \u00e9ducation \u00e0 leurs&nbsp; enfants.<\/p>\n<p align=\"justify\">Isnelle obtiendra le brevet \u00e9l\u00e9mentaire, ce qui lui permettra d'occuper un poste \u00e0 la Banque de la R\u00e9union.<\/p>\n<p align=\"justify\">Mari\u00e9e en 1941 \u00e0 Raoul Amelin, inspecteur de police et fervent militant communiste, elle s'initie au droit, s'int\u00e9ressant particuli\u00e8rement \u00e0 la l\u00e9gislation sociale. Elle lutte alors avec le docteur Raymond Verg\u00e8s pour r\u00e9sorber le taux de mortalit\u00e9 infantile excessif \u00e0 l'\u00e9poque Elle sera un mod\u00e8le \u00e9m\u00e9rite du combat pour l'\u00e9galit\u00e9 des droits, pour la promotion de la femme, le bien-\u00eatre de tous les R\u00e9unionnais. Rigoureuse dans son travail, elle fondera la premi\u00e8re cr\u00e8che de la s\u00e9curit\u00e9 sociale, au profit des enfants d'employ\u00e9s de maison. Isnelle AMELIN s'est battue contre la mis\u00e8re, la pr\u00e9carit\u00e9, l'insalubrit\u00e9. Elle s'est donn\u00e9e corps et \u00e2me pour la femme r\u00e9unionnaise. <!--more-->Militante de premier rang, conseill\u00e8re municipale \u00e0 Saint-Denis de 1945 \u00e0 1958, compagne de lutte de Raymond Verg\u00e8s, administratrice de la S\u00e9curit\u00e9 sociale de 1952 \u00e0 1984, humanitaire \u00e0 l'\u00e2ge de 85 ans, elle luttera aussi contre l'apartheid.<\/p>\n<p align=\"justify\">On notera dans ses engagements les plus honorables sa participation d\u00e9terminante \u00e0 la cr\u00e9ation de l'Union des femmes r\u00e9unionnaises dont elle occupera la lourde fonction de pr\u00e9sidente de 1958 \u00e0 1978.<\/p>\n<p align=\"justify\">En 1992 elle sera faite chevalier de la L\u00e9gion d'Honneur. Elle s'\u00e9teindra 2 ans plus tard, \u00e0 l'\u00e2ge de 87 ans.<\/p>","_et_gb_content_width":"1080","footnotes":"","_links_to":"","_links_to_target":""},"class_list":["post-125","page","type-page","status-publish","hentry"],"_links":{"self":[{"href":"https:\/\/etab.ac-reunion.fr\/lyc-isnelle-amelin\/wp-json\/wp\/v2\/pages\/125","targetHints":{"allow":["GET"]}}],"collection":[{"href":"https:\/\/etab.ac-reunion.fr\/lyc-isnelle-amelin\/wp-json\/wp\/v2\/pages"}],"about":[{"href":"https:\/\/etab.ac-reunion.fr\/lyc-isnelle-amelin\/wp-json\/wp\/v2\/types\/page"}],"author":[{"embeddable":true,"href":"https:\/\/etab.ac-reunion.fr\/lyc-isnelle-amelin\/wp-json\/wp\/v2\/users\/344"}],"replies":[{"embeddable":true,"href":"https:\/\/etab.ac-reunion.fr\/lyc-isnelle-amelin\/wp-json\/wp\/v2\/comments?post=125"}],"version-history":[{"count":11,"href":"https:\/\/etab.ac-reunion.fr\/lyc-isnelle-amelin\/wp-json\/wp\/v2\/pages\/125\/revisions"}],"predecessor-version":[{"id":13295,"href":"https:\/\/etab.ac-reunion.fr\/lyc-isnelle-amelin\/wp-json\/wp\/v2\/pages\/125\/revisions\/13295"}],"wp:attachment":[{"href":"https:\/\/etab.ac-reunion.fr\/lyc-isnelle-amelin\/wp-json\/wp\/v2\/media?parent=125"}],"curies":[{"name":"wp","href":"https:\/\/api.w.org\/{rel}","templated":true}]}}