{"id":1687,"date":"2015-10-04T10:54:59","date_gmt":"2015-10-04T06:54:59","guid":{"rendered":"http:\/\/lycee-isnelle-amelin.ac-reunion.fr\/?page_id=1687"},"modified":"2022-03-01T09:06:50","modified_gmt":"2022-03-01T05:06:50","slug":"copsy","status":"publish","type":"page","link":"https:\/\/etab.ac-reunion.fr\/lyc-isnelle-amelin\/copsy","title":{"rendered":"Psy E.N."},"content":{"rendered":"<h3>LA PSYCHOLOGUE DE L&rsquo;EDUCATION NATIONALE (psyen)<\/h3>\n<p style=\"text-align: center\">\n<p><strong>\u00a0Mme Perianayagom<\/strong> ,\u00a0 Psy.E.N. <span style=\"text-decoration: underline\">dans le cadre de l\u2019\u00e9tablissement<\/span>\u00a0:<\/p>\n<ul>\n<li>Est membre de l\u2019\u00e9quipe \u00e9ducative et \u00e0 ce titre participe \u00e0 l\u2019adaptation des \u00e9l\u00e8ves entrant au lyc\u00e9e, \u00e0 la pr\u00e9paration des d\u00e9cisions d\u2019orientation et au suivi de l\u2019\u00e9l\u00e8ve, en relation avec le professeur principal et si possible lors des conseils de classe.<\/li>\n<li>Participe aux r\u00e9unions de la Commission Technique Sociale<\/li>\n<li>Apporte \u00e0 chaque \u00e9l\u00e8ve, par le biais de s\u00e9ances d\u2019information et des entretiens individuels, les \u00e9l\u00e9ments dont il a besoin pour d\u00e9finir ou conforter ses choix scolaires et professionnels.<\/li>\n<li>G\u00e8re avec le documentaliste du CDI le syst\u00e8me auto-documentaire O.N.I.S.E.P. dans lequel chacun peut trouver les informations de base sur les \u00e9tudes et les professions.<\/li>\n<li>Met \u00e0 la disposition de l\u2019\u00e9tablissement (\u00e9quipe de direction et enseignants) les documents relatifs au fonctionnement de l\u2019orientation dans le district.<\/li>\n<li>Assure les permanences au lyc\u00e9e professionnel pour l\u2019accueil des \u00e9l\u00e8ves, des parents et des \u00e9quipes \u00e9ducatives. Les rendez-vous doivent \u00eatre pris \u00e0 la Vie Scolaire.<\/li>\n<li>Est membre du GAIN (Groupe d\u2019Aide \u00e0 l\u2019Insertion) dont l\u2019objectif est de limiter les cas de d\u00e9scolarisation et de faciliter, en la pr\u00e9parant, l\u2019insertion sociale et professionnelle des sortants. A ce titre ils re\u00e7oivent de fa\u00e7on syst\u00e9matique les \u00e9l\u00e8ves en cours de formation qui demandent leur radiation du lyc\u00e9e. (Elaboration des dossiers de situation qui seront transmis \u00e0 la MGI).<\/li>\n<\/ul>\n<p>Les permanences de la Psy E N dans l&rsquo;\u00e9tablissement :<\/p>\n\n<table id=\"tablepress-10\" class=\"tablepress tablepress-id-10\">\n<thead>\n<tr class=\"row-1\">\n\t<td class=\"column-1\"><\/td><th class=\"column-2\">Lundi<\/th><th class=\"column-3\">Mardi<\/th><th class=\"column-4\">Mercredi<\/th><th class=\"column-5\">Jeudi<\/th><th class=\"column-6\">Vendredi<\/th>\n<\/tr>\n<\/thead>\n<tbody class=\"row-striping row-hover\">\n<tr class=\"row-2\">\n\t<td class=\"column-1\">Matin<br \/>\n08h30 - 12h00<\/td><td class=\"column-2\"><\/td><td class=\"column-3\">Permanence<\/td><td class=\"column-4\"><\/td><td class=\"column-5\">Permanence<\/td><td class=\"column-6\"><\/td>\n<\/tr>\n<tr class=\"row-3\">\n\t<td class=\"column-1\">Apr\u00e8s-midi<br \/>\n13h30 - 16h30<\/td><td class=\"column-2\">Permanence<\/td><td class=\"column-3\"><\/td><td class=\"column-4\"><\/td><td class=\"column-5\"><\/td><td class=\"column-6\"><\/td>\n<\/tr>\n<\/tbody>\n<\/table>\n<!-- #tablepress-10 from cache -->\n<p>Les C.O.P. <span style=\"text-decoration: underline\">dans le cadre de son activit\u00e9 au C.I.O<\/span>.\u00a0:<\/p>\n<ul>\n<li>Re\u00e7oivent tous les publics, jeunes ou adultes, scolaires (coll\u00e8ges, lyc\u00e9es, enseignement sup\u00e9rieur) ou non, qu\u2019ils informent et conseillent sur les \u00e9tudes et les professions lors de leurs permanences.<\/li>\n<li>Mettent \u00e0 la disposition de ceux-ci\u00a0:\n<ul>\n<li>une documentation adapt\u00e9e\u00a0: fiches, dossiers, revues, logiciels sur les m\u00e9tiers, les conditions d\u2019exercice, les \u00e9tudes, les concours, les possibilit\u00e9s de formation \u00e0 la R\u00e9union, en M\u00e9tropole et \u00e0 l\u2019\u00e9tranger.<\/li>\n<li>Des questionnaires d\u2019int\u00e9r\u00eat et de personnalit\u00e9 informatis\u00e9s.<\/li>\n<\/ul>\n<\/li>\n<li>Recueillent, analysent et mettent en forme des donn\u00e9es statistiques de l\u2019orientation \u00e0 l\u2019usage des partenaires du syst\u00e8me \u00e9ducatif.<\/li>\n<li>sont\u00a0en relation avec les acteurs \u00e9ducatifs, sociaux et \u00e9conomiques du district.<\/li>\n<\/ul>\n<p>En situation d&rsquo;urgence, les familles peuvent \u00eatre accueillies au :<\/p>\n<p align=\"center\"><b><i>Centre d\u2019Information et d\u2019Orientation<\/i><\/b><\/p>\n<p align=\"center\"><b><i>18, rue de la Gare (A c\u00f4t\u00e9 de l\u2019\u00e9cole Damase Legros)<\/i><\/b><\/p>\n<p align=\"center\"><b><i>97490 STE CLOTILDE<\/i><\/b><\/p>\n<p align=\"center\"><b><i>T\u00e9l.\u00a0: 0262 28 28 76<\/i><\/b><\/p>\n<p align=\"center\">08h30 &#8211; 12h00 (lundi matin : CIO ferm\u00e9 au public) et 13h30 &#8211; 16h30<\/p>\n<!-- AddThis Advanced Settings generic via filter on the_content --><!-- AddThis Share Buttons generic via filter on the_content -->","protected":false},"excerpt":{"rendered":"<p>LA PSYCHOLOGUE DE L&rsquo;EDUCATION NATIONALE (psyen) \u00a0Mme Perianayagom ,\u00a0 Psy.E.N. dans le cadre de l\u2019\u00e9tablissement\u00a0: Est membre de l\u2019\u00e9quipe \u00e9ducative et \u00e0 ce titre participe \u00e0 l\u2019adaptation des \u00e9l\u00e8ves entrant [&hellip;]<!-- AddThis Advanced Settings generic via filter on get_the_excerpt --><!-- AddThis Share Buttons generic via filter on get_the_excerpt --><\/p>\n","protected":false},"author":3775,"featured_media":0,"parent":0,"menu_order":0,"comment_status":"closed","ping_status":"closed","template":"","meta":{"_et_pb_use_builder":"off","_et_pb_old_content":"<h3>LES PSYCHOLOGUES DE L'EDUCATION NATIONALE (psyen)<\/h3>\r\n<p style=\"text-align: center\"><a href=\"https:\/\/etab.ac-reunion.fr\/lyc-isnelle-amelin\/wp-content\/uploads\/sites\/43\/2013\/11\/copsy.jpg\"><img class=\"wp-image-398 aligncenter\" src=\"https:\/\/etab.ac-reunion.fr\/lyc-isnelle-amelin\/wp-content\/uploads\/sites\/43\/2013\/11\/copsy.jpg\" alt=\"copsy\" width=\"500\" height=\"338\" \/><\/a><\/p>\r\n<strong>\u00a0Mme Louis et un autre coll\u00e8gue<\/strong> ,\u00a0 Psy.E.N. <span style=\"text-decoration: underline\">dans le cadre de l\u2019\u00e9tablissement<\/span>\u00a0:\r\n<ul>\r\n \t<li>sont membres de l\u2019\u00e9quipe \u00e9ducative et \u00e0 ce titre participe \u00e0 l\u2019adaptation des \u00e9l\u00e8ves entrant au lyc\u00e9e, \u00e0 la pr\u00e9paration des d\u00e9cisions d\u2019orientation et au suivi de l\u2019\u00e9l\u00e8ve, en relation avec le professeur principal et si possible lors des conseils de classe.<\/li>\r\n \t<li>Participent aux r\u00e9unions de la Commission Technique Sociale<\/li>\r\n \t<li>Apportent \u00e0 chaque \u00e9l\u00e8ve, par le biais de s\u00e9ances d\u2019information et des entretiens individuels, les \u00e9l\u00e9ments dont il a besoin pour d\u00e9finir ou conforter ses choix scolaires et professionnels.<\/li>\r\n \t<li>G\u00e8rent avec le documentaliste du CDI le syst\u00e8me auto-documentaire O.N.I.S.E.P. dans lequel chacun peut trouver les informations de base sur les \u00e9tudes et les professions.<\/li>\r\n \t<li>Mettent \u00e0 la disposition de l\u2019\u00e9tablissement (\u00e9quipe de direction et enseignants) les documents relatifs au fonctionnement de l\u2019orientation dans le district.<\/li>\r\n \t<li>Assurent les permanences au lyc\u00e9e professionnel pour l\u2019accueil des \u00e9l\u00e8ves, des parents et des \u00e9quipes \u00e9ducatives. Les rendez-vous doivent \u00eatre pris \u00e0 la Vie Scolaire.<\/li>\r\n \t<li><b>s<\/b>ont\u00a0membres du GAIN (Groupe d\u2019Aide \u00e0 l\u2019Insertion) dont l\u2019objectif est de limiter les cas de d\u00e9scolarisation et de faciliter, en la pr\u00e9parant, l\u2019insertion sociale et professionnelle des sortants. A ce titre ils\u00a0re\u00e7oivent de fa\u00e7on syst\u00e9matique les \u00e9l\u00e8ves en cours de formation qui demandent leur radiation du lyc\u00e9e. (Elaboration des dossiers de situation qui seront transmis \u00e0 la MGI).<\/li>\r\n<\/ul>\r\nLes permanences des Psy E N dans l'\u00e9tablissement :\r\n\r\n[table id=10 \/]\r\n\r\n&nbsp;\r\n\r\nLes C.O.P. <span style=\"text-decoration: underline\">dans le cadre de leurs\u00a0activit\u00e9s au C.I.O<\/span>.\u00a0:\r\n<ul>\r\n \t<li>Re\u00e7oivent tous les publics, jeunes ou adultes, scolaires (coll\u00e8ges, lyc\u00e9es, enseignement sup\u00e9rieur) ou non, qu\u2019ils informent et conseillent sur les \u00e9tudes et les professions lors de leurs permanences.<\/li>\r\n \t<li>Mettent \u00e0 la disposition de ceux-ci\u00a0:\r\n<ul>\r\n \t<li>une documentation adapt\u00e9e\u00a0: fiches, dossiers, revues, logiciels sur les m\u00e9tiers, les conditions d\u2019exercice, les \u00e9tudes, les concours, les possibilit\u00e9s de formation \u00e0 la R\u00e9union, en M\u00e9tropole et \u00e0 l\u2019\u00e9tranger.<\/li>\r\n \t<li>Des questionnaires d\u2019int\u00e9r\u00eat et de personnalit\u00e9 informatis\u00e9s.<\/li>\r\n<\/ul>\r\n<\/li>\r\n \t<li>Recueillent, analysent et mettent en forme des donn\u00e9es statistiques de l\u2019orientation \u00e0 l\u2019usage des partenaires du syst\u00e8me \u00e9ducatif.<\/li>\r\n \t<li>sont\u00a0en relation avec les acteurs \u00e9ducatifs, sociaux et \u00e9conomiques du district.<\/li>\r\n<\/ul>\r\n&nbsp;\r\n\r\nEn situation d'urgence, les familles peuvent \u00eatre accueillies au :\r\n<p align=\"center\"><b><i>Centre d\u2019Information et d\u2019Orientation<\/i><\/b><\/p>\r\n<p align=\"center\"><b><i>18, rue de la Gare (A c\u00f4t\u00e9 de l\u2019\u00e9cole Damase Legros)<\/i><\/b><\/p>\r\n<p align=\"center\"><b><i>97490 STE CLOTILDE<\/i><\/b><\/p>\r\n<p align=\"center\"><b><i>T\u00e9l.\u00a0: 0262 28 28 76<\/i><\/b><\/p>\r\n<p align=\"center\">08h30 - 12h00 (lundi matin : CIO ferm\u00e9 au public) et 13h30 - 16h30<\/p>","_et_gb_content_width":"","footnotes":"","_links_to":"","_links_to_target":""},"class_list":["post-1687","page","type-page","status-publish","hentry"],"_links":{"self":[{"href":"https:\/\/etab.ac-reunion.fr\/lyc-isnelle-amelin\/wp-json\/wp\/v2\/pages\/1687","targetHints":{"allow":["GET"]}}],"collection":[{"href":"https:\/\/etab.ac-reunion.fr\/lyc-isnelle-amelin\/wp-json\/wp\/v2\/pages"}],"about":[{"href":"https:\/\/etab.ac-reunion.fr\/lyc-isnelle-amelin\/wp-json\/wp\/v2\/types\/page"}],"author":[{"embeddable":true,"href":"https:\/\/etab.ac-reunion.fr\/lyc-isnelle-amelin\/wp-json\/wp\/v2\/users\/3775"}],"replies":[{"embeddable":true,"href":"https:\/\/etab.ac-reunion.fr\/lyc-isnelle-amelin\/wp-json\/wp\/v2\/comments?post=1687"}],"version-history":[{"count":6,"href":"https:\/\/etab.ac-reunion.fr\/lyc-isnelle-amelin\/wp-json\/wp\/v2\/pages\/1687\/revisions"}],"predecessor-version":[{"id":15743,"href":"https:\/\/etab.ac-reunion.fr\/lyc-isnelle-amelin\/wp-json\/wp\/v2\/pages\/1687\/revisions\/15743"}],"wp:attachment":[{"href":"https:\/\/etab.ac-reunion.fr\/lyc-isnelle-amelin\/wp-json\/wp\/v2\/media?parent=1687"}],"curies":[{"name":"wp","href":"https:\/\/api.w.org\/{rel}","templated":true}]}}