{"id":1714,"date":"2015-10-04T12:08:11","date_gmt":"2015-10-04T08:08:11","guid":{"rendered":"http:\/\/lycee-isnelle-amelin.ac-reunion.fr\/?page_id=1714"},"modified":"2020-02-28T09:44:11","modified_gmt":"2020-02-28T05:44:11","slug":"bac-pro-commerce","status":"publish","type":"page","link":"https:\/\/etab.ac-reunion.fr\/lyc-isnelle-amelin\/bac-pro\/bac-pro-commerce","title":{"rendered":"BAC PRO Commerce"},"content":{"rendered":"[et_pb_section admin_label=\u00a0\u00bbsection\u00a0\u00bb]\n\t\t\t[et_pb_row admin_label=\u00a0\u00bbrow\u00a0\u00bb]\n\t\t\t\t[et_pb_column type=\u00a0\u00bb4_4&Prime;][et_pb_text admin_label=\u00a0\u00bbText\u00a0\u00bb]\n<h3>Pr\u00e9sentation<\/h3>\n<p>Les objectifs du bac pro commerce sont de donner des comp\u00e9tences en vente centr\u00e9es sur la relation client en unit\u00e9s commerciales de toutes tailles pour vendre des biens ou des services de toutes natures. Ils connaissent les techniques de vente et d\u2019apr\u00e8s-vente et savent organiser des actions commerciales, pr\u00e9parer des documents administratifs et comptables li\u00e9s aux achats et aux ventes pour les transmettre\u00a0au service concern\u00e9.<\/p>\n<p>\u00c0 la diff\u00e9rence du bachelier vente, le titulaire du bac pro commerce ne se d\u00e9place pas pour aller \u00e0 la rencontre du client. C&rsquo;est un employ\u00e9 commercial qui intervient dans tout type d&rsquo;unit\u00e9 commerciale (physique ou virtuelle) afin de mettre \u00e0 la disposition de la client\u00e8le les produits correspondant \u00e0 sa demande. Autonome en entretien de vente, il exerce son activit\u00e9 sous l&rsquo;autorit\u00e9 d&rsquo;un responsable. Son activit\u00e9, au sein d&rsquo;une \u00e9quipe commerciale, consiste \u00e0 participer \u00e0 l&rsquo;approvisionnement, \u00e0 la vente, \u00e0 la gestion commerciale<\/p>\n<p>L\u2019accent est mis sur la comp\u00e9tence \u00e0 la vente\u00a0: approche\u00a0\u00ab\u00a0client\u00a0\u00bb, fid\u00e9lisation de la client\u00e8le, etc.<\/p>\n<p>La formation sp\u00e9cifique au produit\u00a0est abord\u00e9e au cours des p\u00e9riodes de formation en milieu professionnel.<\/p>\n<h4>Profil requis<\/h4>\n<ul>\n<li>Sortir d&rsquo;une classe de troisi\u00e8me<\/li>\n<li>\u00a0Rigueur et aptitude \u00e0 la gestion,<\/li>\n<li><span style=\"font-size: 14px;line-height: 1.5em\">\u00a0Sens de l\u2019organisation et de la relation humaine\u00a0<\/span><\/li>\n<li>\u00a0Talent d\u2019animation<\/li>\n<li>\u00a0Pr\u00e9sentation soign\u00e9e<\/li>\n<li>\u00a0Esprit d\u2019initiative<\/li>\n<li>\u00a0Esprit d\u2019\u00e9quipe<\/li>\n<\/ul>\n<h4>Organisation de la scolarit\u00e9<\/h4>\n<p>Domaines d\u2019enseignement \u00a0professionnel :<\/p>\n<table border=\"0\" cellpadding=\"0\">\n<tbody>\n<tr>\n<td valign=\"top\">\n<ul>\n<li>Vendre<\/li>\n<\/ul>\n<\/td>\n<\/tr>\n<tr>\n<td valign=\"top\">\n<ul>\n<li>Animer<\/li>\n<\/ul>\n<\/td>\n<\/tr>\n<tr>\n<td valign=\"top\">\n<ul>\n<li>G\u00e9rer<\/li>\n<\/ul>\n<\/td>\n<\/tr>\n<tr>\n<td valign=\"top\">\n<ul>\n<li>Economie-Droit<\/li>\n<\/ul>\n<\/td>\n<\/tr>\n<tr>\n<td valign=\"top\">\n<ul>\n<li>PPCP<\/li>\n<\/ul>\n<\/td>\n<\/tr>\n<tr>\n<td valign=\"top\">\n<ul>\n<li>Education physique et sportive (EPS)<\/li>\n<\/ul>\n<\/td>\n<\/tr>\n<\/tbody>\n<\/table>\n<p>Domaines d\u2019enseignement g\u00e9n\u00e9ral :<\/p>\n<table border=\"0\" cellpadding=\"0\">\n<tbody>\n<tr>\n<td valign=\"top\">\n<ul>\n<li>Fran\u00e7ais<\/li>\n<\/ul>\n<\/td>\n<\/tr>\n<tr>\n<td valign=\"top\">\n<ul>\n<li>Histoire\/G\u00e9ographie<\/li>\n<\/ul>\n<\/td>\n<\/tr>\n<tr>\n<td valign=\"top\">\n<ul>\n<li>Langue vivante \u00e9trang\u00e8re (Anglais)<\/li>\n<\/ul>\n<\/td>\n<\/tr>\n<tr>\n<td valign=\"top\">\n<ul>\n<li>Math\u00e9matiques<\/li>\n<\/ul>\n<\/td>\n<\/tr>\n<tr>\n<td valign=\"top\">\n<ul>\n<li>Education artistique<\/li>\n<\/ul>\n<\/td>\n<\/tr>\n<\/tbody>\n<\/table>\n<h4>Stage de formation en entreprise<\/h4>\n<p>Le stage doit permettre \u00e0 l\u2019\u00e9l\u00e8ve de travailler en situation r\u00e9elle, l\u00e0 o\u00f9 le contact client-vendeur est dominant.<\/p>\n<h4>Plaquette<\/h4>\n<p>Vous pouvez t\u00e9l\u00e9charger la plaquette <a href=\"\/?attachment_id=360\">ici<\/a>.[\/et_pb_text][\/et_pb_column]\n\t\t\t[\/et_pb_row]\n\t\t[\/et_pb_section]\n<!-- AddThis Advanced Settings generic via filter on the_content --><!-- AddThis Share Buttons generic via filter on the_content -->","protected":false},"excerpt":{"rendered":"<p>Les objectifs du bac pro commerce sont de donner des comp\u00e9tences en vente centr\u00e9es sur la relation client en unit\u00e9s commerciales de toutes tailles pour vendre des biens ou des services de toutes natures. Ils connaissent les techniques de vente et d\u2019apr\u00e8s-vente et savent organiser des actions commerciale<!-- AddThis Advanced Settings generic via filter on get_the_excerpt --><!-- AddThis Share Buttons generic via filter on get_the_excerpt --><\/p>\n","protected":false},"author":3775,"featured_media":0,"parent":1720,"menu_order":0,"comment_status":"closed","ping_status":"closed","template":"","meta":{"_et_pb_use_builder":"on","_et_pb_old_content":"<h3>Pr\u00e9sentation<\/h3>\r\nLes objectifs du bac pro commerce sont de donner des comp\u00e9tences en vente centr\u00e9es sur la relation client en unit\u00e9s commerciales de toutes tailles pour vendre des biens ou des services de toutes natures. Ils connaissent les techniques de vente et d\u2019apr\u00e8s-vente et savent organiser des actions commerciales, pr\u00e9parer des documents administratifs et comptables li\u00e9s aux achats et aux ventes pour les transmettre\u00a0au service concern\u00e9.\r\n\r\n\u00c0 la diff\u00e9rence du bachelier vente, le titulaire du bac pro commerce ne se d\u00e9place pas pour aller \u00e0 la rencontre du client. C'est un employ\u00e9 commercial qui intervient dans tout type d'unit\u00e9 commerciale (physique ou virtuelle) afin de mettre \u00e0 la disposition de la client\u00e8le les produits correspondant \u00e0 sa demande. Autonome en entretien de vente, il exerce son activit\u00e9 sous l'autorit\u00e9 d'un responsable. Son activit\u00e9, au sein d'une \u00e9quipe commerciale, consiste \u00e0 participer \u00e0 l'approvisionnement, \u00e0 la vente, \u00e0 la gestion commerciale\r\n\r\nL\u2019accent est mis sur la comp\u00e9tence \u00e0 la vente\u00a0: approche\u00a0\u00ab\u00a0client\u00a0\u00bb, fid\u00e9lisation de la client\u00e8le, etc.\r\n\r\nLa formation sp\u00e9cifique au produit\u00a0est abord\u00e9e au cours des p\u00e9riodes de formation en milieu professionnel.\r\n<h4>Profil requis<\/h4>\r\n<ul>\r\n \t<li>Sortir d'une classe de troisi\u00e8me<\/li>\r\n \t<li>\u00a0Rigueur et aptitude \u00e0 la gestion,<\/li>\r\n \t<li><span style=\"font-size: 14px;line-height: 1.5em\">\u00a0Sens de l\u2019organisation et de la relation humaine\u00a0<\/span><\/li>\r\n \t<li>\u00a0Talent d\u2019animation<\/li>\r\n \t<li>\u00a0Pr\u00e9sentation soign\u00e9e<\/li>\r\n \t<li>\u00a0Esprit d\u2019initiative<\/li>\r\n \t<li>\u00a0Esprit d\u2019\u00e9quipe<\/li>\r\n<\/ul>\r\n<h4>Organisation de la scolarit\u00e9<\/h4>\r\nDomaines d\u2019enseignement \u00a0professionnel :\r\n<table border=\"0\" cellpadding=\"0\">\r\n<tbody>\r\n<tr>\r\n<td valign=\"top\">\r\n<ul>\r\n \t<li>Vendre<\/li>\r\n<\/ul>\r\n<\/td>\r\n<\/tr>\r\n<tr>\r\n<td valign=\"top\">\r\n<ul>\r\n \t<li>Animer<\/li>\r\n<\/ul>\r\n<\/td>\r\n<\/tr>\r\n<tr>\r\n<td valign=\"top\">\r\n<ul>\r\n \t<li>G\u00e9rer<\/li>\r\n<\/ul>\r\n<\/td>\r\n<\/tr>\r\n<tr>\r\n<td valign=\"top\">\r\n<ul>\r\n \t<li>Economie-Droit<\/li>\r\n<\/ul>\r\n<\/td>\r\n<\/tr>\r\n<tr>\r\n<td valign=\"top\">\r\n<ul>\r\n \t<li>PPCP<\/li>\r\n<\/ul>\r\n<\/td>\r\n<\/tr>\r\n<tr>\r\n<td valign=\"top\">\r\n<ul>\r\n \t<li>Education physique et sportive (EPS)<\/li>\r\n<\/ul>\r\n<\/td>\r\n<\/tr>\r\n<\/tbody>\r\n<\/table>\r\nDomaines d\u2019enseignement g\u00e9n\u00e9ral :\r\n<table border=\"0\" cellpadding=\"0\">\r\n<tbody>\r\n<tr>\r\n<td valign=\"top\">\r\n<ul>\r\n \t<li>Fran\u00e7ais<\/li>\r\n<\/ul>\r\n<\/td>\r\n<\/tr>\r\n<tr>\r\n<td valign=\"top\">\r\n<ul>\r\n \t<li>Histoire\/G\u00e9ographie<\/li>\r\n<\/ul>\r\n<\/td>\r\n<\/tr>\r\n<tr>\r\n<td valign=\"top\">\r\n<ul>\r\n \t<li>Langue vivante \u00e9trang\u00e8re (Anglais)<\/li>\r\n<\/ul>\r\n<\/td>\r\n<\/tr>\r\n<tr>\r\n<td valign=\"top\">\r\n<ul>\r\n \t<li>Math\u00e9matiques<\/li>\r\n<\/ul>\r\n<\/td>\r\n<\/tr>\r\n<tr>\r\n<td valign=\"top\">\r\n<ul>\r\n \t<li>Education artistique<\/li>\r\n<\/ul>\r\n<\/td>\r\n<\/tr>\r\n<\/tbody>\r\n<\/table>\r\n<h4>Stage de formation en entreprise<\/h4>\r\nLe stage doit permettre \u00e0 l\u2019\u00e9l\u00e8ve de travailler en situation r\u00e9elle, l\u00e0 o\u00f9 le contact client-vendeur est dominant.\r\n<h4>Plaquette<\/h4>\r\nVous pouvez t\u00e9l\u00e9charger la plaquette <a href=\"\/?attachment_id=360\">ici<\/a>.","_et_gb_content_width":"","footnotes":"","_links_to":"","_links_to_target":""},"class_list":["post-1714","page","type-page","status-publish","hentry"],"_links":{"self":[{"href":"https:\/\/etab.ac-reunion.fr\/lyc-isnelle-amelin\/wp-json\/wp\/v2\/pages\/1714","targetHints":{"allow":["GET"]}}],"collection":[{"href":"https:\/\/etab.ac-reunion.fr\/lyc-isnelle-amelin\/wp-json\/wp\/v2\/pages"}],"about":[{"href":"https:\/\/etab.ac-reunion.fr\/lyc-isnelle-amelin\/wp-json\/wp\/v2\/types\/page"}],"author":[{"embeddable":true,"href":"https:\/\/etab.ac-reunion.fr\/lyc-isnelle-amelin\/wp-json\/wp\/v2\/users\/3775"}],"replies":[{"embeddable":true,"href":"https:\/\/etab.ac-reunion.fr\/lyc-isnelle-amelin\/wp-json\/wp\/v2\/comments?post=1714"}],"version-history":[{"count":3,"href":"https:\/\/etab.ac-reunion.fr\/lyc-isnelle-amelin\/wp-json\/wp\/v2\/pages\/1714\/revisions"}],"predecessor-version":[{"id":12238,"href":"https:\/\/etab.ac-reunion.fr\/lyc-isnelle-amelin\/wp-json\/wp\/v2\/pages\/1714\/revisions\/12238"}],"up":[{"embeddable":true,"href":"https:\/\/etab.ac-reunion.fr\/lyc-isnelle-amelin\/wp-json\/wp\/v2\/pages\/1720"}],"wp:attachment":[{"href":"https:\/\/etab.ac-reunion.fr\/lyc-isnelle-amelin\/wp-json\/wp\/v2\/media?parent=1714"}],"curies":[{"name":"wp","href":"https:\/\/api.w.org\/{rel}","templated":true}]}}