{"id":1720,"date":"2015-10-04T12:18:08","date_gmt":"2015-10-04T08:18:08","guid":{"rendered":"http:\/\/lycee-isnelle-amelin.ac-reunion.fr\/?page_id=1720"},"modified":"2015-10-04T12:19:12","modified_gmt":"2015-10-04T08:19:12","slug":"bac-pro","status":"publish","type":"page","link":"https:\/\/etab.ac-reunion.fr\/lyc-isnelle-amelin\/bac-pro","title":{"rendered":"BAC PRO"},"content":{"rendered":"<p>Le baccalaur\u00e9at professionnel se pr\u00e9pare en trois ans apr\u00e8s la troisi\u00e8me. Il existe pr\u00e8s de 80 sp\u00e9cialit\u00e9s. En formation initiale, le passage du brevet d&rsquo;\u00e9tudes professionnelles (<acronym title=\"Brevet d'\u00e9tudes professionnelles\">BEP)<\/acronym> ou du certificat d&rsquo;aptitude professionnelle (<acronym title=\"Certificat d'aptitude professionnelle\">CAP)<\/acronym> est int\u00e9gr\u00e9 dans ce parcours.<\/p>\n<h4>Pr\u00e9paration du baccalaur\u00e9at professionnel en trois ans<\/h4>\n<p>Le baccalaur\u00e9at professionnel se pr\u00e9pare <b>en trois ans.<\/b>. Les lyc\u00e9ens suivent une seconde, premi\u00e8re et terminale professionnelles.<\/p>\n<h4>Pr\u00e9paration d&rsquo;un dipl\u00f4me interm\u00e9diaire<\/h4>\n<p><b>L&rsquo;obtention d&rsquo;un<\/b><b> dipl\u00f4me interm\u00e9diaire<\/b> (<acronym title=\"Brevet d'\u00e9tudes professionnelles\">BEP<\/acronym> ou\u00a0<acronym title=\"Certificat d'aptitude professionnelle\">CAP<\/acronym>\u00a0plus rarement) est <b>int\u00e9gr\u00e9e au parcours<\/b> mais n&rsquo;est pas obligatoire pour obtenir le baccalaur\u00e9at professionnel. Cette certification permet aux \u00e9l\u00e8ves de savoir quelles comp\u00e9tences professionnelles ils ont d\u00e9j\u00e0 acquis.<\/p>\n<h4>Des passerelles facilit\u00e9es<\/h4>\n<ul>\n<li>entre l\u2019enseignement professionnel et l\u2019enseignement g\u00e9n\u00e9ral et technologique, dans les deux sens<\/li>\n<li>entre le\u00a0<acronym title=\"Certificat d'aptitude professionnelle\">CAP <\/acronym>et le baccalaur\u00e9at professionnel. Dans ce cas, le cursus reste de quatre ans.<\/li>\n<li>entre la voie scolaire et l&rsquo;apprentissage.<\/li>\n<\/ul>\n<h4>Accompagnement personnalis\u00e9<\/h4>\n<p>L\u2019accompagnement personnalis\u00e9 permet de r\u00e9pondre aux besoins des \u00e9l\u00e8ves, qu&rsquo;il s&rsquo;agisse de compenser les difficult\u00e9s scolaires ou de pr\u00e9parer une poursuite d&rsquo;\u00e9tudes. Il figure dans les grilles horaires de la m\u00eame fa\u00e7on que les enseignements obligatoires.<\/p>\n<p>En savoir plus sur le site <a href=\"http:\/\/www.education.gouv.fr\/cid2552\/le-baccalaureat-professionnel.html\" target=\"_blank\">\u00ab\u00a0Education.gouv.fr\u00a0\u00bb<\/a><\/p>\n<!-- AddThis Advanced Settings generic via filter on the_content --><!-- AddThis Share Buttons generic via filter on the_content -->","protected":false},"excerpt":{"rendered":"<p>Le baccalaur\u00e9at professionnel se pr\u00e9pare en trois ans apr\u00e8s la troisi\u00e8me. Il existe pr\u00e8s de 80 sp\u00e9cialit\u00e9s. En formation initiale, le passage du brevet d&rsquo;\u00e9tudes professionnelles (BEP) ou du certificat [&hellip;]<!-- AddThis Advanced Settings generic via filter on get_the_excerpt --><!-- AddThis Share Buttons generic via filter on get_the_excerpt --><\/p>\n","protected":false},"author":3775,"featured_media":0,"parent":0,"menu_order":0,"comment_status":"closed","ping_status":"closed","template":"","meta":{"_et_pb_use_builder":"","_et_pb_old_content":"","_et_gb_content_width":"","footnotes":"","_links_to":"","_links_to_target":""},"class_list":["post-1720","page","type-page","status-publish","hentry"],"_links":{"self":[{"href":"https:\/\/etab.ac-reunion.fr\/lyc-isnelle-amelin\/wp-json\/wp\/v2\/pages\/1720","targetHints":{"allow":["GET"]}}],"collection":[{"href":"https:\/\/etab.ac-reunion.fr\/lyc-isnelle-amelin\/wp-json\/wp\/v2\/pages"}],"about":[{"href":"https:\/\/etab.ac-reunion.fr\/lyc-isnelle-amelin\/wp-json\/wp\/v2\/types\/page"}],"author":[{"embeddable":true,"href":"https:\/\/etab.ac-reunion.fr\/lyc-isnelle-amelin\/wp-json\/wp\/v2\/users\/3775"}],"replies":[{"embeddable":true,"href":"https:\/\/etab.ac-reunion.fr\/lyc-isnelle-amelin\/wp-json\/wp\/v2\/comments?post=1720"}],"version-history":[{"count":1,"href":"https:\/\/etab.ac-reunion.fr\/lyc-isnelle-amelin\/wp-json\/wp\/v2\/pages\/1720\/revisions"}],"predecessor-version":[{"id":1721,"href":"https:\/\/etab.ac-reunion.fr\/lyc-isnelle-amelin\/wp-json\/wp\/v2\/pages\/1720\/revisions\/1721"}],"wp:attachment":[{"href":"https:\/\/etab.ac-reunion.fr\/lyc-isnelle-amelin\/wp-json\/wp\/v2\/media?parent=1720"}],"curies":[{"name":"wp","href":"https:\/\/api.w.org\/{rel}","templated":true}]}}