{"id":1730,"date":"2015-10-04T17:47:12","date_gmt":"2015-10-04T13:47:12","guid":{"rendered":"http:\/\/lycee-isnelle-amelin.ac-reunion.fr\/?page_id=1730"},"modified":"2020-03-17T21:43:57","modified_gmt":"2020-03-17T17:43:57","slug":"bac-pro-gestion-administration","status":"publish","type":"page","link":"https:\/\/etab.ac-reunion.fr\/lyc-isnelle-amelin\/bac-pro\/bac-pro-gestion-administration","title":{"rendered":"BAC PRO Gestion Administration"},"content":{"rendered":"\n[et_pb_section][et_pb_row][et_pb_column type=\u00a0\u00bb4_4&Prime;][et_pb_text]<h3>Pr\u00e9sentation<\/h3>\nFormation en 3 ans apr\u00e8s la troisi\u00e8me int\u00e9grant un dipl\u00f4me interm\u00e9diaire du&nbsp; BEMSA (M\u00e9tiers des Services Administratifs)\n\nPour une pr\u00e9sentation d\u00e9taill\u00e9e de la section, consultez la plaquette :\n\n<a href=\"https:\/\/etab.ac-reunion.fr\/lyc-isnelle-amelin\/wp-content\/uploads\/sites\/43\/2014\/01\/brochure-bac-ga-2.pdf\">Plaquette Bac Pro Gestion Administration<\/a>\n\n&nbsp;[\/et_pb_text][\/et_pb_column][\/et_pb_row][\/et_pb_section]\n<!-- AddThis Advanced Settings generic via filter on the_content --><!-- AddThis Share Buttons generic via filter on the_content -->","protected":false},"excerpt":{"rendered":"<p><!-- AddThis Advanced Settings generic via filter on the_excerpt --><!-- AddThis Share Buttons generic via filter on the_excerpt --><\/p>\n","protected":false},"author":3775,"featured_media":0,"parent":1720,"menu_order":0,"comment_status":"closed","ping_status":"closed","template":"","meta":{"_et_pb_use_builder":"on","_et_pb_old_content":"<h3>Pr\u00e9sentation<\/h3>\nFormation en 3 ans apr\u00e8s la troisi\u00e8me int\u00e9grant un dipl\u00f4me interm\u00e9diaire du&nbsp; BEMSA (M\u00e9tiers des Services Administratifs)\n\nPour une pr\u00e9sentation d\u00e9taill\u00e9e de la section, consultez la plaquette :\n\n<a href=\"https:\/\/etab.ac-reunion.fr\/lyc-isnelle-amelin\/wp-content\/uploads\/sites\/43\/2014\/01\/brochure-bac-ga-2.pdf\">Plaquette Bac Pro Gestion Administration<\/a>\n\n&nbsp;","_et_gb_content_width":"","footnotes":"","_links_to":"","_links_to_target":""},"class_list":["post-1730","page","type-page","status-publish","hentry"],"_links":{"self":[{"href":"https:\/\/etab.ac-reunion.fr\/lyc-isnelle-amelin\/wp-json\/wp\/v2\/pages\/1730","targetHints":{"allow":["GET"]}}],"collection":[{"href":"https:\/\/etab.ac-reunion.fr\/lyc-isnelle-amelin\/wp-json\/wp\/v2\/pages"}],"about":[{"href":"https:\/\/etab.ac-reunion.fr\/lyc-isnelle-amelin\/wp-json\/wp\/v2\/types\/page"}],"author":[{"embeddable":true,"href":"https:\/\/etab.ac-reunion.fr\/lyc-isnelle-amelin\/wp-json\/wp\/v2\/users\/3775"}],"replies":[{"embeddable":true,"href":"https:\/\/etab.ac-reunion.fr\/lyc-isnelle-amelin\/wp-json\/wp\/v2\/comments?post=1730"}],"version-history":[{"count":3,"href":"https:\/\/etab.ac-reunion.fr\/lyc-isnelle-amelin\/wp-json\/wp\/v2\/pages\/1730\/revisions"}],"predecessor-version":[{"id":12429,"href":"https:\/\/etab.ac-reunion.fr\/lyc-isnelle-amelin\/wp-json\/wp\/v2\/pages\/1730\/revisions\/12429"}],"up":[{"embeddable":true,"href":"https:\/\/etab.ac-reunion.fr\/lyc-isnelle-amelin\/wp-json\/wp\/v2\/pages\/1720"}],"wp:attachment":[{"href":"https:\/\/etab.ac-reunion.fr\/lyc-isnelle-amelin\/wp-json\/wp\/v2\/media?parent=1730"}],"curies":[{"name":"wp","href":"https:\/\/api.w.org\/{rel}","templated":true}]}}