{"id":17695,"date":"2024-02-08T10:58:41","date_gmt":"2024-02-08T06:58:41","guid":{"rendered":"https:\/\/etab.ac-reunion.fr\/lyc-isnelle-amelin\/?page_id=17695"},"modified":"2024-02-08T11:08:02","modified_gmt":"2024-02-08T07:08:02","slug":"le-bureau-des-entreprises","status":"publish","type":"page","link":"https:\/\/etab.ac-reunion.fr\/lyc-isnelle-amelin\/le-bureau-des-entreprises","title":{"rendered":"Le bureau des entreprises"},"content":{"rendered":"\n<p>Dans le cadre de la r\u00e9forme des lyc\u00e9es professionnels, les partenariats et la relation entre l\u2019\u00c9cole et l\u2019entreprise sont renforc\u00e9s, au service de la r\u00e9ussite des \u00e9l\u00e8ves. Aussi,\u00a0<strong>un bureau des entreprises, pilot\u00e9 par Mme Avola, est pr\u00e9sent dans notre lyc\u00e9e professionnel<\/strong>. Il r\u00e9pond au besoin d\u2019organisation et de d\u00e9veloppement de partenariats avec les acteurs professionnels.<\/p>\n\n\n\n<p>Il s\u2019agit d\u2019un lieu unique&nbsp;<strong>au profit de l\u2019ensemble des publics accueillis dans le lyc\u00e9e : \u00e9l\u00e8ves, apprentis, \u00e9tudiants et stagiaires de la formation professionnelle continue<\/strong>. Ce bureau est \u00e9galement un point d\u2019<strong>accueil pour tous les partenaires ext\u00e9rieurs&nbsp;<\/strong>permettant de faciliter le d\u00e9veloppement d\u2019actions conjointes.<\/p>\n\n\n\n<p>Le bureau des entreprises contribue \u00e0 l\u2019attractivit\u00e9 des formations professionnelles, \u00e0 la r\u00e9ussite des parcours de formation, \u00e0 l\u2019am\u00e9lioration de l\u2019insertion professionnelle et \u00e0 l\u2019adaptation des formations aux besoins en comp\u00e9tences du territoire.<\/p>\n\n\n\n<p>Il est plac\u00e9 sous la responsabilit\u00e9 du proviseur Mme Demery et sous la coordination du directeur d\u00e9l\u00e9gu\u00e9 aux formations professionnelles et technologiques, Mr Monget.<\/p>\n\n\n\n<figure class=\"wp-block-image aligncenter size-large is-resized\"><img loading=\"lazy\" decoding=\"async\" width=\"908\" height=\"926\" src=\"https:\/\/etab.ac-reunion.fr\/lyc-isnelle-amelin\/wp-content\/uploads\/sites\/43\/2024\/02\/image-edited.png\" alt=\"\" class=\"wp-image-17698\" style=\"width:1107px;height:auto\" srcset=\"https:\/\/etab.ac-reunion.fr\/lyc-isnelle-amelin\/wp-content\/uploads\/sites\/43\/2024\/02\/image-edited.png 908w, https:\/\/etab.ac-reunion.fr\/lyc-isnelle-amelin\/wp-content\/uploads\/sites\/43\/2024\/02\/image-edited-480x490.png 480w\" sizes=\"(min-width: 0px) and (max-width: 480px) 480px, (min-width: 481px) 908px, 100vw\" \/><\/figure>\n\n\n\n<h2 class=\"wp-block-heading\" id=\"summary-item-2\">Les missions du bureau des entreprises<\/h2>\n\n\n\n<p>Le bureau des entreprises articule ses activit\u00e9s autour de trois axes&nbsp;:&nbsp;<\/p>\n\n\n\n<h3 class=\"wp-block-heading\" id=\"summary-item-3\">Axe 1 \u2013 D\u00e9velopper des partenariats avec les acteurs \u00e9conomiques du territoire<\/h3>\n\n\n\n<ul class=\"wp-block-list\">\n<li>D\u00e9veloppement de la relation lyc\u00e9e-entreprise : recherche, formalisation et suivi des partenariats avec les acteurs \u00e9conomiques du territoire&nbsp;;<\/li>\n\n\n\n<li>Organisation d\u2019\u00e9v\u00e9nements avec les partenaires professionnels du lyc\u00e9e pour faciliter leur participation aux activit\u00e9s de l\u2019\u00e9tablissement (forums des m\u00e9tiers ou de fili\u00e8res, r\u00e9ception des tuteurs dans l\u2019\u00e9tablissement, participation \u00e0 la remise des dipl\u00f4mes ou autres manifestations concourant \u00e0 l\u2019insertion, intervention aupr\u00e8s des \u00e9l\u00e8ves, tutorat, projets p\u00e9dagogiques communs, etc.)&nbsp;;<\/li>\n\n\n\n<li>Contribution \u00e0 l\u2019\u00e9volution de la carte des formations de l\u2019\u00e9tablissement, en recensant les besoins exprim\u00e9s par les partenaires professionnels du lyc\u00e9e&nbsp;;<\/li>\n\n\n\n<li>Participation \u00e0 la collecte du solde de la taxe d\u2019apprentissage.<\/li>\n<\/ul>\n\n\n\n<h3 class=\"wp-block-heading\" id=\"summary-item-4\">Axe 2 \u2013 Faire vivre la relation \u00e9cole\/entreprise dans les parcours des apprenants<\/h3>\n\n\n\n<ul class=\"wp-block-list\">\n<li>Appui \u00e0 la pr\u00e9paration des temps de formation en milieu professionnel&nbsp;;<\/li>\n\n\n\n<li>Appui \u00e0 la valorisation p\u00e9dagogique des comp\u00e9tences acquises lors des temps de formation en milieu professionnel (documents de suivi, livrets d\u2019alternance entre \u00e9tablissement&nbsp;de formation, milieu professionnel, etc.)&nbsp;;<\/li>\n\n\n\n<li>Appui, en lien avec les secteurs \u00e9conomiques locaux et aux c\u00f4t\u00e9s des conseillers France Travail, dans l\u2019accompagnement \u00e0 l\u2019insertion professionnelle des \u00e9l\u00e8ves en classe terminale&nbsp;;<\/li>\n\n\n\n<li>Appui \u00e0 l\u2019organisation du suivi de l\u2019insertion professionnelle des publics sortants de l\u2019\u00e9tablissement&nbsp;;<\/li>\n\n\n\n<li>Contribution au sentiment d\u2019appartenance au lyc\u00e9e professionnel et installation de r\u00e9seaux d\u2019anciens \u00e9l\u00e8ves (alumni)&nbsp;: les apprenants d\u2019aujourd\u2019hui sont les tuteurs de demain.<\/li>\n<\/ul>\n\n\n\n<h3 class=\"wp-block-heading\" id=\"summary-item-5\">Axe 3 \u2013 Organiser les temps de formation en milieu professionnel<\/h3>\n\n\n\n<ul class=\"wp-block-list\">\n<li>Recensement, actualisation et suivi de la qualit\u00e9 des sites d\u2019accueil des \u00e9l\u00e8ves&nbsp;;<\/li>\n\n\n\n<li>Communication aupr\u00e8s des acteurs \u00e9conomiques (ressources humaines et tuteurs)&nbsp;: r\u00e9glementation, documents de suivi et d\u2019accompagnement, etc.&nbsp;;<\/li>\n\n\n\n<li>Appui aux \u00e9l\u00e8ves dans leur recherche des lieux d\u2019accueil en concertation avec l\u2019\u00e9quipe p\u00e9dagogique&nbsp;;<\/li>\n\n\n\n<li>Appui \u00e0 l\u2019organisation du suivi (convention, professeur r\u00e9f\u00e9rent, lien avec tuteur, visites)&nbsp;;<\/li>\n\n\n\n<li>Suivi des allocations de p\u00e9riodes de formation en milieu professionnel (PFMP)&nbsp;;<\/li>\n\n\n\n<li>Soutien \u00e0 la mise en place de la mobilit\u00e9 europ\u00e9enne et internationale.<\/li>\n<\/ul>\n<!-- AddThis Advanced Settings generic via filter on the_content --><!-- AddThis Share Buttons generic via filter on the_content -->","protected":false},"excerpt":{"rendered":"<p>Dans le cadre de la r\u00e9forme des lyc\u00e9es professionnels, les partenariats et la relation entre l\u2019\u00c9cole et l\u2019entreprise sont renforc\u00e9s, au service de la r\u00e9ussite des \u00e9l\u00e8ves. Aussi,\u00a0un bureau des [&hellip;]<!-- AddThis Advanced Settings generic via filter on get_the_excerpt --><!-- AddThis Share Buttons generic via filter on get_the_excerpt --><\/p>\n","protected":false},"author":8646,"featured_media":0,"parent":0,"menu_order":0,"comment_status":"closed","ping_status":"closed","template":"","meta":{"_et_pb_use_builder":"off","_et_pb_old_content":"","_et_gb_content_width":"1080","footnotes":"","_links_to":"","_links_to_target":""},"class_list":["post-17695","page","type-page","status-publish","hentry"],"_links":{"self":[{"href":"https:\/\/etab.ac-reunion.fr\/lyc-isnelle-amelin\/wp-json\/wp\/v2\/pages\/17695","targetHints":{"allow":["GET"]}}],"collection":[{"href":"https:\/\/etab.ac-reunion.fr\/lyc-isnelle-amelin\/wp-json\/wp\/v2\/pages"}],"about":[{"href":"https:\/\/etab.ac-reunion.fr\/lyc-isnelle-amelin\/wp-json\/wp\/v2\/types\/page"}],"author":[{"embeddable":true,"href":"https:\/\/etab.ac-reunion.fr\/lyc-isnelle-amelin\/wp-json\/wp\/v2\/users\/8646"}],"replies":[{"embeddable":true,"href":"https:\/\/etab.ac-reunion.fr\/lyc-isnelle-amelin\/wp-json\/wp\/v2\/comments?post=17695"}],"version-history":[{"count":2,"href":"https:\/\/etab.ac-reunion.fr\/lyc-isnelle-amelin\/wp-json\/wp\/v2\/pages\/17695\/revisions"}],"predecessor-version":[{"id":17701,"href":"https:\/\/etab.ac-reunion.fr\/lyc-isnelle-amelin\/wp-json\/wp\/v2\/pages\/17695\/revisions\/17701"}],"wp:attachment":[{"href":"https:\/\/etab.ac-reunion.fr\/lyc-isnelle-amelin\/wp-json\/wp\/v2\/media?parent=17695"}],"curies":[{"name":"wp","href":"https:\/\/api.w.org\/{rel}","templated":true}]}}