{"id":2319,"date":"2017-04-26T10:47:36","date_gmt":"2017-04-26T06:47:36","guid":{"rendered":"http:\/\/lycee-isnelle-amelin.ac-reunion.fr\/?page_id=2319"},"modified":"2023-06-22T12:42:38","modified_gmt":"2023-06-22T08:42:38","slug":"charte-pour-les-usagers-du-cdi","status":"publish","type":"page","link":"https:\/\/etab.ac-reunion.fr\/lyc-isnelle-amelin\/charte-pour-les-usagers-du-cdi","title":{"rendered":"CHARTE POUR LES USAGERS DU CDI"},"content":{"rendered":"\n<p>1.&nbsp;Le Centre de Documentation et d\u2019Information du Lyc\u00e9e&nbsp;Isnelle&nbsp;Amelin&nbsp;(CDI) est&nbsp;sous la responsabilit\u00e9 du&nbsp;<strong>Professeure Documentaliste&nbsp;: Madame MARCHESE Emilie<\/strong>.<\/p>\n\n\n\n<p>2.&nbsp;Le CDI est&nbsp;ouvert \u00e0 l\u2019ensemble des membres de la communaut\u00e9 \u00e9ducative&nbsp;qui souhaitent. Dans ce lieu, vous pouvez&nbsp;: mener une recherche documentaire, utiliser les&nbsp;ressources multi supports,&nbsp;effectuer des&nbsp;emprunts, visiter une exposition temporaire, participer \u00e0 une action culturelle, d\u00e9couvrir les nouveaut\u00e9s, lire et effectuer du travail personnel. &nbsp;<\/p>\n\n\n\n<p>3.&nbsp;Le CDI est ouvert le lundi, le mardi, le jeudi et le vendredi&nbsp;(L\u2019emploi du temps est affich\u00e9 dans la vitrine \u00e0 l\u2019entr\u00e9e du CDI)<\/p>\n\n\n\n<p>4.&nbsp;Le r\u00e8glement int\u00e9rieur de l\u2019\u00e9tablissement s\u2019applique au CDI. Certaines r\u00e8gles sp\u00e9cifiques au CDI permettent le mieux vivre ensemble.<\/p>\n\n\n\n<p>5.&nbsp;Le calme et le respect d\u2019autrui sont de rigueur, Les usagers du CDI doivent respecter l\u2019espace,&nbsp;les personnes et les ressources.&nbsp;Le professeur documentaliste se r\u00e9serve le droit d\u2019exclure du CDI un \u00e9l\u00e8ve qui n\u2019aurait pas eu un comportement respectueux. Vols et d\u00e9gradations volontaires font l\u2019objet d\u2019un signalement \u00e0 la vie scolaire.<\/p>\n\n\n\n<p>6.&nbsp;Les sacs doivent \u00eatre d\u00e9pos\u00e9s \u00e0 l\u2019emplacement pr\u00e9vu \u00e0 cet effet. En arrivant les \u00e9l\u00e8ves&nbsp;doivent s\u2019inscrire.&nbsp;<\/p>\n\n\n\n<p>7.&nbsp;Les \u00e9l\u00e8ves ont libre acc\u00e8s aux documents : ceux-ci&nbsp;doivent \u00eatre&nbsp;remis soigneusement \u00e0 leur placeapr\u00e8s utilisation. Si besoin est, adressez-vous au professeur documentaliste qui vous aidera&nbsp;dans vos recherches.<\/p>\n\n\n\n<p>8.&nbsp;Les documents emprunt\u00e9s doivent \u00eatre enregistr\u00e9s aupr\u00e8s du professeur documentaliste et devront \u00eatre rendus dans les d\u00e9lais fix\u00e9s lors du pr\u00eat.&nbsp;Lors de la restitution des documents, ilsdoivent \u00eatre remis en main propre au personnel du CDI qui en effectuera le retour. La dur\u00e9e du pr\u00eat est variable en fonction du type de document. Le pr\u00eat peut \u00eatre prolong\u00e9 \u00e0 la demande sauf en cas de r\u00e9servation par un autre emprunteur. En cas de retard de retour de pr\u00eat, un rappel est effectu\u00e9. On ne peut pas emprunter un document si on n\u2019est pas \u00e0 jour dans les retours de pr\u00eat.&nbsp;<\/p>\n\n\n\n<p>9.&nbsp;Tout document perdu ou d\u00e9t\u00e9rior\u00e9 devra \u00eatre remplac\u00e9 dans une \u00e9dition de qualit\u00e9 au moins \u00e9quivalente.&nbsp;<em>Les pr\u00eats sont nominatifs et engagent la responsabilit\u00e9 de l\u2019emprunteur.<\/em><\/p>\n\n\n\n<p>10.&nbsp;L\u2019utilisation du mat\u00e9riel et des outils informatiques, notamment Internet est&nbsp;soumise \u00e0 l\u2019autorisation du professeur documentaliste et est r\u00e9serv\u00e9e \u00e0 un usage&nbsp;<em>p\u00e9dagogique ou \u00e9ducatif.<\/em><\/p>\n\n\n\n<p>11.&nbsp;La nourriture et la boisson doivent rester dans les sacs et \u00eatre consomm\u00e9es \u00e0 l\u2019ext\u00e9rieur du CDI.&nbsp;<\/p>\n\n\n\n<p>12.&nbsp;L\u2019usage du t\u00e9l\u00e9phone portable est tol\u00e9r\u00e9 tant qu\u2019il sert au travail et ne constitue aucune g\u00eane pour les autres.&nbsp;Il n\u2019est pas permis de passer ou de recevoir des appels ni de charger de son t\u00e9l\u00e9phone&nbsp;au CDI.<\/p>\n\n\n\n<p>13.&nbsp;Photocopies et impressions sont effectu\u00e9es&nbsp;<em>sur demande<\/em>&nbsp;aupr\u00e8s du personnel du CDI,&nbsp;uniquement<em>&nbsp;en quantit\u00e9s limit\u00e9es<\/em>&nbsp;et dans le respect des&nbsp;droits d\u2019auteurs ; elles doivent servir \u00e0 des projets p\u00e9dagogiques pr\u00e9cis. Les impressions de dossiers ne sont pas autoris\u00e9es.<\/p>\n<!-- AddThis Advanced Settings generic via filter on the_content --><!-- AddThis Share Buttons generic via filter on the_content -->","protected":false},"excerpt":{"rendered":"<p>1.&nbsp;Le Centre de Documentation et d\u2019Information du Lyc\u00e9e&nbsp;Isnelle&nbsp;Amelin&nbsp;(CDI) est&nbsp;sous la responsabilit\u00e9 du&nbsp;Professeure Documentaliste&nbsp;: Madame MARCHESE Emilie. 2.&nbsp;Le CDI est&nbsp;ouvert \u00e0 l\u2019ensemble des membres de la communaut\u00e9 \u00e9ducative&nbsp;qui souhaitent. Dans ce [&hellip;]<!-- AddThis Advanced Settings generic via filter on get_the_excerpt --><!-- AddThis Share Buttons generic via filter on get_the_excerpt --><\/p>\n","protected":false},"author":3775,"featured_media":13945,"parent":0,"menu_order":0,"comment_status":"closed","ping_status":"closed","template":"","meta":{"_et_pb_use_builder":"","_et_pb_old_content":"","_et_gb_content_width":"1080","footnotes":"","_links_to":"","_links_to_target":""},"class_list":["post-2319","page","type-page","status-publish","has-post-thumbnail","hentry"],"_links":{"self":[{"href":"https:\/\/etab.ac-reunion.fr\/lyc-isnelle-amelin\/wp-json\/wp\/v2\/pages\/2319","targetHints":{"allow":["GET"]}}],"collection":[{"href":"https:\/\/etab.ac-reunion.fr\/lyc-isnelle-amelin\/wp-json\/wp\/v2\/pages"}],"about":[{"href":"https:\/\/etab.ac-reunion.fr\/lyc-isnelle-amelin\/wp-json\/wp\/v2\/types\/page"}],"author":[{"embeddable":true,"href":"https:\/\/etab.ac-reunion.fr\/lyc-isnelle-amelin\/wp-json\/wp\/v2\/users\/3775"}],"replies":[{"embeddable":true,"href":"https:\/\/etab.ac-reunion.fr\/lyc-isnelle-amelin\/wp-json\/wp\/v2\/comments?post=2319"}],"version-history":[{"count":3,"href":"https:\/\/etab.ac-reunion.fr\/lyc-isnelle-amelin\/wp-json\/wp\/v2\/pages\/2319\/revisions"}],"predecessor-version":[{"id":17340,"href":"https:\/\/etab.ac-reunion.fr\/lyc-isnelle-amelin\/wp-json\/wp\/v2\/pages\/2319\/revisions\/17340"}],"wp:featuredmedia":[{"embeddable":true,"href":"https:\/\/etab.ac-reunion.fr\/lyc-isnelle-amelin\/wp-json\/wp\/v2\/media\/13945"}],"wp:attachment":[{"href":"https:\/\/etab.ac-reunion.fr\/lyc-isnelle-amelin\/wp-json\/wp\/v2\/media?parent=2319"}],"curies":[{"name":"wp","href":"https:\/\/api.w.org\/{rel}","templated":true}]}}