{"id":5159,"date":"2019-01-25T10:25:06","date_gmt":"2019-01-25T06:25:06","guid":{"rendered":"http:\/\/lycee-isnelle-amelin.ac-reunion.fr\/?page_id=5159"},"modified":"2022-03-02T21:43:59","modified_gmt":"2022-03-02T17:43:59","slug":"fonds-sociaux","status":"publish","type":"page","link":"https:\/\/etab.ac-reunion.fr\/lyc-isnelle-amelin\/aides-bourses\/fonds-sociaux","title":{"rendered":"Fonds Sociaux"},"content":{"rendered":"[et_pb_section fb_built=\u00a0\u00bb1&Prime; _builder_version=\u00a0\u00bb3.22&Prime; global_colors_info=\u00a0\u00bb{}\u00a0\u00bb][et_pb_row column_structure=\u00a0\u00bb1_4,3_4&Prime; module_class=\u00a0\u00bb et_pb_row_fullwidth\u00a0\u00bb _builder_version=\u00a0\u00bb3.25&Prime; width=\u00a0\u00bb100%\u00a0\u00bb width_tablet=\u00a0\u00bb100%\u00a0\u00bb width_phone=\u00a0\u00bb100%\u00a0\u00bb width_last_edited=\u00a0\u00bbon|desktop\u00a0\u00bb max_width=\u00a0\u00bb100%\u00a0\u00bb max_width_tablet=\u00a0\u00bb100%\u00a0\u00bb max_width_phone=\u00a0\u00bb100%\u00a0\u00bb max_width_last_edited=\u00a0\u00bbon|desktop\u00a0\u00bb make_fullwidth=\u00a0\u00bbon\u00a0\u00bb global_colors_info=\u00a0\u00bb{}\u00a0\u00bb][et_pb_column type=\u00a0\u00bb1_4&Prime; _builder_version=\u00a0\u00bb3.25&Prime; custom_padding=\u00a0\u00bb|||\u00a0\u00bb global_colors_info=\u00a0\u00bb{}\u00a0\u00bb custom_padding__hover=\u00a0\u00bb|||\u00a0\u00bb][et_pb_image src=\u00a0\u00bbhttps:\/\/etab.ac-reunion.fr\/lyc-isnelle-amelin\/wp-content\/uploads\/sites\/43\/2019\/02\/Sans-titre.png\u00a0\u00bb align_tablet=\u00a0\u00bbcenter\u00a0\u00bb align_phone=\u00a0\u00bbcenter\u00a0\u00bb align_last_edited=\u00a0\u00bbon|desktop\u00a0\u00bb _builder_version=\u00a0\u00bb3.23&Prime; module_alignment=\u00a0\u00bbleft\u00a0\u00bb custom_margin_tablet=\u00a0\u00bb-87px||\u00a0\u00bb custom_margin_phone=\u00a0\u00bb|||-46px\u00a0\u00bb custom_margin_last_edited=\u00a0\u00bbon|desktop\u00a0\u00bb custom_padding=\u00a0\u00bb40px|||40px\u00a0\u00bb custom_padding_tablet=\u00a0\u00bb\u00a0\u00bb custom_padding_phone=\u00a0\u00bb\u00a0\u00bb custom_padding_last_edited=\u00a0\u00bbon|desktop\u00a0\u00bb global_colors_info=\u00a0\u00bb{}\u00a0\u00bb][\/et_pb_image][\/et_pb_column][et_pb_column type=\u00a0\u00bb3_4&Prime; _builder_version=\u00a0\u00bb3.25&Prime; custom_padding=\u00a0\u00bb|||\u00a0\u00bb global_colors_info=\u00a0\u00bb{}\u00a0\u00bb custom_padding__hover=\u00a0\u00bb|||\u00a0\u00bb][et_pb_text _builder_version=\u00a0\u00bb4.14.8&Prime; header_font=\u00a0\u00bb||||||||\u00a0\u00bb custom_margin_tablet=\u00a0\u00bb|40px||40px\u00a0\u00bb custom_margin_phone=\u00a0\u00bb|40px||\u00a0\u00bb custom_margin_last_edited=\u00a0\u00bbon|tablet\u00a0\u00bb custom_padding=\u00a0\u00bb40px||\u00a0\u00bb custom_padding_tablet=\u00a0\u00bb\u00a0\u00bb custom_padding_phone=\u00a0\u00bb\u00a0\u00bb custom_padding_last_edited=\u00a0\u00bbon|desktop\u00a0\u00bb hover_enabled=\u00a0\u00bb0&Prime; header_font_size_tablet=\u00a0\u00bb28px\u00a0\u00bb header_font_size_phone=\u00a0\u00bb25px\u00a0\u00bb header_font_size_last_edited=\u00a0\u00bbon|phone\u00a0\u00bb global_colors_info=\u00a0\u00bb{}\u00a0\u00bb sticky_enabled=\u00a0\u00bb0&Prime;]\n<h1><strong>Comment formuler une demande d\u2019aide\u00a0?<\/strong><\/h1>\n<p>&nbsp;<\/p>\n<p>2 possibilit\u00e9s\u00a0:<\/p>\n<ul>\n<li>Prendre rendez vous avec l\u2019assistante sociale Madame MARTY Fanny : 02.62.93.17.00<\/li>\n<\/ul>\n<p>Pr\u00e9sente au lyc\u00e9e les lundis (8h30 &#8211; 17h), mardis (8h30 &#8211; 17h) et mercredis\u00a0matin (8h &#8211; 13h)<\/p>\n<ul>\n<li>Retirer directement un dossier au service gestion<\/li>\n<\/ul>\n<p>Le dossier devra \u00eatre remis \u00e0 Madame MARTY Fanny<\/p>\n<p>&nbsp;<\/p>\n[\/et_pb_text][\/et_pb_column][\/et_pb_row][et_pb_row _builder_version=\u00a0\u00bb4.14.8&Prime; _module_preset=\u00a0\u00bbdefault\u00a0\u00bb global_colors_info=\u00a0\u00bb{}\u00a0\u00bb][et_pb_column type=\u00a0\u00bb4_4&Prime; _builder_version=\u00a0\u00bb4.14.8&Prime; _module_preset=\u00a0\u00bbdefault\u00a0\u00bb global_colors_info=\u00a0\u00bb{}\u00a0\u00bb][et_pb_video src=\u00a0\u00bbhttps:\/\/etab.ac-reunion.fr\/lyc-isnelle-amelin\/wp-content\/uploads\/sites\/43\/2022\/03\/fond-social-site-2.mp4&Prime; _builder_version=\u00a0\u00bb4.14.8&Prime; _module_preset=\u00a0\u00bbdefault\u00a0\u00bb global_colors_info=\u00a0\u00bb{}\u00a0\u00bb][\/et_pb_video][\/et_pb_column][\/et_pb_row][et_pb_row custom_padding_last_edited=\u00a0\u00bbon|desktop\u00a0\u00bb module_class=\u00a0\u00bb et_pb_row_fullwidth\u00a0\u00bb _builder_version=\u00a0\u00bb4.14.8&Prime; width=\u00a0\u00bb100%\u00a0\u00bb width_tablet=\u00a0\u00bb100%\u00a0\u00bb width_phone=\u00a0\u00bb100%\u00a0\u00bb width_last_edited=\u00a0\u00bbon|desktop\u00a0\u00bb max_width=\u00a0\u00bb100%\u00a0\u00bb max_width_tablet=\u00a0\u00bb100%\u00a0\u00bb max_width_phone=\u00a0\u00bb100%\u00a0\u00bb max_width_last_edited=\u00a0\u00bbon|desktop\u00a0\u00bb custom_margin=\u00a0\u00bb20px||||false|false\u00a0\u00bb custom_margin_tablet=\u00a0\u00bb-36px||-126px\u00a0\u00bb custom_margin_phone=\u00a0\u00bb-43px||-141px\u00a0\u00bb custom_margin_last_edited=\u00a0\u00bbon|desktop\u00a0\u00bb custom_padding=\u00a0\u00bb|4px||\u00a0\u00bb custom_padding_tablet=\u00a0\u00bb\u00a0\u00bb custom_padding_phone=\u00a0\u00bb\u00a0\u00bb make_fullwidth=\u00a0\u00bbon\u00a0\u00bb global_colors_info=\u00a0\u00bb{}\u00a0\u00bb][et_pb_column type=\u00a0\u00bb4_4&Prime; _builder_version=\u00a0\u00bb3.25&Prime; custom_padding=\u00a0\u00bb|40px||40px\u00a0\u00bb custom_padding_tablet=\u00a0\u00bb|40px||40px\u00a0\u00bb custom_padding_phone=\u00a0\u00bb|40px||40px\u00a0\u00bb custom_padding_last_edited=\u00a0\u00bbon|desktop\u00a0\u00bb global_colors_info=\u00a0\u00bb{}\u00a0\u00bb custom_padding__hover=\u00a0\u00bb|||\u00a0\u00bb][et_pb_text _builder_version=\u00a0\u00bb3.27.4&Prime; global_colors_info=\u00a0\u00bb{}\u00a0\u00bb]\n<p><strong><u>Modalit\u00e9s et crit\u00e8re d\u2019attribution des fonds sociaux<\/u><\/strong><strong>\u00a0<\/strong><\/p>\n<ul>\n<li>D\u00e9cret n\u00b02007-450 du 25 mars 2007 modi\ufb01ant le code g\u00e9n\u00e9ral des collectivit\u00e9s territoriales relatif aux pi\u00e8ces justi\ufb01catives \u2013 Rubrique 6 de l\u2019annexe I du CGCT<\/li>\n<li>Instruction Codi\ufb01catrice M9-6 2014 \u2013 Annexe 4 \u2013 Codi\ufb01cation pr\u00e9d\u00e9\ufb01nie des domaines et activit\u00e9s \u2013 Codes d\u2019activit\u00e9s destin\u00e9s au report d\u2019information \u00e0 destination de l\u2019Etat Annexe 7 \u2013 Planche 26 \u2013 Encaissement des subventions sans et\/ou sous condition d\u2019emploi<\/li>\n<li>Circulaire n\u00b02017-122 relative au fonds social coll\u00e9gien, fonds social lyc\u00e9en, fonds social pour les cantines<\/li>\n<\/ul>\n<p>L&rsquo;objet des fonds sociaux est de r\u00e9pondre aux besoins \u00e9l\u00e9mentaires et essentiels de l&rsquo;\u00e9l\u00e8ve pour assurer une scolarit\u00e9 sereine et sans rupture. Ils sont destin\u00e9s \u00e0 faire face \u00e0 des situations di\ufb03ciles ponctuelles pour couvrir di\ufb00\u00e9rents frais li\u00e9s \u00e0 la scolarit\u00e9 et tout particuli\u00e8rement la demi-pension.<\/p>\n<ul>\n<li><strong><u>Fonds social lyc\u00e9en<\/u><\/strong> : l\u2019objectif est de r\u00e9pondre aux di\ufb03cult\u00e9s des lyc\u00e9ens ou de leurs familles pour assumer les d\u00e9penses de scolarit\u00e9 et de vie<\/li>\n<li><strong><u>Fonds social pour les cantines<\/u><\/strong> : l\u2019objectif est l\u2019acc\u00e8s \u00e0 la restauration du plus grand nombre de lyc\u00e9ens du second degr\u00e9, et tout particuli\u00e8rement ceux en situation de pr\u00e9carit\u00e9.<\/li>\n<\/ul>\n<p>L\u2019aide est allou\u00e9e pour l\u2019\u00e9l\u00e8ve, elle est individuelle et personnelle. En aucun cas, elle ne peut \u00eatre collective, qu\u2019il s\u2019agisse du fonds social lyc\u00e9en ou du fonds social pour les cantines.<\/p>\n<p>Le Conseil d\u2019administration est consult\u00e9 pour avis sur les crit\u00e8res et les modalit\u00e9s \u00e0 retenir pour l\u2019attribution de l\u2019aide et la liste des d\u00e9penses autoris\u00e9es pour l\u2019\u00e9tablissement.<\/p>\n<p>Liste non exhaustive, des d\u00e9penses pouvant \u00eatre prises en charge dans le cadre des fonds sociaux lyc\u00e9ens :<\/p>\n<p>* D\u00e9penses relatives aux transports et sorties scolaires<\/p>\n<p>* Soins bucco-dentaires<\/p>\n<p>* Achat de lunettes, d\u2019appareils auditifs ou dentaires<\/p>\n<p>* V\u00eatements de travail<\/p>\n<p>* Mat\u00e9riels professionnels ou de sport<\/p>\n<p>* Manuels et fournitures scolaires<\/p>\n<p>La demande d\u2019aide formul\u00e9e par la famille est \u00e9tudi\u00e9e par l\u2019assistante de service social et pr\u00e9sent\u00e9e au Chef d\u2019\u00e9tablissement qui s\u2019appuie sur l\u2019avis des membres de la communaut\u00e9 \u00e9ducative pour d\u00e9terminer les b\u00e9n\u00e9\ufb01ciaires et le montant de l\u2019aide :\u00a0<\/p>\n<ul>\n<li>Adjoint gestionnaire<\/li>\n<li>Assistante de service social<\/li>\n<li>In\ufb01rmi\u00e8re scolaire<\/li>\n<li>Conseiller principal d\u2019\u00e9ducation<\/li>\n<\/ul>\n<p>La base de l\u2019\u00e9tude des dossiers est notamment, le quotient familial mensuel. Le quotient familial mensuel est calcul\u00e9 en fonction des ressources, des charges et du nombre de personne constituant le m\u00e9nage. <em>QF= ressources \u2013charges\/ nombre de personnes<\/em>.<\/p>\n<p><strong>Plus le quotient familial est bas, plus le montant de l\u2019aide sera important.<\/strong><strong>\u00a0<\/strong><\/p>\n<p>La prise en charge totale de la facture par le fonds social des cantines se fera de mani\u00e8re exceptionnelle et temporaire.<\/p>\n<p>Apr\u00e8s avoir recueilli l\u2019avis de la commission, le chef d\u2019\u00e9tablissement arr\u00eate la d\u00e9cision d\u2019attribution ou de refus et la noti\ufb01e \u00e0 la famille.<\/p>\n<p>En cas de contestation, la famille peut exercer un recours gracieux aupr\u00e8s du chef d\u2019\u00e9tablissement ou un recours contentieux dans un d\u00e9lai de deux mois suivant la noti\ufb01cation.<\/p>\n<p>&nbsp;<\/p>\n<p>&nbsp;<\/p>\n<p>&nbsp;<\/p>\n[\/et_pb_text][\/et_pb_column][\/et_pb_row][\/et_pb_section]\n<!-- AddThis Advanced Settings generic via filter on the_content --><!-- AddThis Share Buttons generic via filter on the_content -->","protected":false},"excerpt":{"rendered":"<p><!-- AddThis Advanced Settings generic via filter on the_excerpt --><!-- AddThis Share Buttons generic via filter on the_excerpt --><\/p>\n","protected":false},"author":8646,"featured_media":0,"parent":5155,"menu_order":0,"comment_status":"closed","ping_status":"closed","template":"","meta":{"_et_pb_use_builder":"on","_et_pb_old_content":"<img class=\"alignnone size-full\" src=\"https:\/\/plongee-cip-bandol.fr\/wp-content\/uploads\/site-en-construction.png\" width=\"800\" height=\"555\" \/>","_et_gb_content_width":"","footnotes":"","_links_to":"","_links_to_target":""},"class_list":["post-5159","page","type-page","status-publish","hentry"],"_links":{"self":[{"href":"https:\/\/etab.ac-reunion.fr\/lyc-isnelle-amelin\/wp-json\/wp\/v2\/pages\/5159","targetHints":{"allow":["GET"]}}],"collection":[{"href":"https:\/\/etab.ac-reunion.fr\/lyc-isnelle-amelin\/wp-json\/wp\/v2\/pages"}],"about":[{"href":"https:\/\/etab.ac-reunion.fr\/lyc-isnelle-amelin\/wp-json\/wp\/v2\/types\/page"}],"author":[{"embeddable":true,"href":"https:\/\/etab.ac-reunion.fr\/lyc-isnelle-amelin\/wp-json\/wp\/v2\/users\/8646"}],"replies":[{"embeddable":true,"href":"https:\/\/etab.ac-reunion.fr\/lyc-isnelle-amelin\/wp-json\/wp\/v2\/comments?post=5159"}],"version-history":[{"count":14,"href":"https:\/\/etab.ac-reunion.fr\/lyc-isnelle-amelin\/wp-json\/wp\/v2\/pages\/5159\/revisions"}],"predecessor-version":[{"id":15758,"href":"https:\/\/etab.ac-reunion.fr\/lyc-isnelle-amelin\/wp-json\/wp\/v2\/pages\/5159\/revisions\/15758"}],"up":[{"embeddable":true,"href":"https:\/\/etab.ac-reunion.fr\/lyc-isnelle-amelin\/wp-json\/wp\/v2\/pages\/5155"}],"wp:attachment":[{"href":"https:\/\/etab.ac-reunion.fr\/lyc-isnelle-amelin\/wp-json\/wp\/v2\/media?parent=5159"}],"curies":[{"name":"wp","href":"https:\/\/api.w.org\/{rel}","templated":true}]}}