{"id":5161,"date":"2019-01-25T10:25:55","date_gmt":"2019-01-25T06:25:55","guid":{"rendered":"http:\/\/lycee-isnelle-amelin.ac-reunion.fr\/?page_id=5161"},"modified":"2019-02-18T08:27:06","modified_gmt":"2019-02-18T04:27:06","slug":"remboursement-deplacements-stages-eleves","status":"publish","type":"page","link":"https:\/\/etab.ac-reunion.fr\/lyc-isnelle-amelin\/aides-bourses\/remboursement-deplacements-stages-eleves","title":{"rendered":"Remboursement frais de d\u00e9placements stages \u00e9l\u00e8ves"},"content":{"rendered":"[et_pb_section fb_built=\u00a0\u00bb1&Prime; _builder_version=\u00a0\u00bb3.19.14&Prime;][et_pb_row _builder_version=\u00a0\u00bb3.19.14&Prime; custom_margin_phone=\u00a0\u00bb-85px||\u00a0\u00bb custom_margin_last_edited=\u00a0\u00bbon|desktop\u00a0\u00bb][et_pb_column type=\u00a0\u00bb4_4&Prime; _builder_version=\u00a0\u00bb3.19.14&Prime;][et_pb_text _builder_version=\u00a0\u00bb3.19.14&Prime; header_font=\u00a0\u00bb||||||||\u00a0\u00bb header_font_size_phone=\u00a0\u00bb24px\u00a0\u00bb header_font_size_last_edited=\u00a0\u00bbon|desktop\u00a0\u00bb custom_padding=\u00a0\u00bb40px|20px|20px|20px\u00a0\u00bb]\n<h1><u>Tarifs des remboursements des frais de stage<\/u><\/h1>\n<p><strong>\u00a0<\/strong><\/p>\n<ul>\n<li>Article L124-10 \u00e0 20 du code de l\u2019\u00e9ducation (stages et p\u00e9riodes de formation en milieu professionnel)<\/li>\n<li>D\u00e9cret n\u00b0 2014-1420 du 27 novembre 2014 relatif \u00e0 l&rsquo;encadrement des p\u00e9riodes de formation en milieu professionnel et des stages ;<\/li>\n<li>D\u00e9cret n\u00b0 92-1189 du 6 novembre 1992 : statut particulier des professeurs de lyc\u00e9e professionnel (suivi des stages dans les missions des PLP) ;<\/li>\n<li>Loi n\u00b02014-788 du 10 juillet 2014 tendant au d\u00e9veloppement, \u00e0 l\u2019encadrement des stages et \u00e0 l\u2019am\u00e9lioration du statut des stagiaires.<\/li>\n<\/ul>\n<p>Les p\u00e9riodes de formation en milieu professionnel (PFMP) sont obligatoires et \u00e9valu\u00e9es lors de l\u2019examen, en CAP, dans certains BEP, dans tous les Baccalaur\u00e9ats Professionnels, Mentions Compl\u00e9mentaires, et pour les BTS.<\/p>\n<p>Elles permettent \u00e0 l\u2019\u00e9l\u00e8ve d\u2019appliquer les connaissances acquises en lyc\u00e9e et conf\u00e8rent \u00e0 l\u2019entreprise un r\u00f4le de formation pour un certain nombre de comp\u00e9tences professionnelles qui ne peuvent \u00eatre acquises qu\u2019au contact de la r\u00e9alit\u00e9 professionnelle.<\/p>\n<p>La dur\u00e9e globale des p\u00e9riodes de formation en milieu professionnel est d\u00e9finie dans la r\u00e9glementation de chaque dipl\u00f4me et varie selon le type de dipl\u00f4me et les objectifs de chaque formation.<\/p>\n<p>Un calendrier annuel de planification des PFMP est \u00e9tabli pour chaque ann\u00e9e scolaire.<\/p>\n<p>Les PFMP peuvent aussi se d\u00e9rouler \u00e0 l\u2019\u00e9tranger avec des obligations de suivi et de validation identiques.<\/p>\n<p><span style=\"font-size: large\"><strong>Modalit\u00e9s pour les \u00e9l\u00e8ves\u00a0<\/strong><\/span><\/p>\n<ul>\n<li>Les stages en entreprise ne doivent pas occasionner de surco\u00fbt aux familles. Les \u00e9l\u00e8ves qui partent en stage doivent favoriser le choix d\u2019entreprises situ\u00e9es le plus pr\u00e8s possible de leur r\u00e9sidence, du lyc\u00e9e ou d\u2019un autre \u00e9tablissement scolaire pouvant \u00e9ventuellement les accueillir pour la restauration.<\/li>\n<\/ul>\n<h2><span style=\"font-size: medium\"><strong><u>H\u00e9bergement et restauration<\/u> :<\/strong><\/span><\/h2>\n<p>La r\u00e9glementation en vigueur n\u2019autorise pas le versement d\u2019une avance aux familles des \u00e9l\u00e8ves effectuant, dans le cadre de leur scolarit\u00e9, un stage ou une p\u00e9riode de formation en entreprise.<\/p>\n<ul>\n<li>L\u2019\u00e9l\u00e8ve interne b\u00e9n\u00e9ficiera d\u2019une remise sur son forfait d\u2019internat pour la dur\u00e9e du stage,<\/li>\n<li>et l\u2019\u00e9l\u00e8ve demi-pensionnaire d\u2019une remise sur son forfait demi-pension.<\/li>\n<\/ul>\n<p>Si durant le stage l\u2019\u00e9l\u00e8ve a la possibilit\u00e9 d\u2019\u00eatre accueilli par un autre EPLE que ce soit pour l\u2019h\u00e9bergement ou la restauration, les modalit\u00e9s de cet accueil feront l\u2019objet d\u2019une convention entre \u00e9tablissements.<\/p>\n<p><span style=\"font-size: large\"><strong><u>Transport : <\/u><\/strong>Le transport en commun.<\/span><\/p>\n<p>Le surco\u00fbt des d\u00e9penses de transport des \u00e9l\u00e8ves de leur r\u00e9sidence \u00e0 leur lieu de stage par rapport au lyc\u00e9e peut \u00eatre rembours\u00e9 sur pr\u00e9sentation des justificatifs : tickets de bus compost\u00e9 ou cartes de bus.<\/p>\n<h2 style=\"text-align: center\"><span style=\"font-size: small\"><strong><u>Dans un souci de limiter les frais de d\u00e9placements, les lieux de stage proches du<\/u> <u>domicile de l\u2019\u00e9l\u00e8ve ou proche de l\u2019\u00e9tablissement seront \u00e0 privil\u00e9gier.<\/u><\/strong><\/span><\/h2>\n<p style=\"text-align: center\"><strong><u>Les distances pour le calcul des remboursements sont toujours les plus courtes et il<\/u><\/strong><strong> <u>sera tenu compte de l\u2019adresse des responsables l\u00e9gaux, la plus proche du lieu de<\/u> <u>stage.<\/u><\/strong><\/p>\n<p><strong>\u00a0<\/strong><\/p>\n<p><strong>Toute demande de remboursement doit \u00eatre faite sur le document pr\u00e9vu \u00e0 cet effet <\/strong>\u00ab <strong><u>Remboursement des frais de stage \u00e9l\u00e8ve<\/u> <\/strong>\u00bb <strong>et doit \u00eatre d\u00e9pos\u00e9e dans les 15 jours qui suivent la p\u00e9riode de formation, ou dans les 15 jours qui suivent la fin des vacances, si la p\u00e9riode de formation se termine au d\u00e9but des vacances.<\/strong><\/p>\n<p><strong>Aucun dossier ne sera \u00e9tudi\u00e9 au-del\u00e0. (Sauf cas exceptionnel)<\/strong><strong style=\"font-size: 14px\">\u00a0<\/strong><\/p>\n<p><strong><u>Assurance :<\/u><\/strong><\/p>\n<p>Le chef d\u2019\u00e9tablissement doit souscrire une assurance couvrant la responsabilit\u00e9 civile du stagiaire pour les dommages mat\u00e9riels ou corporels qu\u2019il pourrait causer au cours de son stage.<\/p>\n[\/et_pb_text][\/et_pb_column][\/et_pb_row][et_pb_row custom_padding=\u00a0\u00bb|20px||20px\u00a0\u00bb _builder_version=\u00a0\u00bb3.19.14&Prime; border_width_all=\u00a0\u00bb2px\u00a0\u00bb custom_margin_phone=\u00a0\u00bb-24px|20px||20px\u00a0\u00bb custom_margin_last_edited=\u00a0\u00bbon|desktop\u00a0\u00bb][et_pb_column type=\u00a0\u00bb4_4&Prime; _builder_version=\u00a0\u00bb3.19.14&Prime;][et_pb_text disabled_on=\u00a0\u00bboff|off|on\u00a0\u00bb _builder_version=\u00a0\u00bb3.19.14&Prime; text_font=\u00a0\u00bb||||||||\u00a0\u00bb text_orientation=\u00a0\u00bbjustified\u00a0\u00bb]\n<p>Vous pouvez t\u00e9l\u00e9charger le formulaire de demande de remboursement ici :\u00a0<a href=\"https:\/\/etab.ac-reunion.fr\/lyc-isnelle-amelin\/wp-content\/uploads\/sites\/43\/2019\/02\/demande-remboursement-frais-stage-e\u0301le\u0300ves-juin-2016.ods\" rel=\"attachment wp-att-6133\">formulaire<\/a><\/p>\n<p>Merci de l&rsquo;imprimer, de le compl\u00e9ter et de le retourner au service de gestion apr\u00e8s validation du professeur principal.<\/p>\n[\/et_pb_text][\/et_pb_column][\/et_pb_row][et_pb_row disabled_on=\u00a0\u00bbon|off|off\u00a0\u00bb _builder_version=\u00a0\u00bb3.19.14&Prime;][et_pb_column type=\u00a0\u00bb4_4&Prime; _builder_version=\u00a0\u00bb3.19.14&Prime;][et_pb_code disabled_on=\u00a0\u00bbon|on|off\u00a0\u00bb _builder_version=\u00a0\u00bb3.19.14&Prime;]<style>\n       .errordiv { padding:10px; margin:10px; border: 1px solid #555555;color: #000000;background-color: #f8f8f8; width:500px; }#advanced_iframe {visibility:visible;opacity:1;vertical-align:top;}.ai-info-bottom-iframe { position: fixed; z-index: 10000; bottom:0; left: 0; margin: 0px; text-align: center; width: 100%; background-color: #ff9999; padding-left: 5px;padding-bottom: 5px; border-top: 1px solid #aaa } a.ai-bold {font-weight: bold;}#ai-layer-div-advanced_iframe p {height:100%;margin:0;padding:0}<\/style><script type=\"text\/javascript\">var ai_iframe_width_advanced_iframe = 0;var ai_iframe_height_advanced_iframe = 0;var aiOnloadScrollTop=\"true\";var aiShowDebug=false;\n\t\tif (typeof aiReadyCallbacks === 'undefined') {\n\t\t\tvar aiReadyCallbacks = [];\n\t\t} else if (!(aiReadyCallbacks instanceof Array)) {\n\t\t\tvar aiReadyCallbacks = [];\n\t\t}    function aiShowIframeId(id_iframe) { jQuery(\"#\"+id_iframe).css(\"visibility\", \"visible\");    }    function aiResizeIframeHeight(height) { aiResizeIframeHeight(height,advanced_iframe); }    function aiResizeIframeHeightId(height,width,id) {aiResizeIframeHeightById(id,height);}<\/script><iframe id=\"advanced_iframe\"  name=\"advanced_iframe\"  src=\"https:\/\/docs.google.com\/spreadsheets\/d\/1p2QxGtpcc7HUxDB3No5XfHCQ4ytTyKvO3m2tWU_UZck\/edit?usp=sharing\"  width=\"100%\"  height=\"1200\"  scrolling=\"no\"  frameborder=\"0\"  border=\"0\"  allowtransparency=\"true\"  loading=\"lazy\"  style=\";border-width: 0px;;border: none;;width:100%;;height:1200px;\"  allowfullscreen  onload='aiScrollToTop(&quot;advanced_iframe&quot;,&quot;true&quot;)' ><\/iframe><script type=\"text\/javascript\">var ifrm_advanced_iframe = document.getElementById(\"advanced_iframe\");var hiddenTabsDoneadvanced_iframe = false;\nfunction resizeCallbackadvanced_iframe() {}<\/script><script type=\"text\/javascript\"><\/script><p style=\"display:block !important; visibility:visible !important;margin: -18px 14px 0 0;padding-left: 3px;padding-top:3px;background: white; overflow: hidden; position: relative; line-height:15px;width: fit-content;\"><small style=\"display:block !important;visibility:visible !important\">powered by Advanced iFrame<\/small><\/p>[\/et_pb_code][\/et_pb_column][\/et_pb_row][\/et_pb_section]\n<!-- AddThis Advanced Settings generic via filter on the_content --><!-- AddThis Share Buttons generic via filter on the_content -->","protected":false},"excerpt":{"rendered":"<p><!-- AddThis Advanced Settings generic via filter on the_excerpt --><!-- AddThis Share Buttons generic via filter on the_excerpt --><\/p>\n","protected":false},"author":8646,"featured_media":0,"parent":5155,"menu_order":0,"comment_status":"closed","ping_status":"closed","template":"","meta":{"_et_pb_use_builder":"on","_et_pb_old_content":"<img class=\"alignnone size-full\" src=\"https:\/\/plongee-cip-bandol.fr\/wp-content\/uploads\/site-en-construction.png\" width=\"800\" height=\"555\" \/>","_et_gb_content_width":"","footnotes":"","_links_to":"","_links_to_target":""},"class_list":["post-5161","page","type-page","status-publish","hentry"],"_links":{"self":[{"href":"https:\/\/etab.ac-reunion.fr\/lyc-isnelle-amelin\/wp-json\/wp\/v2\/pages\/5161","targetHints":{"allow":["GET"]}}],"collection":[{"href":"https:\/\/etab.ac-reunion.fr\/lyc-isnelle-amelin\/wp-json\/wp\/v2\/pages"}],"about":[{"href":"https:\/\/etab.ac-reunion.fr\/lyc-isnelle-amelin\/wp-json\/wp\/v2\/types\/page"}],"author":[{"embeddable":true,"href":"https:\/\/etab.ac-reunion.fr\/lyc-isnelle-amelin\/wp-json\/wp\/v2\/users\/8646"}],"replies":[{"embeddable":true,"href":"https:\/\/etab.ac-reunion.fr\/lyc-isnelle-amelin\/wp-json\/wp\/v2\/comments?post=5161"}],"version-history":[{"count":11,"href":"https:\/\/etab.ac-reunion.fr\/lyc-isnelle-amelin\/wp-json\/wp\/v2\/pages\/5161\/revisions"}],"predecessor-version":[{"id":6201,"href":"https:\/\/etab.ac-reunion.fr\/lyc-isnelle-amelin\/wp-json\/wp\/v2\/pages\/5161\/revisions\/6201"}],"up":[{"embeddable":true,"href":"https:\/\/etab.ac-reunion.fr\/lyc-isnelle-amelin\/wp-json\/wp\/v2\/pages\/5155"}],"wp:attachment":[{"href":"https:\/\/etab.ac-reunion.fr\/lyc-isnelle-amelin\/wp-json\/wp\/v2\/media?parent=5161"}],"curies":[{"name":"wp","href":"https:\/\/api.w.org\/{rel}","templated":true}]}}