{"id":5173,"date":"2019-01-25T10:38:03","date_gmt":"2019-01-25T06:38:03","guid":{"rendered":"http:\/\/lycee-isnelle-amelin.ac-reunion.fr\/?page_id=5173"},"modified":"2019-02-17T14:40:18","modified_gmt":"2019-02-17T10:40:18","slug":"paiement-en-ligne","status":"publish","type":"page","link":"https:\/\/etab.ac-reunion.fr\/lyc-isnelle-amelin\/restauration-scolaire-internat\/paiement-en-ligne","title":{"rendered":"Paiement en ligne"},"content":{"rendered":"[et_pb_section fb_built=\u00a0\u00bb1&Prime; _builder_version=\u00a0\u00bb3.19.14&Prime; custom_margin=\u00a0\u00bb0px||\u00a0\u00bb custom_margin_last_edited=\u00a0\u00bbon|desktop\u00a0\u00bb custom_margin_tablet=\u00a0\u00bb-45px||0px\u00a0\u00bb][et_pb_row make_fullwidth=\u00a0\u00bbon\u00a0\u00bb use_custom_gutter=\u00a0\u00bbon\u00a0\u00bb gutter_width=\u00a0\u00bb2&Prime; _builder_version=\u00a0\u00bb3.19.14&Prime; hover_enabled=\u00a0\u00bb0&Prime; custom_padding_last_edited=\u00a0\u00bbon|tablet\u00a0\u00bb custom_padding=\u00a0\u00bb40px|40px|40px|40px\u00a0\u00bb custom_padding_tablet=\u00a0\u00bb20px|30px|20px|40px\u00a0\u00bb padding_1_last_edited=\u00a0\u00bbon|desktop\u00a0\u00bb padding_1_tablet=\u00a0\u00bb||17px\u00a0\u00bb][et_pb_column type=\u00a0\u00bb1_3&Prime; _builder_version=\u00a0\u00bb3.19.14&Prime;][et_pb_image src=\u00a0\u00bbhttps:\/\/etab.ac-reunion.fr\/lyc-isnelle-amelin\/wp-content\/uploads\/sites\/43\/2019\/02\/paiement-securise.jpg\u00a0\u00bb _builder_version=\u00a0\u00bb3.19.14&Prime;][\/et_pb_image][\/et_pb_column][et_pb_column type=\u00a0\u00bb2_3&Prime; _builder_version=\u00a0\u00bb3.19.14&Prime;][et_pb_text _builder_version=\u00a0\u00bb3.19.14&Prime; hover_enabled=\u00a0\u00bb0&Prime; module_alignment=\u00a0\u00bbcenter\u00a0\u00bb max_width_last_edited=\u00a0\u00bbon|tablet\u00a0\u00bb header_font=\u00a0\u00bb||||||||\u00a0\u00bb header_font_size_last_edited=\u00a0\u00bbon|desktop\u00a0\u00bb header_font_size_phone=\u00a0\u00bb17px\u00a0\u00bb text_font=\u00a0\u00bb||||||||\u00a0\u00bb text_font_size_last_edited=\u00a0\u00bbon|desktop\u00a0\u00bb text_font_size_phone=\u00a0\u00bb12px\u00a0\u00bb text_text_color=\u00a0\u00bb#000000&Prime;]\n<h1 class=\"h1 crayon article-titre-259 \" style=\"text-align: left\">T\u00e9l\u00e9paiement des factures de demi-pension<\/h1>\n<p>Le Lyc\u00e9e vient d\u2019activer le service de t\u00e9l\u00e9paiement.<\/p>\n<p>Ce service vous permet de payer via internet les factures de demi-pension.<\/p>\n<p>Pour cela, vous devez vous rendre sur ce site : <a href=\"metice.ac-reunion.fr\">metice.ac-reunion.fr<\/a><\/p>\n[\/et_pb_text][\/et_pb_column][\/et_pb_row][\/et_pb_section][et_pb_section fb_built=\u00a0\u00bb1&Prime; _builder_version=\u00a0\u00bb3.19.14&Prime; custom_margin_last_edited=\u00a0\u00bbon|desktop\u00a0\u00bb custom_padding_last_edited=\u00a0\u00bbon|desktop\u00a0\u00bb custom_margin_tablet=\u00a0\u00bb-100px||\u00a0\u00bb][et_pb_row make_fullwidth=\u00a0\u00bbon\u00a0\u00bb use_custom_gutter=\u00a0\u00bbon\u00a0\u00bb gutter_width=\u00a0\u00bb2&Prime; _builder_version=\u00a0\u00bb3.19.14&Prime; custom_padding=\u00a0\u00bb20px|40px|20px|40px\u00a0\u00bb][et_pb_column type=\u00a0\u00bb1_2&Prime; _builder_version=\u00a0\u00bb3.19.14&Prime;][et_pb_text _builder_version=\u00a0\u00bb3.19.14&Prime; text_font=\u00a0\u00bb||||||||\u00a0\u00bb text_font_size_last_edited=\u00a0\u00bbon|desktop\u00a0\u00bb text_font_size_phone=\u00a0\u00bb12px\u00a0\u00bb text_text_color=\u00a0\u00bb#000000&Prime;]\n<p><strong><\/strong><strong><u>1. Connectez-vous<br \/> <\/u><\/strong><\/p>\n<p><span>Utiliser l&rsquo;identifiant parent(s) et mot de passe re\u00e7u lors de l\u2019entr\u00e9e de votre enfant en Seconde.<\/span><\/p>\n<p><em><span>(En cas de perte, redemander votre identifiant \u00e0 l\u2019adresse suivante :\u00a0\u00a0\u00a0\u00a0\u00a0\u00a0\u00a0\u00a0 <\/span><\/em><\/p>\n<p><strong><em><u><a href=\"mailto:informatique.lycee.amelin@gmail.com)\">informatique.lycee.amelin@gmail.com)<\/a><\/u><\/em><\/strong><\/p>\n<p><strong><em><u><\/u><\/em><\/strong><\/p>\n<p><strong><em><u><\/u><\/em><\/strong><\/p>\n<p><strong><em><u><\/u><\/em><\/strong><\/p>\n<p><strong><em><u><\/u><\/em><\/strong><\/p>\n[\/et_pb_text][et_pb_image hover_enabled=\u00a0\u00bb0&Prime; align=\u00a0\u00bbcenter\u00a0\u00bb src=\u00a0\u00bbhttps:\/\/etab.ac-reunion.fr\/lyc-isnelle-amelin\/wp-content\/uploads\/sites\/43\/2019\/02\/connexion-me\u0301tice.png\u00a0\u00bb _builder_version=\u00a0\u00bb3.19.14&Prime; url=\u00a0\u00bbmetice.ac-reunion.fr\u00a0\u00bb custom_margin_last_edited=\u00a0\u00bbon|desktop\u00a0\u00bb custom_padding_last_edited=\u00a0\u00bbon|desktop\u00a0\u00bb custom_margin_tablet=\u00a0\u00bb-23px||30px|-6px\u00a0\u00bb filter_brightness__hover_enabled=\u00a0\u00bbon\u00a0\u00bb filter_brightness__hover=\u00a0\u00bb135%\u00a0\u00bb filter_saturate__hover_enabled=\u00a0\u00bbon\u00a0\u00bb filter_saturate__hover=\u00a0\u00bb0%\u00a0\u00bb filter_hue_rotate__hover_enabled=\u00a0\u00bbon\u00a0\u00bb max_width_last_edited=\u00a0\u00bbon|desktop\u00a0\u00bb max_width_phone=\u00a0\u00bb67%\u00a0\u00bb module_alignment=\u00a0\u00bbcenter\u00a0\u00bb custom_margin_phone=\u00a0\u00bb|||54px\u00a0\u00bb custom_margin=\u00a0\u00bb-33px||0px\u00a0\u00bb][\/et_pb_image][\/et_pb_column][et_pb_column type=\u00a0\u00bb1_2&Prime; _builder_version=\u00a0\u00bb3.19.14&Prime;][et_pb_image src=\u00a0\u00bbhttps:\/\/etab.ac-reunion.fr\/lyc-isnelle-amelin\/wp-content\/uploads\/sites\/43\/2019\/02\/Connection-1.jpg\u00a0\u00bb align=\u00a0\u00bbcenter\u00a0\u00bb _builder_version=\u00a0\u00bb3.19.14&Prime; module_alignment=\u00a0\u00bbcenter\u00a0\u00bb max_width=\u00a0\u00bb69%\u00a0\u00bb max_width_last_edited=\u00a0\u00bbon|desktop\u00a0\u00bb max_width_tablet=\u00a0\u00bb48%\u00a0\u00bb max_width_phone=\u00a0\u00bb73%\u00a0\u00bb][\/et_pb_image][\/et_pb_column][\/et_pb_row][et_pb_row make_fullwidth=\u00a0\u00bbon\u00a0\u00bb use_custom_gutter=\u00a0\u00bbon\u00a0\u00bb gutter_width=\u00a0\u00bb2&Prime; custom_padding=\u00a0\u00bb40px|40px|40px|40px\u00a0\u00bb _builder_version=\u00a0\u00bb3.19.14&Prime; custom_padding_last_edited=\u00a0\u00bbon|desktop\u00a0\u00bb custom_margin_last_edited=\u00a0\u00bbon|desktop\u00a0\u00bb custom_margin_tablet=\u00a0\u00bb-40px||\u00a0\u00bb][et_pb_column type=\u00a0\u00bb1_2&Prime; _builder_version=\u00a0\u00bb3.19.14&Prime;][et_pb_text _builder_version=\u00a0\u00bb3.19.14&Prime; text_font=\u00a0\u00bb||||||||\u00a0\u00bb text_font_size_last_edited=\u00a0\u00bbon|desktop\u00a0\u00bb text_font_size_phone=\u00a0\u00bb12px\u00a0\u00bb]\n<p><strong><\/strong><strong><u>2.\u00a0<\/u><\/strong><strong><u>Cliquer sur ic\u00f4ne t\u00e9l\u00e9services :<\/u><\/strong><\/p>\n<p><strong><em><u><\/u><\/em><\/strong><\/p>\n[\/et_pb_text][et_pb_image src=\u00a0\u00bbhttps:\/\/etab.ac-reunion.fr\/lyc-isnelle-amelin\/wp-content\/uploads\/sites\/43\/2019\/02\/te\u0301le\u0301service-e1550398176711.png\u00a0\u00bb _builder_version=\u00a0\u00bb3.19.14&Prime; max_width=\u00a0\u00bb79%\u00a0\u00bb custom_margin=\u00a0\u00bb-16px||0px\u00a0\u00bb custom_margin_last_edited=\u00a0\u00bbon|desktop\u00a0\u00bb custom_margin_phone=\u00a0\u00bb|||-17px\u00a0\u00bb][\/et_pb_image][et_pb_text _builder_version=\u00a0\u00bb3.19.14&Prime; text_font=\u00a0\u00bb||||||||\u00a0\u00bb text_font_size_last_edited=\u00a0\u00bbon|desktop\u00a0\u00bb text_font_size_phone=\u00a0\u00bb12px\u00a0\u00bb]\n<p><span>Ouverture d\u2019une nouvelle fen\u00eatre. <strong>Puis cliquer sur paiement en ligne des factures.\u00a0<\/strong>Vous pouvez voir vos factures et vos paiements<\/span><\/p>\n[\/et_pb_text][et_pb_image src=\u00a0\u00bbhttps:\/\/etab.ac-reunion.fr\/lyc-isnelle-amelin\/wp-content\/uploads\/sites\/43\/2019\/02\/ligne-violette-1.jpg\u00a0\u00bb _builder_version=\u00a0\u00bb3.19.14&Prime; custom_margin_last_edited=\u00a0\u00bbon|desktop\u00a0\u00bb custom_padding_last_edited=\u00a0\u00bbon|desktop\u00a0\u00bb custom_margin_tablet=\u00a0\u00bb10px||10px\u00a0\u00bb][\/et_pb_image][et_pb_text _builder_version=\u00a0\u00bb3.19.14&Prime; hover_enabled=\u00a0\u00bb0&Prime; text_font=\u00a0\u00bb||||||||\u00a0\u00bb text_font_size_last_edited=\u00a0\u00bbon|phone\u00a0\u00bb text_font_size_phone=\u00a0\u00bb12px\u00a0\u00bb text_text_color=\u00a0\u00bb#000000&Prime;]\n<p><strong><\/strong><strong><u><span>3. S\u00e9lectionner la facture \u00e0 payer<\/span><\/u><\/strong><\/p>\n<p>Saisir le montant et actionner le bouton \u00ab\u00a0PAYER\u00a0\u00bb<br \/> <span style=\"font-size: 14px\">A la fin de la transaction un ticket vous sera d\u00e9livr\u00e9.<br \/> <\/span><span style=\"font-size: 14px\">Le site est s\u00e9curis\u00e9.<\/span><\/p>\n[\/et_pb_text][\/et_pb_column][et_pb_column type=\u00a0\u00bb1_2&Prime; _builder_version=\u00a0\u00bb3.19.14&Prime;][et_pb_image src=\u00a0\u00bbhttps:\/\/etab.ac-reunion.fr\/lyc-isnelle-amelin\/wp-content\/uploads\/sites\/43\/2019\/02\/barre-violette.png\u00a0\u00bb align=\u00a0\u00bbcenter\u00a0\u00bb _builder_version=\u00a0\u00bb3.19.14&Prime; module_alignment=\u00a0\u00bbcenter\u00a0\u00bb custom_margin=\u00a0\u00bb30px||\u00a0\u00bb disabled_on=\u00a0\u00bbon|on|off\u00a0\u00bb][\/et_pb_image][\/et_pb_column][\/et_pb_row][\/et_pb_section]\n<!-- AddThis Advanced Settings generic via filter on the_content --><!-- AddThis Share Buttons generic via filter on the_content -->","protected":false},"excerpt":{"rendered":"<p><!-- AddThis Advanced Settings generic via filter on the_excerpt --><!-- AddThis Share Buttons generic via filter on the_excerpt --><\/p>\n","protected":false},"author":8646,"featured_media":0,"parent":5168,"menu_order":0,"comment_status":"closed","ping_status":"closed","template":"","meta":{"_et_pb_use_builder":"on","_et_pb_old_content":"<img class=\"alignnone size-full\" src=\"https:\/\/plongee-cip-bandol.fr\/wp-content\/uploads\/site-en-construction.png\" width=\"800\" height=\"555\" \/>","_et_gb_content_width":"","footnotes":"","_links_to":"","_links_to_target":""},"class_list":["post-5173","page","type-page","status-publish","hentry"],"_links":{"self":[{"href":"https:\/\/etab.ac-reunion.fr\/lyc-isnelle-amelin\/wp-json\/wp\/v2\/pages\/5173","targetHints":{"allow":["GET"]}}],"collection":[{"href":"https:\/\/etab.ac-reunion.fr\/lyc-isnelle-amelin\/wp-json\/wp\/v2\/pages"}],"about":[{"href":"https:\/\/etab.ac-reunion.fr\/lyc-isnelle-amelin\/wp-json\/wp\/v2\/types\/page"}],"author":[{"embeddable":true,"href":"https:\/\/etab.ac-reunion.fr\/lyc-isnelle-amelin\/wp-json\/wp\/v2\/users\/8646"}],"replies":[{"embeddable":true,"href":"https:\/\/etab.ac-reunion.fr\/lyc-isnelle-amelin\/wp-json\/wp\/v2\/comments?post=5173"}],"version-history":[{"count":5,"href":"https:\/\/etab.ac-reunion.fr\/lyc-isnelle-amelin\/wp-json\/wp\/v2\/pages\/5173\/revisions"}],"predecessor-version":[{"id":6177,"href":"https:\/\/etab.ac-reunion.fr\/lyc-isnelle-amelin\/wp-json\/wp\/v2\/pages\/5173\/revisions\/6177"}],"up":[{"embeddable":true,"href":"https:\/\/etab.ac-reunion.fr\/lyc-isnelle-amelin\/wp-json\/wp\/v2\/pages\/5168"}],"wp:attachment":[{"href":"https:\/\/etab.ac-reunion.fr\/lyc-isnelle-amelin\/wp-json\/wp\/v2\/media?parent=5173"}],"curies":[{"name":"wp","href":"https:\/\/api.w.org\/{rel}","templated":true}]}}