{"id":5177,"date":"2019-01-25T10:39:14","date_gmt":"2019-01-25T06:39:14","guid":{"rendered":"http:\/\/lycee-isnelle-amelin.ac-reunion.fr\/?page_id=5177"},"modified":"2019-02-17T08:21:20","modified_gmt":"2019-02-17T04:21:20","slug":"lutte-contre-le-gaspillage-alimentaire","status":"publish","type":"page","link":"https:\/\/etab.ac-reunion.fr\/lyc-isnelle-amelin\/lutte-contre-le-gaspillage-alimentaire","title":{"rendered":"Lutte contre le gaspillage alimentaire"},"content":{"rendered":"[et_pb_section fb_built=\u00a0\u00bb1&Prime; _builder_version=\u00a0\u00bb3.19.14&Prime;][et_pb_row make_fullwidth=\u00a0\u00bbon\u00a0\u00bb custom_padding=\u00a0\u00bb20px|20px|20px|20px\u00a0\u00bb padding_top_1=\u00a0\u00bb20px\u00a0\u00bb padding_right_1=\u00a0\u00bb40px\u00a0\u00bb padding_bottom_1=\u00a0\u00bb20px\u00a0\u00bb padding_left_1=\u00a0\u00bb20px\u00a0\u00bb _builder_version=\u00a0\u00bb3.19.14&Prime;][et_pb_column type=\u00a0\u00bb1_4&Prime; _builder_version=\u00a0\u00bb3.19.14&Prime;][et_pb_image src=\u00a0\u00bbhttps:\/\/etab.ac-reunion.fr\/lyc-isnelle-amelin\/wp-content\/uploads\/sites\/43\/2019\/02\/logo-293&#215;300.jpg\u00a0\u00bb _builder_version=\u00a0\u00bb3.19.14&Prime;][\/et_pb_image][\/et_pb_column][et_pb_column type=\u00a0\u00bb3_4&Prime; _builder_version=\u00a0\u00bb3.19.14&Prime;][et_pb_text _builder_version=\u00a0\u00bb3.19.14&Prime;]\n<p>Bonjour Lyc\u00e9ens et Lyc\u00e9ennes\u00a0!<\/p>\n<p>On se pr\u00e9sente\u00a0: Coraline et Loick et nous sommes pr\u00e9sents dans votre lyc\u00e9e en tant qu\u2019ambassadeurs de la lutte anti-gaspillage alimentaire. Nous serons pr\u00e9sent une semaine sur deux et ceux jusqu\u2019au mois de mai.<\/p>\n<p>Nous m\u00e8nerons aupr\u00e8s de vous des actions de sensibilisation contre le gaspillage. Au mois de F\u00e9vrier une pes\u00e9e sera effectu\u00e9 dans votre lyc\u00e9e afin d\u2019obtenir un chiffre concernant le taux de gaspillage au sein de votre \u00e9tablissement.<\/p>\n<p>Ainsi nous comptons sur une mobilisation de votre part afin d\u2019amener a bien notre projet, projet qui sera \u00e9galement le v\u00f4tre.<\/p>\n<p>Nous sommes preneurs d\u2019id\u00e9es. Nous allons mettre \u00e0 disposition deux boites \u00e0 id\u00e9e \u00ab\u00a0une au r\u00e9fectoire et l\u2019autre \u00e0 la vie scolaire\u00a0\u00bb dans lequel vous pourrez d\u00e9poser vos id\u00e9es.<\/p>\n<p>On compte sur vous et comme dit gramoune longtemps <strong><em>ATTEND PAS SOCISSE FRITE DAN VANTE KOSSON\u00a0! REAGIT AVANT LES TROP TARD\u00a0!<\/em><\/strong><\/p>\n[\/et_pb_text][\/et_pb_column][\/et_pb_row][\/et_pb_section]\n<!-- AddThis Advanced Settings generic via filter on the_content --><!-- AddThis Share Buttons generic via filter on the_content -->","protected":false},"excerpt":{"rendered":"<p><!-- AddThis Advanced Settings generic via filter on the_excerpt --><!-- AddThis Share Buttons generic via filter on the_excerpt --><\/p>\n","protected":false},"author":8646,"featured_media":0,"parent":0,"menu_order":0,"comment_status":"closed","ping_status":"closed","template":"","meta":{"_et_pb_use_builder":"on","_et_pb_old_content":"<img class=\"alignnone size-full\" src=\"https:\/\/plongee-cip-bandol.fr\/wp-content\/uploads\/site-en-construction.png\" width=\"800\" height=\"555\" \/>","_et_gb_content_width":"","footnotes":"","_links_to":"","_links_to_target":""},"class_list":["post-5177","page","type-page","status-publish","hentry"],"_links":{"self":[{"href":"https:\/\/etab.ac-reunion.fr\/lyc-isnelle-amelin\/wp-json\/wp\/v2\/pages\/5177","targetHints":{"allow":["GET"]}}],"collection":[{"href":"https:\/\/etab.ac-reunion.fr\/lyc-isnelle-amelin\/wp-json\/wp\/v2\/pages"}],"about":[{"href":"https:\/\/etab.ac-reunion.fr\/lyc-isnelle-amelin\/wp-json\/wp\/v2\/types\/page"}],"author":[{"embeddable":true,"href":"https:\/\/etab.ac-reunion.fr\/lyc-isnelle-amelin\/wp-json\/wp\/v2\/users\/8646"}],"replies":[{"embeddable":true,"href":"https:\/\/etab.ac-reunion.fr\/lyc-isnelle-amelin\/wp-json\/wp\/v2\/comments?post=5177"}],"version-history":[{"count":4,"href":"https:\/\/etab.ac-reunion.fr\/lyc-isnelle-amelin\/wp-json\/wp\/v2\/pages\/5177\/revisions"}],"predecessor-version":[{"id":6158,"href":"https:\/\/etab.ac-reunion.fr\/lyc-isnelle-amelin\/wp-json\/wp\/v2\/pages\/5177\/revisions\/6158"}],"wp:attachment":[{"href":"https:\/\/etab.ac-reunion.fr\/lyc-isnelle-amelin\/wp-json\/wp\/v2\/media?parent=5177"}],"curies":[{"name":"wp","href":"https:\/\/api.w.org\/{rel}","templated":true}]}}