{"id":5208,"date":"2019-01-25T11:02:46","date_gmt":"2019-01-25T07:02:46","guid":{"rendered":"http:\/\/lycee-isnelle-amelin.ac-reunion.fr\/?page_id=5208"},"modified":"2019-01-25T11:03:19","modified_gmt":"2019-01-25T07:03:19","slug":"remboursements-frais-de-deplacement-stages-eleves","status":"publish","type":"page","link":"https:\/\/etab.ac-reunion.fr\/lyc-isnelle-amelin\/equipe-pedagogique-acces-restreint\/remboursements-frais-de-deplacement-stages-eleves","title":{"rendered":"Remboursements frais de d\u00e9placement &#8211; Stages \u00e9l\u00e8ves"},"content":{"rendered":"","protected":true},"excerpt":{"rendered":"","protected":true},"author":8646,"featured_media":0,"parent":5198,"menu_order":0,"comment_status":"closed","ping_status":"closed","template":"","meta":{"_et_pb_use_builder":"","_et_pb_old_content":"","_et_gb_content_width":"","footnotes":"","_links_to":"","_links_to_target":""},"class_list":["post-5208","page","type-page","status-publish","post-password-required","hentry"],"_links":{"self":[{"href":"https:\/\/etab.ac-reunion.fr\/lyc-isnelle-amelin\/wp-json\/wp\/v2\/pages\/5208","targetHints":{"allow":["GET"]}}],"collection":[{"href":"https:\/\/etab.ac-reunion.fr\/lyc-isnelle-amelin\/wp-json\/wp\/v2\/pages"}],"about":[{"href":"https:\/\/etab.ac-reunion.fr\/lyc-isnelle-amelin\/wp-json\/wp\/v2\/types\/page"}],"author":[{"embeddable":true,"href":"https:\/\/etab.ac-reunion.fr\/lyc-isnelle-amelin\/wp-json\/wp\/v2\/users\/8646"}],"replies":[{"embeddable":true,"href":"https:\/\/etab.ac-reunion.fr\/lyc-isnelle-amelin\/wp-json\/wp\/v2\/comments?post=5208"}],"version-history":[{"count":1,"href":"https:\/\/etab.ac-reunion.fr\/lyc-isnelle-amelin\/wp-json\/wp\/v2\/pages\/5208\/revisions"}],"predecessor-version":[{"id":5209,"href":"https:\/\/etab.ac-reunion.fr\/lyc-isnelle-amelin\/wp-json\/wp\/v2\/pages\/5208\/revisions\/5209"}],"up":[{"embeddable":true,"href":"https:\/\/etab.ac-reunion.fr\/lyc-isnelle-amelin\/wp-json\/wp\/v2\/pages\/5198"}],"wp:attachment":[{"href":"https:\/\/etab.ac-reunion.fr\/lyc-isnelle-amelin\/wp-json\/wp\/v2\/media?parent=5208"}],"curies":[{"name":"wp","href":"https:\/\/api.w.org\/{rel}","templated":true}]}}