{"id":68,"date":"2015-10-06T12:11:46","date_gmt":"2015-10-06T08:11:46","guid":{"rendered":"http:\/\/lycee-isnelle-amelin-tmp.ac-reunion.fr\/?p=68"},"modified":"2024-03-18T08:39:41","modified_gmt":"2024-03-18T04:39:41","slug":"les-sections-du-lycee-2","status":"publish","type":"page","link":"https:\/\/etab.ac-reunion.fr\/lyc-isnelle-amelin\/accueil-final\/les-sections-du-lycee-2","title":{"rendered":"Les formations offertes au lyc\u00e9e"},"content":{"rendered":"\n<p><span style=\"color: #000000\"><strong>En BAC PRO<\/strong>, les m\u00e9tiers sont regroup\u00e9s en diff\u00e9rentes familles de m\u00e9tiers. Chacune d\u2019entre elles regroupe plusieurs sp\u00e9cialit\u00e9s du bac professionnel. Ces regroupements sont destin\u00e9s \u00e0 donner le temps et les connaissances n\u00e9cessaires pour choisir son m\u00e9tier. Ces familles de m\u00e9tier sont accessible d\u00e8s la seconde professionnelle. Voici les familles de m\u00e9tier et sp\u00e9cialit\u00e9s qui sont repr\u00e9sent\u00e9es au lyc\u00e9e Isnelle Amelin (suivez les liens sous cet organigramme pour obtenir plus d&rsquo;informations sur les diverses sections) :<\/span><\/p>\n\n\n\n<figure class=\"wp-block-video\"><video height=\"792\" style=\"aspect-ratio: 1122 \/ 792;\" width=\"1122\" autoplay loop muted src=\"https:\/\/etab.ac-reunion.fr\/lyc-isnelle-amelin\/wp-content\/uploads\/sites\/43\/2024\/03\/organigramme-LP-Amelin.mp4\" playsinline><\/video><\/figure>\n\n\n\n<p><strong><span style=\"color: #333333\">M\u00e9tiers de la gestion administrative, du transport et de la logistique &#8211; Acc\u00e8s par 2nde <em>MGATL<\/em><\/span><\/strong><\/p>\n\n\n\n<ul class=\"wp-block-list\">\n<li><a href=\"https:\/\/etab.ac-reunion.fr\/lyc-isnelle-amelin\/bac-pro\/bac-pro-gestion-administration\">Assistance \u00e0 la gestion des organisations et de leurs activit\u00e9s<\/a><strong><br><\/strong><\/li>\n\n\n\n<li><a href=\"https:\/\/etab.ac-reunion.fr\/lyc-isnelle-amelin\/sections\/logistique-transport\/bac-pro-logistique-2\">Logistique<\/a><\/li>\n\n\n\n<li><a href=\"https:\/\/etab.ac-reunion.fr\/lyc-isnelle-amelin\/sections\/logistique-transport\/bac-pro-transport-3\">Organisation de transport de marchandise<\/a><\/li>\n<\/ul>\n\n\n\n<p><strong><span style=\"color: #333333\">M\u00e9tiers de la relation client &#8211; Acc\u00e8s par 2nde <em>MRC<\/em><\/span><\/strong><\/p>\n\n\n\n<ul class=\"wp-block-list\">\n<li><a href=\"https:\/\/etab.ac-reunion.fr\/lyc-isnelle-amelin\/bac-pro\/bac-pro-accueil-relation-clients-usagers\">M\u00e9tiers de l\u2019accueil<\/a><\/li>\n\n\n\n<li><a href=\"https:\/\/etab.ac-reunion.fr\/lyc-isnelle-amelin\/bac-pro\/bac-pro-commerce\">M\u00e9tiers du commerce et de la vente, option A animation et gestion de l&rsquo;espace commercial<\/a><\/li>\n\n\n\n<li><a href=\"https:\/\/etab.ac-reunion.fr\/lyc-isnelle-amelin\/bac-pro\/bac-pro-commerce\">M\u00e9tiers du commerce et de la vente, option B prospection client\u00e8le et valorisation de l&rsquo;offre commerciale<\/a><\/li>\n<\/ul>\n\n\n\n<p><strong><span style=\"color: #333333\">M\u00e9tiers de la beaut\u00e9 et du bien-\u00eatre &#8211; Acc\u00e8s par 2nde ECP<\/span><\/strong><\/p>\n\n\n\n<ul class=\"wp-block-list\">\n<li><a href=\"https:\/\/etab.ac-reunion.fr\/lyc-isnelle-amelin\/sections\/esthetique-cosmetique\/bac-pro-esthetique-cosmetique-parfumerie\">Esth\u00e9tique Cosm\u00e9tique Parfumerie<\/a><\/li>\n<\/ul>\n\n\n\n<p><strong><span style=\"color: #333333\">M\u00e9tiers de la mode &#8211; v\u00eatement &#8211; Acc\u00e8s par 2nde MMV<\/span><\/strong><\/p>\n\n\n\n<ul class=\"wp-block-list\">\n<li><a href=\"https:\/\/etab.ac-reunion.fr\/lyc-isnelle-amelin\/sections\/metiers-de-la-mode\/bac-pro-metiers-mode-vetements\">M\u00e9tier de la mode &#8211; v\u00eatement<\/a><\/li>\n<\/ul>\n\n\n\n<p><span style=\"color: #000000\"><strong>Nos CAP (Certificat d&rsquo;Aptitude Professionnelle)<\/strong><\/span><\/p>\n\n\n\n<ul class=\"wp-block-list\">\n<li><a href=\"https:\/\/etab.ac-reunion.fr\/lyc-isnelle-amelin\/cap\/cap-epc\">Equipier Polyvalent de Commerce<\/a><\/li>\n\n\n\n<li><a href=\"https:\/\/etab.ac-reunion.fr\/lyc-isnelle-amelin\/sections\/esthetique-cosmetique\/esthetique-cosmetique-parfumerie\">Esth\u00e9tique-Cosm\u00e9tique-Parfumerie<\/a><\/li>\n\n\n\n<li><a href=\"https:\/\/etab.ac-reunion.fr\/lyc-isnelle-amelin\/sections\/coiffure\/cap-coiffure\">Coiffure<\/a><\/li>\n\n\n\n<li><a href=\"https:\/\/etab.ac-reunion.fr\/lyc-isnelle-amelin\/sections\/metiers-de-la-mode\/cap-couture-flou\">M\u00e9tiers de la mode &#8211; V\u00eatement Flou<\/a><\/li>\n<\/ul>\n\n\n\n<p><span style=\"color: #000000\"><strong>Nos BTS (Brevet de Technicien Sup\u00e9rieur)<\/strong><\/span><\/p>\n\n\n\n<ul class=\"wp-block-list\">\n<li><a href=\"https:\/\/etab.ac-reunion.fr\/lyc-isnelle-amelin\/formations-accueil\/slide3\/metiers-de-lesthetique-cosmetique-parfumerie-option-management\">Esth\u00e9tique-Cosm\u00e9tique-Parfumerie option Management<\/a><\/li>\n\n\n\n<li><a href=\"https:\/\/etab.ac-reunion.fr\/lyc-isnelle-amelin\/formations-accueil\/slide3\/gestion-des-transports-et-logistique-associee\">Gestion des Transports et Logistique Associ\u00e9e<\/a><\/li>\n<\/ul>\n<!-- AddThis Advanced Settings generic via filter on the_content --><!-- AddThis Share Buttons generic via filter on the_content -->","protected":false},"excerpt":{"rendered":"<p>En BAC PRO, les m\u00e9tiers sont regroup\u00e9s en diff\u00e9rentes familles de m\u00e9tiers. Chacune d\u2019entre elles regroupe plusieurs sp\u00e9cialit\u00e9s du bac professionnel. Ces regroupements sont destin\u00e9s \u00e0 donner le temps et [&hellip;]<!-- AddThis Advanced Settings generic via filter on get_the_excerpt --><!-- AddThis Share Buttons generic via filter on get_the_excerpt --><\/p>\n","protected":false},"author":344,"featured_media":0,"parent":2672,"menu_order":0,"comment_status":"closed","ping_status":"open","template":"","meta":{"_et_pb_use_builder":"","_et_pb_old_content":"","_et_gb_content_width":"","footnotes":"","_links_to":"","_links_to_target":""},"class_list":["post-68","page","type-page","status-publish","hentry"],"_links":{"self":[{"href":"https:\/\/etab.ac-reunion.fr\/lyc-isnelle-amelin\/wp-json\/wp\/v2\/pages\/68","targetHints":{"allow":["GET"]}}],"collection":[{"href":"https:\/\/etab.ac-reunion.fr\/lyc-isnelle-amelin\/wp-json\/wp\/v2\/pages"}],"about":[{"href":"https:\/\/etab.ac-reunion.fr\/lyc-isnelle-amelin\/wp-json\/wp\/v2\/types\/page"}],"author":[{"embeddable":true,"href":"https:\/\/etab.ac-reunion.fr\/lyc-isnelle-amelin\/wp-json\/wp\/v2\/users\/344"}],"replies":[{"embeddable":true,"href":"https:\/\/etab.ac-reunion.fr\/lyc-isnelle-amelin\/wp-json\/wp\/v2\/comments?post=68"}],"version-history":[{"count":25,"href":"https:\/\/etab.ac-reunion.fr\/lyc-isnelle-amelin\/wp-json\/wp\/v2\/pages\/68\/revisions"}],"predecessor-version":[{"id":17795,"href":"https:\/\/etab.ac-reunion.fr\/lyc-isnelle-amelin\/wp-json\/wp\/v2\/pages\/68\/revisions\/17795"}],"up":[{"embeddable":true,"href":"https:\/\/etab.ac-reunion.fr\/lyc-isnelle-amelin\/wp-json\/wp\/v2\/pages\/2672"}],"wp:attachment":[{"href":"https:\/\/etab.ac-reunion.fr\/lyc-isnelle-amelin\/wp-json\/wp\/v2\/media?parent=68"}],"curies":[{"name":"wp","href":"https:\/\/api.w.org\/{rel}","templated":true}]}}