{"id":11451,"date":"2024-08-11T15:39:37","date_gmt":"2024-08-11T11:39:37","guid":{"rendered":"https:\/\/etab.ac-reunion.fr\/lyc-jean-hinglo\/?page_id=11451"},"modified":"2025-01-17T09:48:49","modified_gmt":"2025-01-17T05:48:49","slug":"rgpd","status":"publish","type":"page","link":"https:\/\/etab.ac-reunion.fr\/lyc-jean-hinglo\/le-lycee\/rgpd\/","title":{"rendered":"RGPD"},"content":{"rendered":"<h2><strong>Qu\u2019est-ce que le RGPD ?<\/strong><\/h2>\n<p>Le sigle RGPD signifie \u00ab\u00a0<a href=\"https:\/\/www.cnil.fr\/fr\/reglement-europeen-protection-donnees\">R\u00e8glement G\u00e9n\u00e9ral sur la Protection des Donn\u00e9es<\/a>\u00a0\u00bb (en anglais \u00ab\u00a0General Data Protection Regulation\u00a0\u00bb ou GDPR). Le RGPD encadre le traitement des donn\u00e9es personnelles sur le territoire de l\u2019Union europ\u00e9enne.<\/p>\n<p>Le contexte juridique s\u2019adapte pour suivre les \u00e9volutions des technologies et de nos soci\u00e9t\u00e9s (usages accrus du num\u00e9rique, d\u00e9veloppement du commerce en ligne\u2026).<\/p>\n<p>Ce nouveau r\u00e8glement europ\u00e9en s\u2019inscrit dans la continuit\u00e9 de la Loi fran\u00e7aise\u00a0Informatique et Libert\u00e9s\u00a0de 1978 et renforce le contr\u00f4le par les citoyens de l\u2019utilisation qui peut \u00eatre faite des donn\u00e9es les concernant.<\/p>\n<p>Il harmonise les r\u00e8gles en Europe en offrant un cadre juridique unique aux professionnels. Il permet de d\u00e9velopper leurs activit\u00e9s num\u00e9riques au sein de l\u2019UE en se fondant sur la confiance des utilisateurs.<\/p>\n<h2><strong>RGPD\u00a0: de quoi parle-t-on\u00a0?<\/strong><\/h2>\n<p><strong><em>Donn\u00e9e personnelle<\/em><\/strong><em>, traitement de donn\u00e9es, RGPD, de quoi s&rsquo;agit-il ? \u00cates-vous concern\u00e9 ?<\/em><\/p>\n<p><strong>La notion de \u00ab donn\u00e9es personnelles \u00bb est \u00e0 comprendre de fa\u00e7on tr\u00e8s large<\/strong><\/p>\n<p>Une \u00ab\u00a0<strong>donn\u00e9e personnelle<\/strong>\u00a0\u00bb est \u00ab\u00a0toute information se rapportant \u00e0 une personne physique identifi\u00e9e ou identifiable\u00a0\u00bb.<\/p>\n<p>Une personne peut \u00eatre identifi\u00e9e\u00a0:<\/p>\n<ul>\n<li><strong>directement\u00a0<\/strong>(exemple\u00a0: nom, pr\u00e9nom)<\/li>\n<li><strong>ou indirectement\u00a0<\/strong>(exemple\u00a0: par un identifiant (n\u00b0 client), un num\u00e9ro (de t\u00e9l\u00e9phone), une\u00a0donn\u00e9e biom\u00e9trique, plusieurs \u00e9l\u00e9ments sp\u00e9cifiques propres \u00e0 son identit\u00e9 physique, physiologique, g\u00e9n\u00e9tique, psychique, \u00e9conomique, culturelle ou sociale, mais aussi la voix ou l\u2019image).<\/li>\n<\/ul>\n<p>L\u2019identification d\u2019une personne physique peut \u00eatre r\u00e9alis\u00e9e\u00a0:<\/p>\n<ul>\n<li><strong>\u00e0 partir d\u2019une seule donn\u00e9e <\/strong>(exemple\u00a0: num\u00e9ro de s\u00e9curit\u00e9 sociale, ADN)<\/li>\n<li><strong>\u00e0 partir du croisement d\u2019un ensemble de donn\u00e9es<\/strong>(exemple\u00a0: une femme vivant \u00e0 telle adresse, n\u00e9e tel jour, abonn\u00e9e \u00e0 tel magazine et militant dans telle association)<\/li>\n<\/ul>\n<p>Source\u00a0: <a href=\"http:\/\/www.cnil.fr\">www.cnil.fr<\/a>\u00a0\u00a0\u00a0 <a href=\"https:\/\/www.cnil.fr\/fr\/definition\/donnee-personnelle\">https:\/\/www.cnil.fr\/fr\/definition\/donnee-personnelle<\/a><\/p>\n<p>&nbsp;<\/p>\n<p><strong>Contacts : <\/strong><\/p>\n<p>D\u00e9l\u00e9gu\u00e9e \u00e0 la protection des Donn\u00e9es acad\u00e9mique : <a href=\"mailto:dpd@ac-reunion.fr\">dpd@ac-reunion.fr<\/a><\/p>\n<p>R\u00e9f\u00e9rent RGPD \u00e9tablissement : Sabrina YOU-SEEN : <a href=\"mailto:sabrina.you-seen1@ac-reunion.fr\">sabrina.you-seen1@ac-reunion.fr<\/a><\/p>\n<p>&nbsp;<\/p>\n<p>&nbsp;<\/p>\n","protected":false},"excerpt":{"rendered":"<p>Qu\u2019est-ce que le RGPD ? Le sigle RGPD signifie \u00ab\u00a0R\u00e8glement G\u00e9n\u00e9ral sur la Protection des Donn\u00e9es\u00a0\u00bb (en anglais \u00ab\u00a0General Data Protection Regulation\u00a0\u00bb ou GDPR). Le RGPD encadre le traitement des [&hellip;]<\/p>\n","protected":false},"author":29209,"featured_media":12344,"parent":3821,"menu_order":0,"comment_status":"closed","ping_status":"closed","template":"","meta":{"_EventAllDay":false,"_EventTimezone":"","_EventStartDate":"","_EventEndDate":"","_EventStartDateUTC":"","_EventEndDateUTC":"","_EventShowMap":false,"_EventShowMapLink":false,"_EventURL":"","_EventCost":"","_EventCostDescription":"","_EventCurrencySymbol":"","_EventCurrencyCode":"","_EventCurrencyPosition":"","_EventDateTimeSeparator":"","_EventTimeRangeSeparator":"","_EventOrganizerID":[],"_EventVenueID":[],"_OrganizerEmail":"","_OrganizerPhone":"","_OrganizerWebsite":"","_VenueAddress":"","_VenueCity":"","_VenueCountry":"","_VenueProvince":"","_VenueState":"","_VenueZip":"","_VenuePhone":"","_VenueURL":"","_VenueStateProvince":"","_VenueLat":"","_VenueLng":"","_VenueShowMap":false,"_VenueShowMapLink":false,"footnotes":""},"class_list":["post-11451","page","type-page","status-publish","has-post-thumbnail","hentry"],"_links":{"self":[{"href":"https:\/\/etab.ac-reunion.fr\/lyc-jean-hinglo\/wp-json\/wp\/v2\/pages\/11451","targetHints":{"allow":["GET"]}}],"collection":[{"href":"https:\/\/etab.ac-reunion.fr\/lyc-jean-hinglo\/wp-json\/wp\/v2\/pages"}],"about":[{"href":"https:\/\/etab.ac-reunion.fr\/lyc-jean-hinglo\/wp-json\/wp\/v2\/types\/page"}],"author":[{"embeddable":true,"href":"https:\/\/etab.ac-reunion.fr\/lyc-jean-hinglo\/wp-json\/wp\/v2\/users\/29209"}],"replies":[{"embeddable":true,"href":"https:\/\/etab.ac-reunion.fr\/lyc-jean-hinglo\/wp-json\/wp\/v2\/comments?post=11451"}],"version-history":[{"count":4,"href":"https:\/\/etab.ac-reunion.fr\/lyc-jean-hinglo\/wp-json\/wp\/v2\/pages\/11451\/revisions"}],"predecessor-version":[{"id":12346,"href":"https:\/\/etab.ac-reunion.fr\/lyc-jean-hinglo\/wp-json\/wp\/v2\/pages\/11451\/revisions\/12346"}],"up":[{"embeddable":true,"href":"https:\/\/etab.ac-reunion.fr\/lyc-jean-hinglo\/wp-json\/wp\/v2\/pages\/3821"}],"wp:featuredmedia":[{"embeddable":true,"href":"https:\/\/etab.ac-reunion.fr\/lyc-jean-hinglo\/wp-json\/wp\/v2\/media\/12344"}],"wp:attachment":[{"href":"https:\/\/etab.ac-reunion.fr\/lyc-jean-hinglo\/wp-json\/wp\/v2\/media?parent=11451"}],"curies":[{"name":"wp","href":"https:\/\/api.w.org\/{rel}","templated":true}]}}