{"id":12258,"date":"2024-12-10T08:53:59","date_gmt":"2024-12-10T04:53:59","guid":{"rendered":"https:\/\/etab.ac-reunion.fr\/lyc-jean-hinglo\/?page_id=12258"},"modified":"2025-01-21T10:48:42","modified_gmt":"2025-01-21T06:48:42","slug":"bureau-des-entreprises","status":"publish","type":"page","link":"https:\/\/etab.ac-reunion.fr\/lyc-jean-hinglo\/bureau-des-entreprises\/","title":{"rendered":"Bureau des Entreprises"},"content":{"rendered":"[et_pb_section fb_built=\u00a0\u00bb1&Prime; admin_label=\u00a0\u00bbsection\u00a0\u00bb _builder_version=\u00a0\u00bb4.16&Prime; global_colors_info=\u00a0\u00bb{}\u00a0\u00bb][et_pb_row admin_label=\u00a0\u00bbrow\u00a0\u00bb _builder_version=\u00a0\u00bb4.16&Prime; background_size=\u00a0\u00bbinitial\u00a0\u00bb background_position=\u00a0\u00bbtop_left\u00a0\u00bb background_repeat=\u00a0\u00bbrepeat\u00a0\u00bb global_colors_info=\u00a0\u00bb{}\u00a0\u00bb][et_pb_column type=\u00a0\u00bb4_4&Prime; _builder_version=\u00a0\u00bb4.16&Prime; custom_padding=\u00a0\u00bb|||\u00a0\u00bb global_colors_info=\u00a0\u00bb{}\u00a0\u00bb custom_padding__hover=\u00a0\u00bb|||\u00a0\u00bb][et_pb_text admin_label=\u00a0\u00bbText\u00a0\u00bb _builder_version=\u00a0\u00bb4.16&Prime; background_size=\u00a0\u00bbinitial\u00a0\u00bb background_position=\u00a0\u00bbtop_left\u00a0\u00bb background_repeat=\u00a0\u00bbrepeat\u00a0\u00bb global_colors_info=\u00a0\u00bb{}\u00a0\u00bb]\n<p>Le bureau des entreprises a pour objectif de renforcer les liens de l\u2019\u00c9ducation nationale avec le monde \u00e9conomique. Il offre un point d\u2019entr\u00e9e aux acteurs du monde professionnel au sein de chaque lyc\u00e9e professionnel. Lieu d\u00e9di\u00e9 aux partenariats, il favorise la mise en synergie des acteurs au b\u00e9n\u00e9fice des partenaires \u00e9conomiques, des \u00e9l\u00e8ves, des \u00e9tudiants, des apprentis et des stagiaires de la formation continue.<\/p>\n<p>Il est plac\u00e9 sous la responsabilit\u00e9 du proviseur et sous la coordination du directeur d\u00e9l\u00e9gu\u00e9 aux formations professionnelles et technologiques (DDFPT).<\/p>\n<p>Chaque bureau des entreprises articule ses activit\u00e9s autour de trois axes\u00a0:<\/p>\n<p>Axe 1 \u2013 D\u00e9velopper des partenariats avec les acteurs \u00e9conomiques du territoire<\/p>\n<p>Axe 2 \u2013 Faire vivre la relation \u00e9cole\/entreprise dans les parcours des apprenants<\/p>\n<p>Axe 3 \u2013 Organiser les temps de formation en milieu professionnel<\/p>\n<div><\/div>\n<p>Le bureau des entreprises a vocation \u00e0 travailler avec plusieurs acteurs\u00a0: \u00e9quipes p\u00e9dagogiques, milieux professionnels, services acad\u00e9miques, corps d\u2019inspection\u2026Il s\u2019appuie sur des structures d\u00e9j\u00e0 existantes (CMQ, r\u00e9seaux, bassins, Greta, GIP FCIP, CLEE, etc.).<\/p>\n<p>&nbsp;<\/p>\n<p>Contacter le bureau des entreprises :<\/p>\n<p><strong>Bureau des entreprises &#8211; Lyc\u00e9e Polyvalent Jean Hinglo Lyc\u00e9e des M\u00e9tiers du B\u00e2timent et des Travaux Publics en milieu tropical<\/strong><\/p>\n<p>Bureau : 0262 71 19 94 &#8211; Secr\u00e9tariat : 0262 71 19 12<\/p>\n<p>Courriel : <a href=\"mailto:bde-lpo-jean-hinglo@ac-reunion.fr\" target=\"_blank\" rel=\"noopener noreferrer\">bde-lpo-jean-hinglo@ac-reunion.fr<\/a><\/p>\n<p>2, rue des Sans Soucis &#8211; CS81107 &#8211; 97829 LE PORT CEDEX<\/p>\n<p>Standard : 0262 71 19 00<\/p>\n[\/et_pb_text][\/et_pb_column][\/et_pb_row][\/et_pb_section]\n","protected":false},"excerpt":{"rendered":"<p>[et_pb_section fb_built=\u00a0\u00bb1&Prime; admin_label=\u00a0\u00bbsection\u00a0\u00bb _builder_version=\u00a0\u00bb4.16&Prime; global_colors_info=\u00a0\u00bb{}\u00a0\u00bb][et_pb_row admin_label=\u00a0\u00bbrow\u00a0\u00bb _builder_version=\u00a0\u00bb4.16&Prime; background_size=\u00a0\u00bbinitial\u00a0\u00bb background_position=\u00a0\u00bbtop_left\u00a0\u00bb background_repeat=\u00a0\u00bbrepeat\u00a0\u00bb global_colors_info=\u00a0\u00bb{}\u00a0\u00bb][et_pb_column type=\u00a0\u00bb4_4&Prime; _builder_version=\u00a0\u00bb4.16&Prime; custom_padding=\u00a0\u00bb|||\u00a0\u00bb global_colors_info=\u00a0\u00bb{}\u00a0\u00bb custom_padding__hover=\u00a0\u00bb|||\u00a0\u00bb][et_pb_text admin_label=\u00a0\u00bbText\u00a0\u00bb _builder_version=\u00a0\u00bb4.16&Prime; background_size=\u00a0\u00bbinitial\u00a0\u00bb background_position=\u00a0\u00bbtop_left\u00a0\u00bb background_repeat=\u00a0\u00bbrepeat\u00a0\u00bb global_colors_info=\u00a0\u00bb{}\u00a0\u00bb] Le bureau des entreprises a pour objectif de [&hellip;]<\/p>\n","protected":false},"author":29209,"featured_media":0,"parent":0,"menu_order":0,"comment_status":"closed","ping_status":"closed","template":"","meta":{"_EventAllDay":false,"_EventTimezone":"","_EventStartDate":"","_EventEndDate":"","_EventStartDateUTC":"","_EventEndDateUTC":"","_EventShowMap":false,"_EventShowMapLink":false,"_EventURL":"","_EventCost":"","_EventCostDescription":"","_EventCurrencySymbol":"","_EventCurrencyCode":"","_EventCurrencyPosition":"","_EventDateTimeSeparator":"","_EventTimeRangeSeparator":"","_EventOrganizerID":[],"_EventVenueID":[],"_OrganizerEmail":"","_OrganizerPhone":"","_OrganizerWebsite":"","_VenueAddress":"","_VenueCity":"","_VenueCountry":"","_VenueProvince":"","_VenueState":"","_VenueZip":"","_VenuePhone":"","_VenueURL":"","_VenueStateProvince":"","_VenueLat":"","_VenueLng":"","_VenueShowMap":false,"_VenueShowMapLink":false,"footnotes":""},"class_list":["post-12258","page","type-page","status-publish","hentry"],"_links":{"self":[{"href":"https:\/\/etab.ac-reunion.fr\/lyc-jean-hinglo\/wp-json\/wp\/v2\/pages\/12258","targetHints":{"allow":["GET"]}}],"collection":[{"href":"https:\/\/etab.ac-reunion.fr\/lyc-jean-hinglo\/wp-json\/wp\/v2\/pages"}],"about":[{"href":"https:\/\/etab.ac-reunion.fr\/lyc-jean-hinglo\/wp-json\/wp\/v2\/types\/page"}],"author":[{"embeddable":true,"href":"https:\/\/etab.ac-reunion.fr\/lyc-jean-hinglo\/wp-json\/wp\/v2\/users\/29209"}],"replies":[{"embeddable":true,"href":"https:\/\/etab.ac-reunion.fr\/lyc-jean-hinglo\/wp-json\/wp\/v2\/comments?post=12258"}],"version-history":[{"count":10,"href":"https:\/\/etab.ac-reunion.fr\/lyc-jean-hinglo\/wp-json\/wp\/v2\/pages\/12258\/revisions"}],"predecessor-version":[{"id":12353,"href":"https:\/\/etab.ac-reunion.fr\/lyc-jean-hinglo\/wp-json\/wp\/v2\/pages\/12258\/revisions\/12353"}],"wp:attachment":[{"href":"https:\/\/etab.ac-reunion.fr\/lyc-jean-hinglo\/wp-json\/wp\/v2\/media?parent=12258"}],"curies":[{"name":"wp","href":"https:\/\/api.w.org\/{rel}","templated":true}]}}