{"id":12586,"date":"2025-03-24T12:14:36","date_gmt":"2025-03-24T08:14:36","guid":{"rendered":"https:\/\/etab.ac-reunion.fr\/lyc-jean-hinglo\/?page_id=12586"},"modified":"2025-10-28T09:37:50","modified_gmt":"2025-10-28T05:37:50","slug":"assistants-pedagogiques","status":"publish","type":"page","link":"https:\/\/etab.ac-reunion.fr\/lyc-jean-hinglo\/assistants-pedagogiques\/","title":{"rendered":"Assistants p\u00e9dagogiques"},"content":{"rendered":"<p>Les assistants p\u00e9dagogiques assurent exclusivement des fonctions d\u2019appui aux personnels enseignants pour le soutien et l\u2019accompagnement p\u00e9dagogiques au sein des \u00e9tablissements publics d\u2019enseignement du second degr\u00e9 (cf. art. 1er du d\u00e9cret n\u00b0 2003-484 du 6 juin 2003 modifi\u00e9 par le d\u00e9cret relatif aux assistants p\u00e9dagogiques). Ainsi, la mission des assistants p\u00e9dagogiques ne peut se substituer \u00e0 la mission d\u2019enseignement.<br \/>\nCes fonctions consistent en un soutien aux \u00e9l\u00e8ves en difficult\u00e9 qui sollicitent cette aide. Elles s\u2019exercent de mani\u00e8re individualis\u00e9e ou en groupe restreint. Elles ont pour objectif essentiel de permettre aux \u00e9l\u00e8ves de pr\u00e9parer les examens dans les meilleures conditions. Les modalit\u00e9s p\u00e9dagogiques du soutien &#8211; aide m\u00e9thodologique, aide au travail personnel notamment &#8211; sont arr\u00eat\u00e9es par le chef d\u2019\u00e9tablissement en liaison avec les \u00e9quipes p\u00e9dagogiques.<\/p>\n<p>Les assistants p\u00e9dagogiques au lyc\u00e9e Jean Hinglo :<\/p>\n<p><a href=\"https:\/\/etab.ac-reunion.fr\/lyc-jean-hinglo\/wp-content\/uploads\/sites\/62\/2025\/10\/ASSISTANTS-PEDA_LIVRETS-DE-RENTREE_page-0001-scaled.jpg\"><img loading=\"lazy\" decoding=\"async\" class=\"alignnone size-full wp-image-13556\" src=\"https:\/\/etab.ac-reunion.fr\/lyc-jean-hinglo\/wp-content\/uploads\/sites\/62\/2025\/10\/ASSISTANTS-PEDA_LIVRETS-DE-RENTREE_page-0001-scaled.jpg\" alt=\"\" width=\"1810\" height=\"2560\" srcset=\"https:\/\/etab.ac-reunion.fr\/lyc-jean-hinglo\/wp-content\/uploads\/sites\/62\/2025\/10\/ASSISTANTS-PEDA_LIVRETS-DE-RENTREE_page-0001-scaled.jpg 1810w, https:\/\/etab.ac-reunion.fr\/lyc-jean-hinglo\/wp-content\/uploads\/sites\/62\/2025\/10\/ASSISTANTS-PEDA_LIVRETS-DE-RENTREE_page-0001-212x300.jpg 212w, https:\/\/etab.ac-reunion.fr\/lyc-jean-hinglo\/wp-content\/uploads\/sites\/62\/2025\/10\/ASSISTANTS-PEDA_LIVRETS-DE-RENTREE_page-0001-724x1024.jpg 724w, https:\/\/etab.ac-reunion.fr\/lyc-jean-hinglo\/wp-content\/uploads\/sites\/62\/2025\/10\/ASSISTANTS-PEDA_LIVRETS-DE-RENTREE_page-0001-768x1086.jpg 768w, https:\/\/etab.ac-reunion.fr\/lyc-jean-hinglo\/wp-content\/uploads\/sites\/62\/2025\/10\/ASSISTANTS-PEDA_LIVRETS-DE-RENTREE_page-0001-1086x1536.jpg 1086w, https:\/\/etab.ac-reunion.fr\/lyc-jean-hinglo\/wp-content\/uploads\/sites\/62\/2025\/10\/ASSISTANTS-PEDA_LIVRETS-DE-RENTREE_page-0001-1448x2048.jpg 1448w\" sizes=\"auto, (max-width: 1810px) 100vw, 1810px\" \/><\/a><\/p>\n","protected":false},"excerpt":{"rendered":"<p>Les assistants p\u00e9dagogiques assurent exclusivement des fonctions d\u2019appui aux personnels enseignants pour le soutien et l\u2019accompagnement p\u00e9dagogiques au sein des \u00e9tablissements publics d\u2019enseignement du second degr\u00e9 (cf. art. 1er du [&hellip;]<\/p>\n","protected":false},"author":29209,"featured_media":12588,"parent":0,"menu_order":0,"comment_status":"closed","ping_status":"closed","template":"","meta":{"_EventAllDay":false,"_EventTimezone":"","_EventStartDate":"","_EventEndDate":"","_EventStartDateUTC":"","_EventEndDateUTC":"","_EventShowMap":false,"_EventShowMapLink":false,"_EventURL":"","_EventCost":"","_EventCostDescription":"","_EventCurrencySymbol":"","_EventCurrencyCode":"","_EventCurrencyPosition":"","_EventDateTimeSeparator":"","_EventTimeRangeSeparator":"","_EventOrganizerID":[],"_EventVenueID":[],"_OrganizerEmail":"","_OrganizerPhone":"","_OrganizerWebsite":"","_VenueAddress":"","_VenueCity":"","_VenueCountry":"","_VenueProvince":"","_VenueState":"","_VenueZip":"","_VenuePhone":"","_VenueURL":"","_VenueStateProvince":"","_VenueLat":"","_VenueLng":"","_VenueShowMap":false,"_VenueShowMapLink":false,"footnotes":""},"class_list":["post-12586","page","type-page","status-publish","has-post-thumbnail","hentry"],"_links":{"self":[{"href":"https:\/\/etab.ac-reunion.fr\/lyc-jean-hinglo\/wp-json\/wp\/v2\/pages\/12586","targetHints":{"allow":["GET"]}}],"collection":[{"href":"https:\/\/etab.ac-reunion.fr\/lyc-jean-hinglo\/wp-json\/wp\/v2\/pages"}],"about":[{"href":"https:\/\/etab.ac-reunion.fr\/lyc-jean-hinglo\/wp-json\/wp\/v2\/types\/page"}],"author":[{"embeddable":true,"href":"https:\/\/etab.ac-reunion.fr\/lyc-jean-hinglo\/wp-json\/wp\/v2\/users\/29209"}],"replies":[{"embeddable":true,"href":"https:\/\/etab.ac-reunion.fr\/lyc-jean-hinglo\/wp-json\/wp\/v2\/comments?post=12586"}],"version-history":[{"count":4,"href":"https:\/\/etab.ac-reunion.fr\/lyc-jean-hinglo\/wp-json\/wp\/v2\/pages\/12586\/revisions"}],"predecessor-version":[{"id":13558,"href":"https:\/\/etab.ac-reunion.fr\/lyc-jean-hinglo\/wp-json\/wp\/v2\/pages\/12586\/revisions\/13558"}],"wp:featuredmedia":[{"embeddable":true,"href":"https:\/\/etab.ac-reunion.fr\/lyc-jean-hinglo\/wp-json\/wp\/v2\/media\/12588"}],"wp:attachment":[{"href":"https:\/\/etab.ac-reunion.fr\/lyc-jean-hinglo\/wp-json\/wp\/v2\/media?parent=12586"}],"curies":[{"name":"wp","href":"https:\/\/api.w.org\/{rel}","templated":true}]}}