{"id":12591,"date":"2025-03-24T13:50:18","date_gmt":"2025-03-24T09:50:18","guid":{"rendered":"https:\/\/etab.ac-reunion.fr\/lyc-jean-hinglo\/?page_id=12591"},"modified":"2025-03-24T15:54:10","modified_gmt":"2025-03-24T11:54:10","slug":"presentation-internat-dexcellence","status":"publish","type":"page","link":"https:\/\/etab.ac-reunion.fr\/lyc-jean-hinglo\/presentation-internat-dexcellence\/","title":{"rendered":"Pr\u00e9sentation internat d&rsquo;excellence"},"content":{"rendered":"<p><a href=\"https:\/\/etab.ac-reunion.fr\/lyc-jean-hinglo\/wp-content\/uploads\/sites\/62\/2022\/09\/21-macaron-internatsexcellence_0.png\"><img loading=\"lazy\" decoding=\"async\" class=\"size-full wp-image-8336 aligncenter\" src=\"https:\/\/etab.ac-reunion.fr\/lyc-jean-hinglo\/wp-content\/uploads\/sites\/62\/2022\/09\/21-macaron-internatsexcellence_0.png\" alt=\"\" width=\"378\" height=\"378\" srcset=\"https:\/\/etab.ac-reunion.fr\/lyc-jean-hinglo\/wp-content\/uploads\/sites\/62\/2022\/09\/21-macaron-internatsexcellence_0.png 378w, https:\/\/etab.ac-reunion.fr\/lyc-jean-hinglo\/wp-content\/uploads\/sites\/62\/2022\/09\/21-macaron-internatsexcellence_0-300x300.png 300w, https:\/\/etab.ac-reunion.fr\/lyc-jean-hinglo\/wp-content\/uploads\/sites\/62\/2022\/09\/21-macaron-internatsexcellence_0-150x150.png 150w, https:\/\/etab.ac-reunion.fr\/lyc-jean-hinglo\/wp-content\/uploads\/sites\/62\/2022\/09\/21-macaron-internatsexcellence_0-160x160.png 160w, https:\/\/etab.ac-reunion.fr\/lyc-jean-hinglo\/wp-content\/uploads\/sites\/62\/2022\/09\/21-macaron-internatsexcellence_0-240x240.png 240w, https:\/\/etab.ac-reunion.fr\/lyc-jean-hinglo\/wp-content\/uploads\/sites\/62\/2022\/09\/21-macaron-internatsexcellence_0-60x60.png 60w, https:\/\/etab.ac-reunion.fr\/lyc-jean-hinglo\/wp-content\/uploads\/sites\/62\/2022\/09\/21-macaron-internatsexcellence_0-184x184.png 184w\" sizes=\"auto, (max-width: 378px) 100vw, 378px\" \/><\/a><\/p>\n<p>&nbsp;<\/p>\n<p>L\u2019internat d\u2019excellence permet aux \u00e9l\u00e8ves\/\u00e9tudiants motiv\u00e9s d&rsquo;exprimer leur potentiel et de d\u00e9velopper leur ambition scolaire, en leur offrant des conditions de travail optimales et un projet \u00e9ducatif renforc\u00e9. Le projet \u00e9ducatif et p\u00e9dagogique de l\u2019internat est construit en coh\u00e9rence avec le projet d\u2019\u00e9tablissement et\/ou le contrat d\u2019objectifs. Il vise \u00e0 d\u00e9cloisonner l\u2019internat du reste des activit\u00e9s des \u00e9l\u00e8ves en privil\u00e9giant la continuit\u00e9 \u00e9ducative et la coh\u00e9rence entre les actions propos\u00e9es sur le temps scolaire et le temps \u00e9ducatif. Le projet repose sur une d\u00e9marche d\u2019\u00e9laboration collective associant l\u2019ensemble des acteurs de la communaut\u00e9 \u00e9ducative. Ainsi, les internes b\u00e9n\u00e9ficient d&rsquo;un accompagnement p\u00e9dagogique personnalis\u00e9 en parall\u00e8le de leur semaine de cours : rem\u00e9diation scolaire, accompagnement du travail personnel. Des activit\u00e9s sportives et culturelles \u00e0 vivre collectivement sont \u00e9galement propos\u00e9es aux \u00e9l\u00e8ves.<\/p>\n<p><a href=\"https:\/\/etab.ac-reunion.fr\/lyc-jean-hinglo\/wp-content\/uploads\/sites\/62\/2025\/03\/d-pliant-de-pr-sentation-de-l-internat-excellence-hinglo-pdf-28644_Page1.png\"><img loading=\"lazy\" decoding=\"async\" class=\"size-full wp-image-12603 aligncenter\" src=\"https:\/\/etab.ac-reunion.fr\/lyc-jean-hinglo\/wp-content\/uploads\/sites\/62\/2025\/03\/d-pliant-de-pr-sentation-de-l-internat-excellence-hinglo-pdf-28644_Page1.png\" alt=\"\" width=\"1123\" height=\"793\" srcset=\"https:\/\/etab.ac-reunion.fr\/lyc-jean-hinglo\/wp-content\/uploads\/sites\/62\/2025\/03\/d-pliant-de-pr-sentation-de-l-internat-excellence-hinglo-pdf-28644_Page1.png 1123w, https:\/\/etab.ac-reunion.fr\/lyc-jean-hinglo\/wp-content\/uploads\/sites\/62\/2025\/03\/d-pliant-de-pr-sentation-de-l-internat-excellence-hinglo-pdf-28644_Page1-300x212.png 300w, https:\/\/etab.ac-reunion.fr\/lyc-jean-hinglo\/wp-content\/uploads\/sites\/62\/2025\/03\/d-pliant-de-pr-sentation-de-l-internat-excellence-hinglo-pdf-28644_Page1-1024x723.png 1024w, https:\/\/etab.ac-reunion.fr\/lyc-jean-hinglo\/wp-content\/uploads\/sites\/62\/2025\/03\/d-pliant-de-pr-sentation-de-l-internat-excellence-hinglo-pdf-28644_Page1-768x542.png 768w\" sizes=\"auto, (max-width: 1123px) 100vw, 1123px\" \/><\/a> <a href=\"https:\/\/etab.ac-reunion.fr\/lyc-jean-hinglo\/wp-content\/uploads\/sites\/62\/2025\/03\/d-pliant-de-pr-sentation-de-l-internat-excellence-hinglo-pdf-28644_Page2.png\"><img loading=\"lazy\" decoding=\"async\" class=\"size-full wp-image-12604 aligncenter\" src=\"https:\/\/etab.ac-reunion.fr\/lyc-jean-hinglo\/wp-content\/uploads\/sites\/62\/2025\/03\/d-pliant-de-pr-sentation-de-l-internat-excellence-hinglo-pdf-28644_Page2.png\" alt=\"\" width=\"1123\" height=\"793\" srcset=\"https:\/\/etab.ac-reunion.fr\/lyc-jean-hinglo\/wp-content\/uploads\/sites\/62\/2025\/03\/d-pliant-de-pr-sentation-de-l-internat-excellence-hinglo-pdf-28644_Page2.png 1123w, https:\/\/etab.ac-reunion.fr\/lyc-jean-hinglo\/wp-content\/uploads\/sites\/62\/2025\/03\/d-pliant-de-pr-sentation-de-l-internat-excellence-hinglo-pdf-28644_Page2-300x212.png 300w, https:\/\/etab.ac-reunion.fr\/lyc-jean-hinglo\/wp-content\/uploads\/sites\/62\/2025\/03\/d-pliant-de-pr-sentation-de-l-internat-excellence-hinglo-pdf-28644_Page2-1024x723.png 1024w, https:\/\/etab.ac-reunion.fr\/lyc-jean-hinglo\/wp-content\/uploads\/sites\/62\/2025\/03\/d-pliant-de-pr-sentation-de-l-internat-excellence-hinglo-pdf-28644_Page2-768x542.png 768w\" sizes=\"auto, (max-width: 1123px) 100vw, 1123px\" \/><\/a><\/p>\n","protected":false},"excerpt":{"rendered":"<p>&nbsp; L\u2019internat d\u2019excellence permet aux \u00e9l\u00e8ves\/\u00e9tudiants motiv\u00e9s d&rsquo;exprimer leur potentiel et de d\u00e9velopper leur ambition scolaire, en leur offrant des conditions de travail optimales et un projet \u00e9ducatif renforc\u00e9. Le [&hellip;]<\/p>\n","protected":false},"author":29209,"featured_media":8336,"parent":0,"menu_order":0,"comment_status":"closed","ping_status":"closed","template":"","meta":{"_EventAllDay":false,"_EventTimezone":"","_EventStartDate":"","_EventEndDate":"","_EventStartDateUTC":"","_EventEndDateUTC":"","_EventShowMap":false,"_EventShowMapLink":false,"_EventURL":"","_EventCost":"","_EventCostDescription":"","_EventCurrencySymbol":"","_EventCurrencyCode":"","_EventCurrencyPosition":"","_EventDateTimeSeparator":"","_EventTimeRangeSeparator":"","_EventOrganizerID":[],"_EventVenueID":[],"_OrganizerEmail":"","_OrganizerPhone":"","_OrganizerWebsite":"","_VenueAddress":"","_VenueCity":"","_VenueCountry":"","_VenueProvince":"","_VenueState":"","_VenueZip":"","_VenuePhone":"","_VenueURL":"","_VenueStateProvince":"","_VenueLat":"","_VenueLng":"","_VenueShowMap":false,"_VenueShowMapLink":false,"footnotes":""},"class_list":["post-12591","page","type-page","status-publish","has-post-thumbnail","hentry"],"_links":{"self":[{"href":"https:\/\/etab.ac-reunion.fr\/lyc-jean-hinglo\/wp-json\/wp\/v2\/pages\/12591","targetHints":{"allow":["GET"]}}],"collection":[{"href":"https:\/\/etab.ac-reunion.fr\/lyc-jean-hinglo\/wp-json\/wp\/v2\/pages"}],"about":[{"href":"https:\/\/etab.ac-reunion.fr\/lyc-jean-hinglo\/wp-json\/wp\/v2\/types\/page"}],"author":[{"embeddable":true,"href":"https:\/\/etab.ac-reunion.fr\/lyc-jean-hinglo\/wp-json\/wp\/v2\/users\/29209"}],"replies":[{"embeddable":true,"href":"https:\/\/etab.ac-reunion.fr\/lyc-jean-hinglo\/wp-json\/wp\/v2\/comments?post=12591"}],"version-history":[{"count":5,"href":"https:\/\/etab.ac-reunion.fr\/lyc-jean-hinglo\/wp-json\/wp\/v2\/pages\/12591\/revisions"}],"predecessor-version":[{"id":12606,"href":"https:\/\/etab.ac-reunion.fr\/lyc-jean-hinglo\/wp-json\/wp\/v2\/pages\/12591\/revisions\/12606"}],"wp:featuredmedia":[{"embeddable":true,"href":"https:\/\/etab.ac-reunion.fr\/lyc-jean-hinglo\/wp-json\/wp\/v2\/media\/8336"}],"wp:attachment":[{"href":"https:\/\/etab.ac-reunion.fr\/lyc-jean-hinglo\/wp-json\/wp\/v2\/media?parent=12591"}],"curies":[{"name":"wp","href":"https:\/\/api.w.org\/{rel}","templated":true}]}}