{"id":5926,"date":"2021-01-30T11:47:06","date_gmt":"2021-01-30T07:47:06","guid":{"rendered":"http:\/\/lycee-jhinglo.ac-reunion.fr\/?page_id=5926"},"modified":"2025-03-19T10:53:39","modified_gmt":"2025-03-19T06:53:39","slug":"la-maison-des-lyceens","status":"publish","type":"page","link":"https:\/\/etab.ac-reunion.fr\/lyc-jean-hinglo\/le-lycee\/la-maison-des-lyceens\/","title":{"rendered":"La Maison des Lyc\u00e9ens"},"content":{"rendered":"<p><img loading=\"lazy\" decoding=\"async\" class=\"aligncenter wp-image-5934\" src=\"https:\/\/etab.ac-reunion.fr\/lyc-jean-hinglo\/wp-content\/uploads\/sites\/62\/2021\/01\/logo-mdl-A3.png\" alt=\"\" width=\"390\" height=\"108\" srcset=\"https:\/\/etab.ac-reunion.fr\/lyc-jean-hinglo\/wp-content\/uploads\/sites\/62\/2021\/01\/logo-mdl-A3.png 1158w, https:\/\/etab.ac-reunion.fr\/lyc-jean-hinglo\/wp-content\/uploads\/sites\/62\/2021\/01\/logo-mdl-A3-300x83.png 300w, https:\/\/etab.ac-reunion.fr\/lyc-jean-hinglo\/wp-content\/uploads\/sites\/62\/2021\/01\/logo-mdl-A3-1024x283.png 1024w, https:\/\/etab.ac-reunion.fr\/lyc-jean-hinglo\/wp-content\/uploads\/sites\/62\/2021\/01\/logo-mdl-A3-768x212.png 768w\" sizes=\"auto, (max-width: 390px) 100vw, 390px\" \/><\/p>\n<p><strong>La Maison des Lyc\u00e9ens (MDL)<\/strong> travaille en lien avec le Conseil de la Vie Lyc\u00e9en (CVL) pour participer au d\u00e9veloppement de la vie sociale, culturelle et sportive dans votre lyc\u00e9e. Elle contribue donc \u00e0 am\u00e9liorer la qualit\u00e9 de vie des lyc\u00e9ens dans l\u2019\u00e9tablissement mais aussi \u00e0 leur ouverture culturelle et \u00e0 l\u2019acquisition progressive de l\u2019autonomie.<\/p>\n<p>La MDL est donc\u00a0:<\/p>\n<ul>\n<li>Un lieu de rencontre, d\u2019\u00e9change et de convivialit\u00e9<\/li>\n<li>Un lieu d\u2019autonomie et de responsabilisation<\/li>\n<li>Un centre d\u2019apprentissage de la responsabilit\u00e9<\/li>\n<li>Un espace de cr\u00e9ativit\u00e9<\/li>\n<\/ul>\n<p>La MDL permet de mettre en place et de financer de nombreux projets en dehors des heures de cours. Pour financer ses projets, elle peut organiser des activit\u00e9s pour r\u00e9colter des fonds\u00a0: f\u00eates \u00e0 th\u00e8mes, f\u00eate de fin d\u2019ann\u00e9e, expositions, etc.<\/p>\n<p><strong>O\u00f9 se trouve le local de la MDL\u00a0?<\/strong><\/p>\n<p>Au foyer de l\u2019internat gar\u00e7on<\/p>\n<p><strong>Horaires d&rsquo;ouverture et activit\u00e9s<\/strong><\/p>\n<p>Lundi, mardi, jeudi, vendredi : de 11h \u00e0 14h<\/p>\n<p>Activit\u00e9s : Billard, babyfoot, Ping Pong, Badminton, Jeu de quille nordique et divers jeux de soci\u00e9t\u00e9<\/p>\n<p>Mercredi: de 13h \u00e0 15h &#8211;\u00a0Cin\u00e9-Club en Partenariat avec l\u2019association Unis Cit\u00e9 (Salle P101)<\/p>\n<p><strong>Qui peut devenir membre de la MDL\u00a0?<\/strong><\/p>\n<p>Tout \u00e9l\u00e8ve inscrit dans l\u2019\u00e9tablissement peut demander son adh\u00e9sion<\/p>\n<p><strong>Comment devenir membre de la MDL\u00a0?<\/strong><\/p>\n<p>Il faut juste remplir le bulletin d\u2019adh\u00e9sion et s\u2019acquitter de la cotisation annuelle de 5\u20ac (en esp\u00e8ce ou par ch\u00e8que \u00e0 l\u2019ordre de\u00a0 \u00ab\u00a0MDL Jean Hinglo\u00a0\u00bb)<\/p>\n<p><strong>O\u00f9 retirer le bulletin d\u2019adh\u00e9sion\u00a0?<\/strong><\/p>\n<p>Le bulletin d\u2019adh\u00e9sion est \u00e0 retirer \u00e0 la vie scolaire, ou directement aupr\u00e8s de l\u2019animateur de la Maison des lyc\u00e9ens<\/p>\n<p><strong>Qui g\u00e8re la MDL\u00a0?<\/strong><\/p>\n<p>La MDL est g\u00e9r\u00e9e par les \u00e9l\u00e8ves de plus de 16ans, inscrits dans l\u2019\u00e9tablissement. Ci-dessous les membres du conseil d&rsquo;administration 2024\/2025<\/p>\n<table width=\"917\">\n<tbody>\n<tr>\n<td colspan=\"3\" width=\"458\">\n<p style=\"text-align: center\"><strong>MEMBRES DU CONSEIL D&rsquo;ADMINISTRATION <\/strong><\/p>\n<p style=\"text-align: center\"><strong>2024 &#8211; 2025<\/strong><\/p>\n<\/td>\n<td width=\"458\">\n<p style=\"text-align: center\"><strong>BUREAU<\/strong><\/p>\n<\/td>\n<\/tr>\n<tr>\n<td width=\"167\">\n<p style=\"text-align: center\"><strong>NOM<\/strong><\/p>\n<\/td>\n<td style=\"text-align: center\" width=\"101\"><strong>PRENOM<\/strong><\/td>\n<td style=\"text-align: center\" width=\"190\"><strong>CLASSE<\/strong><\/td>\n<td width=\"458\">\n<p style=\"text-align: center\"><strong>Fonction<\/strong><\/p>\n<\/td>\n<\/tr>\n<tr>\n<td width=\"167\">RICHARD<\/td>\n<td width=\"101\">William<\/td>\n<td width=\"190\">BAT1<\/td>\n<td width=\"458\">Pr\u00e9sident<\/td>\n<\/tr>\n<tr>\n<td width=\"167\">REMULE-TECHER<\/td>\n<td width=\"101\">Oc\u00e9ane<\/td>\n<td width=\"190\">TP1<\/td>\n<td width=\"458\">Secr\u00e9taire<\/td>\n<\/tr>\n<tr>\n<td width=\"167\">PEYRETON<\/td>\n<td width=\"101\">David<\/td>\n<td width=\"190\">CPE<\/td>\n<td width=\"458\">Tr\u00e9sorier \/ Coordinateur de la vie lyc\u00e9enne<\/td>\n<\/tr>\n<tr>\n<td width=\"167\">ABDALLAH<\/td>\n<td width=\"101\">Nayiad<\/td>\n<td width=\"190\">T02<\/td>\n<td width=\"458\">Vice pr\u00e9sident \/ Vice pr\u00e9sident du CVL<\/td>\n<\/tr>\n<tr>\n<td width=\"167\">ROBERT<\/td>\n<td width=\"101\">Thierry<\/td>\n<td width=\"190\">CCST1<\/td>\n<td width=\"458\">Secr\u00e9taire adjoint<\/td>\n<\/tr>\n<tr>\n<td width=\"167\">HOAREAU<\/td>\n<td width=\"101\">M\u00e9lanie<\/td>\n<td width=\"190\">BAT2<\/td>\n<td width=\"458\">Tr\u00e9sori\u00e8re adjointe<\/td>\n<\/tr>\n<tr>\n<td width=\"167\">AH-YIONNE<\/td>\n<td width=\"101\">Noriane<\/td>\n<td width=\"190\">103<\/td>\n<td width=\"458\">Membre actif<\/td>\n<\/tr>\n<tr>\n<td width=\"167\">DAHALANI<\/td>\n<td width=\"101\">Akima<\/td>\n<td width=\"190\">T02<\/td>\n<td width=\"458\">Membre actif<\/td>\n<\/tr>\n<tr>\n<td width=\"167\">ROPY<\/td>\n<td width=\"101\">Ma\u00ebline<\/td>\n<td width=\"190\">103<\/td>\n<td width=\"458\">Membre actif<\/td>\n<\/tr>\n<\/tbody>\n<\/table>\n<hr \/>\n<h3 style=\"text-align: center\"><strong><span style=\"color: #0000ff\">Actualit\u00e9s<\/span><\/strong><\/h3>\n\n\n<div class=\"su-posts su-posts-default-loop \">\n\n\t\n\t\t\t\t\t\n\t\t\t\n\t\t\t<div id=\"su-post-9466\" class=\"su-post \">\n\n\t\t\t\t\t\t\t\t\t<a class=\"su-post-thumbnail\" href=\"https:\/\/etab.ac-reunion.fr\/lyc-jean-hinglo\/2023\/06\/04\/bal-de-promo\/\"><img loading=\"lazy\" decoding=\"async\" width=\"1584\" height=\"1244\" src=\"https:\/\/etab.ac-reunion.fr\/lyc-jean-hinglo\/wp-content\/uploads\/sites\/62\/2023\/06\/demi-Bal-promo-juin-2023.jpg\" class=\"attachment-post-thumbnail size-post-thumbnail wp-post-image\" alt=\"\" srcset=\"https:\/\/etab.ac-reunion.fr\/lyc-jean-hinglo\/wp-content\/uploads\/sites\/62\/2023\/06\/demi-Bal-promo-juin-2023.jpg 1584w, https:\/\/etab.ac-reunion.fr\/lyc-jean-hinglo\/wp-content\/uploads\/sites\/62\/2023\/06\/demi-Bal-promo-juin-2023-300x236.jpg 300w, https:\/\/etab.ac-reunion.fr\/lyc-jean-hinglo\/wp-content\/uploads\/sites\/62\/2023\/06\/demi-Bal-promo-juin-2023-1024x804.jpg 1024w, https:\/\/etab.ac-reunion.fr\/lyc-jean-hinglo\/wp-content\/uploads\/sites\/62\/2023\/06\/demi-Bal-promo-juin-2023-768x603.jpg 768w, https:\/\/etab.ac-reunion.fr\/lyc-jean-hinglo\/wp-content\/uploads\/sites\/62\/2023\/06\/demi-Bal-promo-juin-2023-1536x1206.jpg 1536w\" sizes=\"auto, (max-width: 1584px) 100vw, 1584px\" \/><\/a>\n\t\t\t\t\n\t\t\t\t<h2 class=\"su-post-title\"><a href=\"https:\/\/etab.ac-reunion.fr\/lyc-jean-hinglo\/2023\/06\/04\/bal-de-promo\/\">Bal de Promo 2023<\/a><\/h2>\n\n\t\t\t\t<div class=\"su-post-meta\">\n\t\t\t\t\tPubli\u00e9: 4 juin 2023\t\t\t\t<\/div>\n\n\t\t\t\t<div class=\"su-post-excerpt\">\n\t\t\t\t\t<p>Le \u00ab\u00a0Bal de Promo 2022 &#8211; 2023\u00a0\u00bb, organis\u00e9 par la Maison des Lyc\u00e9ens pour nos classes terminales (2\u00e8me ann\u00e9e CAP, terminale bac GT et bac pro, 2\u00e8me ann\u00e9e BTS), se [&hellip;]<\/p>\n\t\t\t\t<\/div>\n\n\t\t\t\t\n\t\t\t<\/div>\n\n\t\t\t\t\t\n\t\t\t\n\t\t\t<div id=\"su-post-8288\" class=\"su-post \">\n\n\t\t\t\t\t\t\t\t\t<a class=\"su-post-thumbnail\" href=\"https:\/\/etab.ac-reunion.fr\/lyc-jean-hinglo\/2022\/09\/08\/assemblee-generale-de-la-mdl-2\/\"><img loading=\"lazy\" decoding=\"async\" width=\"1587\" height=\"2245\" src=\"https:\/\/etab.ac-reunion.fr\/lyc-jean-hinglo\/wp-content\/uploads\/sites\/62\/2022\/09\/png_20220905_144059_0000.png\" class=\"attachment-post-thumbnail size-post-thumbnail wp-post-image\" alt=\"\" srcset=\"https:\/\/etab.ac-reunion.fr\/lyc-jean-hinglo\/wp-content\/uploads\/sites\/62\/2022\/09\/png_20220905_144059_0000.png 1587w, https:\/\/etab.ac-reunion.fr\/lyc-jean-hinglo\/wp-content\/uploads\/sites\/62\/2022\/09\/png_20220905_144059_0000-212x300.png 212w, https:\/\/etab.ac-reunion.fr\/lyc-jean-hinglo\/wp-content\/uploads\/sites\/62\/2022\/09\/png_20220905_144059_0000-724x1024.png 724w, https:\/\/etab.ac-reunion.fr\/lyc-jean-hinglo\/wp-content\/uploads\/sites\/62\/2022\/09\/png_20220905_144059_0000-768x1086.png 768w, https:\/\/etab.ac-reunion.fr\/lyc-jean-hinglo\/wp-content\/uploads\/sites\/62\/2022\/09\/png_20220905_144059_0000-1086x1536.png 1086w, https:\/\/etab.ac-reunion.fr\/lyc-jean-hinglo\/wp-content\/uploads\/sites\/62\/2022\/09\/png_20220905_144059_0000-1448x2048.png 1448w\" sizes=\"auto, (max-width: 1587px) 100vw, 1587px\" \/><\/a>\n\t\t\t\t\n\t\t\t\t<h2 class=\"su-post-title\"><a href=\"https:\/\/etab.ac-reunion.fr\/lyc-jean-hinglo\/2022\/09\/08\/assemblee-generale-de-la-mdl-2\/\">Assembl\u00e9e g\u00e9n\u00e9rale de la MDL<\/a><\/h2>\n\n\t\t\t\t<div class=\"su-post-meta\">\n\t\t\t\t\tPubli\u00e9: 8 septembre 2022\t\t\t\t<\/div>\n\n\t\t\t\t<div class=\"su-post-excerpt\">\n\t\t\t\t\t<p>Prochaine Assembl\u00e9e g\u00e9n\u00e9rale de la\u00a0Maison des Lyc\u00e9ens (MDL) Vendredi 30 septembre 2022 \u00e0 12h30 en salle F03 Appel \u00e0 candidature pour \u00eatre membre du Conseil d&rsquo;administration et du bureau de [&hellip;]<\/p>\n\t\t\t\t<\/div>\n\n\t\t\t\t\n\t\t\t<\/div>\n\n\t\t\t\t\t\n\t\t\t\n\t\t\t<div id=\"su-post-8293\" class=\"su-post \">\n\n\t\t\t\t\t\t\t\t\t<a class=\"su-post-thumbnail\" href=\"https:\/\/etab.ac-reunion.fr\/lyc-jean-hinglo\/2022\/09\/08\/adhesion-a-la-mdl\/\"><img loading=\"lazy\" decoding=\"async\" width=\"1587\" height=\"2245\" src=\"https:\/\/etab.ac-reunion.fr\/lyc-jean-hinglo\/wp-content\/uploads\/sites\/62\/2022\/09\/1_20220905_150615_0000.png\" class=\"attachment-post-thumbnail size-post-thumbnail wp-post-image\" alt=\"\" srcset=\"https:\/\/etab.ac-reunion.fr\/lyc-jean-hinglo\/wp-content\/uploads\/sites\/62\/2022\/09\/1_20220905_150615_0000.png 1587w, https:\/\/etab.ac-reunion.fr\/lyc-jean-hinglo\/wp-content\/uploads\/sites\/62\/2022\/09\/1_20220905_150615_0000-212x300.png 212w, https:\/\/etab.ac-reunion.fr\/lyc-jean-hinglo\/wp-content\/uploads\/sites\/62\/2022\/09\/1_20220905_150615_0000-724x1024.png 724w, https:\/\/etab.ac-reunion.fr\/lyc-jean-hinglo\/wp-content\/uploads\/sites\/62\/2022\/09\/1_20220905_150615_0000-768x1086.png 768w, https:\/\/etab.ac-reunion.fr\/lyc-jean-hinglo\/wp-content\/uploads\/sites\/62\/2022\/09\/1_20220905_150615_0000-1086x1536.png 1086w, https:\/\/etab.ac-reunion.fr\/lyc-jean-hinglo\/wp-content\/uploads\/sites\/62\/2022\/09\/1_20220905_150615_0000-1448x2048.png 1448w\" sizes=\"auto, (max-width: 1587px) 100vw, 1587px\" \/><\/a>\n\t\t\t\t\n\t\t\t\t<h2 class=\"su-post-title\"><a href=\"https:\/\/etab.ac-reunion.fr\/lyc-jean-hinglo\/2022\/09\/08\/adhesion-a-la-mdl\/\">Adh\u00e9sion \u00e0  la MDL<\/a><\/h2>\n\n\t\t\t\t<div class=\"su-post-meta\">\n\t\t\t\t\tPubli\u00e9: 8 septembre 2022\t\t\t\t<\/div>\n\n\t\t\t\t<div class=\"su-post-excerpt\">\n\t\t\t\t\t<p>Adh\u00e9sion \u00e0 la\u00a0Maison des Lyc\u00e9ens (MDL) Les inscriptions sont ouvertes pour tous les \u00e9l\u00e8ves et personnels du lyc\u00e9e Bulletin d&rsquo;adh\u00e9sion \u00e0 la Vie Scolaire<\/p>\n\t\t\t\t<\/div>\n\n\t\t\t\t\n\t\t\t<\/div>\n\n\t\t\t\t\t\n\t\t\t\n\t\t\t<div id=\"su-post-6938\" class=\"su-post \">\n\n\t\t\t\t\t\t\t\t\t<a class=\"su-post-thumbnail\" href=\"https:\/\/etab.ac-reunion.fr\/lyc-jean-hinglo\/2021\/10\/25\/concours-de-deguisement-halloween-mdl\/\"><img loading=\"lazy\" decoding=\"async\" width=\"1587\" height=\"2245\" src=\"https:\/\/etab.ac-reunion.fr\/lyc-jean-hinglo\/wp-content\/uploads\/sites\/62\/2021\/10\/Affiche-Halloween.png\" class=\"attachment-post-thumbnail size-post-thumbnail wp-post-image\" alt=\"\" srcset=\"https:\/\/etab.ac-reunion.fr\/lyc-jean-hinglo\/wp-content\/uploads\/sites\/62\/2021\/10\/Affiche-Halloween.png 1587w, https:\/\/etab.ac-reunion.fr\/lyc-jean-hinglo\/wp-content\/uploads\/sites\/62\/2021\/10\/Affiche-Halloween-212x300.png 212w, https:\/\/etab.ac-reunion.fr\/lyc-jean-hinglo\/wp-content\/uploads\/sites\/62\/2021\/10\/Affiche-Halloween-724x1024.png 724w, https:\/\/etab.ac-reunion.fr\/lyc-jean-hinglo\/wp-content\/uploads\/sites\/62\/2021\/10\/Affiche-Halloween-768x1086.png 768w, https:\/\/etab.ac-reunion.fr\/lyc-jean-hinglo\/wp-content\/uploads\/sites\/62\/2021\/10\/Affiche-Halloween-1086x1536.png 1086w, https:\/\/etab.ac-reunion.fr\/lyc-jean-hinglo\/wp-content\/uploads\/sites\/62\/2021\/10\/Affiche-Halloween-1448x2048.png 1448w\" sizes=\"auto, (max-width: 1587px) 100vw, 1587px\" \/><\/a>\n\t\t\t\t\n\t\t\t\t<h2 class=\"su-post-title\"><a href=\"https:\/\/etab.ac-reunion.fr\/lyc-jean-hinglo\/2021\/10\/25\/concours-de-deguisement-halloween-mdl\/\">Concours de d\u00e9guisement Halloween &#8211; MDL<\/a><\/h2>\n\n\t\t\t\t<div class=\"su-post-meta\">\n\t\t\t\t\tPubli\u00e9: 25 octobre 2021\t\t\t\t<\/div>\n\n\t\t\t\t<div class=\"su-post-excerpt\">\n\t\t\t\t\t<p>La Maison des Lyc\u00e9ens (MDL) organise un concours de d\u00e9guisement pour Halloween ce\u00a0 vendredi 29 octobre 2021.<\/p>\n\t\t\t\t<\/div>\n\n\t\t\t\t\n\t\t\t<\/div>\n\n\t\t\t\t\t\n\t\t\t\n\t\t\t<div id=\"su-post-6786\" class=\"su-post \">\n\n\t\t\t\t\t\t\t\t\t<a class=\"su-post-thumbnail\" href=\"https:\/\/etab.ac-reunion.fr\/lyc-jean-hinglo\/2021\/09\/10\/assemblee-generale-de-la-mdl\/\"><img loading=\"lazy\" decoding=\"async\" width=\"1587\" height=\"2245\" src=\"https:\/\/etab.ac-reunion.fr\/lyc-jean-hinglo\/wp-content\/uploads\/sites\/62\/2021\/09\/AG-MDL.png\" class=\"attachment-post-thumbnail size-post-thumbnail wp-post-image\" alt=\"\" srcset=\"https:\/\/etab.ac-reunion.fr\/lyc-jean-hinglo\/wp-content\/uploads\/sites\/62\/2021\/09\/AG-MDL.png 1587w, https:\/\/etab.ac-reunion.fr\/lyc-jean-hinglo\/wp-content\/uploads\/sites\/62\/2021\/09\/AG-MDL-212x300.png 212w, https:\/\/etab.ac-reunion.fr\/lyc-jean-hinglo\/wp-content\/uploads\/sites\/62\/2021\/09\/AG-MDL-724x1024.png 724w, https:\/\/etab.ac-reunion.fr\/lyc-jean-hinglo\/wp-content\/uploads\/sites\/62\/2021\/09\/AG-MDL-768x1086.png 768w, https:\/\/etab.ac-reunion.fr\/lyc-jean-hinglo\/wp-content\/uploads\/sites\/62\/2021\/09\/AG-MDL-1086x1536.png 1086w, https:\/\/etab.ac-reunion.fr\/lyc-jean-hinglo\/wp-content\/uploads\/sites\/62\/2021\/09\/AG-MDL-1448x2048.png 1448w\" sizes=\"auto, (max-width: 1587px) 100vw, 1587px\" \/><\/a>\n\t\t\t\t\n\t\t\t\t<h2 class=\"su-post-title\"><a href=\"https:\/\/etab.ac-reunion.fr\/lyc-jean-hinglo\/2021\/09\/10\/assemblee-generale-de-la-mdl\/\">Assembl\u00e9e g\u00e9n\u00e9rale de la MDL<\/a><\/h2>\n\n\t\t\t\t<div class=\"su-post-meta\">\n\t\t\t\t\tPubli\u00e9: 10 septembre 2021\t\t\t\t<\/div>\n\n\t\t\t\t<div class=\"su-post-excerpt\">\n\t\t\t\t\t<p>Prochaine Assembl\u00e9e g\u00e9n\u00e9rale de la\u00a0Maison des Lyc\u00e9ens (MDL) jeudi 16 septembre 2021 \u00e0 12h15 en salle F03<\/p>\n\t\t\t\t<\/div>\n\n\t\t\t\t\n\t\t\t<\/div>\n\n\t\t\t\t\t\n\t\t\t\n\t\t\t<div id=\"su-post-5935\" class=\"su-post \">\n\n\t\t\t\t\t\t\t\t\t<a class=\"su-post-thumbnail\" href=\"https:\/\/etab.ac-reunion.fr\/lyc-jean-hinglo\/2021\/01\/30\/fonctionnement-de-la-mdl\/\"><img loading=\"lazy\" decoding=\"async\" width=\"3396\" height=\"2398\" src=\"https:\/\/etab.ac-reunion.fr\/lyc-jean-hinglo\/wp-content\/uploads\/sites\/62\/2021\/02\/membres-CA-MDL.png\" class=\"attachment-post-thumbnail size-post-thumbnail wp-post-image\" alt=\"\" srcset=\"https:\/\/etab.ac-reunion.fr\/lyc-jean-hinglo\/wp-content\/uploads\/sites\/62\/2021\/02\/membres-CA-MDL.png 3396w, https:\/\/etab.ac-reunion.fr\/lyc-jean-hinglo\/wp-content\/uploads\/sites\/62\/2021\/02\/membres-CA-MDL-300x212.png 300w, https:\/\/etab.ac-reunion.fr\/lyc-jean-hinglo\/wp-content\/uploads\/sites\/62\/2021\/02\/membres-CA-MDL-1024x723.png 1024w, https:\/\/etab.ac-reunion.fr\/lyc-jean-hinglo\/wp-content\/uploads\/sites\/62\/2021\/02\/membres-CA-MDL-768x542.png 768w, https:\/\/etab.ac-reunion.fr\/lyc-jean-hinglo\/wp-content\/uploads\/sites\/62\/2021\/02\/membres-CA-MDL-1536x1085.png 1536w, https:\/\/etab.ac-reunion.fr\/lyc-jean-hinglo\/wp-content\/uploads\/sites\/62\/2021\/02\/membres-CA-MDL-2048x1446.png 2048w\" sizes=\"auto, (max-width: 3396px) 100vw, 3396px\" \/><\/a>\n\t\t\t\t\n\t\t\t\t<h2 class=\"su-post-title\"><a href=\"https:\/\/etab.ac-reunion.fr\/lyc-jean-hinglo\/2021\/01\/30\/fonctionnement-de-la-mdl\/\">Fonctionnement de la MDL<\/a><\/h2>\n\n\t\t\t\t<div class=\"su-post-meta\">\n\t\t\t\t\tPubli\u00e9: 30 janvier 2021\t\t\t\t<\/div>\n\n\t\t\t\t<div class=\"su-post-excerpt\">\n\t\t\t\t\t<p>La Maison des Lyc\u00e9ens (MDL)\u00a0travaille en lien avec le Conseil de la Vie Lyc\u00e9en (CVL) pour participer au d\u00e9veloppement de la vie sociale, culturelle et sportive dans votre lyc\u00e9e. Elle [&hellip;]<\/p>\n\t\t\t\t<\/div>\n\n\t\t\t\t\n\t\t\t<\/div>\n\n\t\t\n\t\n<\/div>\n\n","protected":false},"excerpt":{"rendered":"<p>La Maison des Lyc\u00e9ens (MDL) travaille en lien avec le Conseil de la Vie Lyc\u00e9en (CVL) pour participer au d\u00e9veloppement de la vie sociale, culturelle et sportive dans votre lyc\u00e9e. [&hellip;]<\/p>\n","protected":false},"author":24732,"featured_media":5930,"parent":3821,"menu_order":0,"comment_status":"closed","ping_status":"closed","template":"","meta":{"_EventAllDay":false,"_EventTimezone":"","_EventStartDate":"","_EventEndDate":"","_EventStartDateUTC":"","_EventEndDateUTC":"","_EventShowMap":false,"_EventShowMapLink":false,"_EventURL":"","_EventCost":"","_EventCostDescription":"","_EventCurrencySymbol":"","_EventCurrencyCode":"","_EventCurrencyPosition":"","_EventDateTimeSeparator":"","_EventTimeRangeSeparator":"","_EventOrganizerID":[],"_EventVenueID":[],"_OrganizerEmail":"","_OrganizerPhone":"","_OrganizerWebsite":"","_VenueAddress":"","_VenueCity":"","_VenueCountry":"","_VenueProvince":"","_VenueState":"","_VenueZip":"","_VenuePhone":"","_VenueURL":"","_VenueStateProvince":"","_VenueLat":"","_VenueLng":"","_VenueShowMap":false,"_VenueShowMapLink":false,"footnotes":""},"class_list":["post-5926","page","type-page","status-publish","has-post-thumbnail","hentry"],"_links":{"self":[{"href":"https:\/\/etab.ac-reunion.fr\/lyc-jean-hinglo\/wp-json\/wp\/v2\/pages\/5926","targetHints":{"allow":["GET"]}}],"collection":[{"href":"https:\/\/etab.ac-reunion.fr\/lyc-jean-hinglo\/wp-json\/wp\/v2\/pages"}],"about":[{"href":"https:\/\/etab.ac-reunion.fr\/lyc-jean-hinglo\/wp-json\/wp\/v2\/types\/page"}],"author":[{"embeddable":true,"href":"https:\/\/etab.ac-reunion.fr\/lyc-jean-hinglo\/wp-json\/wp\/v2\/users\/24732"}],"replies":[{"embeddable":true,"href":"https:\/\/etab.ac-reunion.fr\/lyc-jean-hinglo\/wp-json\/wp\/v2\/comments?post=5926"}],"version-history":[{"count":13,"href":"https:\/\/etab.ac-reunion.fr\/lyc-jean-hinglo\/wp-json\/wp\/v2\/pages\/5926\/revisions"}],"predecessor-version":[{"id":12559,"href":"https:\/\/etab.ac-reunion.fr\/lyc-jean-hinglo\/wp-json\/wp\/v2\/pages\/5926\/revisions\/12559"}],"up":[{"embeddable":true,"href":"https:\/\/etab.ac-reunion.fr\/lyc-jean-hinglo\/wp-json\/wp\/v2\/pages\/3821"}],"wp:featuredmedia":[{"embeddable":true,"href":"https:\/\/etab.ac-reunion.fr\/lyc-jean-hinglo\/wp-json\/wp\/v2\/media\/5930"}],"wp:attachment":[{"href":"https:\/\/etab.ac-reunion.fr\/lyc-jean-hinglo\/wp-json\/wp\/v2\/media?parent=5926"}],"curies":[{"name":"wp","href":"https:\/\/api.w.org\/{rel}","templated":true}]}}