{"id":103,"date":"2015-10-02T08:51:23","date_gmt":"2015-10-02T07:51:23","guid":{"rendered":"http:\/\/lycee-jean-joly.ac-reunion.fr\/?page_id=103"},"modified":"2020-05-25T23:30:41","modified_gmt":"2020-05-25T19:30:41","slug":"que-faire-apres-la-seconde","status":"publish","type":"page","link":"https:\/\/etab.ac-reunion.fr\/lyc-jean-joly\/que-faire-apres-la-seconde\/","title":{"rendered":"Que faire apr\u00e8s la seconde"},"content":{"rendered":"\n<figure class=\"wp-block-image size-large\"><img loading=\"lazy\" decoding=\"async\" width=\"1024\" height=\"725\" src=\"https:\/\/etab.ac-reunion.fr\/lyc-jean-joly\/wp-content\/uploads\/sites\/114\/2020\/05\/VOIES_DORIENTATION_FIN_DE_SECONDE_LJJ_page-0001-1024x725.jpg\" alt=\"\" class=\"wp-image-3643\" srcset=\"https:\/\/etab.ac-reunion.fr\/lyc-jean-joly\/wp-content\/uploads\/sites\/114\/2020\/05\/VOIES_DORIENTATION_FIN_DE_SECONDE_LJJ_page-0001-1024x725.jpg 1024w, https:\/\/etab.ac-reunion.fr\/lyc-jean-joly\/wp-content\/uploads\/sites\/114\/2020\/05\/VOIES_DORIENTATION_FIN_DE_SECONDE_LJJ_page-0001-300x212.jpg 300w, https:\/\/etab.ac-reunion.fr\/lyc-jean-joly\/wp-content\/uploads\/sites\/114\/2020\/05\/VOIES_DORIENTATION_FIN_DE_SECONDE_LJJ_page-0001-1536x1087.jpg 1536w, https:\/\/etab.ac-reunion.fr\/lyc-jean-joly\/wp-content\/uploads\/sites\/114\/2020\/05\/VOIES_DORIENTATION_FIN_DE_SECONDE_LJJ_page-0001-150x106.jpg 150w, https:\/\/etab.ac-reunion.fr\/lyc-jean-joly\/wp-content\/uploads\/sites\/114\/2020\/05\/VOIES_DORIENTATION_FIN_DE_SECONDE_LJJ_page-0001-1200x849.jpg 1200w, https:\/\/etab.ac-reunion.fr\/lyc-jean-joly\/wp-content\/uploads\/sites\/114\/2020\/05\/VOIES_DORIENTATION_FIN_DE_SECONDE_LJJ_page-0001.jpg 1754w\" sizes=\"auto, (max-width: 1024px) 100vw, 1024px\" \/><\/figure>\n\n\n\n<p>Version PDF t\u00e9l\u00e9chargeable <a href=\"https:\/\/etab.ac-reunion.fr\/lyc-jean-joly\/wp-content\/uploads\/sites\/114\/2020\/05\/VOIES_DORIENTATION_FIN_DE_SECONDE_LJJ.pdf\">ici<\/a><\/p>\n\n\n\n<figure class=\"wp-block-image size-large\"><img loading=\"lazy\" decoding=\"async\" width=\"1024\" height=\"724\" src=\"https:\/\/etab.ac-reunion.fr\/lyc-jean-joly\/wp-content\/uploads\/sites\/114\/2020\/05\/annexe_9_Tableaux_des_lycees_de_rattachement_1\u00e8re_page-0001-1024x724.jpg\" alt=\"\" class=\"wp-image-3636\" srcset=\"https:\/\/etab.ac-reunion.fr\/lyc-jean-joly\/wp-content\/uploads\/sites\/114\/2020\/05\/annexe_9_Tableaux_des_lycees_de_rattachement_1\u00e8re_page-0001-1024x724.jpg 1024w, https:\/\/etab.ac-reunion.fr\/lyc-jean-joly\/wp-content\/uploads\/sites\/114\/2020\/05\/annexe_9_Tableaux_des_lycees_de_rattachement_1\u00e8re_page-0001-300x212.jpg 300w, https:\/\/etab.ac-reunion.fr\/lyc-jean-joly\/wp-content\/uploads\/sites\/114\/2020\/05\/annexe_9_Tableaux_des_lycees_de_rattachement_1\u00e8re_page-0001-1536x1085.jpg 1536w, https:\/\/etab.ac-reunion.fr\/lyc-jean-joly\/wp-content\/uploads\/sites\/114\/2020\/05\/annexe_9_Tableaux_des_lycees_de_rattachement_1\u00e8re_page-0001-150x106.jpg 150w, https:\/\/etab.ac-reunion.fr\/lyc-jean-joly\/wp-content\/uploads\/sites\/114\/2020\/05\/annexe_9_Tableaux_des_lycees_de_rattachement_1\u00e8re_page-0001-1200x848.jpg 1200w, https:\/\/etab.ac-reunion.fr\/lyc-jean-joly\/wp-content\/uploads\/sites\/114\/2020\/05\/annexe_9_Tableaux_des_lycees_de_rattachement_1\u00e8re_page-0001.jpg 1755w\" sizes=\"auto, (max-width: 1024px) 100vw, 1024px\" \/><\/figure>\n\n\n\n<figure class=\"wp-block-image size-large\"><img loading=\"lazy\" decoding=\"async\" width=\"1024\" height=\"724\" src=\"https:\/\/etab.ac-reunion.fr\/lyc-jean-joly\/wp-content\/uploads\/sites\/114\/2020\/05\/annexe_9_Tableaux_des_lycees_de_rattachement_1\u00e8re_page-0002-1024x724.jpg\" alt=\"\" class=\"wp-image-3637\" srcset=\"https:\/\/etab.ac-reunion.fr\/lyc-jean-joly\/wp-content\/uploads\/sites\/114\/2020\/05\/annexe_9_Tableaux_des_lycees_de_rattachement_1\u00e8re_page-0002-1024x724.jpg 1024w, https:\/\/etab.ac-reunion.fr\/lyc-jean-joly\/wp-content\/uploads\/sites\/114\/2020\/05\/annexe_9_Tableaux_des_lycees_de_rattachement_1\u00e8re_page-0002-300x212.jpg 300w, https:\/\/etab.ac-reunion.fr\/lyc-jean-joly\/wp-content\/uploads\/sites\/114\/2020\/05\/annexe_9_Tableaux_des_lycees_de_rattachement_1\u00e8re_page-0002-1536x1085.jpg 1536w, https:\/\/etab.ac-reunion.fr\/lyc-jean-joly\/wp-content\/uploads\/sites\/114\/2020\/05\/annexe_9_Tableaux_des_lycees_de_rattachement_1\u00e8re_page-0002-150x106.jpg 150w, https:\/\/etab.ac-reunion.fr\/lyc-jean-joly\/wp-content\/uploads\/sites\/114\/2020\/05\/annexe_9_Tableaux_des_lycees_de_rattachement_1\u00e8re_page-0002-1200x848.jpg 1200w, https:\/\/etab.ac-reunion.fr\/lyc-jean-joly\/wp-content\/uploads\/sites\/114\/2020\/05\/annexe_9_Tableaux_des_lycees_de_rattachement_1\u00e8re_page-0002.jpg 1755w\" sizes=\"auto, (max-width: 1024px) 100vw, 1024px\" \/><\/figure>\n\n\n\n<figure class=\"wp-block-image size-large\"><img loading=\"lazy\" decoding=\"async\" width=\"1024\" height=\"724\" src=\"https:\/\/etab.ac-reunion.fr\/lyc-jean-joly\/wp-content\/uploads\/sites\/114\/2020\/05\/annexe_9_Tableaux_des_lycees_de_rattachement_1\u00e8re_page-0003-1024x724.jpg\" alt=\"\" class=\"wp-image-3638\" srcset=\"https:\/\/etab.ac-reunion.fr\/lyc-jean-joly\/wp-content\/uploads\/sites\/114\/2020\/05\/annexe_9_Tableaux_des_lycees_de_rattachement_1\u00e8re_page-0003-1024x724.jpg 1024w, https:\/\/etab.ac-reunion.fr\/lyc-jean-joly\/wp-content\/uploads\/sites\/114\/2020\/05\/annexe_9_Tableaux_des_lycees_de_rattachement_1\u00e8re_page-0003-300x212.jpg 300w, https:\/\/etab.ac-reunion.fr\/lyc-jean-joly\/wp-content\/uploads\/sites\/114\/2020\/05\/annexe_9_Tableaux_des_lycees_de_rattachement_1\u00e8re_page-0003-1536x1085.jpg 1536w, https:\/\/etab.ac-reunion.fr\/lyc-jean-joly\/wp-content\/uploads\/sites\/114\/2020\/05\/annexe_9_Tableaux_des_lycees_de_rattachement_1\u00e8re_page-0003-150x106.jpg 150w, https:\/\/etab.ac-reunion.fr\/lyc-jean-joly\/wp-content\/uploads\/sites\/114\/2020\/05\/annexe_9_Tableaux_des_lycees_de_rattachement_1\u00e8re_page-0003-1200x848.jpg 1200w, https:\/\/etab.ac-reunion.fr\/lyc-jean-joly\/wp-content\/uploads\/sites\/114\/2020\/05\/annexe_9_Tableaux_des_lycees_de_rattachement_1\u00e8re_page-0003.jpg 1755w\" sizes=\"auto, (max-width: 1024px) 100vw, 1024px\" \/><\/figure>\n\n\n\n<figure class=\"wp-block-image size-large\"><img loading=\"lazy\" decoding=\"async\" width=\"1024\" height=\"724\" src=\"https:\/\/etab.ac-reunion.fr\/lyc-jean-joly\/wp-content\/uploads\/sites\/114\/2020\/05\/annexe_9_Tableaux_des_lycees_de_rattachement_1\u00e8re_page-0004-1024x724.jpg\" alt=\"\" class=\"wp-image-3639\" srcset=\"https:\/\/etab.ac-reunion.fr\/lyc-jean-joly\/wp-content\/uploads\/sites\/114\/2020\/05\/annexe_9_Tableaux_des_lycees_de_rattachement_1\u00e8re_page-0004-1024x724.jpg 1024w, https:\/\/etab.ac-reunion.fr\/lyc-jean-joly\/wp-content\/uploads\/sites\/114\/2020\/05\/annexe_9_Tableaux_des_lycees_de_rattachement_1\u00e8re_page-0004-300x212.jpg 300w, https:\/\/etab.ac-reunion.fr\/lyc-jean-joly\/wp-content\/uploads\/sites\/114\/2020\/05\/annexe_9_Tableaux_des_lycees_de_rattachement_1\u00e8re_page-0004-1536x1085.jpg 1536w, https:\/\/etab.ac-reunion.fr\/lyc-jean-joly\/wp-content\/uploads\/sites\/114\/2020\/05\/annexe_9_Tableaux_des_lycees_de_rattachement_1\u00e8re_page-0004-150x106.jpg 150w, https:\/\/etab.ac-reunion.fr\/lyc-jean-joly\/wp-content\/uploads\/sites\/114\/2020\/05\/annexe_9_Tableaux_des_lycees_de_rattachement_1\u00e8re_page-0004-1200x848.jpg 1200w, https:\/\/etab.ac-reunion.fr\/lyc-jean-joly\/wp-content\/uploads\/sites\/114\/2020\/05\/annexe_9_Tableaux_des_lycees_de_rattachement_1\u00e8re_page-0004.jpg 1755w\" sizes=\"auto, (max-width: 1024px) 100vw, 1024px\" \/><\/figure>\n\n\n\n<p>Version PDF t\u00e9l\u00e9chargeable <a href=\"https:\/\/etab.ac-reunion.fr\/lyc-jean-joly\/wp-content\/uploads\/sites\/114\/2020\/05\/annexe_9_Tableaux_des_lycees_de_rattachement_1\u00e8re.pdf\">ici<\/a><\/p>\n","protected":false},"excerpt":{"rendered":"<p>Version PDF t\u00e9l\u00e9chargeable ici Version PDF t\u00e9l\u00e9chargeable ici<\/p>\n<p> <a class=\"continue-reading-link\" href=\"https:\/\/etab.ac-reunion.fr\/lyc-jean-joly\/que-faire-apres-la-seconde\/\"><span>Lire la suite<\/span><i class=\"crycon-right-dir\"><\/i><\/a> <\/p>\n","protected":false},"author":4396,"featured_media":0,"parent":0,"menu_order":0,"comment_status":"closed","ping_status":"closed","template":"","meta":{"footnotes":""},"class_list":["post-103","page","type-page","status-publish","hentry"],"_links":{"self":[{"href":"https:\/\/etab.ac-reunion.fr\/lyc-jean-joly\/wp-json\/wp\/v2\/pages\/103","targetHints":{"allow":["GET"]}}],"collection":[{"href":"https:\/\/etab.ac-reunion.fr\/lyc-jean-joly\/wp-json\/wp\/v2\/pages"}],"about":[{"href":"https:\/\/etab.ac-reunion.fr\/lyc-jean-joly\/wp-json\/wp\/v2\/types\/page"}],"author":[{"embeddable":true,"href":"https:\/\/etab.ac-reunion.fr\/lyc-jean-joly\/wp-json\/wp\/v2\/users\/4396"}],"replies":[{"embeddable":true,"href":"https:\/\/etab.ac-reunion.fr\/lyc-jean-joly\/wp-json\/wp\/v2\/comments?post=103"}],"version-history":[{"count":7,"href":"https:\/\/etab.ac-reunion.fr\/lyc-jean-joly\/wp-json\/wp\/v2\/pages\/103\/revisions"}],"predecessor-version":[{"id":3646,"href":"https:\/\/etab.ac-reunion.fr\/lyc-jean-joly\/wp-json\/wp\/v2\/pages\/103\/revisions\/3646"}],"wp:attachment":[{"href":"https:\/\/etab.ac-reunion.fr\/lyc-jean-joly\/wp-json\/wp\/v2\/media?parent=103"}],"curies":[{"name":"wp","href":"https:\/\/api.w.org\/{rel}","templated":true}]}}