{"id":147,"date":"2015-10-07T05:40:00","date_gmt":"2015-10-07T04:40:00","guid":{"rendered":"http:\/\/lycee-jean-joly.ac-reunion.fr\/?page_id=147"},"modified":"2026-02-09T10:04:54","modified_gmt":"2026-02-09T06:04:54","slug":"demi-pension","status":"publish","type":"page","link":"https:\/\/etab.ac-reunion.fr\/lyc-jean-joly\/infos-administratives\/demi-pension\/","title":{"rendered":"Service de restauration et h\u00e9bergement"},"content":{"rendered":"\n<p><\/p>\n\n\n<p>R\u00e8glement int\u00e9rieur du service de restauration <a href=\"https:\/\/etab.ac-reunion.fr\/lyc-jean-joly\/wp-content\/uploads\/sites\/114\/2025\/05\/Reglement-interieur-RESTAURATION-proposition-maj-CA-juill-2024-derniere-version.pdf\">ICI<\/a><\/p>\n<p><strong>INSCRIPTION A LA DEMI-PENSION 2025\/2026:<\/strong><\/p>\n<p>Lors de l&rsquo;inscription, ou la r\u00e9inscription de votre enfant au lyc\u00e9e, vous aurez \u00e0 vous positionner sur son r\u00e9gime :<\/p>\n<p>4 options vont s&rsquo;offrir \u00e0 vous :<\/p>\n<ul>\n<li>Demi-pensionnaire 3 jours : lundi, mardi, jeudi (midi)<\/li>\n<li>Demi- pensionnaire 4 jours: lundi, mardi, jeudi, vendredi (midi)<\/li>\n<li>Interne au lyc\u00e9e Antoine Roussin avec d\u00e9jeuner au lyc\u00e9e Jean Joly<\/li>\n<li>Interne au lyc\u00e9e Antoine Roussin sans d\u00e9jeuner au lyc\u00e9e Jean Joly<\/li>\n<\/ul>\n<p>Pour se faire, vous remplirez une fiche de gestion qui devra \u00eatre remise lors de l&rsquo;inscription soit \u00e0 la vie scolaire, soit au service de gestion du lyc\u00e9e, accompagn\u00e9e d&rsquo;un relev\u00e9 d&rsquo;identit\u00e9 bancaire<a href=\"https:\/\/etab.ac-reunion.fr\/lyc-jean-joly\/wp-content\/uploads\/sites\/114\/2025\/06\/FICHE-DE-GESTION-SITE-DU-LYCEE.pdf\"> <strong>(fiche de <\/strong><strong>gestion <\/strong><strong>ici)<\/strong><\/a><\/p>\n<p><strong><em>IMPORTANT<\/em> : Pour toute inscription \u00e0 la demi-pension ou \u00e0 l&rsquo;internat, la famille devra \u00eatre en r\u00e8gle avec la caisse du lyc\u00e9e (pas de cr\u00e9ance en cours)<\/strong><\/p>\n<p>En cas de difficult\u00e9 financi\u00e8re, une demande d&rsquo;aide au titre du Fonds Social peut \u00eatre formul\u00e9e\u00a0 aupr\u00e8s du service social du lyc\u00e9e ou du service d&rsquo;intendance : l&rsquo;instruction de la demande sera faite par Mme L&rsquo;Assistante Sociale. Une commission de fonds social statuera sur la demande en respectant l&rsquo;anonymat des familles.<\/p>\n<p><strong><u>TIPI : mode de r\u00e8glement \u00e9lectronique des factures d&rsquo;h\u00e9bergement (demi-pension et internat)<br \/><\/u><\/strong><\/p>\n<p>Les factures peuvent \u00eatre pay\u00e9es par t\u00e9l\u00e9paiement (d\u00e8s que celles-ci auront \u00e9t\u00e9 mises en ligne).<\/p>\n<p>Mode d&#8217;emploi : METICE (avec vos identifiants parents)\/ic\u00f4ne \u00ab\u00a0t\u00e9l\u00e9services\u00a0\u00bb en bas d&rsquo;\u00e9cran\/paiement en ligne\/acc\u00e8s aux factures de votre (vos) enfant (s).<\/p>\n<p>Acc\u00e8s s\u00e9curis\u00e9. Frais des gestion \u00e0 la charge de l&rsquo;\u00e9tablissement<\/p>\n<table style=\"height: 564px\" width=\"1062\">\n<tbody>\n<tr>\n<td colspan=\"2\" width=\"299\">\n<h4>DEMI-PENSION : forfait annuel 2025\/2026<\/h4>\n<p>Paiement :<\/p>\n<ul>\n<li>aucun acompte demand\u00e9 \u00e0 l&rsquo;inscription<\/li>\n<li>facturation en fin des 3 p\u00e9riodes : d\u00e9cembre, mars et juin<\/li>\n<\/ul>\n<div>\n<h1 class=\"article_titre\" style=\"text-align: center\">La cantine, c\u2019est 1 \u20ac par repas !<\/h1>\n<\/div>\n<div class=\"article_mot_cle\"><strong style=\"font-size: revert;font-family: inherit;color: initial\">C\u2019est une mesure pour le pouvoir d\u2019achat des familles r\u00e9unionnaises mais aussi une r\u00e9ponse \u00e0 un enjeu majeur de sant\u00e9 publique.<\/strong><\/div>\n<div>\n<div class=\"article_texte\">\n<p>La R\u00e9gion R\u00e9union a reconduit\u00a0 son dispositif \u00ab\u00a0Kantine \u00e0 1 euro\u00a0\u00bb, mis en place dans tous les lyc\u00e9es publics de La R\u00e9union depuis la derni\u00e8re rentr\u00e9e scolaire.<\/p>\n<p><strong>Ce dispositif poursuit trois objectifs prioritaires et fondamentaux : permettre \u00e0 nos lyc\u00e9ens de mieux manger pour mieux apprendre \u00e0 l\u2019\u00e9cole, r\u00e9duire les in\u00e9galit\u00e9s alimentaires et r\u00e9pondre \u00e0 la question majeure du pouvoir d\u2019achat des familles r\u00e9unionnaises.\u00a0\u00bb<\/strong><\/p>\n<\/div>\n<p style=\"text-align: center\"><strong>TARIF PAR REPAS 2026 :<\/strong><br \/><strong>Le repas\u00a0 4,35 \u20ac <\/strong><br \/><strong>Prise en charge REGION\u00a0 \u00a0 3,35 \u20ac<\/strong><br \/><strong>Reste \u00e0 charge de la famille\u00a0 \u00a0 1,00 \u20ac<\/strong><\/p>\n<\/div>\n<\/td>\n<\/tr>\n<tr>\n<td style=\"text-align: center\" width=\"149\">\u00a0<\/td>\n<td width=\"149\">\u00a0<\/td>\n<\/tr>\n<tr>\n<td width=\"149\">\u00a0<\/td>\n<td width=\"149\">\u00a0<\/td>\n<\/tr>\n<tr>\n<td width=\"149\">\u00a0<\/td>\n<td width=\"149\">\u00a0<\/td>\n<\/tr>\n<tr>\n<td width=\"149\">\u00a0<\/td>\n<td width=\"149\">\u00a0<\/td>\n<\/tr>\n<\/tbody>\n<\/table>\n<p><strong>INTERNAT <\/strong>: inscription au lyc\u00e9e d&rsquo;h\u00e9bergement A.ROUSSIN et r\u00e8glement au lyc\u00e9e d&rsquo;accueil J. JOLY sur facture.<\/p>\n<p><strong>La R\u00e9gion R\u00e9union va prendre en charge les frais d&rsquo;internat dans les \u00e9tablissements publics secondaires pour les \u00e9l\u00e8ves originaires des cirques de Salazie, de Cilaos et de Mafate. La d\u00e9cision a \u00e9t\u00e9 prise depuis\u00a0 avril 2023 par la commission permanente de la R\u00e9gion.<\/strong><\/p>\n<p>Afin de b\u00e9n\u00e9ficier de cette aide, il faudra IMPERATIVEMENT d\u00e9poser au service de gestion d\u00e8s septembre 2025 une demande devant comporter les pi\u00e8ces suivantes :<\/p>\n<ul>\n<li>Demande \u00e9crite du responsable de l\u2019\u00e9l\u00e8ve pour la gratuit\u00e9 de la part internat<\/li>\n<li>Fiche d\u2019inscription \u00e0 l\u2019internat du lyc\u00e9e Antoine Roussin<\/li>\n<li>Certificat de scolarit\u00e9 du lyc\u00e9e Jean Joly<\/li>\n<li>Photocopie de facture sur laquelle figure l\u2019adresse compl\u00e8te du demandeur<\/li>\n<\/ul>\n<p>NB : toute modification souhait\u00e9e en cours d&rsquo;ann\u00e9e est \u00e0 demander, <span style=\"text-decoration: underline\"><strong>par \u00e9crit<\/strong><\/span>, au service de gestion du lyc\u00e9e A.ROUSSIN <span style=\"text-decoration: underline\">avec copie au service de gestion du lyc\u00e9e J.JOLY qui \u00e9tablit les factures<\/span>.<\/p>\n<p style=\"text-align: center\"><strong>TARIF DE L\u2019INTERNAT (AVEC demi pension au lyc\u00e9e Jean Joly) :11,50 \u20ac \/ jour<\/strong><br \/><strong>PRISE EN CHARGE REGION :\u00a0 \u00a0 6,70 \u20ac \/ jour<\/strong><br \/><strong>RESTE A CHARGE DES FAMILLES :\u00a0 \u00a0 4,80 \u20ac \/ jour<\/strong><\/p>\n<p><strong>TARIF DE L\u2019INTERNAT (SANS demi pension au lyc\u00e9e Jean Joly) :7,15 \u20ac \/ jour<\/strong><br \/><strong>PRISE EN CHARGE REGION :\u00a0 \u00a0 3,35 \u20ac \/ jour<\/strong><br \/><strong>RESTE A CHARGE DES FAMILLES :\u00a0 \u00a0 3,80 \u20ac \/ jour<\/strong><\/p>\n<p><strong>La caf\u00e9t\u00e9ria<\/strong> propose : <a href=\"https:\/\/etab.ac-reunion.fr\/lyc-jean-joly\/wp-content\/uploads\/sites\/114\/2026\/02\/Tarification-2026_V2.pdf\">TARIF CAFETERIA\u00a0 ICI<\/a><\/p>\n<p>de 7h \u00e0 9h40 &#8211; une prestation \u00ab\u00a0petit-d\u00e9jeuner\u00a0\u00bb avec produits \u00e0 l&rsquo;unit\u00e9 ou une formule \u00e0 2.00 \u20ac.<\/p>\n<p>de 11h15 \u00e0 12h30 &#8211; une formule d\u00e9jeuner [\u00e0 4.50 \u20ac pour les \u00e9l\u00e8ves et\u00a0 5.00 \u20ac pour les commensaux] comprenant sandwich ou salade et fruit ou laitage.<\/p>\n<p>Cet espace est ouvert \u00e0 tous les \u00e9l\u00e8ves, carte \u00e0 demander et \u00e0 provisionner au service de Gestion.<\/p>\n<p>Pour les demi-pensionnaires, ces prestations viendront en plus du forfait choisi \u00e0 l&rsquo;inscription.<\/p>\n<p>La prestation petit-d\u00e9jeuner (\u00e0 l&rsquo;unit\u00e9 ou en formule) est aussi offerte aux adultes commensaux, carte \u00e0 demander et \u00e0 provisionner au service de Gestion.<\/p>\n\n\n<p><\/p>\n","protected":false},"excerpt":{"rendered":"<p>R\u00e8glement int\u00e9rieur du service de restauration ICI INSCRIPTION A LA DEMI-PENSION 2025\/2026: Lors de l&rsquo;inscription, ou la r\u00e9inscription de votre enfant au lyc\u00e9e, vous aurez \u00e0 vous positionner sur son&#8230;<\/p>\n<p> <a class=\"continue-reading-link\" href=\"https:\/\/etab.ac-reunion.fr\/lyc-jean-joly\/infos-administratives\/demi-pension\/\"><span>Lire la suite<\/span><i class=\"crycon-right-dir\"><\/i><\/a> <\/p>\n","protected":false},"author":7077,"featured_media":0,"parent":59,"menu_order":0,"comment_status":"closed","ping_status":"closed","template":"","meta":{"footnotes":""},"class_list":["post-147","page","type-page","status-publish","hentry"],"_links":{"self":[{"href":"https:\/\/etab.ac-reunion.fr\/lyc-jean-joly\/wp-json\/wp\/v2\/pages\/147","targetHints":{"allow":["GET"]}}],"collection":[{"href":"https:\/\/etab.ac-reunion.fr\/lyc-jean-joly\/wp-json\/wp\/v2\/pages"}],"about":[{"href":"https:\/\/etab.ac-reunion.fr\/lyc-jean-joly\/wp-json\/wp\/v2\/types\/page"}],"author":[{"embeddable":true,"href":"https:\/\/etab.ac-reunion.fr\/lyc-jean-joly\/wp-json\/wp\/v2\/users\/7077"}],"replies":[{"embeddable":true,"href":"https:\/\/etab.ac-reunion.fr\/lyc-jean-joly\/wp-json\/wp\/v2\/comments?post=147"}],"version-history":[{"count":105,"href":"https:\/\/etab.ac-reunion.fr\/lyc-jean-joly\/wp-json\/wp\/v2\/pages\/147\/revisions"}],"predecessor-version":[{"id":8680,"href":"https:\/\/etab.ac-reunion.fr\/lyc-jean-joly\/wp-json\/wp\/v2\/pages\/147\/revisions\/8680"}],"up":[{"embeddable":true,"href":"https:\/\/etab.ac-reunion.fr\/lyc-jean-joly\/wp-json\/wp\/v2\/pages\/59"}],"wp:attachment":[{"href":"https:\/\/etab.ac-reunion.fr\/lyc-jean-joly\/wp-json\/wp\/v2\/media?parent=147"}],"curies":[{"name":"wp","href":"https:\/\/api.w.org\/{rel}","templated":true}]}}