{"id":159,"date":"2015-10-07T05:44:03","date_gmt":"2015-10-07T04:44:03","guid":{"rendered":"http:\/\/lycee-jean-joly.ac-reunion.fr\/?page_id=159"},"modified":"2017-02-13T08:21:22","modified_gmt":"2017-02-13T04:21:22","slug":"formulaires","status":"publish","type":"page","link":"https:\/\/etab.ac-reunion.fr\/lyc-jean-joly\/infos-administratives\/formulaires\/","title":{"rendered":"Formulaires"},"content":{"rendered":"<p>Autorisation de sortie \u00e9l\u00e8ve: <a href=\"https:\/\/etab.ac-reunion.fr\/lyc-jean-joly\/wp-content\/uploads\/sites\/114\/2015\/10\/Autorisation-de-sortie.pdf\">T\u00e9l\u00e9charger<\/a><\/p>\n<p>Fiche de signalement d&rsquo;incident: <a href=\"https:\/\/etab.ac-reunion.fr\/lyc-jean-joly\/wp-content\/uploads\/sites\/114\/2016\/06\/fiche_disciplinaire_de_signalement_dincident_site.pdf\" rel=\"attachment wp-att-673\">T\u00e9l\u00e9charger<\/a><\/p>\n<p>Autorisation d&rsquo;absence: <a href=\"https:\/\/etab.ac-reunion.fr\/lyc-jean-joly\/wp-content\/uploads\/sites\/114\/2015\/10\/impr_autorisation_abs.pdf\" rel=\"attachment wp-att-674\">T\u00e9l\u00e9charger<\/a><\/p>\n<p>Fiche projet et action: <a href=\"https:\/\/etab.ac-reunion.fr\/lyc-jean-joly\/wp-content\/uploads\/sites\/114\/2015\/10\/fiche-projet-action-lyc\u00e9e-jean-joly-2016-2017.pdf\">T\u00e9l\u00e9charger<\/a><\/p>\n<p>Autorisation de sortie AI-PT: <a href=\"https:\/\/etab.ac-reunion.fr\/lyc-jean-joly\/wp-content\/uploads\/sites\/114\/2015\/10\/Autorisation_sortie_AI_PT.pdf\">T\u00e9l\u00e9charger<\/a><\/p>\n","protected":false},"excerpt":{"rendered":"<p>Autorisation de sortie \u00e9l\u00e8ve: T\u00e9l\u00e9charger Fiche de signalement d&rsquo;incident: T\u00e9l\u00e9charger Autorisation d&rsquo;absence: T\u00e9l\u00e9charger Fiche projet et action: T\u00e9l\u00e9charger Autorisation de sortie AI-PT: T\u00e9l\u00e9charger<\/p>\n<p> <a class=\"continue-reading-link\" href=\"https:\/\/etab.ac-reunion.fr\/lyc-jean-joly\/infos-administratives\/formulaires\/\"><span>Lire la suite<\/span><i class=\"crycon-right-dir\"><\/i><\/a> <\/p>\n","protected":false},"author":4396,"featured_media":0,"parent":59,"menu_order":0,"comment_status":"closed","ping_status":"closed","template":"","meta":{"footnotes":""},"class_list":["post-159","page","type-page","status-publish","hentry"],"_links":{"self":[{"href":"https:\/\/etab.ac-reunion.fr\/lyc-jean-joly\/wp-json\/wp\/v2\/pages\/159","targetHints":{"allow":["GET"]}}],"collection":[{"href":"https:\/\/etab.ac-reunion.fr\/lyc-jean-joly\/wp-json\/wp\/v2\/pages"}],"about":[{"href":"https:\/\/etab.ac-reunion.fr\/lyc-jean-joly\/wp-json\/wp\/v2\/types\/page"}],"author":[{"embeddable":true,"href":"https:\/\/etab.ac-reunion.fr\/lyc-jean-joly\/wp-json\/wp\/v2\/users\/4396"}],"replies":[{"embeddable":true,"href":"https:\/\/etab.ac-reunion.fr\/lyc-jean-joly\/wp-json\/wp\/v2\/comments?post=159"}],"version-history":[{"count":14,"href":"https:\/\/etab.ac-reunion.fr\/lyc-jean-joly\/wp-json\/wp\/v2\/pages\/159\/revisions"}],"predecessor-version":[{"id":1823,"href":"https:\/\/etab.ac-reunion.fr\/lyc-jean-joly\/wp-json\/wp\/v2\/pages\/159\/revisions\/1823"}],"up":[{"embeddable":true,"href":"https:\/\/etab.ac-reunion.fr\/lyc-jean-joly\/wp-json\/wp\/v2\/pages\/59"}],"wp:attachment":[{"href":"https:\/\/etab.ac-reunion.fr\/lyc-jean-joly\/wp-json\/wp\/v2\/media?parent=159"}],"curies":[{"name":"wp","href":"https:\/\/api.w.org\/{rel}","templated":true}]}}