{"id":167,"date":"2015-10-07T05:59:20","date_gmt":"2015-10-07T04:59:20","guid":{"rendered":"http:\/\/lycee-jean-joly.ac-reunion.fr\/?page_id=167"},"modified":"2021-04-27T15:16:46","modified_gmt":"2021-04-27T11:16:46","slug":"ou-sommes-nous","status":"publish","type":"page","link":"https:\/\/etab.ac-reunion.fr\/lyc-jean-joly\/ou-sommes-nous\/","title":{"rendered":"Nous contacter"},"content":{"rendered":"<p style=\"text-align: center\"><strong>Lyc\u00e9e Jean Joly<\/strong><br \/>\n2 chemin la Ouette<br \/>\n97421 La Rivi\u00e8re<\/p>\n<p style=\"text-align: center\">T\u00e9l. : 02 62 39 75 00<br \/>\nMail : ce.9741182s@ac-reunion.fr<\/p>\n<p style=\"text-align: center\">\n<!-- iframe plugin v.5.2 wordpress.org\/plugins\/iframe\/ -->\n<iframe loading=\"lazy\" src=\"https:\/\/www.google.com\/maps\/embed?pb=!1m10!1m8!1m3!1d2214.8245535079636!2d55.435727021142846!3d-21.27144534173444!3m2!1i1024!2i768!4f13.1!5e1!3m2!1sfr!2sfr!4v1444193894978\" width=\"600px\" height=\"450px\" scrolling=\"yes\" class=\"iframe-class\" frameborder=\"0\"><\/iframe>\n\n","protected":false},"excerpt":{"rendered":"<p>Lyc\u00e9e Jean Joly 2 chemin la Ouette 97421 La Rivi\u00e8re T\u00e9l. : 02 62 39 75 00 Mail : ce.9741182s@ac-reunion.fr<\/p>\n<p> <a class=\"continue-reading-link\" href=\"https:\/\/etab.ac-reunion.fr\/lyc-jean-joly\/ou-sommes-nous\/\"><span>Lire la suite<\/span><i class=\"crycon-right-dir\"><\/i><\/a> <\/p>\n","protected":false},"author":4396,"featured_media":0,"parent":0,"menu_order":0,"comment_status":"closed","ping_status":"closed","template":"","meta":{"footnotes":""},"class_list":["post-167","page","type-page","status-publish","hentry"],"_links":{"self":[{"href":"https:\/\/etab.ac-reunion.fr\/lyc-jean-joly\/wp-json\/wp\/v2\/pages\/167","targetHints":{"allow":["GET"]}}],"collection":[{"href":"https:\/\/etab.ac-reunion.fr\/lyc-jean-joly\/wp-json\/wp\/v2\/pages"}],"about":[{"href":"https:\/\/etab.ac-reunion.fr\/lyc-jean-joly\/wp-json\/wp\/v2\/types\/page"}],"author":[{"embeddable":true,"href":"https:\/\/etab.ac-reunion.fr\/lyc-jean-joly\/wp-json\/wp\/v2\/users\/4396"}],"replies":[{"embeddable":true,"href":"https:\/\/etab.ac-reunion.fr\/lyc-jean-joly\/wp-json\/wp\/v2\/comments?post=167"}],"version-history":[{"count":7,"href":"https:\/\/etab.ac-reunion.fr\/lyc-jean-joly\/wp-json\/wp\/v2\/pages\/167\/revisions"}],"predecessor-version":[{"id":4849,"href":"https:\/\/etab.ac-reunion.fr\/lyc-jean-joly\/wp-json\/wp\/v2\/pages\/167\/revisions\/4849"}],"wp:attachment":[{"href":"https:\/\/etab.ac-reunion.fr\/lyc-jean-joly\/wp-json\/wp\/v2\/media?parent=167"}],"curies":[{"name":"wp","href":"https:\/\/api.w.org\/{rel}","templated":true}]}}