{"id":176,"date":"2015-10-07T06:07:27","date_gmt":"2015-10-07T05:07:27","guid":{"rendered":"http:\/\/lycee-jean-joly.ac-reunion.fr\/?page_id=176"},"modified":"2021-06-28T08:13:16","modified_gmt":"2021-06-28T04:13:16","slug":"le-cvl","status":"publish","type":"page","link":"https:\/\/etab.ac-reunion.fr\/lyc-jean-joly\/le-cvl\/","title":{"rendered":"Conseil de Vie Lyc\u00e9enne"},"content":{"rendered":"<p>Le conseil de la vie lyc\u00e9enne (CVL) rassemble dix \u00e9lus lyc\u00e9ens et des repr\u00e9sentants des personnels et des parents d&rsquo;\u00e9l\u00e8ves. Ensemble, ils peuvent formuler des propositions sur tous les sujets de la vie quotidienne. C&rsquo;est le chef d&rsquo;\u00e9tablissement qui pr\u00e9side cette instance.<\/p>\n<p><strong>Les membres du CVL<\/strong> :<\/p>\n<ul>\n<li><strong>10 lyc\u00e9ens<\/strong> \u00e9lus pour deux ans, par l&rsquo;ensemble des \u00e9l\u00e8ves de l&rsquo;\u00e9tablissement, et renouvel\u00e9s par moiti\u00e9 tous les ans<\/li>\n<li><strong>5 enseignants ou personnels d&rsquo;\u00e9ducation<\/strong> (CPE, surveillants)<\/li>\n<li><strong>3 personnels administratifs<\/strong>, sociaux et de sant\u00e9, techniques, ouvriers et de service (ATOSS)<\/li>\n<li><strong>2 repr\u00e9sentants des parents d&rsquo;\u00e9l\u00e8ves<\/strong><\/li>\n<\/ul>\n<p>Les adultes ont un r\u00f4le consultatif : ils ne participent pas aux votes.<br \/>\n\u00c0 l&rsquo;initiative de la moiti\u00e9 des repr\u00e9sentants lyc\u00e9ens ou du chef d&rsquo;\u00e9tablissement, des personnes ext\u00e9rieures peuvent participer \u00e0 une s\u00e9ance du CVL.<\/p>\n<p><strong>Son r\u00f4le<\/strong> :<\/p>\n<p>&#8211; <strong>Am\u00e9liorer les conditions de vie au lyc\u00e9e<\/strong><br \/>\nOrientation, r\u00e8glement int\u00e9rieur, soutien scolaire, sant\u00e9, activit\u00e9s sportives, fonds lyc\u00e9ens&#8230; : le CVL est le lieu o\u00f9 sont d\u00e9battues toutes les questions concr\u00e8tes qui traversent la vie de l&rsquo;\u00e9tablissement. Objectif : mieux prendre en consid\u00e9ration les attentes des lyc\u00e9ens et am\u00e9liorer les conditions de vie au lyc\u00e9e.<br \/>\n&#8211; <strong>Dialoguer, \u00e9changer, d\u00e9battre<\/strong><br \/>\nLe CVL est un lieu privil\u00e9gi\u00e9 d&rsquo;\u00e9coute et d&rsquo;\u00e9changes avec les adultes de la communaut\u00e9 \u00e9ducative. Les \u00e9lus peuvent y faire conna\u00eetre leurs id\u00e9es librement : ils transmettent les attentes et pr\u00e9occupations de l&rsquo;ensemble des lyc\u00e9ens.<br \/>\n&#8211; <strong>Participer aux d\u00e9cisions<\/strong><br \/>\nLe CVL est aussi force de proposition. Les repr\u00e9sentants lyc\u00e9ens peuvent \u00e9mettre des avis, proposer des am\u00e9nagements et sugg\u00e9rer des solutions. Les comptes-rendus du CVL sont transmis au conseil d&rsquo;administration de l&rsquo;\u00e9tablissement. Par l&rsquo;interm\u00e9diaire des \u00e9lus, les lyc\u00e9ens sont associ\u00e9s au processus de d\u00e9cision de l&rsquo;\u00e9tablissement.<\/p>\n","protected":false},"excerpt":{"rendered":"<p>Le conseil de la vie lyc\u00e9enne (CVL) rassemble dix \u00e9lus lyc\u00e9ens et des repr\u00e9sentants des personnels et des parents d&rsquo;\u00e9l\u00e8ves. Ensemble, ils peuvent formuler des propositions sur tous les sujets&#8230;<\/p>\n<p> <a class=\"continue-reading-link\" href=\"https:\/\/etab.ac-reunion.fr\/lyc-jean-joly\/le-cvl\/\"><span>Lire la suite<\/span><i class=\"crycon-right-dir\"><\/i><\/a> <\/p>\n","protected":false},"author":4396,"featured_media":0,"parent":0,"menu_order":0,"comment_status":"closed","ping_status":"closed","template":"","meta":{"footnotes":""},"class_list":["post-176","page","type-page","status-publish","hentry"],"_links":{"self":[{"href":"https:\/\/etab.ac-reunion.fr\/lyc-jean-joly\/wp-json\/wp\/v2\/pages\/176","targetHints":{"allow":["GET"]}}],"collection":[{"href":"https:\/\/etab.ac-reunion.fr\/lyc-jean-joly\/wp-json\/wp\/v2\/pages"}],"about":[{"href":"https:\/\/etab.ac-reunion.fr\/lyc-jean-joly\/wp-json\/wp\/v2\/types\/page"}],"author":[{"embeddable":true,"href":"https:\/\/etab.ac-reunion.fr\/lyc-jean-joly\/wp-json\/wp\/v2\/users\/4396"}],"replies":[{"embeddable":true,"href":"https:\/\/etab.ac-reunion.fr\/lyc-jean-joly\/wp-json\/wp\/v2\/comments?post=176"}],"version-history":[{"count":4,"href":"https:\/\/etab.ac-reunion.fr\/lyc-jean-joly\/wp-json\/wp\/v2\/pages\/176\/revisions"}],"predecessor-version":[{"id":5423,"href":"https:\/\/etab.ac-reunion.fr\/lyc-jean-joly\/wp-json\/wp\/v2\/pages\/176\/revisions\/5423"}],"wp:attachment":[{"href":"https:\/\/etab.ac-reunion.fr\/lyc-jean-joly\/wp-json\/wp\/v2\/media?parent=176"}],"curies":[{"name":"wp","href":"https:\/\/api.w.org\/{rel}","templated":true}]}}