{"id":300,"date":"2015-10-30T08:07:48","date_gmt":"2015-10-30T07:07:48","guid":{"rendered":"http:\/\/lycee-jean-joly.ac-reunion.fr\/?page_id=300"},"modified":"2024-11-18T14:07:56","modified_gmt":"2024-11-18T10:07:56","slug":"le-mot-du-proviseur","status":"publish","type":"page","link":"https:\/\/etab.ac-reunion.fr\/lyc-jean-joly\/le-mot-du-proviseur\/","title":{"rendered":"Le mot du Proviseur"},"content":{"rendered":"<div class=\"wp-block-image\">\n<figure class=\"aligncenter size-large is-resized\"><img loading=\"lazy\" decoding=\"async\" width=\"1024\" height=\"219\" src=\"https:\/\/etab.ac-reunion.fr\/lyc-jean-joly\/wp-content\/uploads\/sites\/114\/2024\/11\/Le-mot-du-Proviseur-pour-site-2-1024x219.png\" alt=\"\" class=\"wp-image-7962\" style=\"width:1135px;height:auto\" srcset=\"https:\/\/etab.ac-reunion.fr\/lyc-jean-joly\/wp-content\/uploads\/sites\/114\/2024\/11\/Le-mot-du-Proviseur-pour-site-2-1024x219.png 1024w, https:\/\/etab.ac-reunion.fr\/lyc-jean-joly\/wp-content\/uploads\/sites\/114\/2024\/11\/Le-mot-du-Proviseur-pour-site-2-300x64.png 300w, https:\/\/etab.ac-reunion.fr\/lyc-jean-joly\/wp-content\/uploads\/sites\/114\/2024\/11\/Le-mot-du-Proviseur-pour-site-2-1536x329.png 1536w, https:\/\/etab.ac-reunion.fr\/lyc-jean-joly\/wp-content\/uploads\/sites\/114\/2024\/11\/Le-mot-du-Proviseur-pour-site-2-150x32.png 150w, https:\/\/etab.ac-reunion.fr\/lyc-jean-joly\/wp-content\/uploads\/sites\/114\/2024\/11\/Le-mot-du-Proviseur-pour-site-2.png 1583w\" sizes=\"auto, (max-width: 1024px) 100vw, 1024px\" \/><\/figure>\n<\/div>\n\n\n<figure class=\"wp-block-pullquote has-text-align-center\"><blockquote><p>\u00a0Le lyc\u00e9e de la Rivi\u00e8re est un \u00e9tablissement calme et agr\u00e9able situ\u00e9 en milieu urbain de la commune de Saint Louis.<br><br>C&rsquo;est un lyc\u00e9e polyvalent &#8211; LPO- qui accueil environ 950 \u00e9l\u00e8ves r\u00e9partis en diff\u00e9rentes fili\u00e8res :<br>-G\u00e9n\u00e9rale : Une dizaine d&rsquo;enseignements de sp\u00e9cialit\u00e9 sont propos\u00e9s d\u00e8s la classe de premi\u00e8re avec une r\u00e9partition \u00e9quilibr\u00e9e entre les sensibilit\u00e9s scientifiques et humanit\u00e9s.<br>-Technologique : ST2S (Sant\u00e9 &#8211; Social) et STI2D (Industrie &#8211; D\u00e9veloppement durable)<br>-Professionnelle, avec une section TCB &#8211; Technicien Constructeur Bois.<br>-Et une fili\u00e8re Post &#8211; BAC, avec deux BTS en lien avec le Bois.<br><br>Le lyc\u00e9e a \u00e9galement une coloration d\u00e9di\u00e9e aux arts, avec une option Musique et l&rsquo;enseignement de sp\u00e9cialit\u00e9 Arts Plastiques.<br><br>Le sentiment global qui se dessine est qu&rsquo;il fait bon vivre au lyc\u00e9e Jean Joly.<br>Les \u00e9l\u00e8ves y r\u00e9ussissent tr\u00e8s bien ( pour exemple, 99% de r\u00e9ussite au BAC G ces derni\u00e8res ann\u00e9es) et semblent plut\u00f4t heureux d&rsquo;y \u00eatre scolaris\u00e9s.<br><br>Le lyc\u00e9e porte, depuis 2001, le nom d&rsquo;un r\u00e9unionnais, M. Jean JOLY, d\u00e9c\u00e9d\u00e9 en 2005, r\u00e9sistant durant la seconde guerre mondiale. Il avait \u00e9t\u00e9 d\u00e9port\u00e9 en 1943 dans le camps nazi de Mauthausen et aura surv\u00e9cu, malgr\u00e9 ses 37 kg pour 1m86 \u00e0 sa lib\u00e9ration en 1945. Il retrouvera finalement son \u00eele natale en 1951. L&rsquo;incarnation de valeurs humanistes, d&rsquo;altruisme, de d\u00e9vouement, de courage qu&rsquo;il aura port\u00e9es en lui est un exemple de vertus que nous proposons de d\u00e9velopper et renforcer aupr\u00e8s de nos lyc\u00e9ennes et lyc\u00e9ens afin de les aider \u00e0 mieux se construire en citoyen du monde \u00e9clair\u00e9 et \u00e9clairant.<br><br>En effet, ma conviction profonde, \u00e9galement affirm\u00e9e par une circulaire interminist\u00e9rielle d&rsquo;ao\u00fbt 2022, est qu&rsquo;il nous revient, outre l&rsquo;acquisition des connaissances et comp\u00e9tences acad\u00e9miques classiques &#8211; en lettres, langues, math\u00e9matiques, &#8230; d&rsquo;aider nos \u00e9l\u00e8ves \u00e0 aussi grandir dans leur comp\u00e9tences psychosociales.<br><br>Apprendre \u00e0 mieux se conna\u00eetre, entrer dans une communication apais\u00e9e avec autrui, d\u00e9velopper son esprit critique ou encore mieux g\u00e9rer ses \u00e9motions ou le stress, sont autant de qualit\u00e9s essentielles.<br><br>Le futur projet d&rsquo;\u00e9tablissement, fil rouge de ce que sont et seront nos pens\u00e9es et actions au service de la qualit\u00e9 du service public d&rsquo;\u00e9ducation au lyc\u00e9e Jean Joly est en cours d&rsquo;\u00e9laboration.<br>Il int\u00e9grera de multiples objectifs sp\u00e9cifiques aux probl\u00e9matiques du lyc\u00e9e, tout en d\u00e9clinant les orientations de la politique nationale d&rsquo;\u00e9ducation.<br>Sa mise en \u0153uvre est pr\u00e9vue pour la p\u00e9riode 2025-2030.<br><br>Je forme le v\u0153u que chacun de nos \u00e9l\u00e8ves puisse, au cours de ses trois ann\u00e9es pass\u00e9es au lyc\u00e9e Jean Joly, acqu\u00e9rir de solides connaissances qui lui permettront d&rsquo;\u00e9clairer une vie professionnelle accomplie.<br><br>Je forme \u00e9galement le v\u0153u que chacune, chacun puisse apprendre durant sa pr\u00e9sence \u00e0 nos c\u00f4t\u00e9s \u00e0 d\u00e9velopper ses \u00ab\u00a0life &#8211; skills\u00a0\u00bb, en vue de cultiver une vie bonne, \u00e9panouie et au service du bien commun.<br><\/p><\/blockquote><\/figure>\n\n\n\n<p><\/p>\n\n\n\n<div class=\"wp-block-group\"><div class=\"wp-block-group__inner-container is-layout-constrained wp-block-group-is-layout-constrained\">\n<div class=\"wp-block-group\"><div class=\"wp-block-group__inner-container is-layout-constrained wp-block-group-is-layout-constrained\">\n<div class=\"wp-block-columns is-layout-flex wp-container-core-columns-is-layout-9d6595d7 wp-block-columns-is-layout-flex\">\n<div class=\"wp-block-column is-layout-flow wp-block-column-is-layout-flow\" style=\"flex-basis:100%\">\n<div class=\"wp-block-group\"><div class=\"wp-block-group__inner-container is-layout-constrained wp-block-group-is-layout-constrained\">\n<p class=\"has-text-align-right\">Octobre 2024<\/p>\n\n\n\n<p class=\"has-text-align-right\">Lionel Mailfert,<\/p>\n\n\n\n<p class=\"has-text-align-right\">Proviseur<\/p>\n<\/div><\/div>\n<\/div>\n<\/div>\n<\/div><\/div>\n<\/div><\/div>\n","protected":false},"excerpt":{"rendered":"<p>\u00a0Le lyc\u00e9e de la Rivi\u00e8re est un \u00e9tablissement calme et agr\u00e9able situ\u00e9 en milieu urbain de la commune de Saint Louis. C&rsquo;est un lyc\u00e9e polyvalent &#8211; LPO- qui accueil environ&#8230;<\/p>\n<p> <a class=\"continue-reading-link\" href=\"https:\/\/etab.ac-reunion.fr\/lyc-jean-joly\/le-mot-du-proviseur\/\"><span>Lire la suite<\/span><i class=\"crycon-right-dir\"><\/i><\/a> <\/p>\n","protected":false},"author":4355,"featured_media":0,"parent":0,"menu_order":0,"comment_status":"closed","ping_status":"closed","template":"","meta":{"footnotes":""},"class_list":["post-300","page","type-page","status-publish","hentry"],"_links":{"self":[{"href":"https:\/\/etab.ac-reunion.fr\/lyc-jean-joly\/wp-json\/wp\/v2\/pages\/300","targetHints":{"allow":["GET"]}}],"collection":[{"href":"https:\/\/etab.ac-reunion.fr\/lyc-jean-joly\/wp-json\/wp\/v2\/pages"}],"about":[{"href":"https:\/\/etab.ac-reunion.fr\/lyc-jean-joly\/wp-json\/wp\/v2\/types\/page"}],"author":[{"embeddable":true,"href":"https:\/\/etab.ac-reunion.fr\/lyc-jean-joly\/wp-json\/wp\/v2\/users\/4355"}],"replies":[{"embeddable":true,"href":"https:\/\/etab.ac-reunion.fr\/lyc-jean-joly\/wp-json\/wp\/v2\/comments?post=300"}],"version-history":[{"count":20,"href":"https:\/\/etab.ac-reunion.fr\/lyc-jean-joly\/wp-json\/wp\/v2\/pages\/300\/revisions"}],"predecessor-version":[{"id":7970,"href":"https:\/\/etab.ac-reunion.fr\/lyc-jean-joly\/wp-json\/wp\/v2\/pages\/300\/revisions\/7970"}],"wp:attachment":[{"href":"https:\/\/etab.ac-reunion.fr\/lyc-jean-joly\/wp-json\/wp\/v2\/media?parent=300"}],"curies":[{"name":"wp","href":"https:\/\/api.w.org\/{rel}","templated":true}]}}