{"id":301,"date":"2015-10-30T08:17:58","date_gmt":"2015-10-30T07:17:58","guid":{"rendered":"http:\/\/lycee-jean-joly.ac-reunion.fr\/?page_id=301"},"modified":"2024-10-30T18:16:48","modified_gmt":"2024-10-30T14:16:48","slug":"lenseignement-en-developpement-de-produit","status":"publish","type":"page","link":"https:\/\/etab.ac-reunion.fr\/lyc-jean-joly\/lenseignement-en-developpement-de-produit\/","title":{"rendered":"Le BTS DRB : D\u00e9veloppement et R\u00e9alisation Bois"},"content":{"rendered":"<div class=\"wp-block-image\">\n<figure class=\"aligncenter size-full\"><a href=\"https:\/\/youtu.be\/P1zhtxfCyYY\" target=\"_blank\" rel=\"noopener\"><img loading=\"lazy\" decoding=\"async\" width=\"768\" height=\"432\" src=\"https:\/\/etab.ac-reunion.fr\/lyc-jean-joly\/wp-content\/uploads\/sites\/114\/2021\/11\/Cover-video-site-net-LPO_redimensionne.jpg\" alt=\"\" class=\"wp-image-5640\" srcset=\"https:\/\/etab.ac-reunion.fr\/lyc-jean-joly\/wp-content\/uploads\/sites\/114\/2021\/11\/Cover-video-site-net-LPO_redimensionne.jpg 768w, https:\/\/etab.ac-reunion.fr\/lyc-jean-joly\/wp-content\/uploads\/sites\/114\/2021\/11\/Cover-video-site-net-LPO_redimensionne-300x169.jpg 300w, https:\/\/etab.ac-reunion.fr\/lyc-jean-joly\/wp-content\/uploads\/sites\/114\/2021\/11\/Cover-video-site-net-LPO_redimensionne-150x84.jpg 150w\" sizes=\"auto, (max-width: 768px) 100vw, 768px\" \/><\/a><figcaption class=\"wp-element-caption\"><strong><em>VIDEO DE PRE<\/em>S<em>ENTATION<\/em><\/strong><\/figcaption><\/figure>\n<\/div>\n\n\n<h3 class=\"wp-block-heading\"><strong>Un BTS, c\u2019est quoi&nbsp;?<\/strong><\/h3>\n\n\n\n<p>Le <strong>brevet de technicien sup\u00e9rieur<\/strong> est un dipl\u00f4me obtenu en <strong>2 ans<\/strong>, apr\u00e8s le bac. Il permet de <strong>monter en comp\u00e9tences<\/strong> et d&rsquo;acqu\u00e9rir de nombreuses connaissances dans le <strong>domaine du mobilier et de l\u2019agencement.<\/strong><\/p>\n\n\n\n<h3 class=\"wp-block-heading\"><strong>Pourquoi aller en BTS&nbsp;?<\/strong><\/h3>\n\n\n\n<p>Le BTS vous permettra d\u2019\u00eatre performant dans les missions&nbsp;:<\/p>\n\n\n\n<ul class=\"wp-block-list\">\n<li>&nbsp;de <strong>conception<\/strong> ou d\u2019am\u00e9lioration de produit&nbsp;;<\/li>\n\n\n\n<li>&nbsp;de <strong>dessin<\/strong> en 2D ou 3D&nbsp;;<\/li>\n\n\n\n<li>&nbsp;de <strong>r\u00e9solution de probl\u00e9matiques<\/strong> d\u2019industrialisation ou de production&nbsp;;<\/li>\n\n\n\n<li>&nbsp;de <strong>conduite de chaine de production<\/strong> industrielle.<\/li>\n<\/ul>\n\n\n\n<p>Il vous permettra de b\u00e9n\u00e9ficier d&rsquo;une <strong>meilleure reconnaissance professionnelle<\/strong>. Avec de l&rsquo;exp\u00e9rience, vous pourrez rapidement \u00e9voluer vers des postes \u00e0 responsabilit\u00e9s.<\/p>\n\n\n\n<div class=\"wp-block-columns is-layout-flex wp-container-core-columns-is-layout-9d6595d7 wp-block-columns-is-layout-flex\">\n<div class=\"wp-block-column is-layout-flow wp-block-column-is-layout-flow\" style=\"flex-basis:100%\">\n<div class=\"wp-block-columns is-layout-flex wp-container-core-columns-is-layout-9d6595d7 wp-block-columns-is-layout-flex\">\n<div class=\"wp-block-column is-layout-flow wp-block-column-is-layout-flow\"><div class=\"wp-block-image is-resized\">\n<figure class=\"aligncenter size-large\"><img loading=\"lazy\" decoding=\"async\" width=\"1024\" height=\"768\" src=\"https:\/\/etab.ac-reunion.fr\/lyc-jean-joly\/wp-content\/uploads\/sites\/114\/2021\/03\/Dessin-dune-table-basse-sur-TopSolid-1024x768.jpg\" alt=\"\" class=\"wp-image-4576\" srcset=\"https:\/\/etab.ac-reunion.fr\/lyc-jean-joly\/wp-content\/uploads\/sites\/114\/2021\/03\/Dessin-dune-table-basse-sur-TopSolid-1024x768.jpg 1024w, https:\/\/etab.ac-reunion.fr\/lyc-jean-joly\/wp-content\/uploads\/sites\/114\/2021\/03\/Dessin-dune-table-basse-sur-TopSolid-300x225.jpg 300w, https:\/\/etab.ac-reunion.fr\/lyc-jean-joly\/wp-content\/uploads\/sites\/114\/2021\/03\/Dessin-dune-table-basse-sur-TopSolid-1536x1152.jpg 1536w, https:\/\/etab.ac-reunion.fr\/lyc-jean-joly\/wp-content\/uploads\/sites\/114\/2021\/03\/Dessin-dune-table-basse-sur-TopSolid-2048x1536.jpg 2048w, https:\/\/etab.ac-reunion.fr\/lyc-jean-joly\/wp-content\/uploads\/sites\/114\/2021\/03\/Dessin-dune-table-basse-sur-TopSolid-150x113.jpg 150w\" sizes=\"auto, (max-width: 1024px) 100vw, 1024px\" \/><figcaption class=\"wp-element-caption\"><em><span class=\"has-inline-color has-cyan-bluish-gray-color\">Cr\u00e9dit photographique : Elsa FOUGEROUSE<\/span><\/em><\/figcaption><\/figure>\n<\/div><\/div>\n\n\n\n<div class=\"wp-block-column is-layout-flow wp-block-column-is-layout-flow\"><\/div>\n<\/div>\n<\/div>\n<\/div>\n\n\n\n<h3 class=\"wp-block-heading\"><strong>Quelles diff\u00e9rences entre un Bac Pro TMA et un BTS DRB&nbsp;?<\/strong><\/h3>\n\n\n\n<p>Un <strong>bac professionnel TMA<\/strong> d\u00e9bouche sur une carri\u00e8re de <strong>technicien qualifi\u00e9 pour la production<\/strong> en atelier de meubles, d\u2019agencement, de menuiseries\u2026<\/p>\n\n\n\n<p>En choisissant de vous former en <strong>BTS DRB<\/strong>, vous vous donnez la possibilit\u00e9 de devenir <strong>assistant d\u2019\u00e9tude<\/strong> aupr\u00e8s d\u2019ing\u00e9nieurs, <strong>technicien de bureau d\u2019\u00e9tudes<\/strong>, <strong>conducteur de lignes de production \u00e0 commande num\u00e9rique<\/strong>&#8230; Vos comp\u00e9tences vous permettent d\u2019appr\u00e9hender la production des produits dans leur ensemble (de la conception \u00e0 la pose), d\u2019\u00eatre en mesure de g\u00e9rer diff\u00e9rentes probl\u00e9matiques de production (qualit\u00e9, standardisation, \u00e9co-conception\u2026), de manager des \u00e9quipes.<\/p>\n\n\n\n<figure class=\"wp-block-table aligncenter is-style-stripes\"><table><tbody><tr><td><\/td><td><strong>Bac Pro TMA<\/strong><\/td><td><strong>BTS DRB<\/strong><\/td><\/tr><tr><td><strong>Dur\u00e9e de la formation<\/strong><\/td><td>3 ans apr\u00e8s le brevet<\/td><td>2 ans apr\u00e8s le bac<\/td><\/tr><tr><td><strong>Mati\u00e8res g\u00e9n\u00e9rales<\/strong><\/td><td>18,5h\/semaine<\/td><td>11h\/semaine<\/td><\/tr><tr><td><strong>Mati\u00e8res professionnelles th\u00e9oriques (conception et industrialisation)<\/strong><\/td><td>8h\/semaine<\/td><td>13h\/semaine<\/td><\/tr><tr><td><strong>Mati\u00e8res professionnelles pratiques (atelier)<\/strong><\/td><td>6h\/semaine<\/td><td>8h\/semaine<\/td><\/tr><tr><td><strong>Stages<\/strong><\/td><td>33 semaines r\u00e9parties sur 3 ans<\/td><td>8 \u00e0 10 semaines r\u00e9parties sur 2 ans<\/td><\/tr><\/tbody><\/table><figcaption class=\"wp-element-caption\">Comparaison de la grille horaire du bac pro TMA et du BTS DRB<\/figcaption><\/figure>\n\n\n\n<h3 class=\"wp-block-heading\"><strong>Quelles diff\u00e9rences entre un bac STI2D et un BTS DRB&nbsp;?<\/strong><\/h3>\n\n\n\n<p>Un <strong>bac STI2D<\/strong> vous permet d\u2019acqu\u00e9rir des <strong>m\u00e9thodes de travail<\/strong> et de d\u00e9couvrir les <strong>3 domaines du monde de la technologie<\/strong>&nbsp;: l\u2019\u00e9nergie, la mati\u00e8re, l\u2019information.<\/p>\n\n\n\n<p>Choisir de poursuivre vos \u00e9tudes en BTS DRB, c\u2019est choisir de <strong>vous former \u00e0 un m\u00e9tier<\/strong> et vous donner la possibilit\u00e9 <strong>d\u2019int\u00e9grer le monde du travail<\/strong> au bout de 2 ans de formation. Vous y apprendrez \u00e0 <strong>concevoir un produit, l\u2019industrialiser et enfin le r\u00e9aliser en atelier<\/strong>.<\/p>\n\n\n\n<p>Vos comp\u00e9tences acquises dans les mati\u00e8res g\u00e9n\u00e9rales vous permettront de vous concentrer sur les mati\u00e8res techniques.<\/p>\n\n\n\n<figure class=\"wp-block-table aligncenter is-style-stripes\"><table><tbody><tr><td>&nbsp;<\/td><td><strong>Bac STI2D<\/strong><\/td><td><strong>BTS DRB<\/strong><\/td><\/tr><tr><td><strong>Dur\u00e9e de la formation<\/strong><\/td><td>3 ans apr\u00e8s le brevet<\/td><td>2 ans apr\u00e8s le bac<\/td><\/tr><tr><td><strong>Mati\u00e8res g\u00e9n\u00e9rales<\/strong><\/td><td>22h\/semaine<\/td><td>11h\/semaine<\/td><\/tr><tr><td><strong>Mati\u00e8res techniques th\u00e9oriques (conception et industrialisation)<\/strong><\/td><td>8 h\/semaine<\/td><td>13h\/semaine<\/td><\/tr><tr><td><strong>Mati\u00e8res techniques pratiques (atelier)<\/strong><\/td><td>4 h\/semaine<\/td><td>8h\/semaine<\/td><\/tr><tr><td><strong>Stages<\/strong><\/td><td>Aucun<\/td><td>8 \u00e0 10 semaines sur 2 ans<\/td><\/tr><\/tbody><\/table><figcaption class=\"wp-element-caption\">Comparaison de la grille horaire du bac STI2D et du BTS DRB<\/figcaption><\/figure>\n\n\n\n<h3 class=\"wp-block-heading\"><strong>A qui est-il destin\u00e9&nbsp;?<\/strong><\/h3>\n\n\n\n<p>Les <strong>BAC PRO TMA, ERA, TCB<\/strong> ou d&rsquo;un <strong>BAC STI2D<\/strong> sont les profils les plus courants. Mais les candidatures sont ouvertes \u00e0 tous les <strong>titulaires d&rsquo;un bac<\/strong>.<\/p>\n\n\n\n<h2 class=\"wp-block-heading has-text-align-center\"><strong><span class=\"has-inline-color has-luminous-vivid-orange-color\">15 places disponibles<\/span><\/strong><\/h2>\n\n\n<div class=\"wp-block-image\">\n<figure class=\"aligncenter size-large is-resized\"><img loading=\"lazy\" decoding=\"async\" width=\"608\" height=\"380\" src=\"https:\/\/etab.ac-reunion.fr\/lyc-jean-joly\/wp-content\/uploads\/sites\/114\/2021\/03\/Repartition-des-places-en-BTS.png\" alt=\"\" class=\"wp-image-4570\" style=\"width:304px;height:190px\" srcset=\"https:\/\/etab.ac-reunion.fr\/lyc-jean-joly\/wp-content\/uploads\/sites\/114\/2021\/03\/Repartition-des-places-en-BTS.png 608w, https:\/\/etab.ac-reunion.fr\/lyc-jean-joly\/wp-content\/uploads\/sites\/114\/2021\/03\/Repartition-des-places-en-BTS-300x188.png 300w, https:\/\/etab.ac-reunion.fr\/lyc-jean-joly\/wp-content\/uploads\/sites\/114\/2021\/03\/Repartition-des-places-en-BTS-150x94.png 150w\" sizes=\"auto, (max-width: 608px) 100vw, 608px\" \/><figcaption class=\"wp-element-caption\">R\u00e9partition du nombre de places en BTS DRB par type de bacheliers<\/figcaption><\/figure>\n<\/div>\n\n\n<h3 class=\"wp-block-heading\"><strong>Une semaine type en BTS DRB&nbsp;?<\/strong><\/h3>\n\n\n\n<p>En formation initiale, vous b\u00e9n\u00e9ficiez de <strong>33 heures de cours<\/strong> par semaine, dont un tiers est d\u00e9di\u00e9 aux enseignements g\u00e9n\u00e9raux et deux tiers aux mati\u00e8res techniques.<\/p>\n\n\n<div class=\"wp-block-image\">\n<figure class=\"aligncenter size-large is-resized\"><img loading=\"lazy\" decoding=\"async\" width=\"435\" height=\"274\" src=\"https:\/\/etab.ac-reunion.fr\/lyc-jean-joly\/wp-content\/uploads\/sites\/114\/2021\/03\/Grille-horaire-en-BTS-DRB.png\" alt=\"\" class=\"wp-image-4571\" style=\"width:435px;height:274px\" srcset=\"https:\/\/etab.ac-reunion.fr\/lyc-jean-joly\/wp-content\/uploads\/sites\/114\/2021\/03\/Grille-horaire-en-BTS-DRB.png 435w, https:\/\/etab.ac-reunion.fr\/lyc-jean-joly\/wp-content\/uploads\/sites\/114\/2021\/03\/Grille-horaire-en-BTS-DRB-300x189.png 300w, https:\/\/etab.ac-reunion.fr\/lyc-jean-joly\/wp-content\/uploads\/sites\/114\/2021\/03\/Grille-horaire-en-BTS-DRB-150x94.png 150w\" sizes=\"auto, (max-width: 435px) 100vw, 435px\" \/><figcaption class=\"wp-element-caption\">Grille horaire hebdomadaire en BTS DRB<\/figcaption><\/figure>\n<\/div>\n\n\n<h3 class=\"wp-block-heading\"><strong>Comment obtient-on le BTS&nbsp;?<\/strong><\/h3>\n\n\n\n<p>Certaines comp\u00e9tences seront \u00e9valu\u00e9es au cours des deux ann\u00e9es de formation (<strong>Contr\u00f4le en Cours de Formation<\/strong>). Les autres sont contr\u00f4l\u00e9es en fin de deuxi\u00e8me ann\u00e9e, sous forme d&rsquo;une <strong>\u00e9preuve \u00e9crite<\/strong> ou d&rsquo;une <strong>\u00e9preuve orale.<\/strong><\/p>\n\n\n<div class=\"wp-block-image is-resized\">\n<figure class=\"aligncenter size-large\"><img loading=\"lazy\" decoding=\"async\" width=\"640\" height=\"480\" src=\"https:\/\/etab.ac-reunion.fr\/lyc-jean-joly\/wp-content\/uploads\/sites\/114\/2021\/03\/Deligneuse.jpg\" alt=\"\" class=\"wp-image-4569\" srcset=\"https:\/\/etab.ac-reunion.fr\/lyc-jean-joly\/wp-content\/uploads\/sites\/114\/2021\/03\/Deligneuse.jpg 640w, https:\/\/etab.ac-reunion.fr\/lyc-jean-joly\/wp-content\/uploads\/sites\/114\/2021\/03\/Deligneuse-300x225.jpg 300w, https:\/\/etab.ac-reunion.fr\/lyc-jean-joly\/wp-content\/uploads\/sites\/114\/2021\/03\/Deligneuse-150x113.jpg 150w\" sizes=\"auto, (max-width: 640px) 100vw, 640px\" \/><figcaption class=\"wp-element-caption\"><em><span class=\"has-inline-color has-cyan-bluish-gray-color\">Cr\u00e9dit photographique : Pascal RETIF<\/span><\/em><\/figcaption><\/figure>\n<\/div>\n\n\n<h3 class=\"wp-block-heading\"><strong>Des stages en entreprise\u00a0?<\/strong><\/h3>\n\n\n\n<p>Deux p\u00e9riodes de stage effectu\u00e9es au sein de la m\u00eame entreprise vous seront propos\u00e9es&nbsp;:<\/p>\n\n\n\n<ul class=\"wp-block-list\">\n<li><strong>4 \u00e0 6 semaines en premi\u00e8re ann\u00e9e&nbsp;;<\/strong><\/li>\n\n\n\n<li><strong>4 semaines en deuxi\u00e8me ann\u00e9e<\/strong>.<\/li>\n<\/ul>\n\n\n\n<p>La premi\u00e8re p\u00e9riode vous permettra de <strong>d\u00e9couvrir l\u2019entreprise<\/strong> et son fonctionnement, de <strong>vous int\u00e9grer<\/strong> dans l\u2019\u00e9quipe et <strong>d\u2019approfondir vos comp\u00e9tences techniques<\/strong>.<\/p>\n\n\n\n<p>Au cours de la deuxi\u00e8me p\u00e9riode, il vous sera demand\u00e9 de proposer \u00e0 votre entreprise des solutions concernant une <strong>probl\u00e9matique de production ou d\u2019organisation<\/strong>.<\/p>\n\n\n\n<p>De nombreuses entreprises partenaires du lyc\u00e9e sont pr\u00eates \u00e0 vous accueillir et cherchent \u00e0 recruter de jeunes talents \u00e0 la sortie de leur dipl\u00f4me. La fili\u00e8re est en plein essor, n\u2019h\u00e9sitez plus \u00e0 la rejoindre&nbsp;!<\/p>\n\n\n\n<h3 class=\"wp-block-heading\"><strong>Une possibilit\u00e9 de faire mon BTS en alternance&nbsp;?<\/strong><\/h3>\n\n\n\n<p>Oui&nbsp;!<\/p>\n\n\n\n<p>Le lyc\u00e9e Jean Joly est habilit\u00e9 \u00e0 former des \u00e9tudiants sous le r\u00e9gime de l\u2019apprentissage. Vous avez ainsi la possibilit\u00e9 de suivre une formation mixte&nbsp;: <strong>la moiti\u00e9 du temps au lyc\u00e9e, l\u2019autre moiti\u00e9 en entreprise<\/strong>. Vous \u00eates alors <strong>r\u00e9mun\u00e9r\u00e9<\/strong> tout au long de votre formation.<\/p>\n\n\n<div class=\"wp-block-image\">\n<figure class=\"aligncenter size-large is-resized\"><img loading=\"lazy\" decoding=\"async\" width=\"728\" height=\"292\" src=\"https:\/\/etab.ac-reunion.fr\/lyc-jean-joly\/wp-content\/uploads\/sites\/114\/2021\/03\/Apprentissage-1.jpg\" alt=\"\" class=\"wp-image-4577\" style=\"width:364px;height:146px\" srcset=\"https:\/\/etab.ac-reunion.fr\/lyc-jean-joly\/wp-content\/uploads\/sites\/114\/2021\/03\/Apprentissage-1.jpg 728w, https:\/\/etab.ac-reunion.fr\/lyc-jean-joly\/wp-content\/uploads\/sites\/114\/2021\/03\/Apprentissage-1-300x120.jpg 300w, https:\/\/etab.ac-reunion.fr\/lyc-jean-joly\/wp-content\/uploads\/sites\/114\/2021\/03\/Apprentissage-1-150x60.jpg 150w\" sizes=\"auto, (max-width: 728px) 100vw, 728px\" \/><\/figure>\n<\/div>\n\n\n<h3 class=\"wp-block-heading\"><strong>Exemples de r\u00e9alisations au lyc\u00e9e Jean Joly<\/strong><\/h3>\n\n\n<div class=\"wp-block-image\">\n<figure class=\"aligncenter size-large is-resized\"><img loading=\"lazy\" decoding=\"async\" width=\"866\" height=\"651\" src=\"https:\/\/etab.ac-reunion.fr\/lyc-jean-joly\/wp-content\/uploads\/sites\/114\/2021\/03\/Bar-demontable.jpg\" alt=\"\" class=\"wp-image-4573\" style=\"width:433px;height:326px\" srcset=\"https:\/\/etab.ac-reunion.fr\/lyc-jean-joly\/wp-content\/uploads\/sites\/114\/2021\/03\/Bar-demontable.jpg 866w, https:\/\/etab.ac-reunion.fr\/lyc-jean-joly\/wp-content\/uploads\/sites\/114\/2021\/03\/Bar-demontable-300x226.jpg 300w, https:\/\/etab.ac-reunion.fr\/lyc-jean-joly\/wp-content\/uploads\/sites\/114\/2021\/03\/Bar-demontable-150x113.jpg 150w\" sizes=\"auto, (max-width: 866px) 100vw, 866px\" \/><figcaption class=\"wp-element-caption\"><em><span class=\"has-inline-color has-cyan-bluish-gray-color\">Cr\u00e9dit photographique : Pascal RETIF<\/span><\/em><\/figcaption><\/figure>\n<\/div>\n\n<div class=\"wp-block-image\">\n<figure class=\"aligncenter size-large is-resized\"><img loading=\"lazy\" decoding=\"async\" width=\"867\" height=\"650\" src=\"https:\/\/etab.ac-reunion.fr\/lyc-jean-joly\/wp-content\/uploads\/sites\/114\/2021\/03\/Chaise-longue.jpg\" alt=\"\" class=\"wp-image-4574\" style=\"width:434px;height:325px\" srcset=\"https:\/\/etab.ac-reunion.fr\/lyc-jean-joly\/wp-content\/uploads\/sites\/114\/2021\/03\/Chaise-longue.jpg 867w, https:\/\/etab.ac-reunion.fr\/lyc-jean-joly\/wp-content\/uploads\/sites\/114\/2021\/03\/Chaise-longue-300x225.jpg 300w, https:\/\/etab.ac-reunion.fr\/lyc-jean-joly\/wp-content\/uploads\/sites\/114\/2021\/03\/Chaise-longue-150x112.jpg 150w\" sizes=\"auto, (max-width: 867px) 100vw, 867px\" \/><figcaption class=\"wp-element-caption\"><em><span class=\"has-inline-color has-cyan-bluish-gray-color\">Cr\u00e9dit photographique : Pascal RETIF<\/span><\/em><\/figcaption><\/figure>\n<\/div>\n\n<div class=\"wp-block-image\">\n<figure class=\"aligncenter size-large is-resized\"><img loading=\"lazy\" decoding=\"async\" width=\"768\" height=\"1024\" src=\"https:\/\/etab.ac-reunion.fr\/lyc-jean-joly\/wp-content\/uploads\/sites\/114\/2021\/03\/Bar-768x1024.jpg\" alt=\"\" class=\"wp-image-4575\" style=\"width:384px;height:512px\" srcset=\"https:\/\/etab.ac-reunion.fr\/lyc-jean-joly\/wp-content\/uploads\/sites\/114\/2021\/03\/Bar-768x1024.jpg 768w, https:\/\/etab.ac-reunion.fr\/lyc-jean-joly\/wp-content\/uploads\/sites\/114\/2021\/03\/Bar-225x300.jpg 225w, https:\/\/etab.ac-reunion.fr\/lyc-jean-joly\/wp-content\/uploads\/sites\/114\/2021\/03\/Bar-113x150.jpg 113w, https:\/\/etab.ac-reunion.fr\/lyc-jean-joly\/wp-content\/uploads\/sites\/114\/2021\/03\/Bar.jpg 866w\" sizes=\"auto, (max-width: 768px) 100vw, 768px\" \/><figcaption class=\"wp-element-caption\"><span class=\"has-inline-color has-cyan-bluish-gray-color\"><em>Cr\u00e9dit photographique : Pascal RETIF<\/em><\/span><\/figcaption><\/figure>\n<\/div>\n\n\n<h3 class=\"wp-block-heading\"><strong>Encore un doute sur votre choix&nbsp;?<\/strong><\/h3>\n\n\n\n<p>Nous vous accueillons sur simple demande en <strong>immersion dans nos classes<\/strong>. Vous partagerez alors le quotidien de nos \u00e9tudiants au cours d\u2019une demi-journ\u00e9e, une journ\u00e9e voire m\u00eame deux jours. Nous pouvons d\u00e9finir ensemble ce qui vous conviendra le mieux.<\/p>\n\n\n\n<p><strong>N\u2019h\u00e9sitez pas \u00e0 nous contacter pour toute information compl\u00e9mentaire&nbsp;!<\/strong><\/p>\n\n\n\n<figure class=\"wp-block-gallery aligncenter has-nested-images columns-default is-cropped wp-block-gallery-1 is-layout-flex wp-block-gallery-is-layout-flex\">\n<figure class=\"wp-block-image size-medium\"><img loading=\"lazy\" decoding=\"async\" width=\"212\" height=\"300\" data-id=\"7935\" src=\"https:\/\/etab.ac-reunion.fr\/lyc-jean-joly\/wp-content\/uploads\/sites\/114\/2024\/10\/Affiche-BTS-SCBH-et-DRB-1024-1-212x300.jpg\" alt=\"\" class=\"wp-image-7935\" srcset=\"https:\/\/etab.ac-reunion.fr\/lyc-jean-joly\/wp-content\/uploads\/sites\/114\/2024\/10\/Affiche-BTS-SCBH-et-DRB-1024-1-212x300.jpg 212w, https:\/\/etab.ac-reunion.fr\/lyc-jean-joly\/wp-content\/uploads\/sites\/114\/2024\/10\/Affiche-BTS-SCBH-et-DRB-1024-1-106x150.jpg 106w, https:\/\/etab.ac-reunion.fr\/lyc-jean-joly\/wp-content\/uploads\/sites\/114\/2024\/10\/Affiche-BTS-SCBH-et-DRB-1024-1.jpg 724w\" sizes=\"auto, (max-width: 212px) 100vw, 212px\" \/><\/figure>\n<\/figure>\n\n\n\n<hr class=\"wp-block-separator\" id=\"block-f9472193-e039-48bb-93c3-2b38493d1396\" \/>\n\n\n\n<p class=\"has-text-align-center\" id=\"block-9cb3f490-e3b0-4b9c-adec-b383701ce8f8\"><em><a href=\"https:\/\/etab.ac-reunion.fr\/lyc-jean-joly\/category\/bts-drb\/\">Cliquez ici pour retrouver toute l&rsquo;actualit\u00e9 des BTS DRB au lyc\u00e9e.<\/a><\/em><\/p>\n\n\n\n<div class=\"wp-block-columns is-layout-flex wp-container-core-columns-is-layout-9d6595d7 wp-block-columns-is-layout-flex\">\n<div class=\"wp-block-column is-layout-flow wp-block-column-is-layout-flow\"><\/div>\n\n\n\n<div class=\"wp-block-column is-layout-flow wp-block-column-is-layout-flow\"><\/div>\n<\/div>\n","protected":false},"excerpt":{"rendered":"<p>Un BTS, c\u2019est quoi&nbsp;? Le brevet de technicien sup\u00e9rieur est un dipl\u00f4me obtenu en 2 ans, apr\u00e8s le bac. Il permet de monter en comp\u00e9tences et d&rsquo;acqu\u00e9rir de nombreuses connaissances&#8230;<\/p>\n<p> <a class=\"continue-reading-link\" href=\"https:\/\/etab.ac-reunion.fr\/lyc-jean-joly\/lenseignement-en-developpement-de-produit\/\"><span>Lire la suite<\/span><i class=\"crycon-right-dir\"><\/i><\/a> <\/p>\n","protected":false},"author":9514,"featured_media":0,"parent":0,"menu_order":0,"comment_status":"closed","ping_status":"closed","template":"","meta":{"footnotes":""},"class_list":["post-301","page","type-page","status-publish","hentry"],"_links":{"self":[{"href":"https:\/\/etab.ac-reunion.fr\/lyc-jean-joly\/wp-json\/wp\/v2\/pages\/301","targetHints":{"allow":["GET"]}}],"collection":[{"href":"https:\/\/etab.ac-reunion.fr\/lyc-jean-joly\/wp-json\/wp\/v2\/pages"}],"about":[{"href":"https:\/\/etab.ac-reunion.fr\/lyc-jean-joly\/wp-json\/wp\/v2\/types\/page"}],"author":[{"embeddable":true,"href":"https:\/\/etab.ac-reunion.fr\/lyc-jean-joly\/wp-json\/wp\/v2\/users\/9514"}],"replies":[{"embeddable":true,"href":"https:\/\/etab.ac-reunion.fr\/lyc-jean-joly\/wp-json\/wp\/v2\/comments?post=301"}],"version-history":[{"count":20,"href":"https:\/\/etab.ac-reunion.fr\/lyc-jean-joly\/wp-json\/wp\/v2\/pages\/301\/revisions"}],"predecessor-version":[{"id":7939,"href":"https:\/\/etab.ac-reunion.fr\/lyc-jean-joly\/wp-json\/wp\/v2\/pages\/301\/revisions\/7939"}],"wp:attachment":[{"href":"https:\/\/etab.ac-reunion.fr\/lyc-jean-joly\/wp-json\/wp\/v2\/media?parent=301"}],"curies":[{"name":"wp","href":"https:\/\/api.w.org\/{rel}","templated":true}]}}