{"id":3304,"date":"2019-11-04T22:57:34","date_gmt":"2019-11-04T18:57:34","guid":{"rendered":"http:\/\/lycee-jeanjoly.ac-reunion.fr\/?page_id=3304"},"modified":"2019-11-06T22:34:27","modified_gmt":"2019-11-06T18:34:27","slug":"amenagement-dexamen","status":"publish","type":"page","link":"https:\/\/etab.ac-reunion.fr\/lyc-jean-joly\/amenagement-dexamen\/","title":{"rendered":"Am\u00e9nagement d&rsquo;examen"},"content":{"rendered":"\n<p><strong>URGENT: Message \u00e0 l&rsquo;attention des parents d&rsquo;\u00e9l\u00e8ve de 1\u00e8re         G\u00e9n\u00e9rale et Technologique (2019-2020)<\/strong>:<br><br> Madame, Monsieur, si vous souhaitez faire la demande d&rsquo;un        am\u00e9nagement d&rsquo;examen pour les \u00c9preuves Communes du Contr\u00f4le        Continu&nbsp; (E3C) du baccalaur\u00e9at qui se d\u00e9rouleront en f\u00e9vrier 2020,        veuillez contacter <strong>au plus tard jeudi 7 novembre 2019 <\/strong>Mme        D\u00e9borah MAREE (secr\u00e9tariat du proviseur adjoint au 02 62 39 75  06)       pour prendre un rendez-vous ou obtenir les documents \u00e0  compl\u00e9ter. <\/p>\n\n\n\n<p>Cordialement,<\/p>\n\n\n\n<p>&nbsp;Patrick FORESTIER<br> Proviseur <\/p>\n\n\n\n<p class=\"has-background has-very-light-gray-background-color\">Documents \u00e0 t\u00e9l\u00e9charger:<\/p>\n\n\n\n<p><a href=\"https:\/\/etab.ac-reunion.fr\/lyc-jean-joly\/wp-content\/uploads\/sites\/114\/2019\/11\/BO-17-10-2019-Am\u00e9nagements-dexamen-BAC-2021.pdf\">-Am\u00e9nagements d&rsquo;examen BAC 2021<\/a><br><a href=\"https:\/\/etab.ac-reunion.fr\/lyc-jean-joly\/wp-content\/uploads\/sites\/114\/2019\/11\/annexe1-candidats-ayant-d\u00e9j\u00e0-b\u00e9n\u00e9fici\u00e9-dun-am\u00e9nagement-dexamen-du-DNB.pdf\">-Candidats ayant d\u00e9j\u00e0 b\u00e9n\u00e9fici\u00e9 d&rsquo;un am\u00e9nagement d&rsquo;examen du DNB<\/a><br> <a href=\"https:\/\/etab.ac-reunion.fr\/lyc-jean-joly\/wp-content\/uploads\/sites\/114\/2019\/11\/annexe2-candidats-faisant-une-premi\u00e8re-demande.pdf\">-Candidats faisant une premi\u00e8re demande<\/a><\/p>\n","protected":false},"excerpt":{"rendered":"<p>URGENT: Message \u00e0 l&rsquo;attention des parents d&rsquo;\u00e9l\u00e8ve de 1\u00e8re G\u00e9n\u00e9rale et Technologique (2019-2020): Madame, Monsieur, si vous souhaitez faire la demande d&rsquo;un am\u00e9nagement d&rsquo;examen pour les \u00c9preuves Communes du Contr\u00f4le&#8230;<\/p>\n<p> <a class=\"continue-reading-link\" href=\"https:\/\/etab.ac-reunion.fr\/lyc-jean-joly\/amenagement-dexamen\/\"><span>Lire la suite<\/span><i class=\"crycon-right-dir\"><\/i><\/a> <\/p>\n","protected":false},"author":4396,"featured_media":0,"parent":0,"menu_order":0,"comment_status":"closed","ping_status":"closed","template":"","meta":{"footnotes":""},"class_list":["post-3304","page","type-page","status-publish","hentry"],"_links":{"self":[{"href":"https:\/\/etab.ac-reunion.fr\/lyc-jean-joly\/wp-json\/wp\/v2\/pages\/3304","targetHints":{"allow":["GET"]}}],"collection":[{"href":"https:\/\/etab.ac-reunion.fr\/lyc-jean-joly\/wp-json\/wp\/v2\/pages"}],"about":[{"href":"https:\/\/etab.ac-reunion.fr\/lyc-jean-joly\/wp-json\/wp\/v2\/types\/page"}],"author":[{"embeddable":true,"href":"https:\/\/etab.ac-reunion.fr\/lyc-jean-joly\/wp-json\/wp\/v2\/users\/4396"}],"replies":[{"embeddable":true,"href":"https:\/\/etab.ac-reunion.fr\/lyc-jean-joly\/wp-json\/wp\/v2\/comments?post=3304"}],"version-history":[{"count":18,"href":"https:\/\/etab.ac-reunion.fr\/lyc-jean-joly\/wp-json\/wp\/v2\/pages\/3304\/revisions"}],"predecessor-version":[{"id":3336,"href":"https:\/\/etab.ac-reunion.fr\/lyc-jean-joly\/wp-json\/wp\/v2\/pages\/3304\/revisions\/3336"}],"wp:attachment":[{"href":"https:\/\/etab.ac-reunion.fr\/lyc-jean-joly\/wp-json\/wp\/v2\/media?parent=3304"}],"curies":[{"name":"wp","href":"https:\/\/api.w.org\/{rel}","templated":true}]}}