{"id":3681,"date":"2020-06-25T23:45:57","date_gmt":"2020-06-25T19:45:57","guid":{"rendered":"http:\/\/lycee-jeanjoly.ac-reunion.fr\/?page_id=3681"},"modified":"2025-06-27T16:04:29","modified_gmt":"2025-06-27T12:04:29","slug":"reinscription-premiere-et-terminales-generale","status":"publish","type":"page","link":"https:\/\/etab.ac-reunion.fr\/lyc-jean-joly\/reinscription-premiere-et-terminales-generale\/","title":{"rendered":"Inscriptions &#8211; 1\u00e8re G\u00e9n\u00e9rale ou Technologique"},"content":{"rendered":"\n<p class=\"has-text-align-left\" style=\"font-size:18px\"><\/p>\n\n\n\n<p>Vous allez inscrire votre enfant en 1ere g\u00e9n\u00e9rale et technologique , suite \u00e0 son <strong>AFFECTATION par le SAIO.<\/strong> Le responsable l\u00e9gal&nbsp; , ainsi que l\u2019\u00e9l\u00e8ve sont invit\u00e9s \u00e0 un accueil et \u00e0 l\u2019inscription <strong>le mardi 1er juillet<\/strong>&nbsp;:<\/p>\n\n\n\n<ul class=\"wp-block-list\">\n<li><strong>Pour les \u00e9l\u00e8ves affect\u00e9s en 1ere ST2S \u00e0&nbsp; 8H30<\/strong>&nbsp;: accueil par la direction&nbsp; la CPE le DDFPT et un enseignant &nbsp;dans l\u2019amphi SEROC du lyc\u00e9e, pour une pr\u00e9sentation de la fili\u00e8re et la vie lyc\u00e9enne \u00e0 JEAN JOLY&nbsp;. De 9h00 \u00e0 11h00 l\u2019inscription sera faite par les assistants d\u2019\u00e9ducation&nbsp;.<\/li>\n\n\n\n<li>&nbsp;<\/li>\n\n\n\n<li><strong>Pour les \u00e9l\u00e8ves affect\u00e9s en 1<sup>\u00e8re<\/sup> STI2D et en 1<sup>\u00e8re<\/sup> g\u00e9n\u00e9rale \u00e0 13h30 <\/strong>: accueil par la direction&nbsp; la CPE le DDFPT et un enseignant&nbsp; dans l\u2019amphi SEROC du lyc\u00e9e, pour une pr\u00e9sentation de la fili\u00e8re STI2D et la vie lyc\u00e9enne \u00e0 JEAN JOLY&nbsp;. De 14h00 \u00e0 16h00&nbsp; l\u2019inscription sera faite par les assistants d\u2019\u00e9ducation&nbsp;<\/li>\n<\/ul>\n\n\n\n<p><strong><em>Pour une demande d\u2019inscription sans affectation&nbsp; SAIO<\/em><\/strong> ( \u00e9l\u00e8ve scolaris\u00e9 hors de l\u2019acad\u00e9mie, changement de domicile apr\u00e8s&nbsp; l\u2019affectation&nbsp;du vendredi 27 juin 2025) : Veuillez contacter la CPE du lyc\u00e9e Mme BOYER <strong><em>sur le t\u00e9l\u00e9phone portable suivant&nbsp;: 0693 51 21 55.<\/em><\/strong><\/p>\n\n\n\n<p class=\"has-vivid-red-color has-text-color has-link-color wp-elements-40d845a8a254952fd5b77e89c29970e0\"><strong>Les bulletins scolaires de l&rsquo;ann\u00e9e 2024-2025 vous seront demand\u00e9 lors de l&rsquo;inscription<\/strong>.<\/p>\n\n\n\n<p>Liste des documents \u00e0 t\u00e9l\u00e9charger, \u00e0 compl\u00e9ter et \u00e0 ramener \u00e0 l&rsquo;inscription :<\/p>\n\n\n\n<p><strong><mark class=\"has-inline-color has-luminous-vivid-orange-color\">ATTENTION : Aucune photocopie ne sera faite sur place. Tout dossier incomplet sera refus\u00e9.<\/mark><\/strong><\/p>\n\n\n\n<p class=\"has-luminous-vivid-orange-color has-text-color has-link-color wp-elements-de8a922ff9fb3f991bdef1d586f144bb\"><strong>Les 9 documents \u00e0 compl\u00e9ter sont \u00e0 t\u00e9l\u00e9charger ci-dessous :<\/strong><\/p>\n\n\n\n<div class=\"wp-block-file\"><a id=\"wp-block-file--media-e80574c9-4543-4cb9-bf19-7cc2b3374b17\" href=\"https:\/\/etab.ac-reunion.fr\/lyc-jean-joly\/wp-content\/uploads\/sites\/114\/2025\/06\/fiche-documents-a-ramener-PG-techno.pdf\">1)fiche documents \u00e0 ramener PG techno<\/a><a href=\"https:\/\/etab.ac-reunion.fr\/lyc-jean-joly\/wp-content\/uploads\/sites\/114\/2025\/06\/fiche-documents-a-ramener-PG-techno.pdf\" class=\"wp-block-file__button wp-element-button\" download aria-describedby=\"wp-block-file--media-e80574c9-4543-4cb9-bf19-7cc2b3374b17\">T\u00e9l\u00e9charger<\/a><\/div>\n\n\n\n<div class=\"wp-block-file\"><a id=\"wp-block-file--media-05f766dc-7573-4362-a908-bcae3b91303d\" href=\"https:\/\/etab.ac-reunion.fr\/lyc-jean-joly\/wp-content\/uploads\/sites\/114\/2024\/06\/1ere-GT-conseils-pour-lutilisation-des-outils-numeriques.pdf\">2) 1ere conseils pour l&rsquo;utilisation des outils numeriques<\/a><a href=\"https:\/\/etab.ac-reunion.fr\/lyc-jean-joly\/wp-content\/uploads\/sites\/114\/2024\/06\/1ere-GT-conseils-pour-lutilisation-des-outils-numeriques.pdf\" class=\"wp-block-file__button wp-element-button\" download aria-describedby=\"wp-block-file--media-05f766dc-7573-4362-a908-bcae3b91303d\">T\u00e9l\u00e9charger<\/a><\/div>\n\n\n\n<div class=\"wp-block-file\"><a id=\"wp-block-file--media-7a04586c-40e1-4018-9b5c-299f7611c38b\" href=\"https:\/\/etab.ac-reunion.fr\/lyc-jean-joly\/wp-content\/uploads\/sites\/114\/2025\/06\/Fiche-rappel-vie-scolaire-1-1.pdf\">3) Fiche rappel vie scolaire<\/a><a href=\"https:\/\/etab.ac-reunion.fr\/lyc-jean-joly\/wp-content\/uploads\/sites\/114\/2025\/06\/Fiche-rappel-vie-scolaire-1-1.pdf\" class=\"wp-block-file__button wp-element-button\" download aria-describedby=\"wp-block-file--media-7a04586c-40e1-4018-9b5c-299f7611c38b\">T\u00e9l\u00e9charger<\/a><\/div>\n\n\n\n<div class=\"wp-block-file\"><a id=\"wp-block-file--media-c8510a14-e7dd-48ef-bbd7-fa8ffe94b93b\" href=\"https:\/\/etab.ac-reunion.fr\/lyc-jean-joly\/wp-content\/uploads\/sites\/114\/2025\/06\/fiche-de-gestion-resena-2025-2026-1.pdf\">4) Fiche de gestion resena 2025 2026<\/a><a href=\"https:\/\/etab.ac-reunion.fr\/lyc-jean-joly\/wp-content\/uploads\/sites\/114\/2025\/06\/fiche-de-gestion-resena-2025-2026-1.pdf\" class=\"wp-block-file__button wp-element-button\" download aria-describedby=\"wp-block-file--media-c8510a14-e7dd-48ef-bbd7-fa8ffe94b93b\">T\u00e9l\u00e9charger<\/a><\/div>\n\n\n\n<div class=\"wp-block-file\"><a id=\"wp-block-file--media-226a6214-e6e8-4086-b1ad-a60dd1a5d3ce\" href=\"https:\/\/etab.ac-reunion.fr\/lyc-jean-joly\/wp-content\/uploads\/sites\/114\/2025\/06\/Evacuation-2025-2026pdf-1.pdf\">5) Fiche Evacuation 2025-2026;pdf<\/a><a href=\"https:\/\/etab.ac-reunion.fr\/lyc-jean-joly\/wp-content\/uploads\/sites\/114\/2025\/06\/Evacuation-2025-2026pdf-1.pdf\" class=\"wp-block-file__button wp-element-button\" download aria-describedby=\"wp-block-file--media-226a6214-e6e8-4086-b1ad-a60dd1a5d3ce\">T\u00e9l\u00e9charger<\/a><\/div>\n\n\n\n<div class=\"wp-block-file\"><a id=\"wp-block-file--media-1d8dab40-f85d-4586-9cc6-96d010993d0e\" href=\"https:\/\/etab.ac-reunion.fr\/lyc-jean-joly\/wp-content\/uploads\/sites\/114\/2025\/06\/fiche-infirmerie-1.pdf\">6) Fiche infirmerie<\/a><a href=\"https:\/\/etab.ac-reunion.fr\/lyc-jean-joly\/wp-content\/uploads\/sites\/114\/2025\/06\/fiche-infirmerie-1.pdf\" class=\"wp-block-file__button wp-element-button\" download aria-describedby=\"wp-block-file--media-1d8dab40-f85d-4586-9cc6-96d010993d0e\">T\u00e9l\u00e9charger<\/a><\/div>\n\n\n\n<div class=\"wp-block-file\"><a id=\"wp-block-file--media-8cc35faa-4cde-4bf8-b2ff-4f93033046c1\" href=\"https:\/\/etab.ac-reunion.fr\/lyc-jean-joly\/wp-content\/uploads\/sites\/114\/2025\/06\/Fiche-PAP-1ere-affectes-2025-2026-2.pdf\">7) Fiche-PAP-1ere-affectes-2025-2026<\/a><a href=\"https:\/\/etab.ac-reunion.fr\/lyc-jean-joly\/wp-content\/uploads\/sites\/114\/2025\/06\/Fiche-PAP-1ere-affectes-2025-2026-2.pdf\" class=\"wp-block-file__button wp-element-button\" download aria-describedby=\"wp-block-file--media-8cc35faa-4cde-4bf8-b2ff-4f93033046c1\">T\u00e9l\u00e9charger<\/a><\/div>\n\n\n\n<div class=\"wp-block-file\"><a id=\"wp-block-file--media-d875f4c5-1333-40eb-b8ff-702dad19c92c\" href=\"https:\/\/etab.ac-reunion.fr\/lyc-jean-joly\/wp-content\/uploads\/sites\/114\/2025\/06\/mdl.pdf\">8) Fiche Maison des lyc\u00e9ens<\/a><a href=\"https:\/\/etab.ac-reunion.fr\/lyc-jean-joly\/wp-content\/uploads\/sites\/114\/2025\/06\/mdl.pdf\" class=\"wp-block-file__button wp-element-button\" download aria-describedby=\"wp-block-file--media-d875f4c5-1333-40eb-b8ff-702dad19c92c\">T\u00e9l\u00e9charger<\/a><\/div>\n\n\n\n<div class=\"wp-block-file\"><a id=\"wp-block-file--media-71852e6b-9d0b-4e98-a04b-e1039df08f63\" href=\"https:\/\/etab.ac-reunion.fr\/lyc-jean-joly\/wp-content\/uploads\/sites\/114\/2025\/06\/Fiche-option-1RE-2025-2026.pdf\">9) Fiche option 1RE 2025 2026<\/a><a href=\"https:\/\/etab.ac-reunion.fr\/lyc-jean-joly\/wp-content\/uploads\/sites\/114\/2025\/06\/Fiche-option-1RE-2025-2026.pdf\" class=\"wp-block-file__button wp-element-button\" download aria-describedby=\"wp-block-file--media-71852e6b-9d0b-4e98-a04b-e1039df08f63\">T\u00e9l\u00e9charger<\/a><\/div>\n","protected":false},"excerpt":{"rendered":"<p>Vous allez inscrire votre enfant en 1ere g\u00e9n\u00e9rale et technologique , suite \u00e0 son AFFECTATION par le SAIO. Le responsable l\u00e9gal&nbsp; , ainsi que l\u2019\u00e9l\u00e8ve sont invit\u00e9s \u00e0 un accueil&#8230;<\/p>\n<p> <a class=\"continue-reading-link\" href=\"https:\/\/etab.ac-reunion.fr\/lyc-jean-joly\/reinscription-premiere-et-terminales-generale\/\"><span>Lire la suite<\/span><i class=\"crycon-right-dir\"><\/i><\/a> <\/p>\n","protected":false},"author":4396,"featured_media":0,"parent":0,"menu_order":0,"comment_status":"closed","ping_status":"closed","template":"","meta":{"footnotes":""},"class_list":["post-3681","page","type-page","status-publish","hentry"],"_links":{"self":[{"href":"https:\/\/etab.ac-reunion.fr\/lyc-jean-joly\/wp-json\/wp\/v2\/pages\/3681","targetHints":{"allow":["GET"]}}],"collection":[{"href":"https:\/\/etab.ac-reunion.fr\/lyc-jean-joly\/wp-json\/wp\/v2\/pages"}],"about":[{"href":"https:\/\/etab.ac-reunion.fr\/lyc-jean-joly\/wp-json\/wp\/v2\/types\/page"}],"author":[{"embeddable":true,"href":"https:\/\/etab.ac-reunion.fr\/lyc-jean-joly\/wp-json\/wp\/v2\/users\/4396"}],"replies":[{"embeddable":true,"href":"https:\/\/etab.ac-reunion.fr\/lyc-jean-joly\/wp-json\/wp\/v2\/comments?post=3681"}],"version-history":[{"count":54,"href":"https:\/\/etab.ac-reunion.fr\/lyc-jean-joly\/wp-json\/wp\/v2\/pages\/3681\/revisions"}],"predecessor-version":[{"id":8606,"href":"https:\/\/etab.ac-reunion.fr\/lyc-jean-joly\/wp-json\/wp\/v2\/pages\/3681\/revisions\/8606"}],"wp:attachment":[{"href":"https:\/\/etab.ac-reunion.fr\/lyc-jean-joly\/wp-json\/wp\/v2\/media?parent=3681"}],"curies":[{"name":"wp","href":"https:\/\/api.w.org\/{rel}","templated":true}]}}