{"id":3708,"date":"2020-06-25T23:48:39","date_gmt":"2020-06-25T19:48:39","guid":{"rendered":"http:\/\/lycee-jeanjoly.ac-reunion.fr\/?page_id=3708"},"modified":"2025-07-09T09:22:28","modified_gmt":"2025-07-09T05:22:28","slug":"bts-1ere-annee","status":"publish","type":"page","link":"https:\/\/etab.ac-reunion.fr\/lyc-jean-joly\/bts-1ere-annee\/","title":{"rendered":"Inscriptions &#8211; BTS 1\u00e8re ann\u00e9e"},"content":{"rendered":"\n<p>Vous allez vous inscrire au lyc\u00e9e Jean JOLY pour l&rsquo;ann\u00e9e 2025-2026. Vous devez auparavant proc\u00e9der \u00e0 votre radiation dans votre \u00e9tablissement d&rsquo;origine et demander le transfert de votre fiche SIECLE pour le lyc\u00e9e Jean Joly. Sans ce transfert, l&rsquo;inscription est impossible.<\/p>\n\n\n\n<p>L&rsquo;inscription se fait en pr\u00e9sentiel (\u00e0 l&rsquo;adresse suivante : 2 chemin la Ouette 97421 La Rivi\u00e8re Saint Louis).<\/p>\n\n\n\n<p class=\"has-text-align-center has-medium-font-size\"><strong>Les inscriptions auront lieu le : <\/strong><br>Jeudi 10 Juillet 2025<\/p>\n\n\n\n<p class=\"has-text-align-center has-medium-font-size\">A 9H00 <\/p>\n\n\n\n<ul class=\"wp-block-list\">\n<li>Accueil par la Direction, CPE, et DDFPT dans l&rsquo;Amphi SEROC : 9H00<\/li>\n\n\n\n<li>Inscription en salle 123 de 10h00 \u00e0 12h00<\/li>\n<\/ul>\n\n\n\n<p class=\"has-luminous-vivid-orange-color has-text-color has-link-color wp-elements-8dc0c1d686d3b654ff021040d3fe4d35\"><strong>Veuillez trouver ci-dessous les 7 documents \u00e0 t\u00e9l\u00e9charger, \u00e0 imprimer, \u00e0 compl\u00e9ter et \u00e0 ramener.<\/strong><\/p>\n\n\n\n<div class=\"wp-block-file\"><a id=\"wp-block-file--media-384982d7-aa0e-4829-8a8d-e925e118af1e\" href=\"https:\/\/etab.ac-reunion.fr\/lyc-jean-joly\/wp-content\/uploads\/sites\/114\/2025\/06\/BTS-1ere-annee-Documents-a-ramener-BTS3-1.pdf\">1) Liste des documents \u00e0 ramener &#8211; BTS<\/a><a href=\"https:\/\/etab.ac-reunion.fr\/lyc-jean-joly\/wp-content\/uploads\/sites\/114\/2025\/06\/BTS-1ere-annee-Documents-a-ramener-BTS3-1.pdf\" class=\"wp-block-file__button wp-element-button\" download aria-describedby=\"wp-block-file--media-384982d7-aa0e-4829-8a8d-e925e118af1e\">T\u00e9l\u00e9charger<\/a><\/div>\n\n\n\n<div class=\"wp-block-file\"><a id=\"wp-block-file--media-74ac8b56-6731-4943-8c8e-9b027d1c2a9a\" href=\"https:\/\/etab.ac-reunion.fr\/lyc-jean-joly\/wp-content\/uploads\/sites\/114\/2024\/06\/BTS-Premiere-annee-mdl.adhesion7.pdf\">2) Fiche adh\u00e9sion MDL<\/a><a href=\"https:\/\/etab.ac-reunion.fr\/lyc-jean-joly\/wp-content\/uploads\/sites\/114\/2024\/06\/BTS-Premiere-annee-mdl.adhesion7.pdf\" class=\"wp-block-file__button wp-element-button\" download aria-describedby=\"wp-block-file--media-74ac8b56-6731-4943-8c8e-9b027d1c2a9a\">T\u00e9l\u00e9charger<\/a><\/div>\n\n\n\n<div class=\"wp-block-file\"><a id=\"wp-block-file--media-69a5a325-6b34-497f-9faa-d788f3881de9\" href=\"https:\/\/etab.ac-reunion.fr\/lyc-jean-joly\/wp-content\/uploads\/sites\/114\/2025\/06\/Evacuation-2025-2026pdf-3.pdf\">3) Fiche \u00e9vacuation 2025-2026<\/a><a href=\"https:\/\/etab.ac-reunion.fr\/lyc-jean-joly\/wp-content\/uploads\/sites\/114\/2025\/06\/Evacuation-2025-2026pdf-3.pdf\" class=\"wp-block-file__button wp-element-button\" download aria-describedby=\"wp-block-file--media-69a5a325-6b34-497f-9faa-d788f3881de9\">T\u00e9l\u00e9charger<\/a><\/div>\n\n\n\n<div class=\"wp-block-file\"><a id=\"wp-block-file--media-e311e599-b4d0-4491-9e34-3e3f167e4382\" href=\"https:\/\/etab.ac-reunion.fr\/lyc-jean-joly\/wp-content\/uploads\/sites\/114\/2025\/06\/fiche-infirmerie-3.pdf\">4) Fiche infirmerie<\/a><a href=\"https:\/\/etab.ac-reunion.fr\/lyc-jean-joly\/wp-content\/uploads\/sites\/114\/2025\/06\/fiche-infirmerie-3.pdf\" class=\"wp-block-file__button wp-element-button\" download aria-describedby=\"wp-block-file--media-e311e599-b4d0-4491-9e34-3e3f167e4382\">T\u00e9l\u00e9charger<\/a><\/div>\n\n\n\n<div class=\"wp-block-file\"><a id=\"wp-block-file--media-7f51854f-6492-479a-a583-bd8c65e9fdf8\" href=\"https:\/\/etab.ac-reunion.fr\/lyc-jean-joly\/wp-content\/uploads\/sites\/114\/2025\/06\/Fiche-rappel-vie-scolaire-1-3.pdf\">6) Fiche rappel vie scolaire<\/a><a href=\"https:\/\/etab.ac-reunion.fr\/lyc-jean-joly\/wp-content\/uploads\/sites\/114\/2025\/06\/Fiche-rappel-vie-scolaire-1-3.pdf\" class=\"wp-block-file__button wp-element-button\" download aria-describedby=\"wp-block-file--media-7f51854f-6492-479a-a583-bd8c65e9fdf8\">T\u00e9l\u00e9charger<\/a><\/div>\n\n\n\n<div class=\"wp-block-file\"><a id=\"wp-block-file--media-41e45a59-fb0a-4968-9684-79ddb1aa31a7\" href=\"https:\/\/etab.ac-reunion.fr\/lyc-jean-joly\/wp-content\/uploads\/sites\/114\/2024\/06\/BTS-Premiere-annee-conseils-pour-lutilisation-des-outils-numeriques-2.pdf\">7) Fiche conseils pour l&rsquo;utilisation des outils num\u00e9riques<\/a><a href=\"https:\/\/etab.ac-reunion.fr\/lyc-jean-joly\/wp-content\/uploads\/sites\/114\/2024\/06\/BTS-Premiere-annee-conseils-pour-lutilisation-des-outils-numeriques-2.pdf\" class=\"wp-block-file__button wp-element-button\" download aria-describedby=\"wp-block-file--media-41e45a59-fb0a-4968-9684-79ddb1aa31a7\">T\u00e9l\u00e9charger<\/a><\/div>\n\n\n\n<div class=\"wp-block-file\"><a id=\"wp-block-file--media-e716edd5-546b-4000-8e43-ee815e0e57a5\" href=\"https:\/\/etab.ac-reunion.fr\/lyc-jean-joly\/wp-content\/uploads\/sites\/114\/2025\/07\/fiche-de-gestion-2025-2026-1.pdf\">8) Fiche-de-gestion-2025-2026-1<\/a><a href=\"https:\/\/etab.ac-reunion.fr\/lyc-jean-joly\/wp-content\/uploads\/sites\/114\/2025\/07\/fiche-de-gestion-2025-2026-1.pdf\" class=\"wp-block-file__button wp-element-button\" download aria-describedby=\"wp-block-file--media-e716edd5-546b-4000-8e43-ee815e0e57a5\">T\u00e9l\u00e9charger<\/a><\/div>\n\n\n\n<p><\/p>\n","protected":false},"excerpt":{"rendered":"<p>Vous allez vous inscrire au lyc\u00e9e Jean JOLY pour l&rsquo;ann\u00e9e 2025-2026. Vous devez auparavant proc\u00e9der \u00e0 votre radiation dans votre \u00e9tablissement d&rsquo;origine et demander le transfert de votre fiche SIECLE&#8230;<\/p>\n<p> <a class=\"continue-reading-link\" href=\"https:\/\/etab.ac-reunion.fr\/lyc-jean-joly\/bts-1ere-annee\/\"><span>Lire la suite<\/span><i class=\"crycon-right-dir\"><\/i><\/a> <\/p>\n","protected":false},"author":4396,"featured_media":0,"parent":0,"menu_order":0,"comment_status":"closed","ping_status":"closed","template":"","meta":{"footnotes":""},"class_list":["post-3708","page","type-page","status-publish","hentry"],"_links":{"self":[{"href":"https:\/\/etab.ac-reunion.fr\/lyc-jean-joly\/wp-json\/wp\/v2\/pages\/3708","targetHints":{"allow":["GET"]}}],"collection":[{"href":"https:\/\/etab.ac-reunion.fr\/lyc-jean-joly\/wp-json\/wp\/v2\/pages"}],"about":[{"href":"https:\/\/etab.ac-reunion.fr\/lyc-jean-joly\/wp-json\/wp\/v2\/types\/page"}],"author":[{"embeddable":true,"href":"https:\/\/etab.ac-reunion.fr\/lyc-jean-joly\/wp-json\/wp\/v2\/users\/4396"}],"replies":[{"embeddable":true,"href":"https:\/\/etab.ac-reunion.fr\/lyc-jean-joly\/wp-json\/wp\/v2\/comments?post=3708"}],"version-history":[{"count":54,"href":"https:\/\/etab.ac-reunion.fr\/lyc-jean-joly\/wp-json\/wp\/v2\/pages\/3708\/revisions"}],"predecessor-version":[{"id":8630,"href":"https:\/\/etab.ac-reunion.fr\/lyc-jean-joly\/wp-json\/wp\/v2\/pages\/3708\/revisions\/8630"}],"wp:attachment":[{"href":"https:\/\/etab.ac-reunion.fr\/lyc-jean-joly\/wp-json\/wp\/v2\/media?parent=3708"}],"curies":[{"name":"wp","href":"https:\/\/api.w.org\/{rel}","templated":true}]}}