{"id":380,"date":"2015-11-02T12:49:25","date_gmt":"2015-11-02T11:49:25","guid":{"rendered":"http:\/\/lycee-jean-joly.ac-reunion.fr\/?page_id=380"},"modified":"2015-12-17T13:22:51","modified_gmt":"2015-12-17T12:22:51","slug":"conseils-pratiques","status":"publish","type":"page","link":"https:\/\/etab.ac-reunion.fr\/lyc-jean-joly\/conseils-pratiques\/","title":{"rendered":"Conseils pratiques"},"content":{"rendered":"<p><em>Les \u00e9l\u00e8ves qui viennent en deux roues (moto\/v\u00e9lo) :<\/em><br \/>\nVotre arriv\u00e9e au lyc\u00e9e doit se faire entre 7h00 et 7h15, pour le confort de tous, et afin d\u2019\u00e9viter le flux d\u2019\u00e9l\u00e8ves important. Pass\u00e9 7h15 vous \u00eates tenu de pousser votre v\u00e9hicule de transport jusqu\u2019au parking pr\u00e9vu \u00e0 cet effet. Par ailleurs trop de casques sont peu ou pas du tout prot\u00e9g\u00e9s et s\u00e9curis\u00e9s, pour rappel (cf. r\u00e8glement) le lyc\u00e9e ne pourra \u00eatre tenu comme responsable en cas de vol. Des emplacements sp\u00e9cifiques sont \u00e0 votre disposition \u00e0 la vie scolaire.<br \/>\n<em>\u00catre citoyen au lyc\u00e9e :<\/em><br \/>\n\u00c9l\u00e8ves fumeurs : Un cendrier est \u00e0 votre disposition \u00e0 l\u2019entr\u00e9e du lyc\u00e9e (ext\u00e9rieur portail), pensez-y avant d\u2019\u00e9craser vos m\u00e9gots contre le mur ou de le jeter par terre.<br \/>\nPendant vos heures de libres, les salles de permanences et le CDI sont \u00e0 votre disposition, en particulier pour vous \u00e9l\u00e8ves de secondes. Votre pr\u00e9sence dans l\u2019agora, ou m\u00eame sous le pr\u00e9au au niveau des tables en bois d\u00e9range les cours \u00e0 proximit\u00e9, il vous ait donc demand\u00e9 de ne pas rester dans ces lieux afin de respecter le travail des autres.<br \/>\n<em>Les dispositifs aux services des \u00e9l\u00e8ves :<\/em><br \/>\nAu lyc\u00e9e des personnes sont l\u00e0 pour vous aider tout au long de votre scolarit\u00e9. Vous rencontrez des difficult\u00e9s dans une mati\u00e8re, n\u2019h\u00e9sitez pas \u00e0 vous rapprocher des Assistants P\u00e9dagogiques (Romain et Murielle). De m\u00eame en permanence des assistants d\u2019\u00e9ducation sont l\u00e0 pour vous apporter de l\u2019aide et des \u00e9clairages sur des points sp\u00e9cifiques (cf. organigramme et planning journalier de la vie scolaire). Les CPE sont \u00e9galement \u00e0 votre disposition pour r\u00e9pondre \u00e0 vos interrogations sur tels ou tels sujets, nous sommes l\u00e0 pour vous guider et vous orienter au mieux.<\/p>\n","protected":false},"excerpt":{"rendered":"<p>Les \u00e9l\u00e8ves qui viennent en deux roues (moto\/v\u00e9lo) : Votre arriv\u00e9e au lyc\u00e9e doit se faire entre 7h00 et 7h15, pour le confort de tous, et afin d\u2019\u00e9viter le flux&#8230;<\/p>\n<p> <a class=\"continue-reading-link\" href=\"https:\/\/etab.ac-reunion.fr\/lyc-jean-joly\/conseils-pratiques\/\"><span>Lire la suite<\/span><i class=\"crycon-right-dir\"><\/i><\/a> <\/p>\n","protected":false},"author":4396,"featured_media":0,"parent":0,"menu_order":0,"comment_status":"closed","ping_status":"closed","template":"","meta":{"footnotes":""},"class_list":["post-380","page","type-page","status-publish","hentry"],"_links":{"self":[{"href":"https:\/\/etab.ac-reunion.fr\/lyc-jean-joly\/wp-json\/wp\/v2\/pages\/380","targetHints":{"allow":["GET"]}}],"collection":[{"href":"https:\/\/etab.ac-reunion.fr\/lyc-jean-joly\/wp-json\/wp\/v2\/pages"}],"about":[{"href":"https:\/\/etab.ac-reunion.fr\/lyc-jean-joly\/wp-json\/wp\/v2\/types\/page"}],"author":[{"embeddable":true,"href":"https:\/\/etab.ac-reunion.fr\/lyc-jean-joly\/wp-json\/wp\/v2\/users\/4396"}],"replies":[{"embeddable":true,"href":"https:\/\/etab.ac-reunion.fr\/lyc-jean-joly\/wp-json\/wp\/v2\/comments?post=380"}],"version-history":[{"count":3,"href":"https:\/\/etab.ac-reunion.fr\/lyc-jean-joly\/wp-json\/wp\/v2\/pages\/380\/revisions"}],"predecessor-version":[{"id":741,"href":"https:\/\/etab.ac-reunion.fr\/lyc-jean-joly\/wp-json\/wp\/v2\/pages\/380\/revisions\/741"}],"wp:attachment":[{"href":"https:\/\/etab.ac-reunion.fr\/lyc-jean-joly\/wp-json\/wp\/v2\/media?parent=380"}],"curies":[{"name":"wp","href":"https:\/\/api.w.org\/{rel}","templated":true}]}}