{"id":433,"date":"2015-11-20T10:07:47","date_gmt":"2015-11-20T09:07:47","guid":{"rendered":"http:\/\/lycee-jean-joly.ac-reunion.fr\/?page_id=433"},"modified":"2025-02-07T11:03:16","modified_gmt":"2025-02-07T07:03:16","slug":"bac-pro-technicien-constructeur-bois","status":"publish","type":"page","link":"https:\/\/etab.ac-reunion.fr\/lyc-jean-joly\/bac-pro-technicien-constructeur-bois\/","title":{"rendered":"Le Bac Pro TCB : Technicien Constructeur Bois"},"content":{"rendered":"\n<p class=\"has-text-align-center\"><em>Une petite visite de l\u2019atelier du lyc\u00e9e, \u00e7a vous dit ? Alors lancez la vid\u00e9o ci-dessous\u2026 Nos \u00e9l\u00e8ves vous guident.<\/em><\/p>\n\n\n\n<figure class=\"wp-block-video aligncenter\"><video height=\"540\" style=\"aspect-ratio: 960 \/ 540;\" width=\"960\" controls src=\"https:\/\/etab.ac-reunion.fr\/lyc-jean-joly\/wp-content\/uploads\/sites\/114\/2020\/11\/Mannequin_challenge_LJJ.mp4\"><\/video><\/figure>\n\n\n\n<h3 class=\"wp-block-heading\"><strong>Un Bac Pro, c\u2019est quoi&nbsp;?<\/strong><\/h3>\n\n\n\n<p>Le <strong>baccalaur\u00e9at professionnel<\/strong> est un dipl\u00f4me obtenu en <strong>3 ans<\/strong>, apr\u00e8s le brevet. Il permet de <strong>se former \u00e0 un m\u00e9tier, et devenir ainsi ouvrier qualifi\u00e9. <\/strong>Il permet aussi de pouvoir poursuivre ses \u00e9tudes dans le sup\u00e9rieur, par exemple en BTS. Le Bac Pro TCB forme des <strong>futurs professionnels de la<\/strong> <strong>construction bois et de la charpente<\/strong>.<\/p>\n\n\n<div class=\"wp-block-image\">\n<figure class=\"aligncenter size-large is-resized\"><img loading=\"lazy\" decoding=\"async\" width=\"1024\" height=\"484\" src=\"https:\/\/etab.ac-reunion.fr\/lyc-jean-joly\/wp-content\/uploads\/sites\/114\/2021\/03\/Trace-dune-epure-1024x484.jpg\" alt=\"\" class=\"wp-image-4550\" style=\"width:512px;height:242px\" srcset=\"https:\/\/etab.ac-reunion.fr\/lyc-jean-joly\/wp-content\/uploads\/sites\/114\/2021\/03\/Trace-dune-epure-1024x484.jpg 1024w, https:\/\/etab.ac-reunion.fr\/lyc-jean-joly\/wp-content\/uploads\/sites\/114\/2021\/03\/Trace-dune-epure-300x142.jpg 300w, https:\/\/etab.ac-reunion.fr\/lyc-jean-joly\/wp-content\/uploads\/sites\/114\/2021\/03\/Trace-dune-epure-1536x726.jpg 1536w, https:\/\/etab.ac-reunion.fr\/lyc-jean-joly\/wp-content\/uploads\/sites\/114\/2021\/03\/Trace-dune-epure-150x71.jpg 150w, https:\/\/etab.ac-reunion.fr\/lyc-jean-joly\/wp-content\/uploads\/sites\/114\/2021\/03\/Trace-dune-epure.jpg 1598w\" sizes=\"auto, (max-width: 1024px) 100vw, 1024px\" \/><figcaption class=\"wp-element-caption\"><em><span class=\"has-inline-color has-cyan-bluish-gray-color\">Cr\u00e9dit photographique : Elsa FOUGEROUSE<\/span><\/em><\/figcaption><\/figure>\n<\/div>\n\n\n<h3 class=\"wp-block-heading\"><strong>Pourquoi aller en Bac Pro&nbsp;?<\/strong><\/h3>\n\n\n\n<p>Le Bac Pro vous formera aux missions&nbsp;:<\/p>\n\n\n\n<ul class=\"wp-block-list\">\n<li>de <strong>fabrication de charpente et structures en bois\u00a0;<\/strong> <\/li>\n\n\n\n<li>de <strong>dessin<\/strong> en 2D ou 3D sur Cadwork\u00a0; <\/li>\n\n\n\n<li>de <strong>chef de chantier.<\/strong><\/li>\n<\/ul>\n\n\n\n<h3 class=\"wp-block-heading\"><strong>Une semaine type en Bac Pro TCB&nbsp;?<\/strong><\/h3>\n\n\n\n<p>Vous b\u00e9n\u00e9ficiez <strong>de 30 heures de cours<\/strong> par semaine, dont la moitie est d\u00e9di\u00e9e aux enseignements g\u00e9n\u00e9raux et l&rsquo;autre aux enseignements professionnels.<br>Enseignements g\u00e9n\u00e9raux : Lettres Histoire, Maths Sciences, Anglais, EPS, Soutien au parcours<br>Enseignements professionnels :  Calcul de structure, DAO, Fabrication, Arts Appliqu\u00e9s, Eco-Gestion, Pr\u00e9vention Sant\u00e9 Environnement<\/p>\n\n\n\n<p><\/p>\n\n\n<div class=\"wp-block-image\">\n<figure class=\"aligncenter size-large\"><img loading=\"lazy\" decoding=\"async\" width=\"768\" height=\"1024\" src=\"https:\/\/etab.ac-reunion.fr\/lyc-jean-joly\/wp-content\/uploads\/sites\/114\/2025\/02\/IMG-20250203-WA0018-768x1024.jpg\" alt=\"\" class=\"wp-image-8128\" srcset=\"https:\/\/etab.ac-reunion.fr\/lyc-jean-joly\/wp-content\/uploads\/sites\/114\/2025\/02\/IMG-20250203-WA0018-768x1024.jpg 768w, https:\/\/etab.ac-reunion.fr\/lyc-jean-joly\/wp-content\/uploads\/sites\/114\/2025\/02\/IMG-20250203-WA0018-225x300.jpg 225w, https:\/\/etab.ac-reunion.fr\/lyc-jean-joly\/wp-content\/uploads\/sites\/114\/2025\/02\/IMG-20250203-WA0018-113x150.jpg 113w, https:\/\/etab.ac-reunion.fr\/lyc-jean-joly\/wp-content\/uploads\/sites\/114\/2025\/02\/IMG-20250203-WA0018.jpg 960w\" sizes=\"auto, (max-width: 768px) 100vw, 768px\" \/><\/figure>\n<\/div>\n\n\n<h3 class=\"wp-block-heading\"><strong>Comment obtient-on le Bac Pro&nbsp;?<\/strong><\/h3>\n\n\n\n<p>Certaines comp\u00e9tences seront \u00e9valu\u00e9es au cours des trois ann\u00e9es de formation (<strong>Contr\u00f4le en Cours de Formation<\/strong>). Les autres sont contr\u00f4l\u00e9es en fin de troisi\u00e8me ann\u00e9e, sous forme d&rsquo;une <strong>\u00e9preuve \u00e9crite<\/strong> ou d&rsquo;une <strong>\u00e9preuve orale.<\/strong> Vous devrez \u00e9galement<strong> produire un projet (anciennement chef d\u2019\u0153uvre) que vous pr\u00e9senterez \u00e0 l\u2019oral en fin de troisi\u00e8me ann\u00e9e.<\/strong><\/p>\n\n\n\n<h3 class=\"wp-block-heading\"><strong>Des p\u00e9riodes de formation en entreprise&nbsp;?<\/strong><strong><\/strong><\/h3>\n\n\n\n<p>Au cours des 3 ann\u00e9es de formation en bac pro TCB, vous b\u00e9n\u00e9ficierez de 20 semaines de formation en milieu professionnel (PFMP).<\/p>\n\n\n\n<p>Chaque ann\u00e9e, vous int\u00e8grerez deux entreprises pour quelques semaines afin de renforcer vos comp\u00e9tences acquises au lyc\u00e9e&nbsp;:<\/p>\n\n\n\n<ul class=\"wp-block-list\">\n<li><strong>2 stages de 3 semaines en seconde\u00a0;<\/strong><\/li>\n\n\n\n<li><strong>2 stages de 4 semaines en premi\u00e8re\u00a0;<\/strong><\/li>\n\n\n\n<li><strong>6 semaines en terminale. <\/strong>\u00a0<\/li>\n<\/ul>\n\n\n\n<p>De nombreuses <a href=\"https:\/\/etab.ac-reunion.fr\/lyc-jean-joly\/bac-pro-tcb-entreprises-partenaires\/\">entreprises partenaires<\/a> du lyc\u00e9e sont pr\u00eates \u00e0 vous accueillir et cherchent \u00e0 recruter de jeunes talents \u00e0 la sortie de leur dipl\u00f4me. La fili\u00e8re est en plein essor, n\u2019h\u00e9sitez plus \u00e0 la rejoindre&nbsp;!<\/p>\n\n\n\n<h3 class=\"wp-block-heading\"><strong>Exemples de r\u00e9alisations au lyc\u00e9e Jean Joly<\/strong><\/h3>\n\n\n<div class=\"wp-block-image\">\n<figure class=\"aligncenter size-large is-resized\"><img loading=\"lazy\" decoding=\"async\" width=\"1024\" height=\"683\" src=\"https:\/\/etab.ac-reunion.fr\/lyc-jean-joly\/wp-content\/uploads\/sites\/114\/2021\/03\/Construction-dun-abri-en-ossature-bois-1024x683.jpg\" alt=\"\" class=\"wp-image-4552\" style=\"width:512px;height:342px\" srcset=\"https:\/\/etab.ac-reunion.fr\/lyc-jean-joly\/wp-content\/uploads\/sites\/114\/2021\/03\/Construction-dun-abri-en-ossature-bois-1024x683.jpg 1024w, https:\/\/etab.ac-reunion.fr\/lyc-jean-joly\/wp-content\/uploads\/sites\/114\/2021\/03\/Construction-dun-abri-en-ossature-bois-300x200.jpg 300w, https:\/\/etab.ac-reunion.fr\/lyc-jean-joly\/wp-content\/uploads\/sites\/114\/2021\/03\/Construction-dun-abri-en-ossature-bois-1536x1024.jpg 1536w, https:\/\/etab.ac-reunion.fr\/lyc-jean-joly\/wp-content\/uploads\/sites\/114\/2021\/03\/Construction-dun-abri-en-ossature-bois-2048x1365.jpg 2048w, https:\/\/etab.ac-reunion.fr\/lyc-jean-joly\/wp-content\/uploads\/sites\/114\/2021\/03\/Construction-dun-abri-en-ossature-bois-150x100.jpg 150w\" sizes=\"auto, (max-width: 1024px) 100vw, 1024px\" \/><figcaption class=\"wp-element-caption\"><em><span class=\"has-inline-color has-cyan-bluish-gray-color\">Cr\u00e9dit photographique : Elsa FOUGEROUSE<\/span><\/em><\/figcaption><\/figure>\n<\/div>\n\n<div class=\"wp-block-image\">\n<figure class=\"aligncenter size-large is-resized\"><img loading=\"lazy\" decoding=\"async\" width=\"1024\" height=\"768\" src=\"https:\/\/etab.ac-reunion.fr\/lyc-jean-joly\/wp-content\/uploads\/sites\/114\/2021\/03\/Construction-dun-panneau-daffichage-1024x768.jpg\" alt=\"\" class=\"wp-image-4553\" style=\"width:512px;height:384px\" srcset=\"https:\/\/etab.ac-reunion.fr\/lyc-jean-joly\/wp-content\/uploads\/sites\/114\/2021\/03\/Construction-dun-panneau-daffichage-1024x768.jpg 1024w, https:\/\/etab.ac-reunion.fr\/lyc-jean-joly\/wp-content\/uploads\/sites\/114\/2021\/03\/Construction-dun-panneau-daffichage-300x225.jpg 300w, https:\/\/etab.ac-reunion.fr\/lyc-jean-joly\/wp-content\/uploads\/sites\/114\/2021\/03\/Construction-dun-panneau-daffichage-1536x1152.jpg 1536w, https:\/\/etab.ac-reunion.fr\/lyc-jean-joly\/wp-content\/uploads\/sites\/114\/2021\/03\/Construction-dun-panneau-daffichage-2048x1536.jpg 2048w, https:\/\/etab.ac-reunion.fr\/lyc-jean-joly\/wp-content\/uploads\/sites\/114\/2021\/03\/Construction-dun-panneau-daffichage-150x113.jpg 150w\" sizes=\"auto, (max-width: 1024px) 100vw, 1024px\" \/><figcaption class=\"wp-element-caption\"><em><span class=\"has-inline-color has-cyan-bluish-gray-color\">Cr\u00e9dit photographique : Eric GERBITH<\/span><\/em><\/figcaption><\/figure>\n<\/div>\n\n\n<h3 class=\"wp-block-heading\"><strong>Encore un doute sur votre choix&nbsp;?<\/strong><\/h3>\n\n\n\n<p>Nous vous accueillons sur simple demande en <strong>immersion dans nos classes<\/strong>. Vous partagerez alors le quotidien de nos \u00e9tudiants au cours d\u2019une demi-journ\u00e9e, une journ\u00e9e, voire m\u00eame deux jours. Nous pouvons d\u00e9finir ensemble ce qui vous conviendra le mieux.<\/p>\n\n\n\n<div class=\"wp-block-columns is-layout-flex wp-container-core-columns-is-layout-9d6595d7 wp-block-columns-is-layout-flex\">\n<div class=\"wp-block-column is-layout-flow wp-block-column-is-layout-flow\" style=\"flex-basis:100%\">\n<blockquote class=\"wp-block-quote is-layout-flow wp-block-quote-is-layout-flow\">\n<p>Nos \u00e9l\u00e8ves ont particip\u00e9 \u00e0 la construction d&rsquo;une pergola&#8230; Et si vous faisiez partie des prochains ?<br><strong>N\u2019h\u00e9sitez pas \u00e0 nous contacter pour toute information compl\u00e9mentaire\u00a0!<\/strong><\/p>\n<\/blockquote>\n<\/div>\n<\/div>\n\n\n\n<figure class=\"wp-block-video aligncenter\"><video height=\"1080\" style=\"aspect-ratio: 1920 \/ 1080;\" width=\"1920\" controls src=\"https:\/\/etab.ac-reunion.fr\/lyc-jean-joly\/wp-content\/uploads\/sites\/114\/2021\/04\/Montage-Pergola.mp4\"><\/video><\/figure>\n\n\n\n<hr class=\"wp-block-separator\" id=\"block-f9472193-e039-48bb-93c3-2b38493d1396\" \/>\n\n\n\n<p class=\"has-text-align-center\" id=\"block-9cb3f490-e3b0-4b9c-adec-b383701ce8f8\"><em><a href=\"https:\/\/etab.ac-reunion.fr\/lyc-jean-joly\/category\/bac-pro-tcb\/\">Cliquez ici pour retrouver toute l&rsquo;actualit\u00e9 des Bac Pro TCB au lyc\u00e9e.<\/a><\/em><\/p>\n","protected":false},"excerpt":{"rendered":"<p>Une petite visite de l\u2019atelier du lyc\u00e9e, \u00e7a vous dit ? Alors lancez la vid\u00e9o ci-dessous\u2026 Nos \u00e9l\u00e8ves vous guident. Un Bac Pro, c\u2019est quoi&nbsp;? Le baccalaur\u00e9at professionnel est un&#8230;<\/p>\n<p> <a class=\"continue-reading-link\" href=\"https:\/\/etab.ac-reunion.fr\/lyc-jean-joly\/bac-pro-technicien-constructeur-bois\/\"><span>Lire la suite<\/span><i class=\"crycon-right-dir\"><\/i><\/a> <\/p>\n","protected":false},"author":4396,"featured_media":0,"parent":0,"menu_order":0,"comment_status":"closed","ping_status":"closed","template":"","meta":{"footnotes":""},"class_list":["post-433","page","type-page","status-publish","hentry"],"_links":{"self":[{"href":"https:\/\/etab.ac-reunion.fr\/lyc-jean-joly\/wp-json\/wp\/v2\/pages\/433","targetHints":{"allow":["GET"]}}],"collection":[{"href":"https:\/\/etab.ac-reunion.fr\/lyc-jean-joly\/wp-json\/wp\/v2\/pages"}],"about":[{"href":"https:\/\/etab.ac-reunion.fr\/lyc-jean-joly\/wp-json\/wp\/v2\/types\/page"}],"author":[{"embeddable":true,"href":"https:\/\/etab.ac-reunion.fr\/lyc-jean-joly\/wp-json\/wp\/v2\/users\/4396"}],"replies":[{"embeddable":true,"href":"https:\/\/etab.ac-reunion.fr\/lyc-jean-joly\/wp-json\/wp\/v2\/comments?post=433"}],"version-history":[{"count":29,"href":"https:\/\/etab.ac-reunion.fr\/lyc-jean-joly\/wp-json\/wp\/v2\/pages\/433\/revisions"}],"predecessor-version":[{"id":8129,"href":"https:\/\/etab.ac-reunion.fr\/lyc-jean-joly\/wp-json\/wp\/v2\/pages\/433\/revisions\/8129"}],"wp:attachment":[{"href":"https:\/\/etab.ac-reunion.fr\/lyc-jean-joly\/wp-json\/wp\/v2\/media?parent=433"}],"curies":[{"name":"wp","href":"https:\/\/api.w.org\/{rel}","templated":true}]}}