{"id":470,"date":"2015-11-27T06:19:00","date_gmt":"2015-11-27T05:19:00","guid":{"rendered":"http:\/\/lycee-jean-joly.ac-reunion.fr\/?page_id=470"},"modified":"2024-04-04T09:03:39","modified_gmt":"2024-04-04T05:03:39","slug":"contact","status":"publish","type":"page","link":"https:\/\/etab.ac-reunion.fr\/lyc-jean-joly\/contact\/","title":{"rendered":"Contact du DDFPT"},"content":{"rendered":"<p>Directeur D\u00e9l\u00e9gu\u00e9 aux Formations Professionnelles et Technologiques<br \/>\nT\u00e9l. : 06 92 40 14 31 \/ 02 62 39 75 20<br \/>\nMail : ddfpt.9741182s@ac-reunion.fr<\/p>\n","protected":false},"excerpt":{"rendered":"<p>Directeur D\u00e9l\u00e9gu\u00e9 aux Formations Professionnelles et Technologiques T\u00e9l. : 06 92 40 14 31 \/ 02 62 39 75 20 Mail : ddfpt.9741182s@ac-reunion.fr<\/p>\n<p> <a class=\"continue-reading-link\" href=\"https:\/\/etab.ac-reunion.fr\/lyc-jean-joly\/contact\/\"><span>Lire la suite<\/span><i class=\"crycon-right-dir\"><\/i><\/a> <\/p>\n","protected":false},"author":4396,"featured_media":0,"parent":0,"menu_order":0,"comment_status":"closed","ping_status":"closed","template":"","meta":{"footnotes":""},"class_list":["post-470","page","type-page","status-publish","hentry"],"_links":{"self":[{"href":"https:\/\/etab.ac-reunion.fr\/lyc-jean-joly\/wp-json\/wp\/v2\/pages\/470","targetHints":{"allow":["GET"]}}],"collection":[{"href":"https:\/\/etab.ac-reunion.fr\/lyc-jean-joly\/wp-json\/wp\/v2\/pages"}],"about":[{"href":"https:\/\/etab.ac-reunion.fr\/lyc-jean-joly\/wp-json\/wp\/v2\/types\/page"}],"author":[{"embeddable":true,"href":"https:\/\/etab.ac-reunion.fr\/lyc-jean-joly\/wp-json\/wp\/v2\/users\/4396"}],"replies":[{"embeddable":true,"href":"https:\/\/etab.ac-reunion.fr\/lyc-jean-joly\/wp-json\/wp\/v2\/comments?post=470"}],"version-history":[{"count":5,"href":"https:\/\/etab.ac-reunion.fr\/lyc-jean-joly\/wp-json\/wp\/v2\/pages\/470\/revisions"}],"predecessor-version":[{"id":7508,"href":"https:\/\/etab.ac-reunion.fr\/lyc-jean-joly\/wp-json\/wp\/v2\/pages\/470\/revisions\/7508"}],"wp:attachment":[{"href":"https:\/\/etab.ac-reunion.fr\/lyc-jean-joly\/wp-json\/wp\/v2\/media?parent=470"}],"curies":[{"name":"wp","href":"https:\/\/api.w.org\/{rel}","templated":true}]}}