{"id":4836,"date":"2021-04-27T19:58:08","date_gmt":"2021-04-27T15:58:08","guid":{"rendered":"http:\/\/lycee-jeanjoly.ac-reunion.fr\/?page_id=4836"},"modified":"2021-06-30T14:43:02","modified_gmt":"2021-06-30T10:43:02","slug":"la-seconde-generale-et-technologique","status":"publish","type":"page","link":"https:\/\/etab.ac-reunion.fr\/lyc-jean-joly\/la-seconde-generale-et-technologique\/","title":{"rendered":"La seconde g\u00e9n\u00e9rale et technologique"},"content":{"rendered":"\n<p>A la sortie de la 3<sup>\u00e8me<\/sup>, les \u00e9l\u00e8ves peuvent choisi de s&rsquo;orienter vers la seconde g\u00e9n\u00e9rale et technologique. Le programme est le m\u00eame pour tous les \u00e9l\u00e8ves et leur permet de d\u00e9couvrir les diff\u00e9rentes enseignements de sp\u00e9cialit\u00e9s qu\u2019ils pourront choisir \u00e0 partir de la 1<sup>\u00e8re<\/sup>. Ils peuvent \u00e9galement choisir un enseignement optionnel au choix parmi les 6 propos\u00e9s au lyc\u00e9e Jean Joly.<\/p>\n\n\n\n<p>La grille ci-dessous pr\u00e9sente le volume horaire hebdomadaire en 2nde g\u00e9n\u00e9rale et technologique. <\/p>\n\n\n\n<div class=\"wp-block-image\"><figure class=\"aligncenter size-large\"><img loading=\"lazy\" decoding=\"async\" width=\"571\" height=\"335\" src=\"https:\/\/etab.ac-reunion.fr\/lyc-jean-joly\/wp-content\/uploads\/sites\/114\/2021\/04\/image-7.png\" alt=\"\" class=\"wp-image-4973\" srcset=\"https:\/\/etab.ac-reunion.fr\/lyc-jean-joly\/wp-content\/uploads\/sites\/114\/2021\/04\/image-7.png 571w, https:\/\/etab.ac-reunion.fr\/lyc-jean-joly\/wp-content\/uploads\/sites\/114\/2021\/04\/image-7-300x176.png 300w, https:\/\/etab.ac-reunion.fr\/lyc-jean-joly\/wp-content\/uploads\/sites\/114\/2021\/04\/image-7-150x88.png 150w\" sizes=\"auto, (max-width: 571px) 100vw, 571px\" \/><\/figure><\/div>\n\n\n\n<p><strong>[en cours de construction]<\/strong> En cliquant sur les ic\u00f4nes ci-dessous, vous obtiendrez toutes les informations concernant les enseignements optionnels propos\u00e9s au lyc\u00e9e Jean Joly en seconde.<\/p>\n\n\n\n<figure class=\"wp-block-table is-style-stripes\"><table><tbody><tr><td class=\"has-text-align-center\" data-align=\"center\"><\/td><td class=\"has-text-align-center\" data-align=\"center\"><\/td><td class=\"has-text-align-center\" data-align=\"center\"><\/td><\/tr><tr><td class=\"has-text-align-center\" data-align=\"center\"><a href=\"https:\/\/etab.ac-reunion.fr\/lyc-jean-joly\/latin\/\"><img decoding=\"async\" src=\"https:\/\/etab.ac-reunion.fr\/lyc-jean-joly\/wp-content\/uploads\/sites\/114\/2021\/06\/langue-culture-antiquite-latin.jpg\" alt=\"\" style=\"width: 250px\"><\/a><\/td><td class=\"has-text-align-center\" data-align=\"center\"><a href=\"https:\/\/etab.ac-reunion.fr\/lyc-jean-joly\/arts-plastiques-3\/\"><img loading=\"lazy\" decoding=\"async\" width=\"1050\" height=\"600\" class=\"wp-image-5206\" style=\"width: 250px\" src=\"https:\/\/etab.ac-reunion.fr\/lyc-jean-joly\/wp-content\/uploads\/sites\/114\/2021\/06\/arts-plastiques.jpg\" alt=\"\" srcset=\"https:\/\/etab.ac-reunion.fr\/lyc-jean-joly\/wp-content\/uploads\/sites\/114\/2021\/06\/arts-plastiques.jpg 1050w, https:\/\/etab.ac-reunion.fr\/lyc-jean-joly\/wp-content\/uploads\/sites\/114\/2021\/06\/arts-plastiques-300x171.jpg 300w, https:\/\/etab.ac-reunion.fr\/lyc-jean-joly\/wp-content\/uploads\/sites\/114\/2021\/06\/arts-plastiques-1024x585.jpg 1024w, https:\/\/etab.ac-reunion.fr\/lyc-jean-joly\/wp-content\/uploads\/sites\/114\/2021\/06\/arts-plastiques-150x86.jpg 150w\" sizes=\"auto, (max-width: 1050px) 100vw, 1050px\" \/><\/a><\/td><td class=\"has-text-align-center\" data-align=\"center\"><a href=\"https:\/\/etab.ac-reunion.fr\/lyc-jean-joly\/latin\/\"><\/a><a href=\"https:\/\/etab.ac-reunion.fr\/lyc-jean-joly\/musique-2\/\"><img loading=\"lazy\" decoding=\"async\" width=\"1050\" height=\"600\" class=\"wp-image-5218\" style=\"width: 250px\" src=\"https:\/\/etab.ac-reunion.fr\/lyc-jean-joly\/wp-content\/uploads\/sites\/114\/2021\/06\/musique.jpg\" alt=\"\" srcset=\"https:\/\/etab.ac-reunion.fr\/lyc-jean-joly\/wp-content\/uploads\/sites\/114\/2021\/06\/musique.jpg 1050w, https:\/\/etab.ac-reunion.fr\/lyc-jean-joly\/wp-content\/uploads\/sites\/114\/2021\/06\/musique-300x171.jpg 300w, https:\/\/etab.ac-reunion.fr\/lyc-jean-joly\/wp-content\/uploads\/sites\/114\/2021\/06\/musique-1024x585.jpg 1024w, https:\/\/etab.ac-reunion.fr\/lyc-jean-joly\/wp-content\/uploads\/sites\/114\/2021\/06\/musique-150x86.jpg 150w\" sizes=\"auto, (max-width: 1050px) 100vw, 1050px\" \/><\/a><\/td><\/tr><tr><td class=\"has-text-align-center\" data-align=\"center\"><\/td><td class=\"has-text-align-center\" data-align=\"center\"><\/td><td class=\"has-text-align-center\" data-align=\"center\"><\/td><\/tr><tr><td class=\"has-text-align-center\" data-align=\"center\"><a href=\"https:\/\/etab.ac-reunion.fr\/lyc-jean-joly\/si-cit\/\"><img decoding=\"async\" src=\"https:\/\/etab.ac-reunion.fr\/lyc-jean-joly\/wp-content\/uploads\/sites\/114\/2021\/06\/2nde-si-cit.jpg\" alt=\"\" style=\"width: 250px\"><\/a><\/td><td class=\"has-text-align-center\" data-align=\"center\"><a href=\"https:\/\/etab.ac-reunion.fr\/lyc-jean-joly\/eps-2\/\"><img loading=\"lazy\" decoding=\"async\" width=\"1050\" height=\"600\" class=\"wp-image-5212\" style=\"width: 250px\" src=\"https:\/\/etab.ac-reunion.fr\/lyc-jean-joly\/wp-content\/uploads\/sites\/114\/2021\/06\/EPS.jpg\" alt=\"\" srcset=\"https:\/\/etab.ac-reunion.fr\/lyc-jean-joly\/wp-content\/uploads\/sites\/114\/2021\/06\/EPS.jpg 1050w, https:\/\/etab.ac-reunion.fr\/lyc-jean-joly\/wp-content\/uploads\/sites\/114\/2021\/06\/EPS-300x171.jpg 300w, https:\/\/etab.ac-reunion.fr\/lyc-jean-joly\/wp-content\/uploads\/sites\/114\/2021\/06\/EPS-1024x585.jpg 1024w, https:\/\/etab.ac-reunion.fr\/lyc-jean-joly\/wp-content\/uploads\/sites\/114\/2021\/06\/EPS-150x86.jpg 150w\" sizes=\"auto, (max-width: 1050px) 100vw, 1050px\" \/><\/a><\/td><td class=\"has-text-align-center\" data-align=\"center\"><a href=\"https:\/\/etab.ac-reunion.fr\/lyc-jean-joly\/sante-et-social-2nde\/\"><img loading=\"lazy\" decoding=\"async\" width=\"1050\" height=\"600\" class=\"wp-image-5204\" style=\"width: 250px\" src=\"https:\/\/etab.ac-reunion.fr\/lyc-jean-joly\/wp-content\/uploads\/sites\/114\/2021\/06\/2nde-sante-social.jpg\" alt=\"\" srcset=\"https:\/\/etab.ac-reunion.fr\/lyc-jean-joly\/wp-content\/uploads\/sites\/114\/2021\/06\/2nde-sante-social.jpg 1050w, https:\/\/etab.ac-reunion.fr\/lyc-jean-joly\/wp-content\/uploads\/sites\/114\/2021\/06\/2nde-sante-social-300x171.jpg 300w, https:\/\/etab.ac-reunion.fr\/lyc-jean-joly\/wp-content\/uploads\/sites\/114\/2021\/06\/2nde-sante-social-1024x585.jpg 1024w, https:\/\/etab.ac-reunion.fr\/lyc-jean-joly\/wp-content\/uploads\/sites\/114\/2021\/06\/2nde-sante-social-150x86.jpg 150w\" sizes=\"auto, (max-width: 1050px) 100vw, 1050px\" \/><\/a><\/td><\/tr><tr><td class=\"has-text-align-center\" data-align=\"center\"><\/td><td class=\"has-text-align-center\" data-align=\"center\"><\/td><td class=\"has-text-align-center\" data-align=\"center\"><\/td><\/tr><\/tbody><\/table><\/figure>\n\n\n\n<p><\/p>\n","protected":false},"excerpt":{"rendered":"<p>A la sortie de la 3\u00e8me, les \u00e9l\u00e8ves peuvent choisi de s&rsquo;orienter vers la seconde g\u00e9n\u00e9rale et technologique. Le programme est le m\u00eame pour tous les \u00e9l\u00e8ves et leur permet&#8230;<\/p>\n<p> <a class=\"continue-reading-link\" href=\"https:\/\/etab.ac-reunion.fr\/lyc-jean-joly\/la-seconde-generale-et-technologique\/\"><span>Lire la suite<\/span><i class=\"crycon-right-dir\"><\/i><\/a> <\/p>\n","protected":false},"author":20300,"featured_media":0,"parent":0,"menu_order":0,"comment_status":"closed","ping_status":"closed","template":"","meta":{"footnotes":""},"class_list":["post-4836","page","type-page","status-publish","hentry"],"_links":{"self":[{"href":"https:\/\/etab.ac-reunion.fr\/lyc-jean-joly\/wp-json\/wp\/v2\/pages\/4836","targetHints":{"allow":["GET"]}}],"collection":[{"href":"https:\/\/etab.ac-reunion.fr\/lyc-jean-joly\/wp-json\/wp\/v2\/pages"}],"about":[{"href":"https:\/\/etab.ac-reunion.fr\/lyc-jean-joly\/wp-json\/wp\/v2\/types\/page"}],"author":[{"embeddable":true,"href":"https:\/\/etab.ac-reunion.fr\/lyc-jean-joly\/wp-json\/wp\/v2\/users\/20300"}],"replies":[{"embeddable":true,"href":"https:\/\/etab.ac-reunion.fr\/lyc-jean-joly\/wp-json\/wp\/v2\/comments?post=4836"}],"version-history":[{"count":24,"href":"https:\/\/etab.ac-reunion.fr\/lyc-jean-joly\/wp-json\/wp\/v2\/pages\/4836\/revisions"}],"predecessor-version":[{"id":5470,"href":"https:\/\/etab.ac-reunion.fr\/lyc-jean-joly\/wp-json\/wp\/v2\/pages\/4836\/revisions\/5470"}],"wp:attachment":[{"href":"https:\/\/etab.ac-reunion.fr\/lyc-jean-joly\/wp-json\/wp\/v2\/media?parent=4836"}],"curies":[{"name":"wp","href":"https:\/\/api.w.org\/{rel}","templated":true}]}}