{"id":4861,"date":"2021-04-27T19:42:27","date_gmt":"2021-04-27T15:42:27","guid":{"rendered":"http:\/\/lycee-jeanjoly.ac-reunion.fr\/?page_id=4861"},"modified":"2021-06-30T14:43:41","modified_gmt":"2021-06-30T10:43:41","slug":"la-filiere-generale","status":"publish","type":"page","link":"https:\/\/etab.ac-reunion.fr\/lyc-jean-joly\/la-filiere-generale\/","title":{"rendered":"La fili\u00e8re g\u00e9n\u00e9rale"},"content":{"rendered":"\n<p>A l\u2019issue de la seconde, les \u00e9l\u00e8ves peuvent choisir de s\u2019orienter vers un baccalaur\u00e9at g\u00e9n\u00e9ral.<\/p>\n\n\n\n<p>Dans ce cas, ils b\u00e9n\u00e9ficieront d\u2019enseignements communs et ils devront choisir 3 enseignements de sp\u00e9cialit\u00e9 en classe de 1<sup>\u00e8re<\/sup> , plus une option facultative s&rsquo;ils le souhaitent. En terminale, ils choisiront de d\u00e9laisser un de leurs enseignement de sp\u00e9cialit\u00e9 pour se concentrer sur les 2 autres. L\u2019ensemble des enseignements de sp\u00e9cialit\u00e9 et des enseignements optionnels propos\u00e9s au lyc\u00e9e Jean Joly sont d\u00e9taill\u00e9s plus bas.<\/p>\n\n\n\n<p>Le tableau ci-dessous pr\u00e9sente les volumes horaires hebdomadaires par discipline pour chaque ann\u00e9e&nbsp;:<\/p>\n\n\n\n<div class=\"wp-block-image\"><figure class=\"aligncenter size-large\"><img loading=\"lazy\" decoding=\"async\" width=\"646\" height=\"416\" src=\"https:\/\/etab.ac-reunion.fr\/lyc-jean-joly\/wp-content\/uploads\/sites\/114\/2021\/04\/image-11.png\" alt=\"\" class=\"wp-image-4992\" srcset=\"https:\/\/etab.ac-reunion.fr\/lyc-jean-joly\/wp-content\/uploads\/sites\/114\/2021\/04\/image-11.png 646w, https:\/\/etab.ac-reunion.fr\/lyc-jean-joly\/wp-content\/uploads\/sites\/114\/2021\/04\/image-11-300x193.png 300w, https:\/\/etab.ac-reunion.fr\/lyc-jean-joly\/wp-content\/uploads\/sites\/114\/2021\/04\/image-11-150x97.png 150w\" sizes=\"auto, (max-width: 646px) 100vw, 646px\" \/><\/figure><\/div>\n\n\n\n<p><strong>[en cours de construction]<\/strong> En cliquant sur les ic\u00f4nes ci-dessous, vous trouverez toutes les informations \u00e0 propos de chaque enseignement de sp\u00e9cialit\u00e9 parmi les 10 propos\u00e9s au lyc\u00e9e Jean Joly.<\/p>\n\n\n\n<figure class=\"wp-block-table is-style-stripes\"><table><tbody><tr><td class=\"has-text-align-center\" data-align=\"center\"><\/td><td class=\"has-text-align-center\" data-align=\"center\"><\/td><td class=\"has-text-align-center\" data-align=\"center\"><\/td><\/tr><tr><td class=\"has-text-align-center\" data-align=\"center\"><a href=\"https:\/\/etab.ac-reunion.fr\/lyc-jean-joly\/arts-plastiques-3\/\"><img loading=\"lazy\" decoding=\"async\" width=\"1050\" height=\"600\" class=\"wp-image-5206\" style=\"width: 250px\" src=\"https:\/\/etab.ac-reunion.fr\/lyc-jean-joly\/wp-content\/uploads\/sites\/114\/2021\/06\/arts-plastiques.jpg\" alt=\"\" srcset=\"https:\/\/etab.ac-reunion.fr\/lyc-jean-joly\/wp-content\/uploads\/sites\/114\/2021\/06\/arts-plastiques.jpg 1050w, https:\/\/etab.ac-reunion.fr\/lyc-jean-joly\/wp-content\/uploads\/sites\/114\/2021\/06\/arts-plastiques-300x171.jpg 300w, https:\/\/etab.ac-reunion.fr\/lyc-jean-joly\/wp-content\/uploads\/sites\/114\/2021\/06\/arts-plastiques-1024x585.jpg 1024w, https:\/\/etab.ac-reunion.fr\/lyc-jean-joly\/wp-content\/uploads\/sites\/114\/2021\/06\/arts-plastiques-150x86.jpg 150w\" sizes=\"auto, (max-width: 1050px) 100vw, 1050px\" \/><\/a><\/td><td class=\"has-text-align-center\" data-align=\"center\"><img loading=\"lazy\" decoding=\"async\" width=\"1050\" height=\"600\" class=\"wp-image-5214\" style=\"width: 250px\" src=\"https:\/\/etab.ac-reunion.fr\/lyc-jean-joly\/wp-content\/uploads\/sites\/114\/2021\/06\/humanite-litterature-philosophie.jpg\" alt=\"\" srcset=\"https:\/\/etab.ac-reunion.fr\/lyc-jean-joly\/wp-content\/uploads\/sites\/114\/2021\/06\/humanite-litterature-philosophie.jpg 1050w, https:\/\/etab.ac-reunion.fr\/lyc-jean-joly\/wp-content\/uploads\/sites\/114\/2021\/06\/humanite-litterature-philosophie-300x171.jpg 300w, https:\/\/etab.ac-reunion.fr\/lyc-jean-joly\/wp-content\/uploads\/sites\/114\/2021\/06\/humanite-litterature-philosophie-1024x585.jpg 1024w, https:\/\/etab.ac-reunion.fr\/lyc-jean-joly\/wp-content\/uploads\/sites\/114\/2021\/06\/humanite-litterature-philosophie-150x86.jpg 150w\" sizes=\"auto, (max-width: 1050px) 100vw, 1050px\" \/><\/td><td class=\"has-text-align-center\" data-align=\"center\"><a href=\"https:\/\/etab.ac-reunion.fr\/lyc-jean-joly\/histoire-geographie-geopolitique-et-sciences-politiques\/\"><img loading=\"lazy\" decoding=\"async\" width=\"1050\" height=\"600\" class=\"wp-image-5213\" style=\"width: 250px\" src=\"https:\/\/etab.ac-reunion.fr\/lyc-jean-joly\/wp-content\/uploads\/sites\/114\/2021\/06\/histoire-geographie-geopolitique-sciences-politiques.jpg\" alt=\"\" srcset=\"https:\/\/etab.ac-reunion.fr\/lyc-jean-joly\/wp-content\/uploads\/sites\/114\/2021\/06\/histoire-geographie-geopolitique-sciences-politiques.jpg 1050w, https:\/\/etab.ac-reunion.fr\/lyc-jean-joly\/wp-content\/uploads\/sites\/114\/2021\/06\/histoire-geographie-geopolitique-sciences-politiques-300x171.jpg 300w, https:\/\/etab.ac-reunion.fr\/lyc-jean-joly\/wp-content\/uploads\/sites\/114\/2021\/06\/histoire-geographie-geopolitique-sciences-politiques-1024x585.jpg 1024w, https:\/\/etab.ac-reunion.fr\/lyc-jean-joly\/wp-content\/uploads\/sites\/114\/2021\/06\/histoire-geographie-geopolitique-sciences-politiques-150x86.jpg 150w\" sizes=\"auto, (max-width: 1050px) 100vw, 1050px\" \/><\/a><\/td><\/tr><tr><td class=\"has-text-align-center\" data-align=\"center\"><\/td><td class=\"has-text-align-center\" data-align=\"center\"><\/td><td class=\"has-text-align-center\" data-align=\"center\"><\/td><\/tr><tr><td class=\"has-text-align-center\" data-align=\"center\"><img loading=\"lazy\" decoding=\"async\" width=\"1050\" height=\"600\" class=\"wp-image-5221\" style=\"width: 250px\" src=\"https:\/\/etab.ac-reunion.fr\/lyc-jean-joly\/wp-content\/uploads\/sites\/114\/2021\/06\/sciences-economiques-sociales.jpg\" alt=\"\" srcset=\"https:\/\/etab.ac-reunion.fr\/lyc-jean-joly\/wp-content\/uploads\/sites\/114\/2021\/06\/sciences-economiques-sociales.jpg 1050w, https:\/\/etab.ac-reunion.fr\/lyc-jean-joly\/wp-content\/uploads\/sites\/114\/2021\/06\/sciences-economiques-sociales-300x171.jpg 300w, https:\/\/etab.ac-reunion.fr\/lyc-jean-joly\/wp-content\/uploads\/sites\/114\/2021\/06\/sciences-economiques-sociales-1024x585.jpg 1024w, https:\/\/etab.ac-reunion.fr\/lyc-jean-joly\/wp-content\/uploads\/sites\/114\/2021\/06\/sciences-economiques-sociales-150x86.jpg 150w\" sizes=\"auto, (max-width: 1050px) 100vw, 1050px\" \/><\/td><td class=\"has-text-align-center\" data-align=\"center\"><a href=\"https:\/\/etab.ac-reunion.fr\/lyc-jean-joly\/llce-anglais\/\"><img loading=\"lazy\" decoding=\"async\" width=\"1050\" height=\"600\" class=\"wp-image-5216\" style=\"width: 250px\" src=\"https:\/\/etab.ac-reunion.fr\/lyc-jean-joly\/wp-content\/uploads\/sites\/114\/2021\/06\/langues-littaratures-cultures-etrangeres-anglais.jpg\" alt=\"\" srcset=\"https:\/\/etab.ac-reunion.fr\/lyc-jean-joly\/wp-content\/uploads\/sites\/114\/2021\/06\/langues-littaratures-cultures-etrangeres-anglais.jpg 1050w, https:\/\/etab.ac-reunion.fr\/lyc-jean-joly\/wp-content\/uploads\/sites\/114\/2021\/06\/langues-littaratures-cultures-etrangeres-anglais-300x171.jpg 300w, https:\/\/etab.ac-reunion.fr\/lyc-jean-joly\/wp-content\/uploads\/sites\/114\/2021\/06\/langues-littaratures-cultures-etrangeres-anglais-1024x585.jpg 1024w, https:\/\/etab.ac-reunion.fr\/lyc-jean-joly\/wp-content\/uploads\/sites\/114\/2021\/06\/langues-littaratures-cultures-etrangeres-anglais-150x86.jpg 150w\" sizes=\"auto, (max-width: 1050px) 100vw, 1050px\" \/><\/a><\/td><td class=\"has-text-align-center\" data-align=\"center\"><img decoding=\"async\" src=\"https:\/\/etab.ac-reunion.fr\/lyc-jean-joly\/wp-content\/uploads\/sites\/114\/2021\/06\/mathematiques.jpg\" alt=\"\" style=\"width: 250px\"><\/td><\/tr><tr><td class=\"has-text-align-center\" data-align=\"center\"><\/td><td class=\"has-text-align-center\" data-align=\"center\"><\/td><td class=\"has-text-align-center\" data-align=\"center\"><\/td><\/tr><tr><td class=\"has-text-align-center\" data-align=\"center\"><img loading=\"lazy\" decoding=\"async\" width=\"1050\" height=\"600\" class=\"wp-image-5220\" style=\"width: 250px\" src=\"https:\/\/etab.ac-reunion.fr\/lyc-jean-joly\/wp-content\/uploads\/sites\/114\/2021\/06\/physique-chimie.jpg\" alt=\"\" srcset=\"https:\/\/etab.ac-reunion.fr\/lyc-jean-joly\/wp-content\/uploads\/sites\/114\/2021\/06\/physique-chimie.jpg 1050w, https:\/\/etab.ac-reunion.fr\/lyc-jean-joly\/wp-content\/uploads\/sites\/114\/2021\/06\/physique-chimie-300x171.jpg 300w, https:\/\/etab.ac-reunion.fr\/lyc-jean-joly\/wp-content\/uploads\/sites\/114\/2021\/06\/physique-chimie-1024x585.jpg 1024w, https:\/\/etab.ac-reunion.fr\/lyc-jean-joly\/wp-content\/uploads\/sites\/114\/2021\/06\/physique-chimie-150x86.jpg 150w\" sizes=\"auto, (max-width: 1050px) 100vw, 1050px\" \/><\/td><td class=\"has-text-align-center\" data-align=\"center\"><img loading=\"lazy\" decoding=\"async\" width=\"1050\" height=\"600\" class=\"wp-image-5223\" style=\"width: 250px\" src=\"https:\/\/etab.ac-reunion.fr\/lyc-jean-joly\/wp-content\/uploads\/sites\/114\/2021\/06\/sciences-vie-terre.jpg\" alt=\"\" srcset=\"https:\/\/etab.ac-reunion.fr\/lyc-jean-joly\/wp-content\/uploads\/sites\/114\/2021\/06\/sciences-vie-terre.jpg 1050w, https:\/\/etab.ac-reunion.fr\/lyc-jean-joly\/wp-content\/uploads\/sites\/114\/2021\/06\/sciences-vie-terre-300x171.jpg 300w, https:\/\/etab.ac-reunion.fr\/lyc-jean-joly\/wp-content\/uploads\/sites\/114\/2021\/06\/sciences-vie-terre-1024x585.jpg 1024w, https:\/\/etab.ac-reunion.fr\/lyc-jean-joly\/wp-content\/uploads\/sites\/114\/2021\/06\/sciences-vie-terre-150x86.jpg 150w\" sizes=\"auto, (max-width: 1050px) 100vw, 1050px\" \/><\/td><td class=\"has-text-align-center\" data-align=\"center\"><img loading=\"lazy\" decoding=\"async\" width=\"1050\" height=\"600\" class=\"wp-image-5222\" style=\"width: 250px\" src=\"https:\/\/etab.ac-reunion.fr\/lyc-jean-joly\/wp-content\/uploads\/sites\/114\/2021\/06\/sciences-ingenieur.jpg\" alt=\"\" srcset=\"https:\/\/etab.ac-reunion.fr\/lyc-jean-joly\/wp-content\/uploads\/sites\/114\/2021\/06\/sciences-ingenieur.jpg 1050w, https:\/\/etab.ac-reunion.fr\/lyc-jean-joly\/wp-content\/uploads\/sites\/114\/2021\/06\/sciences-ingenieur-300x171.jpg 300w, https:\/\/etab.ac-reunion.fr\/lyc-jean-joly\/wp-content\/uploads\/sites\/114\/2021\/06\/sciences-ingenieur-1024x585.jpg 1024w, https:\/\/etab.ac-reunion.fr\/lyc-jean-joly\/wp-content\/uploads\/sites\/114\/2021\/06\/sciences-ingenieur-150x86.jpg 150w\" sizes=\"auto, (max-width: 1050px) 100vw, 1050px\" \/><\/td><\/tr><tr><td class=\"has-text-align-center\" data-align=\"center\"><\/td><td class=\"has-text-align-center\" data-align=\"center\"><\/td><td class=\"has-text-align-center\" data-align=\"center\"><\/td><\/tr><tr><td class=\"has-text-align-center\" data-align=\"center\"><\/td><td class=\"has-text-align-center\" data-align=\"center\"><img loading=\"lazy\" decoding=\"async\" width=\"1050\" height=\"600\" class=\"wp-image-5219\" style=\"width: 250px\" src=\"https:\/\/etab.ac-reunion.fr\/lyc-jean-joly\/wp-content\/uploads\/sites\/114\/2021\/06\/numerique-sciences-informatiques.jpg\" alt=\"\" srcset=\"https:\/\/etab.ac-reunion.fr\/lyc-jean-joly\/wp-content\/uploads\/sites\/114\/2021\/06\/numerique-sciences-informatiques.jpg 1050w, https:\/\/etab.ac-reunion.fr\/lyc-jean-joly\/wp-content\/uploads\/sites\/114\/2021\/06\/numerique-sciences-informatiques-300x171.jpg 300w, https:\/\/etab.ac-reunion.fr\/lyc-jean-joly\/wp-content\/uploads\/sites\/114\/2021\/06\/numerique-sciences-informatiques-1024x585.jpg 1024w, https:\/\/etab.ac-reunion.fr\/lyc-jean-joly\/wp-content\/uploads\/sites\/114\/2021\/06\/numerique-sciences-informatiques-150x86.jpg 150w\" sizes=\"auto, (max-width: 1050px) 100vw, 1050px\" \/><\/td><td class=\"has-text-align-center\" data-align=\"center\"><\/td><\/tr><tr><td class=\"has-text-align-center\" data-align=\"center\"><\/td><td class=\"has-text-align-center\" data-align=\"center\"><\/td><td class=\"has-text-align-center\" data-align=\"center\"><\/td><\/tr><\/tbody><\/table><\/figure>\n\n\n\n<p><strong>[en cours de construction]<\/strong> En cliquant sur les ic\u00f4nes ci-dessous, vous trouverez toutes les informations \u00e0 propos de chaque enseignement optionnel parmi les 4 propos\u00e9s au lyc\u00e9e Jean Joly.<\/p>\n\n\n\n<figure class=\"wp-block-table is-style-stripes\"><table><tbody><tr><td class=\"has-text-align-center\" data-align=\"center\"><\/td><td class=\"has-text-align-center\" data-align=\"center\"><\/td><\/tr><tr><td class=\"has-text-align-center\" data-align=\"center\"><img loading=\"lazy\" decoding=\"async\" width=\"1050\" height=\"600\" class=\"wp-image-5225\" style=\"width: 250px\" src=\"https:\/\/etab.ac-reunion.fr\/lyc-jean-joly\/wp-content\/uploads\/sites\/114\/2021\/06\/section-euro-anglais.jpg\" alt=\"\" srcset=\"https:\/\/etab.ac-reunion.fr\/lyc-jean-joly\/wp-content\/uploads\/sites\/114\/2021\/06\/section-euro-anglais.jpg 1050w, https:\/\/etab.ac-reunion.fr\/lyc-jean-joly\/wp-content\/uploads\/sites\/114\/2021\/06\/section-euro-anglais-300x171.jpg 300w, https:\/\/etab.ac-reunion.fr\/lyc-jean-joly\/wp-content\/uploads\/sites\/114\/2021\/06\/section-euro-anglais-1024x585.jpg 1024w, https:\/\/etab.ac-reunion.fr\/lyc-jean-joly\/wp-content\/uploads\/sites\/114\/2021\/06\/section-euro-anglais-150x86.jpg 150w\" sizes=\"auto, (max-width: 1050px) 100vw, 1050px\" \/><\/td><td class=\"has-text-align-center\" data-align=\"center\"><a href=\"https:\/\/etab.ac-reunion.fr\/lyc-jean-joly\/latin\/\"><img loading=\"lazy\" decoding=\"async\" width=\"1050\" height=\"600\" class=\"wp-image-5215\" style=\"width: 250px\" src=\"https:\/\/etab.ac-reunion.fr\/lyc-jean-joly\/wp-content\/uploads\/sites\/114\/2021\/06\/langue-culture-antiquite-latin.jpg\" alt=\"\" srcset=\"https:\/\/etab.ac-reunion.fr\/lyc-jean-joly\/wp-content\/uploads\/sites\/114\/2021\/06\/langue-culture-antiquite-latin.jpg 1050w, https:\/\/etab.ac-reunion.fr\/lyc-jean-joly\/wp-content\/uploads\/sites\/114\/2021\/06\/langue-culture-antiquite-latin-300x171.jpg 300w, https:\/\/etab.ac-reunion.fr\/lyc-jean-joly\/wp-content\/uploads\/sites\/114\/2021\/06\/langue-culture-antiquite-latin-1024x585.jpg 1024w, https:\/\/etab.ac-reunion.fr\/lyc-jean-joly\/wp-content\/uploads\/sites\/114\/2021\/06\/langue-culture-antiquite-latin-150x86.jpg 150w\" sizes=\"auto, (max-width: 1050px) 100vw, 1050px\" \/><\/a><\/td><\/tr><tr><td class=\"has-text-align-center\" data-align=\"center\"><\/td><td class=\"has-text-align-center\" data-align=\"center\"><\/td><\/tr><tr><td class=\"has-text-align-center\" data-align=\"center\"><a href=\"https:\/\/etab.ac-reunion.fr\/lyc-jean-joly\/eps-2\/\"><img loading=\"lazy\" decoding=\"async\" width=\"1050\" height=\"600\" class=\"wp-image-5212\" style=\"width: 250px\" src=\"https:\/\/etab.ac-reunion.fr\/lyc-jean-joly\/wp-content\/uploads\/sites\/114\/2021\/06\/EPS.jpg\" alt=\"\" srcset=\"https:\/\/etab.ac-reunion.fr\/lyc-jean-joly\/wp-content\/uploads\/sites\/114\/2021\/06\/EPS.jpg 1050w, https:\/\/etab.ac-reunion.fr\/lyc-jean-joly\/wp-content\/uploads\/sites\/114\/2021\/06\/EPS-300x171.jpg 300w, https:\/\/etab.ac-reunion.fr\/lyc-jean-joly\/wp-content\/uploads\/sites\/114\/2021\/06\/EPS-1024x585.jpg 1024w, https:\/\/etab.ac-reunion.fr\/lyc-jean-joly\/wp-content\/uploads\/sites\/114\/2021\/06\/EPS-150x86.jpg 150w\" sizes=\"auto, (max-width: 1050px) 100vw, 1050px\" \/><\/a><\/td><td class=\"has-text-align-center\" data-align=\"center\"><a href=\"https:\/\/etab.ac-reunion.fr\/lyc-jean-joly\/musique-2\/\"><img loading=\"lazy\" decoding=\"async\" width=\"1050\" height=\"600\" class=\"wp-image-5218\" style=\"width: 250px\" src=\"https:\/\/etab.ac-reunion.fr\/lyc-jean-joly\/wp-content\/uploads\/sites\/114\/2021\/06\/musique.jpg\" alt=\"\" srcset=\"https:\/\/etab.ac-reunion.fr\/lyc-jean-joly\/wp-content\/uploads\/sites\/114\/2021\/06\/musique.jpg 1050w, https:\/\/etab.ac-reunion.fr\/lyc-jean-joly\/wp-content\/uploads\/sites\/114\/2021\/06\/musique-300x171.jpg 300w, https:\/\/etab.ac-reunion.fr\/lyc-jean-joly\/wp-content\/uploads\/sites\/114\/2021\/06\/musique-1024x585.jpg 1024w, https:\/\/etab.ac-reunion.fr\/lyc-jean-joly\/wp-content\/uploads\/sites\/114\/2021\/06\/musique-150x86.jpg 150w\" sizes=\"auto, (max-width: 1050px) 100vw, 1050px\" \/><\/a><\/td><\/tr><tr><td class=\"has-text-align-center\" data-align=\"center\"><\/td><td class=\"has-text-align-center\" data-align=\"center\"><\/td><\/tr><\/tbody><\/table><\/figure>\n","protected":false},"excerpt":{"rendered":"<p>A l\u2019issue de la seconde, les \u00e9l\u00e8ves peuvent choisir de s\u2019orienter vers un baccalaur\u00e9at g\u00e9n\u00e9ral. Dans ce cas, ils b\u00e9n\u00e9ficieront d\u2019enseignements communs et ils devront choisir 3 enseignements de sp\u00e9cialit\u00e9&#8230;<\/p>\n<p> <a class=\"continue-reading-link\" href=\"https:\/\/etab.ac-reunion.fr\/lyc-jean-joly\/la-filiere-generale\/\"><span>Lire la suite<\/span><i class=\"crycon-right-dir\"><\/i><\/a> <\/p>\n","protected":false},"author":20300,"featured_media":0,"parent":0,"menu_order":0,"comment_status":"closed","ping_status":"closed","template":"","meta":{"footnotes":""},"class_list":["post-4861","page","type-page","status-publish","hentry"],"_links":{"self":[{"href":"https:\/\/etab.ac-reunion.fr\/lyc-jean-joly\/wp-json\/wp\/v2\/pages\/4861","targetHints":{"allow":["GET"]}}],"collection":[{"href":"https:\/\/etab.ac-reunion.fr\/lyc-jean-joly\/wp-json\/wp\/v2\/pages"}],"about":[{"href":"https:\/\/etab.ac-reunion.fr\/lyc-jean-joly\/wp-json\/wp\/v2\/types\/page"}],"author":[{"embeddable":true,"href":"https:\/\/etab.ac-reunion.fr\/lyc-jean-joly\/wp-json\/wp\/v2\/users\/20300"}],"replies":[{"embeddable":true,"href":"https:\/\/etab.ac-reunion.fr\/lyc-jean-joly\/wp-json\/wp\/v2\/comments?post=4861"}],"version-history":[{"count":14,"href":"https:\/\/etab.ac-reunion.fr\/lyc-jean-joly\/wp-json\/wp\/v2\/pages\/4861\/revisions"}],"predecessor-version":[{"id":5471,"href":"https:\/\/etab.ac-reunion.fr\/lyc-jean-joly\/wp-json\/wp\/v2\/pages\/4861\/revisions\/5471"}],"wp:attachment":[{"href":"https:\/\/etab.ac-reunion.fr\/lyc-jean-joly\/wp-json\/wp\/v2\/media?parent=4861"}],"curies":[{"name":"wp","href":"https:\/\/api.w.org\/{rel}","templated":true}]}}